{"id":276215,"date":"2024-06-18T22:22:21","date_gmt":"2024-06-18T15:22:21","guid":{"rendered":"https:\/\/maybommini.com\/?post_type=product&#038;p=276215"},"modified":"2025-08-01T15:04:36","modified_gmt":"2025-08-01T08:04:36","slug":"may-bom-quat-hoi-nuoc-220v-18w-1000l-sw-18wt","status":"publish","type":"product","link":"https:\/\/maybommini.vn\/?product=may-bom-quat-hoi-nuoc-220v-18w-1000l-sw-18wt","title":{"rendered":"M\u00e1y b\u01a1m qu\u1ea1t h\u01a1i n\u01b0\u1edbc 220V 18W 1000L SW-18WT"},"content":{"rendered":"<p><strong>Chuy\u00ean b\u00e1n m\u00e1y b\u01a1m qu\u1ea1t h\u01a1i n\u01b0\u1edbc 220V 18W 1000L SW-18WT l\u00e0 lo\u1ea1i m\u00e1y b\u01a1m chuy\u00ean d\u1ee5ng cho qu\u1ea1t h\u01a1i n\u01b0\u1edbc, b\u01a1m c\u1ea5p n\u01b0\u1edbc n\u01b0\u1edbc, b\u01a1m ch\u1ea5t th\u1ea3i, h\u1ed3 c\u00e1, m\u00e1y b\u01a1m h\u00f2n non b\u1ed9, m\u00e1y b\u01a1m \u0111\u00e0i phun n\u01b0\u1edbc. <\/strong><\/p>\n<p style=\"text-align: center;\"><strong><a href=\"https:\/\/maybommini.com\/wp-content\/uploads\/2024\/06\/May-bom-quat-hoi-nuoc-220V-18W-1000L-SW-COOLING-chuyen-dung.jpg\" target=\"_blank\" rel=\"noopener\"><img decoding=\"async\" class=\"size-full wp-image-276220 aligncenter\" src=\"https:\/\/maybommini.com\/wp-content\/uploads\/2024\/06\/May-bom-quat-hoi-nuoc-220V-18W-1000L-SW-COOLING-chuyen-dung.jpg\" alt=\"May Bom Quat Hoi Nuoc 220V 18W 1000L SW COOLING Chuyen Dung\" width=\"750\" height=\"750\" srcset=\"https:\/\/maybommini.vn\/wp-content\/uploads\/2024\/06\/May-bom-quat-hoi-nuoc-220V-18W-1000L-SW-COOLING-chuyen-dung.jpg 750w, https:\/\/maybommini.vn\/wp-content\/uploads\/2024\/06\/May-bom-quat-hoi-nuoc-220V-18W-1000L-SW-COOLING-chuyen-dung-300x300.jpg 300w, https:\/\/maybommini.vn\/wp-content\/uploads\/2024\/06\/May-bom-quat-hoi-nuoc-220V-18W-1000L-SW-COOLING-chuyen-dung-150x150.jpg 150w, https:\/\/maybommini.vn\/wp-content\/uploads\/2024\/06\/May-bom-quat-hoi-nuoc-220V-18W-1000L-SW-COOLING-chuyen-dung-600x600.jpg 600w\" sizes=\"(max-width: 750px) 100vw, 750px\" \/><\/a><br \/>\n<iframe title=\"SW cooling - b\u01a1m ch\u00ecm qu\u1ea1t h\u01a1i n\u01b0\u1edbc 220V 18W #bom_chim #bom_tom #bom_quat_hoi_nuoc\" src=\"https:\/\/www.youtube.com\/embed\/gbG_92wP1_w\" width=\"315\" height=\"560\" frameborder=\"0\" allowfullscreen=\"allowfullscreen\"><\/iframe><br \/>\n<\/strong><\/p>\n<p style=\"text-align: left;\"><strong>TH\u00d4NG S\u00d4\u0301 KY\u0303 THU\u00c2\u0323T<\/strong><br \/>\nModel: SW-18WT<br \/>\n\u0110i\u1ec7n \u00e1p: 220V AC<br \/>\nC\u00f4ng su\u1ea5t: 18W<br \/>\nL\u01b0u l\u01b0\u1ee3ng: 1000L\/H<br \/>\nB\u01a1m cao: 1.8 m\u00e9t<br \/>\nTh\u1ea3 ch\u00ecm s\u00e2u kh\u00f4ng qu\u00e1 0.5 m\u00e9t.<br \/>\n\u0110\u01b0\u1eddng k\u00ednh \u1ed1ng ra: 12 mm<br \/>\nK\u00edch th\u01b0\u1edbc:\u00a0 cm<br \/>\nTro\u0323ng l\u01b0\u01a1\u0323ng:\u00a0 360 gAM<br \/>\nCh\u00e2\u0301t li\u00ea\u0323u: Nh\u01b0\u0323a ABS &#8211; L\u00f5i \u0111\u00f4\u0300ng 100%<br \/>\nC\u00f4ng ngh\u00ea\u0323 ch\u00f4\u0301ng n\u01b0\u01a1\u0301c cao c\u1ea5p.<br \/>\nM\u00e1y b\u01a1m kh\u00f4ng ch\u1ed5i than.<br \/>\nCha\u0323y \u0111\u01b0\u01a1\u0323c li\u00ean t\u1ee5c 24\/24.<br \/>\nB\u1ea3o h\u00e0nh: 3 th\u00e1ng<br \/>\nPh\u00e2n ph\u1ed1i: MTM \u2013 Maybommini.com<\/p>\n<p><strong><a href=\"https:\/\/maybommini.com\/wp-content\/uploads\/2024\/06\/May-bom-quat-hoi-nuoc-220V-18W-1000L-SW-COOLING-gia-re.jpg\" target=\"_blank\" rel=\"noopener\"><img decoding=\"async\" class=\"size-full wp-image-276223 aligncenter\" src=\"https:\/\/maybommini.com\/wp-content\/uploads\/2024\/06\/May-bom-quat-hoi-nuoc-220V-18W-1000L-SW-COOLING-gia-re.jpg\" alt=\"May Bom Quat Hoi Nuoc 220V 18W 1000L SW COOLING Gia Re\" width=\"750\" height=\"750\" srcset=\"https:\/\/maybommini.vn\/wp-content\/uploads\/2024\/06\/May-bom-quat-hoi-nuoc-220V-18W-1000L-SW-COOLING-gia-re.jpg 750w, https:\/\/maybommini.vn\/wp-content\/uploads\/2024\/06\/May-bom-quat-hoi-nuoc-220V-18W-1000L-SW-COOLING-gia-re-300x300.jpg 300w, https:\/\/maybommini.vn\/wp-content\/uploads\/2024\/06\/May-bom-quat-hoi-nuoc-220V-18W-1000L-SW-COOLING-gia-re-150x150.jpg 150w, https:\/\/maybommini.vn\/wp-content\/uploads\/2024\/06\/May-bom-quat-hoi-nuoc-220V-18W-1000L-SW-COOLING-gia-re-600x600.jpg 600w\" sizes=\"(max-width: 750px) 100vw, 750px\" \/><\/a><a href=\"https:\/\/maybommini.com\/wp-content\/uploads\/2024\/06\/May-bom-quat-hoi-nuoc-220V-18W-1000L-SW-COOLING-de-may-bom-chim.jpg\" target=\"_blank\" rel=\"noopener\"><img decoding=\"async\" class=\"size-full wp-image-276222 aligncenter\" src=\"https:\/\/maybommini.com\/wp-content\/uploads\/2024\/06\/May-bom-quat-hoi-nuoc-220V-18W-1000L-SW-COOLING-de-may-bom-chim.jpg\" alt=\"May Bom Quat Hoi Nuoc 220V 18W 1000L SW COOLING De May Bom Chim\" width=\"750\" height=\"750\" srcset=\"https:\/\/maybommini.vn\/wp-content\/uploads\/2024\/06\/May-bom-quat-hoi-nuoc-220V-18W-1000L-SW-COOLING-de-may-bom-chim.jpg 750w, https:\/\/maybommini.vn\/wp-content\/uploads\/2024\/06\/May-bom-quat-hoi-nuoc-220V-18W-1000L-SW-COOLING-de-may-bom-chim-300x300.jpg 300w, https:\/\/maybommini.vn\/wp-content\/uploads\/2024\/06\/May-bom-quat-hoi-nuoc-220V-18W-1000L-SW-COOLING-de-may-bom-chim-150x150.jpg 150w, https:\/\/maybommini.vn\/wp-content\/uploads\/2024\/06\/May-bom-quat-hoi-nuoc-220V-18W-1000L-SW-COOLING-de-may-bom-chim-600x600.jpg 600w\" sizes=\"(max-width: 750px) 100vw, 750px\" \/><\/a><a href=\"https:\/\/maybommini.com\/wp-content\/uploads\/2024\/06\/May-bom-quat-hoi-nuoc-220V-18W-1000L-SW-COOLING-day-nguon.jpg\" target=\"_blank\" rel=\"noopener\"><img decoding=\"async\" class=\"size-full wp-image-276221 aligncenter\" src=\"https:\/\/maybommini.com\/wp-content\/uploads\/2024\/06\/May-bom-quat-hoi-nuoc-220V-18W-1000L-SW-COOLING-day-nguon.jpg\" alt=\"May Bom Quat Hoi Nuoc 220V 18W 1000L SW COOLING Day Nguon\" width=\"750\" height=\"750\" srcset=\"https:\/\/maybommini.vn\/wp-content\/uploads\/2024\/06\/May-bom-quat-hoi-nuoc-220V-18W-1000L-SW-COOLING-day-nguon.jpg 750w, https:\/\/maybommini.vn\/wp-content\/uploads\/2024\/06\/May-bom-quat-hoi-nuoc-220V-18W-1000L-SW-COOLING-day-nguon-300x300.jpg 300w, https:\/\/maybommini.vn\/wp-content\/uploads\/2024\/06\/May-bom-quat-hoi-nuoc-220V-18W-1000L-SW-COOLING-day-nguon-150x150.jpg 150w, https:\/\/maybommini.vn\/wp-content\/uploads\/2024\/06\/May-bom-quat-hoi-nuoc-220V-18W-1000L-SW-COOLING-day-nguon-600x600.jpg 600w\" sizes=\"(max-width: 750px) 100vw, 750px\" \/><\/a><a href=\"https:\/\/maybommini.com\/wp-content\/uploads\/2024\/06\/May-bom-quat-hoi-nuoc-220V-18W-1000L-SW-COOLING-chinh-hang.jpg\" target=\"_blank\" rel=\"noopener\"><img decoding=\"async\" class=\"size-full wp-image-276219 aligncenter\" src=\"https:\/\/maybommini.com\/wp-content\/uploads\/2024\/06\/May-bom-quat-hoi-nuoc-220V-18W-1000L-SW-COOLING-chinh-hang.jpg\" alt=\"May Bom Quat Hoi Nuoc 220V 18W 1000L SW COOLING Chinh Hang\" width=\"750\" height=\"750\" srcset=\"https:\/\/maybommini.vn\/wp-content\/uploads\/2024\/06\/May-bom-quat-hoi-nuoc-220V-18W-1000L-SW-COOLING-chinh-hang.jpg 750w, https:\/\/maybommini.vn\/wp-content\/uploads\/2024\/06\/May-bom-quat-hoi-nuoc-220V-18W-1000L-SW-COOLING-chinh-hang-300x300.jpg 300w, https:\/\/maybommini.vn\/wp-content\/uploads\/2024\/06\/May-bom-quat-hoi-nuoc-220V-18W-1000L-SW-COOLING-chinh-hang-150x150.jpg 150w, https:\/\/maybommini.vn\/wp-content\/uploads\/2024\/06\/May-bom-quat-hoi-nuoc-220V-18W-1000L-SW-COOLING-chinh-hang-600x600.jpg 600w\" sizes=\"(max-width: 750px) 100vw, 750px\" \/><\/a><a href=\"https:\/\/maybommini.com\/wp-content\/uploads\/2024\/06\/May-bom-quat-hoi-nuoc-220V-18W-1000L-SW-COOLING.jpg\" target=\"_blank\" rel=\"noopener\"><img decoding=\"async\" class=\"size-full wp-image-276218 aligncenter\" src=\"https:\/\/maybommini.com\/wp-content\/uploads\/2024\/06\/May-bom-quat-hoi-nuoc-220V-18W-1000L-SW-COOLING.jpg\" alt=\"May Bom Quat Hoi Nuoc 220V 18W 1000L SW COOLING\" width=\"750\" height=\"750\" srcset=\"https:\/\/maybommini.vn\/wp-content\/uploads\/2024\/06\/May-bom-quat-hoi-nuoc-220V-18W-1000L-SW-COOLING.jpg 750w, https:\/\/maybommini.vn\/wp-content\/uploads\/2024\/06\/May-bom-quat-hoi-nuoc-220V-18W-1000L-SW-COOLING-300x300.jpg 300w, https:\/\/maybommini.vn\/wp-content\/uploads\/2024\/06\/May-bom-quat-hoi-nuoc-220V-18W-1000L-SW-COOLING-150x150.jpg 150w, https:\/\/maybommini.vn\/wp-content\/uploads\/2024\/06\/May-bom-quat-hoi-nuoc-220V-18W-1000L-SW-COOLING-600x600.jpg 600w\" sizes=\"(max-width: 750px) 100vw, 750px\" \/><\/a><a href=\"https:\/\/maybommini.com\/wp-content\/uploads\/2024\/06\/gia-ban-may-bom-quat-hoi-nuoc-220V-18W-1000L-SW-COOLING.jpg\" target=\"_blank\" rel=\"noopener\"><img decoding=\"async\" class=\"size-full wp-image-276216 aligncenter\" src=\"https:\/\/maybommini.com\/wp-content\/uploads\/2024\/06\/gia-ban-may-bom-quat-hoi-nuoc-220V-18W-1000L-SW-COOLING.jpg\" alt=\"Gia Ban May Bom Quat Hoi Nuoc 220V 18W 1000L SW COOLING\" width=\"750\" height=\"750\" srcset=\"https:\/\/maybommini.vn\/wp-content\/uploads\/2024\/06\/gia-ban-may-bom-quat-hoi-nuoc-220V-18W-1000L-SW-COOLING.jpg 750w, https:\/\/maybommini.vn\/wp-content\/uploads\/2024\/06\/gia-ban-may-bom-quat-hoi-nuoc-220V-18W-1000L-SW-COOLING-300x300.jpg 300w, https:\/\/maybommini.vn\/wp-content\/uploads\/2024\/06\/gia-ban-may-bom-quat-hoi-nuoc-220V-18W-1000L-SW-COOLING-150x150.jpg 150w, https:\/\/maybommini.vn\/wp-content\/uploads\/2024\/06\/gia-ban-may-bom-quat-hoi-nuoc-220V-18W-1000L-SW-COOLING-600x600.jpg 600w\" sizes=\"(max-width: 750px) 100vw, 750px\" \/><\/a><br \/>\nH\u01af\u1edaNG D\u1eaaN S\u1eec D\u1ee4NG M\u00c1Y B\u01a0M CH\u00ccM<br \/>\n<\/strong>S\u1eed d\u1ee5ng th\u1ea3 ch\u00ecm m\u00e1y b\u01a1m ho\u00e0n to\u00e0n trong n\u01b0\u1edbc.<br \/>\nKh\u00f4ng ch\u1ea1y m\u00e1y b\u01a1m kh\u00f4 b\u00ean ngo\u00e0i kh\u00f4ng c\u00f3 n\u01b0\u1edbc l\u00e0m ch\u00e1y motor.<br \/>\nM\u00e1y b\u01a1m kh\u00f4ng th\u1ea3 ch\u00ecm s\u00e2u qu\u00e1 0.5 met.<br \/>\nS\u1eed d\u1ee5ng ngu\u1ed3n \u0111i\u1ec7n AC 220V.<br \/>\nKh\u00f4ng s\u1eed d\u1ee5ng b\u01a1m ch\u1ea5t l\u00f5ng c\u00f3 t\u1ea1p ch\u1ea5t.<br \/>\nKh\u00f4ng s\u1eed d\u1ee5ng b\u01a1m h\u00f3a ch\u1ea5t, axit, \u2026 h\u00f3a ch\u1ea5t \u0103n m\u00f2n.<br \/>\nKh\u00f4ng b\u1ea3o h\u00e0nh ch\u00e1y n\u1ed5, h\u01b0 b\u1ec3 \u2026.<\/p>\n<p><strong><a href=\"https:\/\/maybommini.com\/wp-content\/uploads\/2024\/06\/May-bom-quat-hoi-nuoc-220V-18W-1000L-SW-COOLING-may-bom-khong-choi-than.jpg\" target=\"_blank\" rel=\"noopener\"><img decoding=\"async\" class=\"size-full wp-image-276224 aligncenter\" src=\"https:\/\/maybommini.com\/wp-content\/uploads\/2024\/06\/May-bom-quat-hoi-nuoc-220V-18W-1000L-SW-COOLING-may-bom-khong-choi-than.jpg\" alt=\"May Bom Quat Hoi Nuoc 220V 18W 1000L SW COOLING May Bom Khong Choi Than\" width=\"750\" height=\"750\" srcset=\"https:\/\/maybommini.vn\/wp-content\/uploads\/2024\/06\/May-bom-quat-hoi-nuoc-220V-18W-1000L-SW-COOLING-may-bom-khong-choi-than.jpg 750w, https:\/\/maybommini.vn\/wp-content\/uploads\/2024\/06\/May-bom-quat-hoi-nuoc-220V-18W-1000L-SW-COOLING-may-bom-khong-choi-than-300x300.jpg 300w, https:\/\/maybommini.vn\/wp-content\/uploads\/2024\/06\/May-bom-quat-hoi-nuoc-220V-18W-1000L-SW-COOLING-may-bom-khong-choi-than-150x150.jpg 150w, https:\/\/maybommini.vn\/wp-content\/uploads\/2024\/06\/May-bom-quat-hoi-nuoc-220V-18W-1000L-SW-COOLING-may-bom-khong-choi-than-600x600.jpg 600w\" sizes=\"(max-width: 750px) 100vw, 750px\" \/><\/a><a href=\"https:\/\/maybommini.com\/wp-content\/uploads\/2024\/06\/canh-quat-may-bom-chim-220v.jpg\" target=\"_blank\" rel=\"noopener\"><img decoding=\"async\" class=\"size-full wp-image-276225 aligncenter\" src=\"https:\/\/maybommini.com\/wp-content\/uploads\/2024\/06\/canh-quat-may-bom-chim-220v.jpg\" alt=\"Canh Quat May Bom Chim 220v\" width=\"750\" height=\"750\" srcset=\"https:\/\/maybommini.vn\/wp-content\/uploads\/2024\/06\/canh-quat-may-bom-chim-220v.jpg 750w, https:\/\/maybommini.vn\/wp-content\/uploads\/2024\/06\/canh-quat-may-bom-chim-220v-300x300.jpg 300w, https:\/\/maybommini.vn\/wp-content\/uploads\/2024\/06\/canh-quat-may-bom-chim-220v-150x150.jpg 150w, https:\/\/maybommini.vn\/wp-content\/uploads\/2024\/06\/canh-quat-may-bom-chim-220v-600x600.jpg 600w\" sizes=\"(max-width: 750px) 100vw, 750px\" \/><\/a>\u1ee8NG D\u1ee4NG M\u00c1Y B\u01a0M QU\u1ea0T H\u01a0I N\u01af\u1edaC<br \/>\n<\/strong>M\u00e1y b\u01a1m cho qu\u1ea1t h\u01a1i n\u01b0\u1edbc.<br \/>\nB\u01a1m cho m\u00e1y qu\u1ea1t h\u01a1i n\u01b0\u1edbc l\u00e0m m\u00e1t.<br \/>\nD\u00f9ng b\u01a1m c\u1ea5p n\u01b0\u1edbc n\u01b0\u1edbc s\u1ea1ch.<br \/>\nM\u00e1y b\u01a1m n\u01b0\u1edbc t\u1ea3n nhi\u1ec7t h\u1ec7 th\u1ed1ng.<br \/>\nM\u00e1y b\u01a1m n\u01b0\u1edbc l\u00e0m m\u00e1t CNC.<br \/>\nD\u00f9ng b\u01a1m n\u01b0\u1edbc h\u1ed3 c\u00e1, ch\u1ea5t th\u1ea3i h\u1ed3 c\u00e1.<br \/>\nB\u01a1m n\u01b0\u1edbc h\u1ed3 c\u00e1, th\u00e1c n\u01b0\u1edbc, th\u1ee7y canh.<br \/>\nB\u01a1m h\u00f2n non b\u1ed9 mini.<br \/>\nB\u01a1m n\u01b0\u1edbc \u0111\u00e0i phun n\u01b0\u1edbc.<br \/>\nB\u01a1m lo\u0323c n\u01b0\u01a1\u0301c h\u00f4\u0300 ca\u0300 thu\u0309y sinh.<br \/>\nMa\u0301y b\u01a1m n\u01b0\u01a1\u0301c thu\u0309y canh.<br \/>\nB\u01a1m h\u00ea\u0323 th\u00f4\u0301ng cung c\u00e2\u0301p n\u01b0\u01a1\u0301c.<br \/>\nCha\u0323y \u0111\u01b0\u01a1\u0323c li\u00ean t\u1ee5c 24\/24.<\/p>\n<p><a href=\"https:\/\/maybommini.com\/wp-content\/uploads\/2024\/06\/may-bom-quat-hoi-nuoc-18W-220v.jpg\" target=\"_blank\" rel=\"noopener\"><img decoding=\"async\" class=\"size-full wp-image-276217 aligncenter\" src=\"https:\/\/maybommini.com\/wp-content\/uploads\/2024\/06\/may-bom-quat-hoi-nuoc-18W-220v.jpg\" alt=\"May Bom Quat Hoi Nuoc 18W 220v\" width=\"750\" height=\"750\" srcset=\"https:\/\/maybommini.vn\/wp-content\/uploads\/2024\/06\/may-bom-quat-hoi-nuoc-18W-220v.jpg 750w, https:\/\/maybommini.vn\/wp-content\/uploads\/2024\/06\/may-bom-quat-hoi-nuoc-18W-220v-300x300.jpg 300w, https:\/\/maybommini.vn\/wp-content\/uploads\/2024\/06\/may-bom-quat-hoi-nuoc-18W-220v-150x150.jpg 150w, https:\/\/maybommini.vn\/wp-content\/uploads\/2024\/06\/may-bom-quat-hoi-nuoc-18W-220v-600x600.jpg 600w\" sizes=\"(max-width: 750px) 100vw, 750px\" \/><\/a><br \/>\n<a href=\"https:\/\/maybommini.com\/wp-content\/uploads\/2021\/07\/may-bom-chuyen-dung-cho-quat-hoi-nuoc.jpg\" target=\"_blank\" rel=\"noopener\"><img decoding=\"async\" class=\"size-full wp-image-268991 aligncenter\" src=\"https:\/\/maybommini.com\/wp-content\/uploads\/2021\/07\/may-bom-chuyen-dung-cho-quat-hoi-nuoc.jpg\" alt=\"May Bom Chuyen Dung Cho Quat Hoi Nuoc\" width=\"750\" height=\"750\" srcset=\"https:\/\/maybommini.vn\/wp-content\/uploads\/2021\/07\/may-bom-chuyen-dung-cho-quat-hoi-nuoc.jpg 750w, https:\/\/maybommini.vn\/wp-content\/uploads\/2021\/07\/may-bom-chuyen-dung-cho-quat-hoi-nuoc-300x300.jpg 300w, https:\/\/maybommini.vn\/wp-content\/uploads\/2021\/07\/may-bom-chuyen-dung-cho-quat-hoi-nuoc-150x150.jpg 150w, https:\/\/maybommini.vn\/wp-content\/uploads\/2021\/07\/may-bom-chuyen-dung-cho-quat-hoi-nuoc-600x600.jpg 600w\" sizes=\"(max-width: 750px) 100vw, 750px\" \/><\/a><a href=\"https:\/\/maybommini.com\/wp-content\/uploads\/2021\/07\/cach-su-dung-may-bom-chim-sao-cho-tot.jpg\" target=\"_blank\" rel=\"noopener\"><img decoding=\"async\" class=\"size-full wp-image-268987 aligncenter\" src=\"https:\/\/maybommini.com\/wp-content\/uploads\/2021\/07\/cach-su-dung-may-bom-chim-sao-cho-tot.jpg\" alt=\"Cach Su Dung May Bom Chim Sao Cho Tot\" width=\"750\" height=\"750\" srcset=\"https:\/\/maybommini.vn\/wp-content\/uploads\/2021\/07\/cach-su-dung-may-bom-chim-sao-cho-tot.jpg 750w, https:\/\/maybommini.vn\/wp-content\/uploads\/2021\/07\/cach-su-dung-may-bom-chim-sao-cho-tot-300x300.jpg 300w, https:\/\/maybommini.vn\/wp-content\/uploads\/2021\/07\/cach-su-dung-may-bom-chim-sao-cho-tot-150x150.jpg 150w, https:\/\/maybommini.vn\/wp-content\/uploads\/2021\/07\/cach-su-dung-may-bom-chim-sao-cho-tot-600x600.jpg 600w\" sizes=\"(max-width: 750px) 100vw, 750px\" \/><\/a><strong><a href=\"https:\/\/maybommini.com\/wp-content\/uploads\/2021\/07\/canh-quat-may-bom-chim-cao-cap.jpg\" target=\"_blank\" rel=\"noopener\"><img decoding=\"async\" class=\"size-full wp-image-268988 aligncenter\" src=\"https:\/\/maybommini.com\/wp-content\/uploads\/2021\/07\/canh-quat-may-bom-chim-cao-cap.jpg\" alt=\"Canh Quat May Bom Chim Cao Cap\" width=\"750\" height=\"750\" srcset=\"https:\/\/maybommini.vn\/wp-content\/uploads\/2021\/07\/canh-quat-may-bom-chim-cao-cap.jpg 750w, https:\/\/maybommini.vn\/wp-content\/uploads\/2021\/07\/canh-quat-may-bom-chim-cao-cap-300x300.jpg 300w, https:\/\/maybommini.vn\/wp-content\/uploads\/2021\/07\/canh-quat-may-bom-chim-cao-cap-150x150.jpg 150w, https:\/\/maybommini.vn\/wp-content\/uploads\/2021\/07\/canh-quat-may-bom-chim-cao-cap-600x600.jpg 600w\" sizes=\"(max-width: 750px) 100vw, 750px\" \/><\/a><\/strong><strong>MUA M\u00c1Y B\u01a0M QU\u1ea0T H\u01a0I N\u01af\u1edaC<\/strong><strong>\u00a0<\/strong><strong>\u1ede \u0110\u00c2U ?<br \/>\n<\/strong>M\u1ecdi chi ti\u1ebft vui l\u00f2ng li\u00ean h\u1ec7 tr\u1ef1c ti\u1ebfp cho ch\u00fang t\u00f4i \u0111\u1ec3 \u0111\u01b0\u1ee3c t\u01b0 v\u1ea5n theo nhu c\u1ea7u \u0111\u1ec3 c\u00f3 \u0111\u01b0\u1ee3c b\u1ed9 s\u1ea3n ph\u1ea9m t\u1ed1t nh\u1ea5t v\u00e0 ti\u1ebft ki\u1ec7m.\u00a0B\u1ea1n \u1edf xa v\u1eabn c\u00f3 th\u1ec3 mua h\u00e0ng v\u00e0 giao h\u00e0ng <a title=\"thanh to\u00e1n\" href=\"https:\/\/maybommini.com\/thanh-toan\" target=\"_blank\" rel=\"noopener\">thanh to\u00e1n<\/a> ti\u1ec1n t\u1ea1i nh\u00e0.<br \/>\n<strong>Email :<\/strong> maybommini.com@gmail.com<br \/>\n<strong>Website :<\/strong> <a href=\"https:\/\/maybommini.com\" target=\"_blank\" rel=\"noopener noreferrer\">https:\/\/maybommini.com<\/a><br \/>\n<strong>Facebook :<\/strong> <a href=\"https:\/\/www.facebook.com\/maybommini\" target=\"_blank\" rel=\"noopener noreferrer\">https:\/\/www.facebook.com\/maybommini<\/a><br \/>\n<strong>Google :<\/strong> <a href=\"https:\/\/plus.google.com\/ Maybomnuocminiruaxe\" target=\"_blank\" rel=\"noopener noreferrer\">https:\/\/plus.google.com\/ Maybomnuocminiruaxe<\/a><br \/>\n<strong>Youtube demo :<\/strong> https:\/\/www.youtube.com\/bahamasali<\/p>\n<h3 style=\"text-align: center;\"><strong>M\u00e1y b\u01a1m qu\u1ea1t h\u01a1i n\u01b0\u1edbc 220V 18W 1000L SW-18WT<br \/>\nM\u00c1Y B\u01a0M QU\u1ea0T H\u01a0I N\u01af\u1edaC<br \/>\nPUMPS 220V 45W 2500L<\/strong><\/h3>\n","protected":false},"excerpt":{"rendered":"<p>Model: SW-18WT<br \/>\n\u0110i\u1ec7n \u00e1p: 220V AC<br \/>\nC\u00f4ng su\u1ea5t: 18W<br \/>\nL\u01b0u l\u01b0\u1ee3ng: 1000L\/H<br \/>\nB\u01a1m cao: 1.8 m\u00e9t<br \/>\nTh\u1ea3 ch\u00ecm s\u00e2u kh\u00f4ng qu\u00e1 0.5 m\u00e9t.<br \/>\n\u0110\u01b0\u1eddng k\u00ednh \u1ed1ng ra: 12 mm<br \/>\nK\u00edch th\u01b0\u1edbc:\u00a0 cm<br \/>\nTro\u0323ng l\u01b0\u01a1\u0323ng:\u00a0 360 gAM<br \/>\nCh\u00e2\u0301t li\u00ea\u0323u: Nh\u01b0\u0323a ABS &#8211; L\u00f5i \u0111\u00f4\u0300ng 100%<br \/>\nC\u00f4ng ngh\u00ea\u0323 ch\u00f4\u0301ng n\u01b0\u01a1\u0301c cao c\u1ea5p.<br \/>\nM\u00e1y b\u01a1m kh\u00f4ng ch\u1ed5i than.<br \/>\nCha\u0323y \u0111\u01b0\u01a1\u0323c li\u00ean t\u1ee5c 24\/24.<br \/>\nB\u1ea3o h\u00e0nh: 3 th\u00e1ng<br \/>\n<strong>Ph\u00e2n ph\u1ed1i: MTM \u2013 Maybommini.com<\/strong><br \/>\n<strong>Tel Zalo: 0907294310 &#8211; 02873030399<\/strong><\/p>\n","protected":false},"featured_media":276220,"comment_status":"open","ping_status":"closed","template":"","meta":[],"product_brand":[],"product_cat":[775,381],"product_tag":[2873,500,384,2302,705,2300,3499,628,629,206,630,389,2301,4590,4591],"class_list":{"0":"post-276215","1":"product","2":"type-product","3":"status-publish","4":"has-post-thumbnail","6":"product_cat-may-bom-chim-220v","7":"product_cat-may-bom-chim","8":"product_tag-1000l","9":"product_tag-220v","10":"product_tag-bom","11":"product_tag-bom-cap-nuoc-may-quat","12":"product_tag-bom-chim","13":"product_tag-bom-may-quat-hoi-nuoc","14":"product_tag-chom-quat-hoi-nuoc","15":"product_tag-dai-phun-nuoc","16":"product_tag-hon-non-bo","17":"product_tag-may-bom-12v","18":"product_tag-may-bom-220v","19":"product_tag-may-bom-chim","20":"product_tag-may-bom-quat-nuoc","21":"product_tag-sw-cooling","22":"product_tag-sw-18wt","24":"first","25":"instock","26":"shipping-taxable","27":"purchasable","28":"product-type-simple"},"_links":{"self":[{"href":"https:\/\/maybommini.vn\/index.php?rest_route=\/wp\/v2\/product\/276215","targetHints":{"allow":["GET"]}}],"collection":[{"href":"https:\/\/maybommini.vn\/index.php?rest_route=\/wp\/v2\/product"}],"about":[{"href":"https:\/\/maybommini.vn\/index.php?rest_route=\/wp\/v2\/types\/product"}],"replies":[{"embeddable":true,"href":"https:\/\/maybommini.vn\/index.php?rest_route=%2Fwp%2Fv2%2Fcomments&post=276215"}],"wp:featuredmedia":[{"embeddable":true,"href":"https:\/\/maybommini.vn\/index.php?rest_route=\/wp\/v2\/media\/276220"}],"wp:attachment":[{"href":"https:\/\/maybommini.vn\/index.php?rest_route=%2Fwp%2Fv2%2Fmedia&parent=276215"}],"wp:term":[{"taxonomy":"product_brand","embeddable":true,"href":"https:\/\/maybommini.vn\/index.php?rest_route=%2Fwp%2Fv2%2Fproduct_brand&post=276215"},{"taxonomy":"product_cat","embeddable":true,"href":"https:\/\/maybommini.vn\/index.php?rest_route=%2Fwp%2Fv2%2Fproduct_cat&post=276215"},{"taxonomy":"product_tag","embeddable":true,"href":"https:\/\/maybommini.vn\/index.php?rest_route=%2Fwp%2Fv2%2Fproduct_tag&post=276215"}],"curies":[{"name":"wp","href":"https:\/\/api.w.org\/{rel}","templated":true}]}}