{"id":276242,"date":"2024-06-20T23:32:46","date_gmt":"2024-06-20T16:32:46","guid":{"rendered":"https:\/\/maybommini.com\/?post_type=product&#038;p=276242"},"modified":"2024-06-20T23:46:16","modified_gmt":"2024-06-20T16:46:16","slug":"pin-den-quat-tich-dien-12v-21000mah-mtm-chong-nuoc","status":"publish","type":"product","link":"https:\/\/maybommini.vn\/?product=pin-den-quat-tich-dien-12v-21000mah-mtm-chong-nuoc","title":{"rendered":"Pin \u0111\u00e8n qu\u1ea1t t\u00edch \u0111i\u1ec7n 12V 21000mAh MTM &#8211; ch\u1ed1ng n\u01b0\u1edbc"},"content":{"rendered":"<h5>Pin \u0111\u00e8n qu\u1ea1t t\u00edch \u0111i\u1ec7n 12V 21000mAh MTM ch\u1ed1ng n\u01b0\u1edbc t\u1eb7ng k\u00e8n d\u00e2y ngu\u1ed3n jack DC. Pin n\u00e0y ph\u00f9 h\u1ee3p cho thi\u1ebft b\u1ecb \u0111i\u1ec7n 12V nh\u01b0 \u0111\u00e8n LED, qu\u1ea1t t\u00edch \u0111i\u1ec7n, thi\u1ebft b\u1ecb DC 12V, ngu\u1ed3n d\u1ef1 ph\u00f2ng modem Wifi, pin h\u1eb9 th\u1ed1ng n\u0103ng l\u01b0\u1ee3ng m\u1eb7t tr\u1eddi c\u00f4ng su\u1ea5t nh\u1ecf v\u00e0 nhi\u1ec1u \u1ee9ng d\u1ee5ng kh\u00e1c.<\/h5>\n<p><strong><a href=\"https:\/\/maybommini.com\/wp-content\/uploads\/2024\/06\/Pin-quat-den-quat-tich-dien-12V-25A-21000mAh-MTM.jpg\" target=\"_blank\" rel=\"noopener\"><img decoding=\"async\" class=\"size-full wp-image-276246 aligncenter\" src=\"https:\/\/maybommini.com\/wp-content\/uploads\/2024\/06\/Pin-quat-den-quat-tich-dien-12V-25A-21000mAh-MTM.jpg\" alt=\"Pin Quat Den Quat Tich Dien 12V 25A 21000mAh MTM\" width=\"750\" height=\"750\" srcset=\"https:\/\/maybommini.vn\/wp-content\/uploads\/2024\/06\/Pin-quat-den-quat-tich-dien-12V-25A-21000mAh-MTM.jpg 750w, https:\/\/maybommini.vn\/wp-content\/uploads\/2024\/06\/Pin-quat-den-quat-tich-dien-12V-25A-21000mAh-MTM-300x300.jpg 300w, https:\/\/maybommini.vn\/wp-content\/uploads\/2024\/06\/Pin-quat-den-quat-tich-dien-12V-25A-21000mAh-MTM-150x150.jpg 150w, https:\/\/maybommini.vn\/wp-content\/uploads\/2024\/06\/Pin-quat-den-quat-tich-dien-12V-25A-21000mAh-MTM-600x600.jpg 600w\" sizes=\"(max-width: 750px) 100vw, 750px\" \/><\/a>TH\u00d4NG S\u1ed0 K\u1ef8 THU\u1eacT<\/strong><br \/>\nTh\u01b0\u01a1ng hi\u1ec7u: MTM<br \/>\nModel: LIB3500-12V25A-21000<br \/>\nDung l\u01b0\u1ee3ng: 21.000mAh &#8211; 21Ah<br \/>\n\u0110i\u1ec7n th\u1ebf \u0111\u1ecbnh danh: 12V DC<br \/>\n\u0110i\u1ec7n th\u1ebf ra: 10V &#8211; 12.6V DC<br \/>\n\u0110i\u1ec7n th\u1ebf s\u1ea1c: 12.6V DC<br \/>\nD\u00f2ng s\u1ea1c v\u00e0o: 1A &#8211; 5A Max<br \/>\nD\u00f2ng ch\u1ecbu t\u1ea3i li\u00ean t\u1ee5c: 10A Max<br \/>\nD\u00f2ng ch\u1ecbu t\u1ea3i t\u1ee9c th\u1eddi: 25A Max<br \/>\nH\u1ec7 pin 3S Lithium-ion.<br \/>\nCell Li-ion 18650 ch\u00ednh h\u00e3ng.<br \/>\nCell pin d\u00f2ng x\u1ea3 dung l\u01b0\u1ee3ng l\u1edbn.<br \/>\nM\u1ea1ch b\u00e0o v\u1ec7 s\u1ea1c x\u1ea3 th\u00f4ng minh.<br \/>\nM\u1ea1ch t\u00edch h\u1ee3p c\u00e2n b\u1eb1ng cell t\u0103ng tu\u1ed5i th\u1ecd pin.<br \/>\nV\u1ecf ABS ch\u1ed1ng ch\u00e1y ch\u1ed1ng s\u1ed1c.<br \/>\nKh\u1ea3 n\u0103ng ch\u1ed1ng n\u01b0\u1edbc an to\u00e0n.<br \/>\nT\u00edch h\u1ee3p c\u1ed5ng jack DC 5.5&#215;2.1 mm.<br \/>\nC\u1ecdc ngu\u1ed3n ra \u00c2m (-), D\u01b0\u01a1ng (+).<br \/>\nK\u00edch th\u01b0\u1edbc: 150x65x95 mm<\/p>\n<p><strong><a href=\"https:\/\/maybommini.com\/wp-content\/uploads\/2024\/06\/Pin-quat-den-quat-tich-dien-12V-25A-21000mAh-MTM-chinh-hang-gia-re.jpg\" target=\"_blank\" rel=\"noopener\"><img decoding=\"async\" class=\"size-full wp-image-276247 aligncenter\" src=\"https:\/\/maybommini.com\/wp-content\/uploads\/2024\/06\/Pin-quat-den-quat-tich-dien-12V-25A-21000mAh-MTM-chinh-hang-gia-re.jpg\" alt=\"Pin Quat Den Quat Tich Dien 12V 25A 21000mAh MTM Chinh Hang Gia Re\" width=\"750\" height=\"750\" srcset=\"https:\/\/maybommini.vn\/wp-content\/uploads\/2024\/06\/Pin-quat-den-quat-tich-dien-12V-25A-21000mAh-MTM-chinh-hang-gia-re.jpg 750w, https:\/\/maybommini.vn\/wp-content\/uploads\/2024\/06\/Pin-quat-den-quat-tich-dien-12V-25A-21000mAh-MTM-chinh-hang-gia-re-300x300.jpg 300w, https:\/\/maybommini.vn\/wp-content\/uploads\/2024\/06\/Pin-quat-den-quat-tich-dien-12V-25A-21000mAh-MTM-chinh-hang-gia-re-150x150.jpg 150w, https:\/\/maybommini.vn\/wp-content\/uploads\/2024\/06\/Pin-quat-den-quat-tich-dien-12V-25A-21000mAh-MTM-chinh-hang-gia-re-600x600.jpg 600w\" sizes=\"(max-width: 750px) 100vw, 750px\" \/><\/a><a href=\"https:\/\/maybommini.com\/wp-content\/uploads\/2024\/06\/bo-pin-quat-den-quat-tich-dien-12V-25A-21000mAh-MTM.jpg\" target=\"_blank\" rel=\"noopener\"><img decoding=\"async\" class=\"size-full wp-image-276244 aligncenter\" src=\"https:\/\/maybommini.com\/wp-content\/uploads\/2024\/06\/bo-pin-quat-den-quat-tich-dien-12V-25A-21000mAh-MTM.jpg\" alt=\"Bo Pin Quat Den Quat Tich Dien 12V 25A 21000mAh MTM\" width=\"750\" height=\"750\" srcset=\"https:\/\/maybommini.vn\/wp-content\/uploads\/2024\/06\/bo-pin-quat-den-quat-tich-dien-12V-25A-21000mAh-MTM.jpg 750w, https:\/\/maybommini.vn\/wp-content\/uploads\/2024\/06\/bo-pin-quat-den-quat-tich-dien-12V-25A-21000mAh-MTM-300x300.jpg 300w, https:\/\/maybommini.vn\/wp-content\/uploads\/2024\/06\/bo-pin-quat-den-quat-tich-dien-12V-25A-21000mAh-MTM-150x150.jpg 150w, https:\/\/maybommini.vn\/wp-content\/uploads\/2024\/06\/bo-pin-quat-den-quat-tich-dien-12V-25A-21000mAh-MTM-600x600.jpg 600w\" sizes=\"(max-width: 750px) 100vw, 750px\" \/><\/a><a href=\"https:\/\/maybommini.com\/wp-content\/uploads\/2024\/06\/gia-ban-pin-quat-den-quat-tich-dien-12V-25A-21000mAh-MTM.jpg\" target=\"_blank\" rel=\"noopener\"><img decoding=\"async\" class=\"size-full wp-image-276245 aligncenter\" src=\"https:\/\/maybommini.com\/wp-content\/uploads\/2024\/06\/gia-ban-pin-quat-den-quat-tich-dien-12V-25A-21000mAh-MTM.jpg\" alt=\"Gia Ban Pin Quat Den Quat Tich Dien 12V 25A 21000mAh MTM\" width=\"750\" height=\"750\" srcset=\"https:\/\/maybommini.vn\/wp-content\/uploads\/2024\/06\/gia-ban-pin-quat-den-quat-tich-dien-12V-25A-21000mAh-MTM.jpg 750w, https:\/\/maybommini.vn\/wp-content\/uploads\/2024\/06\/gia-ban-pin-quat-den-quat-tich-dien-12V-25A-21000mAh-MTM-300x300.jpg 300w, https:\/\/maybommini.vn\/wp-content\/uploads\/2024\/06\/gia-ban-pin-quat-den-quat-tich-dien-12V-25A-21000mAh-MTM-150x150.jpg 150w, https:\/\/maybommini.vn\/wp-content\/uploads\/2024\/06\/gia-ban-pin-quat-den-quat-tich-dien-12V-25A-21000mAh-MTM-600x600.jpg 600w\" sizes=\"(max-width: 750px) 100vw, 750px\" \/><\/a>PH\u1ee4 KI\u1ec6N K\u00c8M THEO<\/strong><br \/>\n&#8211; T\u1eb7ng k\u00e8m d\u00e2y ngu\u1ed3n 0.5 met Jack DC5.5&#215;2.5mm &#8211; k\u1eb9p c\u00e1 s\u1ea5u.<br \/>\n&#8211; Pin KH\u00d4NG k\u00e8m s\u1ea1c vui l\u00f2ng mua s\u1ea1c li\u00ean h\u1ec7 shop ho\u1eb7c xem trong m\u1ee5c S\u1ea3n Ph\u1ea9m c\u1ee7a Shop.<\/p>\n<p><a href=\"https:\/\/maybommini.com\/wp-content\/uploads\/2024\/06\/day-nguon-pin-quat-den-quat-tich-dien-12V-25A.jpg\" target=\"_blank\" rel=\"noopener\"><img decoding=\"async\" class=\"size-full wp-image-276234 aligncenter\" src=\"https:\/\/maybommini.com\/wp-content\/uploads\/2024\/06\/day-nguon-pin-quat-den-quat-tich-dien-12V-25A.jpg\" alt=\"Day Nguon Pin Quat Den Quat Tich Dien 12V 25A\" width=\"750\" height=\"750\" srcset=\"https:\/\/maybommini.vn\/wp-content\/uploads\/2024\/06\/day-nguon-pin-quat-den-quat-tich-dien-12V-25A.jpg 750w, https:\/\/maybommini.vn\/wp-content\/uploads\/2024\/06\/day-nguon-pin-quat-den-quat-tich-dien-12V-25A-300x300.jpg 300w, https:\/\/maybommini.vn\/wp-content\/uploads\/2024\/06\/day-nguon-pin-quat-den-quat-tich-dien-12V-25A-150x150.jpg 150w, https:\/\/maybommini.vn\/wp-content\/uploads\/2024\/06\/day-nguon-pin-quat-den-quat-tich-dien-12V-25A-600x600.jpg 600w\" sizes=\"(max-width: 750px) 100vw, 750px\" \/><\/a><br \/>\n<strong>H\u01af\u1edaNG D\u1eaaN S\u1eec D\u1ee4NG PIN S\u1ea0C \u0110\u00daNG C\u00c1CH<br \/>\n<\/strong>&#8211; Kh\u00f4ng d\u00f9ng kh\u1edfi \u0111\u1ed9ng xe m\u00e1y.<br \/>\n\u2013 S\u1eed d\u1ee5ng \u0111\u00fang b\u1ed9 s\u1ea1c pin lithium-ion.<br \/>\n\u2013 D\u00e2y s\u1ea1c v\u00e0 d\u00e2y x\u1ea3 d\u00f9ng chung.<br \/>\n\u2013 D\u00e2y \u0111\u1ecf d\u01b0\u01a1ng (+), d\u00e2y \u0111en \u00e2m (-).<br \/>\n\u2013 S\u1eed d\u1ee5ng tr\u00e1nh kh\u00f4ng \u0111\u01b0\u1ee3c ch\u1ea1m c\u1ef1c \u00c2m v\u00e0 D\u01b0\u01a1ng g\u00e2y ch\u00e1y n\u1ed5.<br \/>\n\u2013 S\u1eed d\u1ee5ng kh\u00f4ng \u0111\u01b0\u1ee3c qu\u00e1 c\u00f4ng su\u1ea5t t\u1ea3i t\u1ed1i \u0111a cho ph\u00e9p.<br \/>\n\u2013 N\u00ean s\u1eed d\u1ee5ng t\u1ed1t nh\u1ea5t c\u00f4ng su\u1ea5t t\u1ea3i 50% 60% so v\u1edbi c\u00f4ng su\u1ea5t t\u1ed1i \u0111a pin ch\u1ecbu t\u1ea3i.<br \/>\n\u2013 S\u1ea1c l\u1ea1i pin khi \u0111i\u1ec7n \u00e1p d\u01b0\u1edbi 10V.<br \/>\n\u2013 C\u1ea7n s\u1ea1c pin l\u1ea1i c\u00e1ch nhau 20 &#8211; 30 ng\u00e0y n\u1ebfu l\u01b0u tr\u1eef l\u00e2u d\u00e0i.<br \/>\n\u2013 Kh\u00f4ng \u0111\u1ec3 pin dung l\u01b0\u1ee3ng c\u1ea1n ki\u1ec7t s\u1ebb l\u00e0m h\u01b0 pin v\u00e0 gi\u00e3m tu\u1ed5i th\u1ecd.<br \/>\n\u2013 \u0110ang s\u1ea1c th\u00ec kh\u00f4ng s\u1eed d\u1ee5ng tr\u00e1nh ch\u00e1y n\u1ed5.<br \/>\n\u2013 L\u01b0u tr\u1eef v\u00e0 s\u1eed d\u1ee5ng n\u01a1i tho\u00e1ng m\u00e1t v\u00e0 tr\u00e1nh \u1ea9m \u01b0\u1edbt.<br \/>\n\u2013 S\u1eed d\u1ee5ng lo\u1ea1i s\u1ea1c c\u00f3 \u0111i\u1ec7n \u00e1p v\u00e0 d\u00f2ng ph\u00f9 h\u1ee3p theo nh\u00e0 s\u1ea3n xu\u1ea5t \u0111\u1ec3 tr\u00e1nh l\u00e0m h\u01b0 v\u00e0 gi\u00e3m tu\u1ed5i th\u1ecd pin.<br \/>\n\u2013 Tr\u00e1nh pin b\u1ecb va ch\u1ea1m m\u1ea1nh l\u00e0m h\u01b0 pin v\u00e0 ch\u00e1y n\u1ed5.<br \/>\n\u2013 Kh\u00f4ng b\u1ea3o h\u00e0nh do s\u1eed d\u1ee5ng kh\u00f4ng \u0111\u00fang c\u00e1ch.<\/p>\n<p><strong><a href=\"https:\/\/maybommini.com\/wp-content\/uploads\/2024\/06\/Pin-quat-den-quat-tich-dien-12V-25A-17500mAh-MTM-chong-nuoc.jpg\" target=\"_blank\" rel=\"noopener\"><img decoding=\"async\" class=\"size-full wp-image-276235 aligncenter\" src=\"https:\/\/maybommini.com\/wp-content\/uploads\/2024\/06\/Pin-quat-den-quat-tich-dien-12V-25A-17500mAh-MTM-chong-nuoc.jpg\" alt=\"Pin Quat Den Quat Tich Dien 12V 25A 17500mAh MTM Chong Nuoc\" width=\"750\" height=\"750\" srcset=\"https:\/\/maybommini.vn\/wp-content\/uploads\/2024\/06\/Pin-quat-den-quat-tich-dien-12V-25A-17500mAh-MTM-chong-nuoc.jpg 750w, https:\/\/maybommini.vn\/wp-content\/uploads\/2024\/06\/Pin-quat-den-quat-tich-dien-12V-25A-17500mAh-MTM-chong-nuoc-300x300.jpg 300w, https:\/\/maybommini.vn\/wp-content\/uploads\/2024\/06\/Pin-quat-den-quat-tich-dien-12V-25A-17500mAh-MTM-chong-nuoc-150x150.jpg 150w, https:\/\/maybommini.vn\/wp-content\/uploads\/2024\/06\/Pin-quat-den-quat-tich-dien-12V-25A-17500mAh-MTM-chong-nuoc-600x600.jpg 600w\" sizes=\"(max-width: 750px) 100vw, 750px\" \/><\/a><a href=\"https:\/\/maybommini.com\/wp-content\/uploads\/2024\/06\/coc-pin-quat-den-quat-tich-dien-12V-25A-MTM.jpg\" target=\"_blank\" rel=\"noopener\"><img decoding=\"async\" class=\"size-full wp-image-276233 aligncenter\" src=\"https:\/\/maybommini.com\/wp-content\/uploads\/2024\/06\/coc-pin-quat-den-quat-tich-dien-12V-25A-MTM.jpg\" alt=\"Coc Pin Quat Den Quat Tich Dien 12V 25A MTM\" width=\"750\" height=\"750\" srcset=\"https:\/\/maybommini.vn\/wp-content\/uploads\/2024\/06\/coc-pin-quat-den-quat-tich-dien-12V-25A-MTM.jpg 750w, https:\/\/maybommini.vn\/wp-content\/uploads\/2024\/06\/coc-pin-quat-den-quat-tich-dien-12V-25A-MTM-300x300.jpg 300w, https:\/\/maybommini.vn\/wp-content\/uploads\/2024\/06\/coc-pin-quat-den-quat-tich-dien-12V-25A-MTM-150x150.jpg 150w, https:\/\/maybommini.vn\/wp-content\/uploads\/2024\/06\/coc-pin-quat-den-quat-tich-dien-12V-25A-MTM-600x600.jpg 600w\" sizes=\"(max-width: 750px) 100vw, 750px\" \/><\/a><a href=\"https:\/\/maybommini.com\/wp-content\/uploads\/2024\/06\/Pin-quat-den-quat-tich-dien-12V-25A-MTM.jpg\" target=\"_blank\" rel=\"noopener\"><img decoding=\"async\" class=\"size-full wp-image-276231 aligncenter\" src=\"https:\/\/maybommini.com\/wp-content\/uploads\/2024\/06\/Pin-quat-den-quat-tich-dien-12V-25A-MTM.jpg\" alt=\"Pin Quat Den Quat Tich Dien 12V 25A MTM\" width=\"750\" height=\"750\" srcset=\"https:\/\/maybommini.vn\/wp-content\/uploads\/2024\/06\/Pin-quat-den-quat-tich-dien-12V-25A-MTM.jpg 750w, https:\/\/maybommini.vn\/wp-content\/uploads\/2024\/06\/Pin-quat-den-quat-tich-dien-12V-25A-MTM-300x300.jpg 300w, https:\/\/maybommini.vn\/wp-content\/uploads\/2024\/06\/Pin-quat-den-quat-tich-dien-12V-25A-MTM-150x150.jpg 150w, https:\/\/maybommini.vn\/wp-content\/uploads\/2024\/06\/Pin-quat-den-quat-tich-dien-12V-25A-MTM-600x600.jpg 600w\" sizes=\"(max-width: 750px) 100vw, 750px\" \/><\/a><a href=\"https:\/\/maybommini.com\/wp-content\/uploads\/2024\/06\/Pin-quat-den-quat-tich-dien-12V-25A-mach-bao-ve-thong-minh.jpg\" target=\"_blank\" rel=\"noopener\"><img decoding=\"async\" class=\"size-full wp-image-276230 aligncenter\" src=\"https:\/\/maybommini.com\/wp-content\/uploads\/2024\/06\/Pin-quat-den-quat-tich-dien-12V-25A-mach-bao-ve-thong-minh.jpg\" alt=\"Pin Quat Den Quat Tich Dien 12V 25A Mach Bao Ve Thong Minh\" width=\"750\" height=\"750\" srcset=\"https:\/\/maybommini.vn\/wp-content\/uploads\/2024\/06\/Pin-quat-den-quat-tich-dien-12V-25A-mach-bao-ve-thong-minh.jpg 750w, https:\/\/maybommini.vn\/wp-content\/uploads\/2024\/06\/Pin-quat-den-quat-tich-dien-12V-25A-mach-bao-ve-thong-minh-300x300.jpg 300w, https:\/\/maybommini.vn\/wp-content\/uploads\/2024\/06\/Pin-quat-den-quat-tich-dien-12V-25A-mach-bao-ve-thong-minh-150x150.jpg 150w, https:\/\/maybommini.vn\/wp-content\/uploads\/2024\/06\/Pin-quat-den-quat-tich-dien-12V-25A-mach-bao-ve-thong-minh-600x600.jpg 600w\" sizes=\"(max-width: 750px) 100vw, 750px\" \/><\/a>\u1ee8NG D\u1ee4NG V\u00c0 S\u1eec D\u1ee4NG PIN S\u1ea0C 12V<br \/>\n<\/strong>Pin cho qu\u1ea1t t\u00edch \u0111i\u1ec7n 12V<br \/>\nPin \u0111\u00e8n pin, \u0111\u00e8n LED, \u0111\u00e8n d\u1ef1 ph\u00f2ng 12V.<br \/>\nPin b\u00ecnh phun s\u00e2u \u0111i\u1ec7n 12V.<br \/>\nD\u00f9ng t\u1ed1t cho c\u00e1c thi\u1ebft b\u1ecb 12V.<br \/>\nS\u1eed d\u1ee5ng cho m\u00e1y b\u01a1m mini 12V.<br \/>\nD\u00f9ng cho m\u00e1y b\u01a1m n\u01b0\u1edbc 12V.<br \/>\nD\u00f9ng pin s\u1ea1c 12v cho c\u00e1c thi\u1ebft b\u1ecb Camera, pin d\u1ef1 ph\u00f2ng,\u00a0\u0111\u00e8n Led, qu\u1ea1t 12v \u2026.<br \/>\nD\u00f9ng cho \u0111\u1ed5 ch\u01a1i tr\u1ebb em.<br \/>\nPin s\u1ea1c d\u1ef1 ph\u00f2ng 12V<br \/>\nPin \u0111\u00e8n led si\u00eau s\u00e1ng.<br \/>\nPin loa k\u00e9o karaoke.<br \/>\nPin thi\u1ebft b\u1ecb t\u1ef1 \u0111\u1ed9ng th\u00f4ng minh.<br \/>\nPin cho kho\u00e1 c\u1eeda t\u1eeb.<br \/>\nPin d\u1ef1 ph\u00f2ng c\u1eeda t\u1eeb.<br \/>\nPin cho m\u00e1y ch\u1ea5m c\u00f4ng v\u00e2n tay.<br \/>\nPin s\u1ea1c m\u00e1y ch\u1ea5m c\u00f4ng th\u1ebb t\u1eeb.<br \/>\nUPS 12V cho thi\u1ebft b\u1ecb.<br \/>\nNgu\u1ed3n Wifi, modem, box TV.<\/p>\n<p><strong><a href=\"https:\/\/maybommini.com\/wp-content\/uploads\/2024\/06\/Pin-quat-den-quat-tich-dien-12V-25A-tang-kem-day-nguon-DC.jpg\" target=\"_blank\" rel=\"noopener\"><img decoding=\"async\" class=\"size-full wp-image-276241 aligncenter\" src=\"https:\/\/maybommini.com\/wp-content\/uploads\/2024\/06\/Pin-quat-den-quat-tich-dien-12V-25A-tang-kem-day-nguon-DC.jpg\" alt=\"Pin Quat Den Quat Tich Dien 12V 25A Tang Kem Day Nguon DC\" width=\"750\" height=\"750\" srcset=\"https:\/\/maybommini.vn\/wp-content\/uploads\/2024\/06\/Pin-quat-den-quat-tich-dien-12V-25A-tang-kem-day-nguon-DC.jpg 750w, https:\/\/maybommini.vn\/wp-content\/uploads\/2024\/06\/Pin-quat-den-quat-tich-dien-12V-25A-tang-kem-day-nguon-DC-300x300.jpg 300w, https:\/\/maybommini.vn\/wp-content\/uploads\/2024\/06\/Pin-quat-den-quat-tich-dien-12V-25A-tang-kem-day-nguon-DC-150x150.jpg 150w, https:\/\/maybommini.vn\/wp-content\/uploads\/2024\/06\/Pin-quat-den-quat-tich-dien-12V-25A-tang-kem-day-nguon-DC-600x600.jpg 600w\" sizes=\"(max-width: 750px) 100vw, 750px\" \/><\/a>TH\u00d4NG TIN LI\u00caN H\u1ec6<\/strong><br \/>\n<em><strong>Tel Zalo: 02873030399 \u2013 0907294310 &#8211; <a href=\"tel:0908997823\">0908997823<\/a> &#8211; <a href=\"tel:0908997872\">0908997872<\/a><\/strong><\/em><br \/>\n<em><strong>Nh\u1eadn \u0111\u00f3ng pin theo y\u00eau c\u1ea7u, l\u00e0m pin, n\u00e2ng c\u1ea5p pin, s\u1eeda pin cho h\u1ec7 th\u1ed1ng n\u0103ng l\u01b0\u1ee3ng m\u1eb7t tr\u1eddi, pin m\u00e1y khoan, pin robot h\u00fat b\u1ee5i lau nh\u00e0, pin m\u00e1y th\u1ed5i b\u1ee5i, pin \u0111\u00e8n, pin s\u1ea1c d\u1ef1 ph\u00f2ng, pin \u0111\u00e8n n\u0103ng l\u01b0\u1ee3ng m\u1eb7t tr\u1eddi, pin UPS, pin xe \u0111\u1ea1p \u0111i\u1ec7n v\u00e0 c\u00e1c lo\u1ea1i pin kh\u00e1c.<br \/>\nNh\u1eadn s\u1eeda pin, thay cell pin cho t\u1ea5t c\u1ea3 c\u00e1c thi\u1ebft b\u1ecb s\u1eed d\u1ee5ng pin s\u1ea1c v\u1edbi nh\u1ea5t l\u01b0\u1ee3ng v\u00e0 gi\u00e1 t\u1ed1t nh\u1ea5t tr\u00ean to\u00e0n qu\u1ed1c.<br \/>\n<\/strong><\/em><\/p>\n<p><strong>CTY TNHH TH\u01af\u01a0NG M\u1ea0I D\u1ecaCH V\u1ee4 \u0110I\u1ec6N M\u00c1Y TH\u00d4NG MINH<\/strong><br \/>\n<strong>Hotline:<\/strong>\u00a002873030399 \u2013 0907294310<br \/>\n<strong>Email:<\/strong>\u00a0maybommini.com@gmail.com<br \/>\n<strong>Website:<\/strong>\u00a0https:\/\/maybommini.com<br \/>\n<strong>Youtube demo:<\/strong>\u00a0https:\/\/www.youtube.com\/bahamasali<\/p>\n<h5><strong><a class=\"swipebox\" title=\"\" href=\"https:\/\/maybommini.com\/wp-content\/uploads\/2022\/07\/thong-tin-lien-he-may-bom-mini.jpg\" data-rel=\"lightbox-image-14\" data-rl_title=\"\" data-rl_caption=\"\" data-rl_ target=\"_blank\" rel=\"noopener\"><img decoding=\"async\" class=\"size-full wp-image-270584 aligncenter\" src=\"https:\/\/maybommini.com\/wp-content\/uploads\/2022\/07\/thong-tin-lien-he-may-bom-mini.jpg\" sizes=\"(max-width: 750px) 100vw, 750px\" srcset=\"https:\/\/maybommini.com\/wp-content\/uploads\/2022\/07\/thong-tin-lien-he-may-bom-mini.jpg 750w, https:\/\/maybommini.com\/wp-content\/uploads\/2022\/07\/thong-tin-lien-he-may-bom-mini-150x101.jpg 150w, https:\/\/maybommini.com\/wp-content\/uploads\/2022\/07\/thong-tin-lien-he-may-bom-mini-600x405.jpg 600w, https:\/\/maybommini.com\/wp-content\/uploads\/2022\/07\/thong-tin-lien-he-may-bom-mini-300x202.jpg 300w\" alt=\"Thong Tin Lien He May Bom Mini\" width=\"750\" height=\"506\" \/><\/a><\/strong><\/h5>\n","protected":false},"excerpt":{"rendered":"<p>Th\u01b0\u01a1ng hi\u1ec7u: MTM<br \/>\nModel: LIB3500-12V25A-21000<br \/>\nDung l\u01b0\u1ee3ng: 21.000mAh &#8211; 21Ah<br \/>\n\u0110i\u1ec7n th\u1ebf \u0111\u1ecbnh danh: 12V DC<br \/>\n\u0110i\u1ec7n th\u1ebf ra: 10V &#8211; 12.6V DC<br \/>\n\u0110i\u1ec7n th\u1ebf s\u1ea1c: 12.6V DC<br \/>\nD\u00f2ng s\u1ea1c v\u00e0o: 1A &#8211; 5A Max<br \/>\nD\u00f2ng ch\u1ecbu t\u1ea3i li\u00ean t\u1ee5c: 10A Max<br \/>\nD\u00f2ng ch\u1ecbu t\u1ea3i t\u1ee9c th\u1eddi: 25A Max<br \/>\nH\u1ec7 pin 3S Lithium-ion.<br \/>\nCell Li-ion 18650 ch\u00ednh h\u00e3ng.<br \/>\nCell pin d\u00f2ng x\u1ea3 dung l\u01b0\u1ee3ng l\u1edbn.<br \/>\nM\u1ea1ch b\u00e0o v\u1ec7 s\u1ea1c x\u1ea3 th\u00f4ng minh.<br \/>\nM\u1ea1ch t\u00edch h\u1ee3p c\u00e2n b\u1eb1ng cell t\u0103ng tu\u1ed5i th\u1ecd pin.<br \/>\nV\u1ecf ABS ch\u1ed1ng ch\u00e1y ch\u1ed1ng s\u1ed1c.<br \/>\nKh\u1ea3 n\u0103ng ch\u1ed1ng n\u01b0\u1edbc an to\u00e0n.<br \/>\nT\u00edch h\u1ee3p c\u1ed5ng jack DC 5.5&#215;2.1 mm.<br \/>\nC\u1ecdc ngu\u1ed3n ra \u00c2m (-), D\u01b0\u01a1ng (+).<br \/>\nK\u00edch th\u01b0\u1edbc: 150x65x95 mm<br \/>\nB\u1ea3o h\u00e0nh: 3 th\u00e1ng<br \/>\nPin ch\u01b0a k\u00e8m s\u1ea1c.<br \/>\nT\u1eb7ng k\u00e8m d\u00e2y ngu\u1ed3n DC.<\/p>\n","protected":false},"featured_media":276246,"comment_status":"open","ping_status":"closed","template":"","meta":[],"product_brand":[],"product_cat":[3540,3567],"product_tag":[267,2248,1311,3460,3955,4465,4592,431],"class_list":{"0":"post-276242","1":"product","2":"type-product","3":"status-publish","4":"has-post-thumbnail","6":"product_cat-binh-ac-quy-pin","7":"product_cat-box-pin-sac","8":"product_tag-12v","9":"product_tag-pin-12v","10":"product_tag-pin-18650","11":"product_tag-pin-3s","12":"product_tag-pin-den","13":"product_tag-pin-du-phong-12v","14":"product_tag-pin-quat-tich-dien","15":"product_tag-pin-sac","17":"first","18":"instock","19":"shipping-taxable","20":"purchasable","21":"product-type-simple"},"_links":{"self":[{"href":"https:\/\/maybommini.vn\/index.php?rest_route=\/wp\/v2\/product\/276242","targetHints":{"allow":["GET"]}}],"collection":[{"href":"https:\/\/maybommini.vn\/index.php?rest_route=\/wp\/v2\/product"}],"about":[{"href":"https:\/\/maybommini.vn\/index.php?rest_route=\/wp\/v2\/types\/product"}],"replies":[{"embeddable":true,"href":"https:\/\/maybommini.vn\/index.php?rest_route=%2Fwp%2Fv2%2Fcomments&post=276242"}],"wp:featuredmedia":[{"embeddable":true,"href":"https:\/\/maybommini.vn\/index.php?rest_route=\/wp\/v2\/media\/276246"}],"wp:attachment":[{"href":"https:\/\/maybommini.vn\/index.php?rest_route=%2Fwp%2Fv2%2Fmedia&parent=276242"}],"wp:term":[{"taxonomy":"product_brand","embeddable":true,"href":"https:\/\/maybommini.vn\/index.php?rest_route=%2Fwp%2Fv2%2Fproduct_brand&post=276242"},{"taxonomy":"product_cat","embeddable":true,"href":"https:\/\/maybommini.vn\/index.php?rest_route=%2Fwp%2Fv2%2Fproduct_cat&post=276242"},{"taxonomy":"product_tag","embeddable":true,"href":"https:\/\/maybommini.vn\/index.php?rest_route=%2Fwp%2Fv2%2Fproduct_tag&post=276242"}],"curies":[{"name":"wp","href":"https:\/\/api.w.org\/{rel}","templated":true}]}}