{"id":276360,"date":"2024-07-07T22:20:06","date_gmt":"2024-07-07T15:20:06","guid":{"rendered":"https:\/\/maybommini.com\/?post_type=product&#038;p=276360"},"modified":"2026-01-08T09:09:26","modified_gmt":"2026-01-08T02:09:26","slug":"sung-xit-ap-luc-chinh-tia-kn209-noi-nhanh","status":"publish","type":"product","link":"https:\/\/maybommini.vn\/?product=sung-xit-ap-luc-chinh-tia-kn209-noi-nhanh","title":{"rendered":"S\u00fang x\u1ecbt \u00e1p l\u1ef1c ch\u1ec9nh tia KN209 &#8211; n\u1ed1i nhanh"},"content":{"rendered":"<h4>S\u00fang x\u1ecbt \u00e1p l\u1ef1c ch\u1ec9nh tia KN209 n\u1ed1i nhanh ch\u00ednh h\u00e3ng Taiwan gi\u00e1 t\u1ed1t. S\u1eed d\u1ee5ng phun x\u1ecbt r\u1eeda xe, phun x\u1ecbt r\u1eeda v\u1ec7 sinh m\u00e1y l\u1ea1nh \u0111i\u1ec1u h\u00f2a, phun x\u1ecbt t\u01b0\u1edbi c\u00e2y v\u00e0 x\u1ecbt r\u1eeda v\u1ec7 sinh nh\u00e0 c\u1eeda. Phun x\u1ecbt m\u1ea1nh v\u1edbi h\u1ec7 th\u1ed1ng n\u01b0\u1edbc c\u00f3 m\u00e1y b\u01a1m tr\u1ee3 l\u1ef1c, b\u01a1m t\u0103ng \u00e1p, m\u00e1y b\u01a1m \u00e1p l\u1ef1c mini, b\u1ed3n n\u01b0\u1edbc cao t\u1ea7ng.<\/h4>\n<p><strong><a href=\"https:\/\/maybommini.com\/wp-content\/uploads\/2024\/07\/ban-voi-xit-nuoc-rua-xe-tuoi-cay-ap-luc-chinh-tia-KN209-dau-noi-nhanh-ong.jpg\" target=\"_blank\" rel=\"noopener\"><img decoding=\"async\" class=\"size-full wp-image-276366 aligncenter\" src=\"https:\/\/maybommini.com\/wp-content\/uploads\/2024\/07\/ban-voi-xit-nuoc-rua-xe-tuoi-cay-ap-luc-chinh-tia-KN209-dau-noi-nhanh-ong.jpg\" alt=\"Ban Voi Xit Nuoc Rua Xe Tuoi Cay Ap Luc Chinh Tia KN209 Dau Noi Nhanh Ong\" width=\"750\" height=\"750\" srcset=\"https:\/\/maybommini.vn\/wp-content\/uploads\/2024\/07\/ban-voi-xit-nuoc-rua-xe-tuoi-cay-ap-luc-chinh-tia-KN209-dau-noi-nhanh-ong.jpg 750w, https:\/\/maybommini.vn\/wp-content\/uploads\/2024\/07\/ban-voi-xit-nuoc-rua-xe-tuoi-cay-ap-luc-chinh-tia-KN209-dau-noi-nhanh-ong-300x300.jpg 300w, https:\/\/maybommini.vn\/wp-content\/uploads\/2024\/07\/ban-voi-xit-nuoc-rua-xe-tuoi-cay-ap-luc-chinh-tia-KN209-dau-noi-nhanh-ong-150x150.jpg 150w, https:\/\/maybommini.vn\/wp-content\/uploads\/2024\/07\/ban-voi-xit-nuoc-rua-xe-tuoi-cay-ap-luc-chinh-tia-KN209-dau-noi-nhanh-ong-600x600.jpg 600w\" sizes=\"(max-width: 750px) 100vw, 750px\" \/><\/a>TH\u00d4NG S\u1ed0 K\u1ef8 THU\u1eacT<\/strong><br \/>\nModel: KN209<br \/>\nLo\u1ea1i s\u00fang x\u1ecbt v\u00f2i x\u1ecbt \u00e1p l\u1ef1c ch\u1ec9nh tia.<br \/>\n\u0110\u1ea7u phun ki\u1ec3u tia tr\u00f2n.<br \/>\nN\u1ed1i \u1ed1ng ki\u1ec3u nhanh th\u00f4ng d\u1ee5ng.<br \/>\nCh\u1ea5t li\u1ec7u: atimon &#8211; Nh\u1ef1a<br \/>\nTr\u1ecdng l\u01b0\u1ee3ng: 145 gam<\/p>\n<p><strong><a href=\"https:\/\/maybommini.com\/wp-content\/uploads\/2024\/07\/cho-ban-sung-xit-nuoc-rua-xe-tuoi-cay-ap-luc-chinh-tia-KN209-dau-noi-nhanh-ong-chinh-hang.jpg\" target=\"_blank\" rel=\"noopener\"><img decoding=\"async\" class=\"size-full wp-image-276368 aligncenter\" src=\"https:\/\/maybommini.com\/wp-content\/uploads\/2024\/07\/cho-ban-sung-xit-nuoc-rua-xe-tuoi-cay-ap-luc-chinh-tia-KN209-dau-noi-nhanh-ong-chinh-hang.jpg\" alt=\"Cho Ban Sung Xit Nuoc Rua Xe Tuoi Cay Ap Luc Chinh Tia KN209 Dau Noi Nhanh Ong Chinh Hang\" width=\"750\" height=\"750\" srcset=\"https:\/\/maybommini.vn\/wp-content\/uploads\/2024\/07\/cho-ban-sung-xit-nuoc-rua-xe-tuoi-cay-ap-luc-chinh-tia-KN209-dau-noi-nhanh-ong-chinh-hang.jpg 750w, https:\/\/maybommini.vn\/wp-content\/uploads\/2024\/07\/cho-ban-sung-xit-nuoc-rua-xe-tuoi-cay-ap-luc-chinh-tia-KN209-dau-noi-nhanh-ong-chinh-hang-300x300.jpg 300w, https:\/\/maybommini.vn\/wp-content\/uploads\/2024\/07\/cho-ban-sung-xit-nuoc-rua-xe-tuoi-cay-ap-luc-chinh-tia-KN209-dau-noi-nhanh-ong-chinh-hang-150x150.jpg 150w, https:\/\/maybommini.vn\/wp-content\/uploads\/2024\/07\/cho-ban-sung-xit-nuoc-rua-xe-tuoi-cay-ap-luc-chinh-tia-KN209-dau-noi-nhanh-ong-chinh-hang-600x600.jpg 600w\" sizes=\"(max-width: 750px) 100vw, 750px\" \/><\/a><a href=\"https:\/\/maybommini.com\/wp-content\/uploads\/2024\/07\/cho-ban-sung-xit-nuoc-rua-xe-tuoi-cay-ap-luc-chinh-tia-KN209-dau-noi-nhanh-ong.jpg\" target=\"_blank\" rel=\"noopener\"><img decoding=\"async\" class=\"size-full wp-image-276367 aligncenter\" src=\"https:\/\/maybommini.com\/wp-content\/uploads\/2024\/07\/cho-ban-sung-xit-nuoc-rua-xe-tuoi-cay-ap-luc-chinh-tia-KN209-dau-noi-nhanh-ong.jpg\" alt=\"Cho Ban Sung Xit Nuoc Rua Xe Tuoi Cay Ap Luc Chinh Tia KN209 Dau Noi Nhanh Ong\" width=\"750\" height=\"750\" srcset=\"https:\/\/maybommini.vn\/wp-content\/uploads\/2024\/07\/cho-ban-sung-xit-nuoc-rua-xe-tuoi-cay-ap-luc-chinh-tia-KN209-dau-noi-nhanh-ong.jpg 750w, https:\/\/maybommini.vn\/wp-content\/uploads\/2024\/07\/cho-ban-sung-xit-nuoc-rua-xe-tuoi-cay-ap-luc-chinh-tia-KN209-dau-noi-nhanh-ong-300x300.jpg 300w, https:\/\/maybommini.vn\/wp-content\/uploads\/2024\/07\/cho-ban-sung-xit-nuoc-rua-xe-tuoi-cay-ap-luc-chinh-tia-KN209-dau-noi-nhanh-ong-150x150.jpg 150w, https:\/\/maybommini.vn\/wp-content\/uploads\/2024\/07\/cho-ban-sung-xit-nuoc-rua-xe-tuoi-cay-ap-luc-chinh-tia-KN209-dau-noi-nhanh-ong-600x600.jpg 600w\" sizes=\"(max-width: 750px) 100vw, 750px\" \/><\/a><a href=\"https:\/\/maybommini.com\/wp-content\/uploads\/2024\/07\/voi-xit-nuoc-rua-xe-tuoi-cay-ap-luc-chinh-tia-KN209-dau-noi-nhanh-ong.jpg\" target=\"_blank\" rel=\"noopener\"><img decoding=\"async\" class=\"size-full wp-image-276365 aligncenter\" src=\"https:\/\/maybommini.com\/wp-content\/uploads\/2024\/07\/voi-xit-nuoc-rua-xe-tuoi-cay-ap-luc-chinh-tia-KN209-dau-noi-nhanh-ong.jpg\" alt=\"Voi Xit Nuoc Rua Xe Tuoi Cay Ap Luc Chinh Tia KN209 Dau Noi Nhanh Ong\" width=\"750\" height=\"750\" srcset=\"https:\/\/maybommini.vn\/wp-content\/uploads\/2024\/07\/voi-xit-nuoc-rua-xe-tuoi-cay-ap-luc-chinh-tia-KN209-dau-noi-nhanh-ong.jpg 750w, https:\/\/maybommini.vn\/wp-content\/uploads\/2024\/07\/voi-xit-nuoc-rua-xe-tuoi-cay-ap-luc-chinh-tia-KN209-dau-noi-nhanh-ong-300x300.jpg 300w, https:\/\/maybommini.vn\/wp-content\/uploads\/2024\/07\/voi-xit-nuoc-rua-xe-tuoi-cay-ap-luc-chinh-tia-KN209-dau-noi-nhanh-ong-150x150.jpg 150w, https:\/\/maybommini.vn\/wp-content\/uploads\/2024\/07\/voi-xit-nuoc-rua-xe-tuoi-cay-ap-luc-chinh-tia-KN209-dau-noi-nhanh-ong-600x600.jpg 600w\" sizes=\"(max-width: 750px) 100vw, 750px\" \/><\/a><a href=\"https:\/\/maybommini.com\/wp-content\/uploads\/2024\/07\/Sung-xit-nuoc-rua-xe-tuoi-cay-ap-luc-chinh-tia-KN209-dau-noi-nhanh-ong.jpg\" target=\"_blank\" rel=\"noopener\"><img decoding=\"async\" class=\"size-full wp-image-276363 aligncenter\" src=\"https:\/\/maybommini.com\/wp-content\/uploads\/2024\/07\/Sung-xit-nuoc-rua-xe-tuoi-cay-ap-luc-chinh-tia-KN209-dau-noi-nhanh-ong.jpg\" alt=\"Sung Xit Nuoc Rua Xe Tuoi Cay Ap Luc Chinh Tia KN209 Dau Noi Nhanh Ong\" width=\"750\" height=\"750\" srcset=\"https:\/\/maybommini.vn\/wp-content\/uploads\/2024\/07\/Sung-xit-nuoc-rua-xe-tuoi-cay-ap-luc-chinh-tia-KN209-dau-noi-nhanh-ong.jpg 750w, https:\/\/maybommini.vn\/wp-content\/uploads\/2024\/07\/Sung-xit-nuoc-rua-xe-tuoi-cay-ap-luc-chinh-tia-KN209-dau-noi-nhanh-ong-300x300.jpg 300w, https:\/\/maybommini.vn\/wp-content\/uploads\/2024\/07\/Sung-xit-nuoc-rua-xe-tuoi-cay-ap-luc-chinh-tia-KN209-dau-noi-nhanh-ong-150x150.jpg 150w, https:\/\/maybommini.vn\/wp-content\/uploads\/2024\/07\/Sung-xit-nuoc-rua-xe-tuoi-cay-ap-luc-chinh-tia-KN209-dau-noi-nhanh-ong-600x600.jpg 600w\" sizes=\"(max-width: 750px) 100vw, 750px\" \/><\/a>H\u01af\u1edaNG D\u1ea8N S\u1eec D\u1ee4NG S\u00daNG X\u1ecaT \u00c1P L\u1ef0C<\/strong><br \/>\n&#8211; D\u00f9ng v\u1edbi m\u00e1y \u00e1p l\u1ef1c tr\u1ee3 l\u1ef1c n\u01b0\u1edbc.<br \/>\n&#8211; D\u00f9ng cho h\u1ec7 th\u1ed1ng c\u1ea5p n\u01b0\u1edbc c\u00f3 \u00e1p l\u1ef1c m\u1ea1nh.<br \/>\n&#8211; K\u1ebft n\u1ed1i \u1ed1ng nhanh 1\/2 inch th\u00f4ng d\u1ee5ng<br \/>\n&#8211; B\u00f3p c\u00f2 s\u00fang \u0111\u1ec3 phun x\u1ecbt.<br \/>\n&#8211; Ch\u1ebf \u0111\u1ed9 tia phun x\u1ecbt.<\/p>\n<p>&nbsp;<\/p>\n<p><strong><a href=\"https:\/\/maybommini.com\/wp-content\/uploads\/2024\/07\/voi-xit-nuoc-rua-xe-tuoi-cay-ap-luc-chinh-tia-KN209-dau-noi-nhanh-ong.jpg\" target=\"_blank\" rel=\"noopener\"><img decoding=\"async\" class=\"size-full wp-image-276365 aligncenter\" src=\"https:\/\/maybommini.com\/wp-content\/uploads\/2024\/07\/voi-xit-nuoc-rua-xe-tuoi-cay-ap-luc-chinh-tia-KN209-dau-noi-nhanh-ong.jpg\" alt=\"Voi Xit Nuoc Rua Xe Tuoi Cay Ap Luc Chinh Tia KN209 Dau Noi Nhanh Ong\" width=\"750\" height=\"750\" srcset=\"https:\/\/maybommini.vn\/wp-content\/uploads\/2024\/07\/voi-xit-nuoc-rua-xe-tuoi-cay-ap-luc-chinh-tia-KN209-dau-noi-nhanh-ong.jpg 750w, https:\/\/maybommini.vn\/wp-content\/uploads\/2024\/07\/voi-xit-nuoc-rua-xe-tuoi-cay-ap-luc-chinh-tia-KN209-dau-noi-nhanh-ong-300x300.jpg 300w, https:\/\/maybommini.vn\/wp-content\/uploads\/2024\/07\/voi-xit-nuoc-rua-xe-tuoi-cay-ap-luc-chinh-tia-KN209-dau-noi-nhanh-ong-150x150.jpg 150w, https:\/\/maybommini.vn\/wp-content\/uploads\/2024\/07\/voi-xit-nuoc-rua-xe-tuoi-cay-ap-luc-chinh-tia-KN209-dau-noi-nhanh-ong-600x600.jpg 600w\" sizes=\"(max-width: 750px) 100vw, 750px\" \/><\/a><a href=\"https:\/\/maybommini.com\/wp-content\/uploads\/2024\/07\/dau-bec-sung-xit-nuoc-rua-xe-tuoi-cay-ap-luc-chinh-tia-KN209-dau-noi-nhanh-ong.jpg\" target=\"_blank\" rel=\"noopener\"><img decoding=\"async\" class=\"size-full wp-image-276369 aligncenter\" src=\"https:\/\/maybommini.com\/wp-content\/uploads\/2024\/07\/dau-bec-sung-xit-nuoc-rua-xe-tuoi-cay-ap-luc-chinh-tia-KN209-dau-noi-nhanh-ong.jpg\" alt=\"Dau Bec Sung Xit Nuoc Rua Xe Tuoi Cay Ap Luc Chinh Tia KN209 Dau Noi Nhanh Ong\" width=\"750\" height=\"750\" srcset=\"https:\/\/maybommini.vn\/wp-content\/uploads\/2024\/07\/dau-bec-sung-xit-nuoc-rua-xe-tuoi-cay-ap-luc-chinh-tia-KN209-dau-noi-nhanh-ong.jpg 750w, https:\/\/maybommini.vn\/wp-content\/uploads\/2024\/07\/dau-bec-sung-xit-nuoc-rua-xe-tuoi-cay-ap-luc-chinh-tia-KN209-dau-noi-nhanh-ong-300x300.jpg 300w, https:\/\/maybommini.vn\/wp-content\/uploads\/2024\/07\/dau-bec-sung-xit-nuoc-rua-xe-tuoi-cay-ap-luc-chinh-tia-KN209-dau-noi-nhanh-ong-150x150.jpg 150w, https:\/\/maybommini.vn\/wp-content\/uploads\/2024\/07\/dau-bec-sung-xit-nuoc-rua-xe-tuoi-cay-ap-luc-chinh-tia-KN209-dau-noi-nhanh-ong-600x600.jpg 600w\" sizes=\"(max-width: 750px) 100vw, 750px\" \/><\/a><a href=\"https:\/\/maybommini.com\/wp-content\/uploads\/2024\/07\/dau-noi-ong-voi-xit-nuoc-rua-xe-tuoi-cay-ap-luc-chinh-tia-KN209-dau-noi-nhanh-ong.jpg\" target=\"_blank\" rel=\"noopener\"><img decoding=\"async\" class=\"size-full wp-image-276370 aligncenter\" src=\"https:\/\/maybommini.com\/wp-content\/uploads\/2024\/07\/dau-noi-ong-voi-xit-nuoc-rua-xe-tuoi-cay-ap-luc-chinh-tia-KN209-dau-noi-nhanh-ong.jpg\" alt=\"Dau Noi Ong Voi Xit Nuoc Rua Xe Tuoi Cay Ap Luc Chinh Tia KN209 Dau Noi Nhanh Ong\" width=\"750\" height=\"750\" srcset=\"https:\/\/maybommini.vn\/wp-content\/uploads\/2024\/07\/dau-noi-ong-voi-xit-nuoc-rua-xe-tuoi-cay-ap-luc-chinh-tia-KN209-dau-noi-nhanh-ong.jpg 750w, https:\/\/maybommini.vn\/wp-content\/uploads\/2024\/07\/dau-noi-ong-voi-xit-nuoc-rua-xe-tuoi-cay-ap-luc-chinh-tia-KN209-dau-noi-nhanh-ong-300x300.jpg 300w, https:\/\/maybommini.vn\/wp-content\/uploads\/2024\/07\/dau-noi-ong-voi-xit-nuoc-rua-xe-tuoi-cay-ap-luc-chinh-tia-KN209-dau-noi-nhanh-ong-150x150.jpg 150w, https:\/\/maybommini.vn\/wp-content\/uploads\/2024\/07\/dau-noi-ong-voi-xit-nuoc-rua-xe-tuoi-cay-ap-luc-chinh-tia-KN209-dau-noi-nhanh-ong-600x600.jpg 600w\" sizes=\"(max-width: 750px) 100vw, 750px\" \/><\/a><br \/>\n\u1ee8NG D\u1ee4NG V\u00c0 S\u1eec D\u1ee4NG S\u00daNG X\u1ecaT \u00c1P L\u1ef0C<\/strong><br \/>\n&#8211; S\u00fang x\u1ecbt r\u1eeda xe \u00e1p l\u1ef1c<br \/>\n&#8211; S\u00fang x\u1ecbt r\u1eeda v\u1ec7 sinh m\u00e1y l\u1ea1nh \u0111i\u1ec1u h\u00f2a gia \u0111\u00ecnh v\u00e0 chuy\u00ean nghi\u1ec7p.<br \/>\n&#8211; S\u00fang phun x\u1ecbt t\u01b0\u1edbi c\u00e2y, phun l\u00e0m m\u00e1t.<br \/>\n&#8211; V\u00f2i phun x\u1ecbt r\u1eeda nh\u00e0 c\u1eeda s\u00e2n v\u01b0\u1eddn, b\u1ebfp.<br \/>\n&#8211; S\u00fang phun x\u1ecbt \u00e1p l\u1ef1c trong h\u1ec7 th\u1ed1ng v\u1ec7 sinh.<br \/>\n&#8211; V\u00e0 \u1ee9ng d\u1ee5ng cho nhi\u1ec1u \u1ee9ng d\u1ee5ng kh\u00e1c.<\/p>\n<p><strong><a href=\"https:\/\/maybommini.com\/wp-content\/uploads\/2024\/07\/su-dung-voi-xit-nuoc-rua-xe-tuoi-cay-ap-luc-chinh-tia-KN209-dau-noi-nhanh-ong.jpg\" target=\"_blank\" rel=\"noopener\"><img decoding=\"async\" class=\"size-full wp-image-276362 aligncenter\" src=\"https:\/\/maybommini.com\/wp-content\/uploads\/2024\/07\/su-dung-voi-xit-nuoc-rua-xe-tuoi-cay-ap-luc-chinh-tia-KN209-dau-noi-nhanh-ong.jpg\" alt=\"Su Dung Voi Xit Nuoc Rua Xe Tuoi Cay Ap Luc Chinh Tia KN209 Dau Noi Nhanh Ong\" width=\"750\" height=\"750\" srcset=\"https:\/\/maybommini.vn\/wp-content\/uploads\/2024\/07\/su-dung-voi-xit-nuoc-rua-xe-tuoi-cay-ap-luc-chinh-tia-KN209-dau-noi-nhanh-ong.jpg 750w, https:\/\/maybommini.vn\/wp-content\/uploads\/2024\/07\/su-dung-voi-xit-nuoc-rua-xe-tuoi-cay-ap-luc-chinh-tia-KN209-dau-noi-nhanh-ong-300x300.jpg 300w, https:\/\/maybommini.vn\/wp-content\/uploads\/2024\/07\/su-dung-voi-xit-nuoc-rua-xe-tuoi-cay-ap-luc-chinh-tia-KN209-dau-noi-nhanh-ong-150x150.jpg 150w, https:\/\/maybommini.vn\/wp-content\/uploads\/2024\/07\/su-dung-voi-xit-nuoc-rua-xe-tuoi-cay-ap-luc-chinh-tia-KN209-dau-noi-nhanh-ong-600x600.jpg 600w\" sizes=\"(max-width: 750px) 100vw, 750px\" \/><\/a><a href=\"https:\/\/maybommini.com\/wp-content\/uploads\/2024\/07\/Sung-xit-nuoc-rua-xe-tuoi-cay-ap-luc-chinh-tia-KN209-dau-noi-nhanh-ong-su-dung.jpg\" target=\"_blank\" rel=\"noopener\"><img decoding=\"async\" class=\"size-full wp-image-276364 aligncenter\" src=\"https:\/\/maybommini.com\/wp-content\/uploads\/2024\/07\/Sung-xit-nuoc-rua-xe-tuoi-cay-ap-luc-chinh-tia-KN209-dau-noi-nhanh-ong-su-dung.jpg\" alt=\"Sung Xit Nuoc Rua Xe Tuoi Cay Ap Luc Chinh Tia KN209 Dau Noi Nhanh Ong Su Dung\" width=\"750\" height=\"750\" srcset=\"https:\/\/maybommini.vn\/wp-content\/uploads\/2024\/07\/Sung-xit-nuoc-rua-xe-tuoi-cay-ap-luc-chinh-tia-KN209-dau-noi-nhanh-ong-su-dung.jpg 750w, https:\/\/maybommini.vn\/wp-content\/uploads\/2024\/07\/Sung-xit-nuoc-rua-xe-tuoi-cay-ap-luc-chinh-tia-KN209-dau-noi-nhanh-ong-su-dung-300x300.jpg 300w, https:\/\/maybommini.vn\/wp-content\/uploads\/2024\/07\/Sung-xit-nuoc-rua-xe-tuoi-cay-ap-luc-chinh-tia-KN209-dau-noi-nhanh-ong-su-dung-150x150.jpg 150w, https:\/\/maybommini.vn\/wp-content\/uploads\/2024\/07\/Sung-xit-nuoc-rua-xe-tuoi-cay-ap-luc-chinh-tia-KN209-dau-noi-nhanh-ong-su-dung-600x600.jpg 600w\" sizes=\"(max-width: 750px) 100vw, 750px\" \/><\/a>MUA S\u00daNG X\u1ecaT \u00c1P L\u1ef0C &#8211; M\u00c1Y R\u1eecA XE V\u1ec6 SINH M\u00c1Y L\u1ea0NH \u1ede \u0110\u00c2U ?<\/strong><br \/>\nChuy\u00ean cung c\u1ea5p ph\u00e2n ph\u1ed1i m\u00e1y x\u1ecbt r\u1eeda \u00e1p l\u1ef1c cao \u0111a n\u0103ng, m\u00e1y r\u1eeda xe gia \u0111\u00ecnh, m\u00e1y x\u1ecbt r\u1eeda chuy\u00ean nghi\u1ec7p, \u1ed1ng \u00e1p l\u1ef1c cao, s\u00fang v\u00f2i phun \u00e1p l\u1ef1c, b\u00e9c x\u1ecbt \u00e1p l\u1ef1c, ph\u1ee5 ki\u1ec7n m\u00e1y r\u1eeda xe, \u0111\u1ea7u b\u01a1m m\u00e1y r\u1eeda xe, b\u00ecnh phun b\u1ecdt tuy\u1ebft, Dung d\u1ecbch r\u1eeda xe b\u1ecdt tuy\u1ebft, s\u1eeda ch\u1eefa m\u00e1y r\u1eeda xe.<\/p>\n<p><strong>CTY TNHH TH\u01af\u01a0NG M\u1ea0I D\u1ecaCH V\u1ee4 \u0110I\u1ec6N M\u00c1Y TH\u00d4NG MINH<\/strong><br \/>\n<strong>Hotline:<\/strong>\u00a0<a href=\"tel:02873030399\">02873030399<\/a>\u00a0\u2013\u00a0<a href=\"tel:0907294310\">0907294310<\/a>\u00a0\u2013\u00a0<a href=\"tel:0908997823\">0908997823<\/a>\u00a0\u2013\u00a0<a href=\"tel:0908997872\">0908997872<\/a><br \/>\n<strong>Email:<\/strong>\u00a0maybommini.com@gmail.com<br \/>\n<strong>Website:<\/strong>\u00a0<a href=\"https:\/\/maybommini.com\/\" target=\"_blank\" rel=\"noopener\">https:\/\/maybommini.com<\/a><br \/>\n<strong>Youtube:<\/strong>\u00a0<a title=\"MayBomMini\" href=\"https:\/\/www.youtube.com\/@MayBomMini\" target=\"_blank\" rel=\"noopener\">https:\/\/www.youtube.com\/@MayBomMini<\/a><\/p>\n<h5><strong><a class=\"swipebox\" title=\"\" href=\"https:\/\/maybommini.com\/wp-content\/uploads\/2022\/07\/thong-tin-lien-he-may-bom-mini.jpg\" data-rel=\"lightbox-image-bGlnaHRib3gtaW1hZ2UtYkdsbmFIUmliM2d0YVcxaFoyVXRNVEk9\" data-rl_title=\"\" data-rl_caption=\"\" data-rl_ target=\"_blank\" rel=\"noopener\"><img decoding=\"async\" class=\"size-full wp-image-270584 lazyloaded aligncenter\" src=\"https:\/\/maybommini.com\/wp-content\/uploads\/2022\/07\/thong-tin-lien-he-may-bom-mini.jpg\" sizes=\"(max-width: 750px) 100vw, 750px\" srcset=\"https:\/\/maybommini.com\/wp-content\/uploads\/2022\/07\/thong-tin-lien-he-may-bom-mini.jpg 750w, https:\/\/maybommini.com\/wp-content\/uploads\/2022\/07\/thong-tin-lien-he-may-bom-mini-300x202.jpg 300w, https:\/\/maybommini.com\/wp-content\/uploads\/2022\/07\/thong-tin-lien-he-may-bom-mini-600x405.jpg 600w\" alt=\"Thong Tin Lien He May Bom Mini\" width=\"750\" height=\"506\" data-lazy-srcset=\"https:\/\/maybommini.com\/wp-content\/uploads\/2022\/07\/thong-tin-lien-he-may-bom-mini.jpg 750w, https:\/\/maybommini.com\/wp-content\/uploads\/2022\/07\/thong-tin-lien-he-may-bom-mini-300x202.jpg 300w, https:\/\/maybommini.com\/wp-content\/uploads\/2022\/07\/thong-tin-lien-he-may-bom-mini-600x405.jpg 600w\" data-lazy-sizes=\"(max-width: 750px) 100vw, 750px\" data-lazy-src=\"https:\/\/maybommini.com\/wp-content\/uploads\/2022\/07\/thong-tin-lien-he-may-bom-mini.jpg\" data-was-processed=\"true\" \/><\/a><\/strong><\/h5>\n<h3><strong><a class=\"swipebox\" title=\"\" href=\"https:\/\/maybommini.com\/wp-content\/uploads\/2021\/02\/may-bom-mini-lien-he-mua-hang-va-bao-hanh.jpg\" data-rel=\"lightbox-image-16\" data-rl_title=\"\" data-rl_caption=\"\" data-rl_ target=\"_blank\" rel=\"noopener\"><img decoding=\"async\" class=\"size-full wp-image-268127 lazyloaded aligncenter\" src=\"https:\/\/maybommini.com\/wp-content\/uploads\/2021\/02\/may-bom-mini-lien-he-mua-hang-va-bao-hanh.jpg\" sizes=\"(max-width: 750px) 100vw, 750px\" srcset=\"https:\/\/maybommini.com\/wp-content\/uploads\/2021\/02\/may-bom-mini-lien-he-mua-hang-va-bao-hanh.jpg 750w, https:\/\/maybommini.com\/wp-content\/uploads\/2021\/02\/may-bom-mini-lien-he-mua-hang-va-bao-hanh-300x300.jpg 300w, https:\/\/maybommini.com\/wp-content\/uploads\/2021\/02\/may-bom-mini-lien-he-mua-hang-va-bao-hanh-600x600.jpg 600w, https:\/\/maybommini.com\/wp-content\/uploads\/2021\/02\/may-bom-mini-lien-he-mua-hang-va-bao-hanh-150x150.jpg 150w\" alt=\"May Bom Mini Lien He Mua Hang Va Bao Hanh\" width=\"750\" height=\"750\" data-lazy-srcset=\"https:\/\/maybommini.com\/wp-content\/uploads\/2021\/02\/may-bom-mini-lien-he-mua-hang-va-bao-hanh.jpg 750w, https:\/\/maybommini.com\/wp-content\/uploads\/2021\/02\/may-bom-mini-lien-he-mua-hang-va-bao-hanh-300x300.jpg 300w, https:\/\/maybommini.com\/wp-content\/uploads\/2021\/02\/may-bom-mini-lien-he-mua-hang-va-bao-hanh-600x600.jpg 600w, https:\/\/maybommini.com\/wp-content\/uploads\/2021\/02\/may-bom-mini-lien-he-mua-hang-va-bao-hanh-150x150.jpg 150w\" data-lazy-sizes=\"(max-width: 750px) 100vw, 750px\" data-lazy-src=\"https:\/\/maybommini.com\/wp-content\/uploads\/2021\/02\/may-bom-mini-lien-he-mua-hang-va-bao-hanh.jpg\" data-was-processed=\"true\" \/><\/a><\/strong><\/h3>\n<p>&nbsp;<\/p>\n","protected":false},"excerpt":{"rendered":"<p>Made in Taiwan<br \/>\nModel: KN209<br \/>\nLo\u1ea1i s\u00fang x\u1ecbt v\u00f2i x\u1ecbt \u00e1p l\u1ef1c ch\u1ec9nh tia.<br \/>\n\u0110\u1ea7u phun ki\u1ec3u tia tr\u00f2n.<br \/>\nN\u1ed1i \u1ed1ng ki\u1ec3u nhanh th\u00f4ng d\u1ee5ng.<br \/>\nCh\u1ea5t li\u1ec7u: atimon &#8211; Nh\u1ef1a<br \/>\nTr\u1ecdng l\u01b0\u1ee3ng: 145 gam<br \/>\nB\u1ea3o h\u00e0nh: \u0111\u1ed5i m\u1edbi trong 7 ng\u00e0y do l\u1ed5i NSX<br \/>\n<strong>Mua s\u1ed1 l\u01b0\u1ee3ng c\u00f3 gi\u00e1 t\u1ed1t<\/strong><\/p>\n","protected":false},"featured_media":276366,"comment_status":"open","ping_status":"closed","template":"","meta":[],"product_brand":[],"product_cat":[4610],"product_tag":[445,252,2349,217,729,218,3932,219,3330,253,223,935,3933,4611,1063,1737],"class_list":{"0":"post-276360","1":"product","2":"type-product","3":"status-publish","4":"has-post-thumbnail","6":"product_cat-sung-voi-phun-xit-nuoc","7":"product_tag-bec-phun","8":"product_tag-mua-sung-xit","9":"product_tag-qm","10":"product_tag-sung-ap-luc","11":"product_tag-sung-inox","12":"product_tag-sung-nuoc-ap-luc","13":"product_tag-sung-phun-tuoi-cay","14":"product_tag-sung-rua-xe","15":"product_tag-sung-tuoi-cay","16":"product_tag-sung-xit","17":"product_tag-sung-xit-rua-may-lanh","18":"product_tag-taiwan","19":"product_tag-voi-phun","20":"product_tag-voi-rua-xe","21":"product_tag-voi-tuoi-cay","22":"product_tag-voi-xit","24":"first","25":"instock","26":"featured","27":"shipping-taxable","28":"purchasable","29":"product-type-simple"},"_links":{"self":[{"href":"https:\/\/maybommini.vn\/index.php?rest_route=\/wp\/v2\/product\/276360","targetHints":{"allow":["GET"]}}],"collection":[{"href":"https:\/\/maybommini.vn\/index.php?rest_route=\/wp\/v2\/product"}],"about":[{"href":"https:\/\/maybommini.vn\/index.php?rest_route=\/wp\/v2\/types\/product"}],"replies":[{"embeddable":true,"href":"https:\/\/maybommini.vn\/index.php?rest_route=%2Fwp%2Fv2%2Fcomments&post=276360"}],"wp:featuredmedia":[{"embeddable":true,"href":"https:\/\/maybommini.vn\/index.php?rest_route=\/wp\/v2\/media\/276366"}],"wp:attachment":[{"href":"https:\/\/maybommini.vn\/index.php?rest_route=%2Fwp%2Fv2%2Fmedia&parent=276360"}],"wp:term":[{"taxonomy":"product_brand","embeddable":true,"href":"https:\/\/maybommini.vn\/index.php?rest_route=%2Fwp%2Fv2%2Fproduct_brand&post=276360"},{"taxonomy":"product_cat","embeddable":true,"href":"https:\/\/maybommini.vn\/index.php?rest_route=%2Fwp%2Fv2%2Fproduct_cat&post=276360"},{"taxonomy":"product_tag","embeddable":true,"href":"https:\/\/maybommini.vn\/index.php?rest_route=%2Fwp%2Fv2%2Fproduct_tag&post=276360"}],"curies":[{"name":"wp","href":"https:\/\/api.w.org\/{rel}","templated":true}]}}