{"id":276409,"date":"2024-07-12T23:09:20","date_gmt":"2024-07-12T16:09:20","guid":{"rendered":"https:\/\/maybommini.com\/?post_type=product&#038;p=276409"},"modified":"2024-07-12T23:58:36","modified_gmt":"2024-07-12T16:58:36","slug":"binh-phun-bot-tuyet-dung-pin-1-5l-smartpumps","status":"publish","type":"product","link":"https:\/\/maybommini.vn\/?product=binh-phun-bot-tuyet-dung-pin-1-5l-smartpumps","title":{"rendered":"B\u00ecnh phun b\u1ecdt tuy\u1ebft d\u00f9ng pin 1.5L Smartpumps"},"content":{"rendered":"<p><strong>B\u00ecnh phun b\u1ecdt tuy\u1ebft d\u00f9ng pin 1.5L Smartpumps l\u00e0 s\u1ea3n ph\u1ea9m \u0111\u1eb7c bi\u1ec7t \u0111\u01b0\u1ee3c gi\u1edbi thi\u1ec7u t\u1edbi qu\u00fd kh\u00e1ch h\u00e0ng. V\u1edbi thi\u1ebft k\u1ebf ti\u1ec7n l\u1ee3i, s\u1ea3n ph\u1ea9m s\u1eed d\u1ee5ng pin \u0111\u1ec3 ho\u1ea1t \u0111\u1ed9ng, gi\u00fap ti\u1ebft ki\u1ec7m \u0111i\u1ec7n n\u0103ng v\u00e0 d\u1ec5 d\u00e0ng s\u1eed d\u1ee5ng. S\u1ea3n ph\u1ea9m \u0111\u01b0\u1ee3c s\u1ea3n xu\u1ea5t t\u1eeb nh\u1ef1a cao c\u1ea5p, an to\u00e0n cho s\u1ee9c kh\u1ecfe v\u00e0 c\u00f3 kh\u1ea3 n\u0103ng ch\u1ed1ng va \u0111\u1eadp cao. B\u00ecnh x\u1ecbt b\u1ecdt tuy\u1ebft n\u00e0y l\u00e0 l\u1ef1a ch\u1ecdn ho\u00e0n h\u1ea3o cho nh\u1eefng ai mu\u1ed1n v\u1ec7 sinh v\u00e0 lau r\u1eeda xe m\u1ed9t c\u00e1ch hi\u1ec7u qu\u1ea3.<\/strong><\/p>\n<p><strong><a href=\"https:\/\/maybommini.com\/wp-content\/uploads\/2024\/07\/Binh-phun-bot-tuyet-dung-pin.jpg\" target=\"_blank\" rel=\"noopener\"><img decoding=\"async\" class=\"size-full wp-image-276418 aligncenter\" src=\"https:\/\/maybommini.com\/wp-content\/uploads\/2024\/07\/Binh-phun-bot-tuyet-dung-pin.jpg\" alt=\"Binh Phun Bot Tuyet Dung Pin\" width=\"750\" height=\"750\" srcset=\"https:\/\/maybommini.vn\/wp-content\/uploads\/2024\/07\/Binh-phun-bot-tuyet-dung-pin.jpg 750w, https:\/\/maybommini.vn\/wp-content\/uploads\/2024\/07\/Binh-phun-bot-tuyet-dung-pin-300x300.jpg 300w, https:\/\/maybommini.vn\/wp-content\/uploads\/2024\/07\/Binh-phun-bot-tuyet-dung-pin-150x150.jpg 150w, https:\/\/maybommini.vn\/wp-content\/uploads\/2024\/07\/Binh-phun-bot-tuyet-dung-pin-600x600.jpg 600w\" sizes=\"(max-width: 750px) 100vw, 750px\" \/><\/a>TH\u00d4NG S\u1ed0 K\u1ef8 THU\u1eacT<\/strong><br \/>\nTh\u01b0\u01a1ng hi\u1ec7u: Smartpumps<br \/>\nModel: ESF-15-2600<br \/>\nDung t\u00edch: 1.5 L\u00edt<br \/>\nDung l\u01b0\u1ee3ng pin: 2600 mAh<br \/>\nC\u1ed5ng s\u1ea1c: Type-C<br \/>\nLo\u1ea1i b\u00ecnh phun t\u1ea1o b\u1ecdt.<br \/>\n\u0110\u1ea7u b\u00e9c t\u1ea1o b\u1ecdt tuy\u1ebft r\u1ebd qu\u1ea1t g\u00f3c 70 \u0111\u1ed9.<br \/>\nS\u1eed d\u1ee5ng li\u00ean t\u1ef1c: 20 &#8211; 30 ph\u00fat.<br \/>\nS\u1ea1c \u0111\u1ea7y pin: 60 &#8211; 120 ph\u00fat.<br \/>\nM\u00e1y b\u01a1m n\u00e9n kh\u00ed \u00e1p l\u1ef1c 8 Bar.<br \/>\nCh\u1ea5t li\u1ec7u thi\u1ebft k\u1ebf ch\u1ecbu \u00e1p l\u1ef1c.<br \/>\nCh\u1ea5t li\u1ec7u: PP &#8211; PE &#8211; Kim lo\u1ea1i<br \/>\nK\u00edch th\u01b0\u1edbc: 28x12x12 cm<br \/>\n* K\u00e8m c\u00e1p s\u1ea1c Type-C<\/p>\n<p><strong><a href=\"https:\/\/maybommini.com\/wp-content\/uploads\/2024\/07\/chuc-nang-binh-phun-bot-tuyet-dung-pin.jpg\" target=\"_blank\" rel=\"noopener\"><img decoding=\"async\" class=\"size-full wp-image-276410 aligncenter\" src=\"https:\/\/maybommini.com\/wp-content\/uploads\/2024\/07\/chuc-nang-binh-phun-bot-tuyet-dung-pin.jpg\" alt=\"Chuc Nang Binh Phun Bot Tuyet Dung Pin\" width=\"750\" height=\"750\" srcset=\"https:\/\/maybommini.vn\/wp-content\/uploads\/2024\/07\/chuc-nang-binh-phun-bot-tuyet-dung-pin.jpg 750w, https:\/\/maybommini.vn\/wp-content\/uploads\/2024\/07\/chuc-nang-binh-phun-bot-tuyet-dung-pin-300x300.jpg 300w, https:\/\/maybommini.vn\/wp-content\/uploads\/2024\/07\/chuc-nang-binh-phun-bot-tuyet-dung-pin-150x150.jpg 150w, https:\/\/maybommini.vn\/wp-content\/uploads\/2024\/07\/chuc-nang-binh-phun-bot-tuyet-dung-pin-600x600.jpg 600w\" sizes=\"(max-width: 750px) 100vw, 750px\" \/><\/a><br \/>\nC\u00c1CH S\u1eec D\u1ee4NG B\u00ccNH PHUN B\u1eccT TUY\u1ebeT D\u00d9NG PIN<br \/>\n<\/strong>B\u00ecnh phun b\u1ecdt tuy\u1ebft m\u1edbi v\u00e0 ti\u1ec7n \u00edch \u0111\u00f3 l\u00e0 b\u00ecnh phun t\u1ea1o b\u1ecdt tuy\u1ebft c\u1ea7m tay ho\u1ea1t \u0111\u1ed9ng b\u1eb1ng pin s\u1ea1c.<br \/>\nM\u00e1y d\u00f9ng pin s\u1ea1c c\u00f3 dung l\u01b0\u1ee3ng l\u00e0 2600 mAh cho th\u1eddi gian s\u1eed d\u1ee5ng li\u00ean t\u1ee5c t\u1eeb 20-30p th\u1eddi gian s\u1ea1c \u0111\u1ea7y l\u00e0 t\u1eeb 1-1h30p.<br \/>\nBan \u0111\u1ea7u s\u1ebd m\u1ea5t kho\u1ea3ng 10-15s \u0111\u1ec3 n\u00e9n h\u01a1i l\u1ea1i sau \u0111\u00f3 m\u1edbi phun th\u00e0nh tia vs g\u00f3c 70 \u0111\u1ed9.<br \/>\nB\u00ecnh c\u00f3 dung t\u00edch l\u00e0 1.5L \u0111\u01b0\u1ee3c l\u00e0m t\u1eeb nh\u1ef1a PE v\u00e0 PP kh\u00e1ng h\u00f3a ch\u1ea5t m\u1ea1nh ch\u1ecbu \u00e1p t\u1ed1i \u0111a l\u00e0 8 Bar.<br \/>\nVan h\u01a1i c\u1ee7a b\u00ecnh binh c\u00f3 t\u00e1c d\u1ee5ng \u0111i\u1ec1u ch\u1ec9nh \u00e1p trong b\u00ecnh, khi n\u00e9n t\u1edbi m\u1ee9c t\u1ed1i \u0111a van s\u1ebd t\u1ef1 \u0111\u1ed9ng x\u1ea3 b\u1edbt h\u01a1i trong b\u00ecnh \u0111\u1ec3 h\u1ea1n ch\u1ebf b\u1ec3 b\u00ecnh.<br \/>\n\u0110\u00e2y l\u00e0 s\u1ea3n ph\u1ea9m r\u1ea5t ti\u1ec7n l\u1ee3i \u0111\u1ec3 ch\u0103m s\u00f3c xe gi\u00fap anh em kh\u00f4ng t\u1ed1n qu\u00e1 nhi\u1ec1u th\u1eddi gian v\u00e0 c\u00f4ng s\u1ee9c so vs b\u00ecnh b\u01a1m tay truy\u1ec1n th\u1ed1ng.<\/p>\n<p><a href=\"https:\/\/maybommini.com\/wp-content\/uploads\/2024\/07\/ban-binh-phun-bot-tuyet-dung-pin.jpg\" target=\"_blank\" rel=\"noopener\"><img decoding=\"async\" class=\"size-full wp-image-276417 aligncenter\" src=\"https:\/\/maybommini.com\/wp-content\/uploads\/2024\/07\/ban-binh-phun-bot-tuyet-dung-pin.jpg\" alt=\"Ban Binh Phun Bot Tuyet Dung Pin\" width=\"750\" height=\"750\" srcset=\"https:\/\/maybommini.vn\/wp-content\/uploads\/2024\/07\/ban-binh-phun-bot-tuyet-dung-pin.jpg 750w, https:\/\/maybommini.vn\/wp-content\/uploads\/2024\/07\/ban-binh-phun-bot-tuyet-dung-pin-300x300.jpg 300w, https:\/\/maybommini.vn\/wp-content\/uploads\/2024\/07\/ban-binh-phun-bot-tuyet-dung-pin-150x150.jpg 150w, https:\/\/maybommini.vn\/wp-content\/uploads\/2024\/07\/ban-binh-phun-bot-tuyet-dung-pin-600x600.jpg 600w\" sizes=\"(max-width: 750px) 100vw, 750px\" \/><\/a><a href=\"https:\/\/maybommini.com\/wp-content\/uploads\/2024\/07\/cong-sac-binh-phun-bot-tuyet-dung-pin.jpg\" target=\"_blank\" rel=\"noopener\"><img decoding=\"async\" class=\"size-full wp-image-276411 aligncenter\" src=\"https:\/\/maybommini.com\/wp-content\/uploads\/2024\/07\/cong-sac-binh-phun-bot-tuyet-dung-pin.jpg\" alt=\"Cong Sac Binh Phun Bot Tuyet Dung Pin\" width=\"750\" height=\"750\" srcset=\"https:\/\/maybommini.vn\/wp-content\/uploads\/2024\/07\/cong-sac-binh-phun-bot-tuyet-dung-pin.jpg 750w, https:\/\/maybommini.vn\/wp-content\/uploads\/2024\/07\/cong-sac-binh-phun-bot-tuyet-dung-pin-300x300.jpg 300w, https:\/\/maybommini.vn\/wp-content\/uploads\/2024\/07\/cong-sac-binh-phun-bot-tuyet-dung-pin-150x150.jpg 150w, https:\/\/maybommini.vn\/wp-content\/uploads\/2024\/07\/cong-sac-binh-phun-bot-tuyet-dung-pin-600x600.jpg 600w\" sizes=\"(max-width: 750px) 100vw, 750px\" \/><\/a><a href=\"https:\/\/maybommini.com\/wp-content\/uploads\/2024\/07\/dau-bec-binh-phun-bot-tuyet-dung-pin.jpg\" target=\"_blank\" rel=\"noopener\"><img decoding=\"async\" class=\"size-full wp-image-276412 aligncenter\" src=\"https:\/\/maybommini.com\/wp-content\/uploads\/2024\/07\/dau-bec-binh-phun-bot-tuyet-dung-pin.jpg\" alt=\"Dau Bec Binh Phun Bot Tuyet Dung Pin\" width=\"750\" height=\"750\" srcset=\"https:\/\/maybommini.vn\/wp-content\/uploads\/2024\/07\/dau-bec-binh-phun-bot-tuyet-dung-pin.jpg 750w, https:\/\/maybommini.vn\/wp-content\/uploads\/2024\/07\/dau-bec-binh-phun-bot-tuyet-dung-pin-300x300.jpg 300w, https:\/\/maybommini.vn\/wp-content\/uploads\/2024\/07\/dau-bec-binh-phun-bot-tuyet-dung-pin-150x150.jpg 150w, https:\/\/maybommini.vn\/wp-content\/uploads\/2024\/07\/dau-bec-binh-phun-bot-tuyet-dung-pin-600x600.jpg 600w\" sizes=\"(max-width: 750px) 100vw, 750px\" \/><\/a><a href=\"https:\/\/maybommini.com\/wp-content\/uploads\/2024\/07\/Binh-phun-bot-tuyet-dung-pin-tien-loi.jpg\" target=\"_blank\" rel=\"noopener\"><img decoding=\"async\" class=\"size-full wp-image-276421 aligncenter\" src=\"https:\/\/maybommini.com\/wp-content\/uploads\/2024\/07\/Binh-phun-bot-tuyet-dung-pin-tien-loi.jpg\" alt=\"Binh Phun Bot Tuyet Dung Pin Tien Loi\" width=\"750\" height=\"750\" srcset=\"https:\/\/maybommini.vn\/wp-content\/uploads\/2024\/07\/Binh-phun-bot-tuyet-dung-pin-tien-loi.jpg 750w, https:\/\/maybommini.vn\/wp-content\/uploads\/2024\/07\/Binh-phun-bot-tuyet-dung-pin-tien-loi-300x300.jpg 300w, https:\/\/maybommini.vn\/wp-content\/uploads\/2024\/07\/Binh-phun-bot-tuyet-dung-pin-tien-loi-150x150.jpg 150w, https:\/\/maybommini.vn\/wp-content\/uploads\/2024\/07\/Binh-phun-bot-tuyet-dung-pin-tien-loi-600x600.jpg 600w\" sizes=\"(max-width: 750px) 100vw, 750px\" \/><\/a>&#8211; S\u1ea1c \u0111\u1ea7y pin tr\u01b0\u1edbc khi s\u1eed d\u1ee5ng.<br \/>\n&#8211; Cho dung d\u1ecbch n\u01b0\u1edbc r\u1eeda xe b\u1ecdt tuy\u1ebft theo h\u01b0\u1edbng d\u1eabn c\u1ee7a nh\u00e0 s\u1ea3n xu\u1ea5t c\u00f3 ghi tr\u00ean s\u1ea3n ph\u1ea9m.<br \/>\n&#8211; Cho th\u00eam n\u01b0\u1edbc s\u1ea1ch v\u00e0o b\u00ecnh phun theo l\u01b0\u1ee3ng nh\u00e0 s\u1ea3n xu\u1ea5t dung d\u1ecbch r\u1eeda xe b\u1ecdt tuy\u1ebft quy \u0111\u1ecbnh.<br \/>\n&#8211; L\u1eafc cho dung d\u1ecbch r\u1eeda xe v\u00e0 n\u01b0\u1edbc s\u1ea1ch tr\u1ed9n \u0111\u1ec1u.<br \/>\n&#8211; \u0110\u00f3ng k\u00edn n\u1eafp b\u00ecnh phun b\u1ecdt tuy\u1ebft tr\u00e1nh x\u00ec h\u01a1i.<br \/>\n&#8211; B\u1ea5m c\u00f2 van \u0111\u1ec3 phun dung d\u1ecbch t\u1ea1o b\u1ecdt tuy\u1ebft l\u00ean xe, thi\u1ebft b\u1ecb.<br \/>\n&#8211; S\u1eed d\u1ee5ng xong v\u1ec7 sinh s\u1ea1ch b\u00ecnh phun b\u1eb1ng n\u01b0\u1edbc s\u1ea1ch.<br \/>\n&#8211; S\u1ea1c pin \u0111\u1ea7y tr\u1edf l\u1ea1i.<\/p>\n<h4 style=\"text-align: center;\"><a href=\"https:\/\/maybommini.com\/wp-content\/uploads\/2024\/07\/Binh-phun-bot-tuyet-dung-pin-chua-PP.jpg\" target=\"_blank\" rel=\"noopener\"><img decoding=\"async\" class=\"alignnone size-full wp-image-276420\" src=\"https:\/\/maybommini.com\/wp-content\/uploads\/2024\/07\/Binh-phun-bot-tuyet-dung-pin-chua-PP.jpg\" alt=\"Binh Phun Bot Tuyet Dung Pin Chua PP\" width=\"750\" height=\"750\" srcset=\"https:\/\/maybommini.vn\/wp-content\/uploads\/2024\/07\/Binh-phun-bot-tuyet-dung-pin-chua-PP.jpg 750w, https:\/\/maybommini.vn\/wp-content\/uploads\/2024\/07\/Binh-phun-bot-tuyet-dung-pin-chua-PP-300x300.jpg 300w, https:\/\/maybommini.vn\/wp-content\/uploads\/2024\/07\/Binh-phun-bot-tuyet-dung-pin-chua-PP-150x150.jpg 150w, https:\/\/maybommini.vn\/wp-content\/uploads\/2024\/07\/Binh-phun-bot-tuyet-dung-pin-chua-PP-600x600.jpg 600w\" sizes=\"(max-width: 750px) 100vw, 750px\" \/><\/a><a href=\"https:\/\/maybommini.com\/wp-content\/uploads\/2024\/07\/tren-tay-binh-phun-bot-tuyet-dung-pin.jpg\" target=\"_blank\" rel=\"noopener\"><img decoding=\"async\" class=\"alignnone size-full wp-image-276416\" src=\"https:\/\/maybommini.com\/wp-content\/uploads\/2024\/07\/tren-tay-binh-phun-bot-tuyet-dung-pin.jpg\" alt=\"Tren Tay Binh Phun Bot Tuyet Dung Pin\" width=\"750\" height=\"750\" srcset=\"https:\/\/maybommini.vn\/wp-content\/uploads\/2024\/07\/tren-tay-binh-phun-bot-tuyet-dung-pin.jpg 750w, https:\/\/maybommini.vn\/wp-content\/uploads\/2024\/07\/tren-tay-binh-phun-bot-tuyet-dung-pin-300x300.jpg 300w, https:\/\/maybommini.vn\/wp-content\/uploads\/2024\/07\/tren-tay-binh-phun-bot-tuyet-dung-pin-150x150.jpg 150w, https:\/\/maybommini.vn\/wp-content\/uploads\/2024\/07\/tren-tay-binh-phun-bot-tuyet-dung-pin-600x600.jpg 600w\" sizes=\"(max-width: 750px) 100vw, 750px\" \/><\/a><a href=\"https:\/\/maybommini.com\/wp-content\/uploads\/2024\/07\/nut-bam-binh-phun-bot-tuyet-dung-pin.jpg\" target=\"_blank\" rel=\"noopener\"><img decoding=\"async\" class=\"size-full wp-image-276414 aligncenter\" src=\"https:\/\/maybommini.com\/wp-content\/uploads\/2024\/07\/nut-bam-binh-phun-bot-tuyet-dung-pin.jpg\" alt=\"Nut Bam Binh Phun Bot Tuyet Dung Pin\" width=\"750\" height=\"750\" srcset=\"https:\/\/maybommini.vn\/wp-content\/uploads\/2024\/07\/nut-bam-binh-phun-bot-tuyet-dung-pin.jpg 750w, https:\/\/maybommini.vn\/wp-content\/uploads\/2024\/07\/nut-bam-binh-phun-bot-tuyet-dung-pin-300x300.jpg 300w, https:\/\/maybommini.vn\/wp-content\/uploads\/2024\/07\/nut-bam-binh-phun-bot-tuyet-dung-pin-150x150.jpg 150w, https:\/\/maybommini.vn\/wp-content\/uploads\/2024\/07\/nut-bam-binh-phun-bot-tuyet-dung-pin-600x600.jpg 600w\" sizes=\"(max-width: 750px) 100vw, 750px\" \/><\/a>Foam Sprayer Car Wash Hand-held Foam Watering Can Air Pressure Sprayer Plastic Disinfection Water Bottle Car Cleaning Tools<br \/>\nB\u00ecnh phun b\u1ecdt tuy\u1ebft d\u00f9ng pin 1.5L Smartpumps<\/h4>\n<p><strong>\u1ee8NG D\u1ee4NG S\u1eec D\u1ee4NG B\u00ccNH PHUN B\u1eccT TUY\u1ebeT KH\u00cd N\u00c9N.<\/strong><br \/>\n&#8211; D\u00f9ng phun b\u1ecdt tuy\u1ebft r\u1eeda xe m\u00e1y gia \u0111\u00ecnh.<br \/>\n&#8211; B\u00ecnh phun x\u00e0 ph\u00f2ng t\u1ea1o tuy\u1ebft r\u1eeda xe \u00f4t\u00f4.<br \/>\n&#8211; Phun x\u1ecbt b\u1ecdt tuy\u1ebft ch\u1ea5t t\u1ea9y r\u1eeda cho thi\u1ebft b\u1ecb nh\u00e0 b\u1ebfp qu\u00e1n \u0103n, gia \u0111\u00ecnh.<br \/>\n&#8211; Phun x\u1ecbt h\u00f3a ch\u1ea5t di\u1ec7t c\u00f4n tr\u00f9ng.<br \/>\n&#8211; B\u00ecnh phun t\u1ea1o b\u1ecdt tuy\u1ebft v\u1ec7 sinh.<br \/>\n&#8211; B\u00ecnh phun x\u1ecbt ch\u1ea5t l\u1ecfng.<br \/>\n&#8211; B\u00ecnh phun t\u01b0\u1edbi c\u00e2y b\u01a1m tay.<br \/>\n&#8211; B\u00ecnh phun t\u01b0\u1edbi hoa c\u00e2y c\u1ea3nh.<br \/>\n&#8211; V\u00e0 nhi\u1ec1u \u1ee9ng d\u1ee5ng kh\u00e1c.<\/p>\n<h4 style=\"text-align: center;\"><a href=\"https:\/\/maybommini.com\/wp-content\/uploads\/2024\/07\/su-dung-binh-phun-bot-tuyet-dung-pin.jpg\" target=\"_blank\" rel=\"noopener\"><img decoding=\"async\" class=\"alignnone size-full wp-image-276415\" src=\"https:\/\/maybommini.com\/wp-content\/uploads\/2024\/07\/su-dung-binh-phun-bot-tuyet-dung-pin.jpg\" alt=\"Su Dung Binh Phun Bot Tuyet Dung Pin\" width=\"750\" height=\"750\" srcset=\"https:\/\/maybommini.vn\/wp-content\/uploads\/2024\/07\/su-dung-binh-phun-bot-tuyet-dung-pin.jpg 750w, https:\/\/maybommini.vn\/wp-content\/uploads\/2024\/07\/su-dung-binh-phun-bot-tuyet-dung-pin-300x300.jpg 300w, https:\/\/maybommini.vn\/wp-content\/uploads\/2024\/07\/su-dung-binh-phun-bot-tuyet-dung-pin-150x150.jpg 150w, https:\/\/maybommini.vn\/wp-content\/uploads\/2024\/07\/su-dung-binh-phun-bot-tuyet-dung-pin-600x600.jpg 600w\" sizes=\"(max-width: 750px) 100vw, 750px\" \/><\/a><\/h4>\n<p><strong><a href=\"https:\/\/maybommini.com\/wp-content\/uploads\/2022\/10\/phun-bot-tuyet-ve-sinh-nha-bep.jpg\" target=\"_blank\" rel=\"noopener\"><img decoding=\"async\" class=\"size-full wp-image-271136 aligncenter\" src=\"https:\/\/maybommini.com\/wp-content\/uploads\/2022\/10\/phun-bot-tuyet-ve-sinh-nha-bep.jpg\" alt=\"Phun Bot Tuyet Ve Sinh Nha Bep\" width=\"750\" height=\"750\" srcset=\"https:\/\/maybommini.vn\/wp-content\/uploads\/2022\/10\/phun-bot-tuyet-ve-sinh-nha-bep.jpg 750w, https:\/\/maybommini.vn\/wp-content\/uploads\/2022\/10\/phun-bot-tuyet-ve-sinh-nha-bep-300x300.jpg 300w, https:\/\/maybommini.vn\/wp-content\/uploads\/2022\/10\/phun-bot-tuyet-ve-sinh-nha-bep-150x150.jpg 150w, https:\/\/maybommini.vn\/wp-content\/uploads\/2022\/10\/phun-bot-tuyet-ve-sinh-nha-bep-600x600.jpg 600w\" sizes=\"(max-width: 750px) 100vw, 750px\" \/><\/a><a href=\"https:\/\/maybommini.com\/wp-content\/uploads\/2022\/10\/tao-bot-tuyet-bang-binh-phun.jpg\" target=\"_blank\" rel=\"noopener\"><img decoding=\"async\" class=\"size-full wp-image-271137 aligncenter\" src=\"https:\/\/maybommini.com\/wp-content\/uploads\/2022\/10\/tao-bot-tuyet-bang-binh-phun.jpg\" alt=\"Tao Bot Tuyet Bang Binh Phun\" width=\"750\" height=\"750\" srcset=\"https:\/\/maybommini.vn\/wp-content\/uploads\/2022\/10\/tao-bot-tuyet-bang-binh-phun.jpg 750w, https:\/\/maybommini.vn\/wp-content\/uploads\/2022\/10\/tao-bot-tuyet-bang-binh-phun-300x300.jpg 300w, https:\/\/maybommini.vn\/wp-content\/uploads\/2022\/10\/tao-bot-tuyet-bang-binh-phun-150x150.jpg 150w, https:\/\/maybommini.vn\/wp-content\/uploads\/2022\/10\/tao-bot-tuyet-bang-binh-phun-600x600.jpg 600w\" sizes=\"(max-width: 750px) 100vw, 750px\" \/><\/a><a href=\"https:\/\/maybommini.com\/wp-content\/uploads\/2022\/10\/Car-Wash-Foam-Sprayer-with-3-Nozzles-Foam-Lance-Watering-Flowers-Water-Spray-Gun-Foam-Generator-for-Home-Kitchen-Cleaning.jpg\" target=\"_blank\" rel=\"noopener\"><img decoding=\"async\" class=\"size-full wp-image-271140 aligncenter\" src=\"https:\/\/maybommini.com\/wp-content\/uploads\/2022\/10\/Car-Wash-Foam-Sprayer-with-3-Nozzles-Foam-Lance-Watering-Flowers-Water-Spray-Gun-Foam-Generator-for-Home-Kitchen-Cleaning.jpg\" alt=\"Car Wash Foam Sprayer With 3 Nozzles Foam Lance Watering Flowers Water Spray Gun Foam Generator For Home Kitchen Cleaning\" width=\"750\" height=\"750\" srcset=\"https:\/\/maybommini.vn\/wp-content\/uploads\/2022\/10\/Car-Wash-Foam-Sprayer-with-3-Nozzles-Foam-Lance-Watering-Flowers-Water-Spray-Gun-Foam-Generator-for-Home-Kitchen-Cleaning.jpg 750w, https:\/\/maybommini.vn\/wp-content\/uploads\/2022\/10\/Car-Wash-Foam-Sprayer-with-3-Nozzles-Foam-Lance-Watering-Flowers-Water-Spray-Gun-Foam-Generator-for-Home-Kitchen-Cleaning-300x300.jpg 300w, https:\/\/maybommini.vn\/wp-content\/uploads\/2022\/10\/Car-Wash-Foam-Sprayer-with-3-Nozzles-Foam-Lance-Watering-Flowers-Water-Spray-Gun-Foam-Generator-for-Home-Kitchen-Cleaning-150x150.jpg 150w, https:\/\/maybommini.vn\/wp-content\/uploads\/2022\/10\/Car-Wash-Foam-Sprayer-with-3-Nozzles-Foam-Lance-Watering-Flowers-Water-Spray-Gun-Foam-Generator-for-Home-Kitchen-Cleaning-600x600.jpg 600w\" sizes=\"(max-width: 750px) 100vw, 750px\" \/><\/a>MUA B\u00ccNH PHUN B\u1eccT TUY\u1ebeT \u1ede \u0110\u00c2U ?<\/strong><br \/>\n<a title=\"m\u00e1y b\u01a1m mini\" href=\"https:\/\/maybommini.com\" target=\"_blank\" rel=\"noopener\">M\u00e1y B\u01a1m Mini \u2013 MBM<\/a> nh\u00e0 cung c\u1ea5p h\u00e0ng \u0111\u1ea7u v\u1ec1 thi\u1ebft b\u1ecb ph\u1ee5 ki\u1ec7n x\u1ecbt r\u1eeda xe chuy\u1ec7n nghi\u1ec7p cho gia \u0111\u00ecnh tr\u00ean to\u00e0n qu\u1ed1c v\u1edbi gi\u00e1 t\u1edbt ch\u00ednh h\u00e3ng. M\u00e1y r\u1eeda xe \u00e1p l\u1ef1c cao, d\u00e2y r\u1eeda xe, s\u00fang x\u1ecbt r\u1eeda xe, b\u00e9c x\u1ecbt r\u1eeda, b\u00ecnh phun b\u1ecdt tuy\u1ebft, dung d\u1ecbch n\u01b0\u1edbc r\u1eeda xe v\u00e0 nhi\u1ec1u ph\u1ee5 ki\u1ec7n kh\u00e1c.<br \/>\n<strong>Website:<\/strong>\u00a0<a href=\"https:\/\/maybommini.com\/\" target=\"_blank\" rel=\"noopener\">https:\/\/maybommini.com<\/a><br \/>\n<strong>Email:<\/strong>\u00a0maybommini.com@gmail.com<br \/>\n<strong>Tel Zalo:<\/strong> <a href=\"tel:02873030399\">02873030399<\/a> \u2013 <a href=\"tel:0907294310\">0907294310<\/a> &#8211; <a href=\"tel:0908997823\">0908997823<\/a> &#8211; <a href=\"tel:0908997872\">0908997872<\/a><\/p>\n<p><a class=\"swipebox\" title=\"\" href=\"https:\/\/maybommini.com\/wp-content\/uploads\/2022\/07\/thong-tin-lien-he-may-bom-mini.jpg\" data-rel=\"lightbox-image-bGlnaHRib3gtaW1hZ2UtMTI=\" data-rl_title=\"\" data-rl_caption=\"\" data-rl_ target=\"_blank\" rel=\"noopener\"><img decoding=\"async\" class=\"size-full wp-image-270584 aligncenter lazyloaded\" src=\"https:\/\/maybommini.com\/wp-content\/uploads\/2022\/07\/thong-tin-lien-he-may-bom-mini.jpg\" sizes=\"(max-width: 750px) 100vw, 750px\" srcset=\"https:\/\/maybommini.com\/wp-content\/uploads\/2022\/07\/thong-tin-lien-he-may-bom-mini.jpg 750w, https:\/\/maybommini.com\/wp-content\/uploads\/2022\/07\/thong-tin-lien-he-may-bom-mini-300x202.jpg 300w, https:\/\/maybommini.com\/wp-content\/uploads\/2022\/07\/thong-tin-lien-he-may-bom-mini-600x405.jpg 600w\" alt=\"Thong Tin Lien He May Bom Mini\" width=\"750\" height=\"506\" data-lazy-srcset=\"https:\/\/maybommini.com\/wp-content\/uploads\/2022\/07\/thong-tin-lien-he-may-bom-mini.jpg 750w, https:\/\/maybommini.com\/wp-content\/uploads\/2022\/07\/thong-tin-lien-he-may-bom-mini-300x202.jpg 300w, https:\/\/maybommini.com\/wp-content\/uploads\/2022\/07\/thong-tin-lien-he-may-bom-mini-600x405.jpg 600w\" data-lazy-sizes=\"(max-width: 750px) 100vw, 750px\" data-lazy-src=\"https:\/\/maybommini.com\/wp-content\/uploads\/2022\/07\/thong-tin-lien-he-may-bom-mini.jpg\" data-was-processed=\"true\" \/><\/a><\/p>\n","protected":false},"excerpt":{"rendered":"<p>Th\u01b0\u01a1ng hi\u1ec7u: Smartpumps<br \/>\nModel: ESF-15-2600<br \/>\nDung t\u00edch: 1.5 L\u00edt<br \/>\nDung l\u01b0\u1ee3ng pin: 2600 mAh<br \/>\nC\u1ed5ng s\u1ea1c: Type-C<br \/>\nLo\u1ea1i b\u00ecnh phun t\u1ea1o b\u1ecdt.<br \/>\n\u0110\u1ea7u b\u00e9c t\u1ea1o b\u1ecdt tuy\u1ebft r\u1ebd qu\u1ea1t g\u00f3c 70 \u0111\u1ed9.<br \/>\nS\u1eed d\u1ee5ng li\u00ean t\u1ef1c: 20 &#8211; 30 ph\u00fat.<br \/>\nS\u1ea1c \u0111\u1ea7y pin: 60 &#8211; 120 ph\u00fat.<br \/>\nM\u00e1y b\u01a1m n\u00e9n kh\u00ed \u00e1p l\u1ef1c 8 Bar.<br \/>\nCh\u1ea5t li\u1ec7u thi\u1ebft k\u1ebf ch\u1ecbu \u00e1p l\u1ef1c.<br \/>\nCh\u1ea5t li\u1ec7u: PP &#8211; PE &#8211; Kim lo\u1ea1i<br \/>\nK\u00edch th\u01b0\u1edbc: 28x12x12 cm<br \/>\n* K\u00e8m c\u00e1p s\u1ea1c Type-C<br \/>\nB\u1ea3o h\u00e0nh: 3 th\u00e1ng<\/p>\n","protected":false},"featured_media":276418,"comment_status":"open","ping_status":"closed","template":"","meta":[],"product_brand":[],"product_cat":[215],"product_tag":[2308,3713,4010,4614,3710,3711,3712,4012,4011,4616,4615,4013],"class_list":{"0":"post-276409","1":"product","2":"type-product","3":"status-publish","4":"has-post-thumbnail","6":"product_cat-phu-kien-xit-rua-ap-luc","7":"product_tag-binh-phun-bot-tuyet","8":"product_tag-binh-phun-bot-tuyet-khi-nen","9":"product_tag-binh-phun-bot-tuyet-oring","10":"product_tag-binh-phun-bot-tuyet-pin","11":"product_tag-binh-tao-bot-tuyet","12":"product_tag-bot-tuyet","13":"product_tag-bot-tuyet-rua-xe","14":"product_tag-foam","15":"product_tag-foam-sprayer","16":"product_tag-phun-bot-tuyet-dung-pin","17":"product_tag-pun-bot-tuyet-pin","18":"product_tag-sprayer","20":"first","21":"instock","22":"shipping-taxable","23":"purchasable","24":"product-type-simple"},"_links":{"self":[{"href":"https:\/\/maybommini.vn\/index.php?rest_route=\/wp\/v2\/product\/276409","targetHints":{"allow":["GET"]}}],"collection":[{"href":"https:\/\/maybommini.vn\/index.php?rest_route=\/wp\/v2\/product"}],"about":[{"href":"https:\/\/maybommini.vn\/index.php?rest_route=\/wp\/v2\/types\/product"}],"replies":[{"embeddable":true,"href":"https:\/\/maybommini.vn\/index.php?rest_route=%2Fwp%2Fv2%2Fcomments&post=276409"}],"wp:featuredmedia":[{"embeddable":true,"href":"https:\/\/maybommini.vn\/index.php?rest_route=\/wp\/v2\/media\/276418"}],"wp:attachment":[{"href":"https:\/\/maybommini.vn\/index.php?rest_route=%2Fwp%2Fv2%2Fmedia&parent=276409"}],"wp:term":[{"taxonomy":"product_brand","embeddable":true,"href":"https:\/\/maybommini.vn\/index.php?rest_route=%2Fwp%2Fv2%2Fproduct_brand&post=276409"},{"taxonomy":"product_cat","embeddable":true,"href":"https:\/\/maybommini.vn\/index.php?rest_route=%2Fwp%2Fv2%2Fproduct_cat&post=276409"},{"taxonomy":"product_tag","embeddable":true,"href":"https:\/\/maybommini.vn\/index.php?rest_route=%2Fwp%2Fv2%2Fproduct_tag&post=276409"}],"curies":[{"name":"wp","href":"https:\/\/api.w.org\/{rel}","templated":true}]}}