{"id":276937,"date":"2024-12-11T15:18:48","date_gmt":"2024-12-11T08:18:48","guid":{"rendered":"https:\/\/maybommini.com\/?post_type=product&#038;p=276937"},"modified":"2024-12-17T19:33:58","modified_gmt":"2024-12-17T12:33:58","slug":"de-sac-pin-chan-ghim-16-8v-2a-mtm","status":"publish","type":"product","link":"https:\/\/maybommini.vn\/?product=de-sac-pin-chan-ghim-16-8v-2a-mtm","title":{"rendered":"\u0110\u1ebf s\u1ea1c pin ch\u00e2n ghim 16.8V 2A MTM"},"content":{"rendered":"<h3><em>\u0110\u1ebf s\u1ea1c pin ch\u00e2n ghim 16.8V 2A MTM chuy\u00ean d\u1ee5ng \u0111\u1ec3 s\u1ea1c c\u00e1c lo\u1ea1i pin m\u00e1y khoan, b\u1eaft v\u00edt 4S 14V 16.8V. B\u1ea1n c\u0169ng c\u00f3 th\u1ec3 s\u1ea1c cho c\u00e1c lo\u1ea1i pin c\u00f3 dung l\u01b0\u1ee3ng t\u1eeb 2Ah tr\u1edf l\u00ean r\u1ea5t t\u1ed1t.<\/em><\/h3>\n<p><a href=\"https:\/\/maybommini.com\/wp-content\/uploads\/2024\/12\/De-sac-pin-chan-ghim-16V8-2A-4S-MTM-chinh-hang-xanh.jpg\" target=\"_blank\" rel=\"noopener\"><img decoding=\"async\" class=\"size-full wp-image-276941 aligncenter\" src=\"https:\/\/maybommini.com\/wp-content\/uploads\/2024\/12\/De-sac-pin-chan-ghim-16V8-2A-4S-MTM-chinh-hang-xanh.jpg\" alt=\"De Sac Pin Chan Ghim 16V8 2A 4S MTM Chinh Hang Xanh\" width=\"750\" height=\"750\" srcset=\"https:\/\/maybommini.vn\/wp-content\/uploads\/2024\/12\/De-sac-pin-chan-ghim-16V8-2A-4S-MTM-chinh-hang-xanh.jpg 750w, https:\/\/maybommini.vn\/wp-content\/uploads\/2024\/12\/De-sac-pin-chan-ghim-16V8-2A-4S-MTM-chinh-hang-xanh-300x300.jpg 300w, https:\/\/maybommini.vn\/wp-content\/uploads\/2024\/12\/De-sac-pin-chan-ghim-16V8-2A-4S-MTM-chinh-hang-xanh-150x150.jpg 150w, https:\/\/maybommini.vn\/wp-content\/uploads\/2024\/12\/De-sac-pin-chan-ghim-16V8-2A-4S-MTM-chinh-hang-xanh-600x600.jpg 600w\" sizes=\"(max-width: 750px) 100vw, 750px\" \/><\/a><br \/>\n<strong>TH\u00d4NG S\u1ed0 K\u1ef8 THU\u1eacT<br \/>\n<\/strong>Th\u01b0\u01a1ng hi\u1ec7u: MTM<br \/>\n\u0110i\u1ec7n th\u1ebf v\u00e0o: AC100-240V 50\/60Hz<br \/>\n\u0110i\u1ec7n th\u1ebf ra: 16.8V DC<br \/>\nC\u00f4ng su\u1ea5t s\u1ea1c: 2A<br \/>\n\u0110\u00e8n b\u00e1o s\u1ea1c: C\u00f3<br \/>\nLed \u0111\u1ecf \u0111ang s\u1ea1c v\u00e0 Led xanh ng\u01b0ng s\u1ea1c.<br \/>\nLo\u1ea1i s\u1ea1c t\u1ef1 \u0111\u1ed9ng ng\u1eaft khi pin \u0111\u1ea7y.<br \/>\nS\u1ea1c b\u1ea3o v\u1ec7 CC CV ch\u1ed1ng qu\u00e1 t\u1ea3i.<br \/>\nD\u00e2y ngu\u1ed3n AC: 1 m\u00e9t<br \/>\nCh\u1ea5t li\u1ec7uL Nh\u1ef1a ABS &#8211; Kim lo\u1ea1i<br \/>\nTr\u1ecdng l\u01b0\u1ee3ng: 250 gam<\/p>\n<p><a href=\"https:\/\/maybommini.com\/wp-content\/uploads\/2024\/12\/De-sac-pin-chan-ghim-16V8-2A-4S-MTM-xanh.jpg\" target=\"_blank\" rel=\"noopener\"><img decoding=\"async\" class=\"size-full wp-image-276942 aligncenter\" src=\"https:\/\/maybommini.com\/wp-content\/uploads\/2024\/12\/De-sac-pin-chan-ghim-16V8-2A-4S-MTM-xanh.jpg\" alt=\"De Sac Pin Chan Ghim 16V8 2A 4S MTM Xanh\" width=\"750\" height=\"750\" srcset=\"https:\/\/maybommini.vn\/wp-content\/uploads\/2024\/12\/De-sac-pin-chan-ghim-16V8-2A-4S-MTM-xanh.jpg 750w, https:\/\/maybommini.vn\/wp-content\/uploads\/2024\/12\/De-sac-pin-chan-ghim-16V8-2A-4S-MTM-xanh-300x300.jpg 300w, https:\/\/maybommini.vn\/wp-content\/uploads\/2024\/12\/De-sac-pin-chan-ghim-16V8-2A-4S-MTM-xanh-150x150.jpg 150w, https:\/\/maybommini.vn\/wp-content\/uploads\/2024\/12\/De-sac-pin-chan-ghim-16V8-2A-4S-MTM-xanh-600x600.jpg 600w\" sizes=\"(max-width: 750px) 100vw, 750px\" \/><\/a><a href=\"https:\/\/maybommini.com\/wp-content\/uploads\/2024\/12\/De-sac-pin-chan-ghim-16V8-2A-4S-MTM-xanh-gia-re.jpg\" target=\"_blank\" rel=\"noopener\"><img decoding=\"async\" class=\"size-full wp-image-276943 aligncenter\" src=\"https:\/\/maybommini.com\/wp-content\/uploads\/2024\/12\/De-sac-pin-chan-ghim-16V8-2A-4S-MTM-xanh-gia-re.jpg\" alt=\"De Sac Pin Chan Ghim 16V8 2A 4S MTM Xanh Gia Re\" width=\"750\" height=\"750\" srcset=\"https:\/\/maybommini.vn\/wp-content\/uploads\/2024\/12\/De-sac-pin-chan-ghim-16V8-2A-4S-MTM-xanh-gia-re.jpg 750w, https:\/\/maybommini.vn\/wp-content\/uploads\/2024\/12\/De-sac-pin-chan-ghim-16V8-2A-4S-MTM-xanh-gia-re-300x300.jpg 300w, https:\/\/maybommini.vn\/wp-content\/uploads\/2024\/12\/De-sac-pin-chan-ghim-16V8-2A-4S-MTM-xanh-gia-re-150x150.jpg 150w, https:\/\/maybommini.vn\/wp-content\/uploads\/2024\/12\/De-sac-pin-chan-ghim-16V8-2A-4S-MTM-xanh-gia-re-600x600.jpg 600w\" sizes=\"(max-width: 750px) 100vw, 750px\" \/><\/a><a href=\"https:\/\/maybommini.com\/wp-content\/uploads\/2024\/12\/gia-ban-de-sac-pin-chan-ghim-16V8-2A-4S-MTM-xanh-cao-cap.jpg\" target=\"_blank\" rel=\"noopener\"><img decoding=\"async\" class=\"size-full wp-image-276938 aligncenter\" src=\"https:\/\/maybommini.com\/wp-content\/uploads\/2024\/12\/gia-ban-de-sac-pin-chan-ghim-16V8-2A-4S-MTM-xanh-cao-cap.jpg\" alt=\"Gia Ban De Sac Pin Chan Ghim 16V8 2A 4S MTM Xanh Cao Cap\" width=\"750\" height=\"750\" srcset=\"https:\/\/maybommini.vn\/wp-content\/uploads\/2024\/12\/gia-ban-de-sac-pin-chan-ghim-16V8-2A-4S-MTM-xanh-cao-cap.jpg 750w, https:\/\/maybommini.vn\/wp-content\/uploads\/2024\/12\/gia-ban-de-sac-pin-chan-ghim-16V8-2A-4S-MTM-xanh-cao-cap-300x300.jpg 300w, https:\/\/maybommini.vn\/wp-content\/uploads\/2024\/12\/gia-ban-de-sac-pin-chan-ghim-16V8-2A-4S-MTM-xanh-cao-cap-150x150.jpg 150w, https:\/\/maybommini.vn\/wp-content\/uploads\/2024\/12\/gia-ban-de-sac-pin-chan-ghim-16V8-2A-4S-MTM-xanh-cao-cap-600x600.jpg 600w\" sizes=\"(max-width: 750px) 100vw, 750px\" \/><\/a><a href=\"https:\/\/maybommini.com\/wp-content\/uploads\/2024\/12\/bo-xu-ly-de-sac-pin-chan-ghim-16V8-2A-4S-MTM.jpg\" target=\"_blank\" rel=\"noopener\"><img decoding=\"async\" class=\"size-full wp-image-276940 aligncenter\" src=\"https:\/\/maybommini.com\/wp-content\/uploads\/2024\/12\/bo-xu-ly-de-sac-pin-chan-ghim-16V8-2A-4S-MTM.jpg\" alt=\"Bo Xu Ly De Sac Pin Chan Ghim 16V8 2A 4S MTM\" width=\"750\" height=\"750\" srcset=\"https:\/\/maybommini.vn\/wp-content\/uploads\/2024\/12\/bo-xu-ly-de-sac-pin-chan-ghim-16V8-2A-4S-MTM.jpg 750w, https:\/\/maybommini.vn\/wp-content\/uploads\/2024\/12\/bo-xu-ly-de-sac-pin-chan-ghim-16V8-2A-4S-MTM-300x300.jpg 300w, https:\/\/maybommini.vn\/wp-content\/uploads\/2024\/12\/bo-xu-ly-de-sac-pin-chan-ghim-16V8-2A-4S-MTM-150x150.jpg 150w, https:\/\/maybommini.vn\/wp-content\/uploads\/2024\/12\/bo-xu-ly-de-sac-pin-chan-ghim-16V8-2A-4S-MTM-600x600.jpg 600w\" sizes=\"(max-width: 750px) 100vw, 750px\" \/><\/a><br \/>\n<strong>S\u1eec D\u1ee4NG \u1ee8NG D\u1ee4NG B\u1ed8 S\u1ea0C PIN<\/strong><br \/>\n&#8211; D\u00f9ng \u0111\u1ec3 s\u1ea1c c\u00e1c lo\u1ea1i pin Lithium ion 4S 14V.8V-16V<br \/>\n&#8211; D\u00f9ng s\u1ea1c c\u00e1c lo\u1ea1i thi\u1ebft b\u1ecb d\u00f9ng pin.<br \/>\n&#8211; S\u1ea1c thi\u1ebft b\u1ecb d\u00f9ng n\u0103ng l\u01b0\u1ee3ng Pin.<br \/>\n&#8211; S\u1ea1c cho m\u00e1y khoan, m\u00e1y b\u1eafn v\u00edt c\u1ea7m tay.<br \/>\n&#8211; S\u1ea1c pin gh\u00e9p 4S 14.8V-16.8V<br \/>\nV\u1edbi t\u00ednh n\u0103ng ho\u00e0n to\u00e0n t\u1ef1 \u0111\u1ed9ng B\u1ea1n c\u00f3 th\u1ec3 y\u00ean t\u00e2m s\u1ea1c pin c\u1ee7a m\u00ecnh, n\u00e2ng cao tu\u1ed5i th\u1ecd pin.<\/p>\n<p><a href=\"https:\/\/maybommini.com\/wp-content\/uploads\/2024\/12\/bo-sac-pin-chan-ghim-16V8-2A-4S-MTM-xanh.jpg\" target=\"_blank\" rel=\"noopener\"><img decoding=\"async\" class=\"size-full wp-image-276939 aligncenter\" src=\"https:\/\/maybommini.com\/wp-content\/uploads\/2024\/12\/bo-sac-pin-chan-ghim-16V8-2A-4S-MTM-xanh.jpg\" alt=\"Bo Sac Pin Chan Ghim 16V8 2A 4S MTM Xanh\" width=\"750\" height=\"750\" srcset=\"https:\/\/maybommini.vn\/wp-content\/uploads\/2024\/12\/bo-sac-pin-chan-ghim-16V8-2A-4S-MTM-xanh.jpg 750w, https:\/\/maybommini.vn\/wp-content\/uploads\/2024\/12\/bo-sac-pin-chan-ghim-16V8-2A-4S-MTM-xanh-300x300.jpg 300w, https:\/\/maybommini.vn\/wp-content\/uploads\/2024\/12\/bo-sac-pin-chan-ghim-16V8-2A-4S-MTM-xanh-150x150.jpg 150w, https:\/\/maybommini.vn\/wp-content\/uploads\/2024\/12\/bo-sac-pin-chan-ghim-16V8-2A-4S-MTM-xanh-600x600.jpg 600w\" sizes=\"(max-width: 750px) 100vw, 750px\" \/><\/a><\/p>\n<h3 style=\"text-align: center;\">\u0110\u1ebf s\u1ea1c pin ch\u00e2n ghim 16.8V 2A MTM<\/h3>\n<p><a href=\"https:\/\/maybommini.com\/wp-content\/uploads\/2024\/12\/de-sac-pin-may-khoan-16v-xanh.jpg\" target=\"_blank\" rel=\"noopener\"><img decoding=\"async\" class=\"size-full wp-image-276944 aligncenter\" src=\"https:\/\/maybommini.com\/wp-content\/uploads\/2024\/12\/de-sac-pin-may-khoan-16v-xanh.jpg\" alt=\"De Sac Pin May Khoan 16v Xanh\" width=\"750\" height=\"750\" srcset=\"https:\/\/maybommini.vn\/wp-content\/uploads\/2024\/12\/de-sac-pin-may-khoan-16v-xanh.jpg 750w, https:\/\/maybommini.vn\/wp-content\/uploads\/2024\/12\/de-sac-pin-may-khoan-16v-xanh-300x300.jpg 300w, https:\/\/maybommini.vn\/wp-content\/uploads\/2024\/12\/de-sac-pin-may-khoan-16v-xanh-150x150.jpg 150w, https:\/\/maybommini.vn\/wp-content\/uploads\/2024\/12\/de-sac-pin-may-khoan-16v-xanh-600x600.jpg 600w\" sizes=\"(max-width: 750px) 100vw, 750px\" \/><\/a><\/p>\n<p><strong>TH\u00d4NG TIN LI\u00caN H\u1ec6<\/strong><br \/>\n<em><strong>Hotline Zalo: <a href=\"tel:0907294310\">0907294310<\/a> &#8211; <a href=\"tel:0908997823\">0908997823<\/a>&#8211; <a href=\"tel:0908997872\">0908997872 <\/a>&#8211; <a href=\"tel:02873030399\">02873030399<\/a><\/strong><\/em><br \/>\n<em><strong>Nh\u1eadn \u0111\u00f3ng pin theo y\u00eau c\u1ea7u, l\u00e0m pin, n\u00e2ng c\u1ea5p pin, s\u1eeda pin cho h\u1ec7 th\u1ed1ng n\u0103ng l\u01b0\u1ee3ng m\u1eb7t tr\u1eddi, pin m\u00e1y khoan, pin robot h\u00fat b\u1ee5i lau nh\u00e0, pin m\u00e1y th\u1ed5i b\u1ee5i, pin \u0111\u00e8n, pin s\u1ea1c d\u1ef1 ph\u00f2ng, pin \u0111\u00e8n n\u0103ng l\u01b0\u1ee3ng m\u1eb7t tr\u1eddi, pin UPS, pin xe \u0111\u1ea1p \u0111i\u1ec7n v\u00e0 c\u00e1c lo\u1ea1i pin kh\u00e1c.<\/strong><\/em><\/p>\n<p><strong><a class=\"swipebox\" title=\"\" href=\"https:\/\/maybommini.com\/wp-content\/uploads\/2022\/09\/chuyen-cung-cap-phan-phoi-pin-sac-may-cam-tay-gia-re.jpg\" data-rel=\"lightbox-image-14\" data-rl_title=\"\" data-rl_caption=\"\" data-rl_ target=\"_blank\" rel=\"noopener\"><img decoding=\"async\" class=\"size-full wp-image-270811 aligncenter lazyloaded\" src=\"https:\/\/maybommini.com\/wp-content\/uploads\/2022\/09\/chuyen-cung-cap-phan-phoi-pin-sac-may-cam-tay-gia-re.jpg\" sizes=\"(max-width: 750px) 100vw, 750px\" srcset=\"https:\/\/maybommini.com\/wp-content\/uploads\/2022\/09\/chuyen-cung-cap-phan-phoi-pin-sac-may-cam-tay-gia-re.jpg 750w, https:\/\/maybommini.com\/wp-content\/uploads\/2022\/09\/chuyen-cung-cap-phan-phoi-pin-sac-may-cam-tay-gia-re-300x300.jpg 300w, https:\/\/maybommini.com\/wp-content\/uploads\/2022\/09\/chuyen-cung-cap-phan-phoi-pin-sac-may-cam-tay-gia-re-150x150.jpg 150w, https:\/\/maybommini.com\/wp-content\/uploads\/2022\/09\/chuyen-cung-cap-phan-phoi-pin-sac-may-cam-tay-gia-re-600x600.jpg 600w\" alt=\"Chuyen Cung Cap Phan Phoi Pin Sac May Cam Tay Gia Re\" width=\"750\" height=\"750\" data-lazy-srcset=\"https:\/\/maybommini.com\/wp-content\/uploads\/2022\/09\/chuyen-cung-cap-phan-phoi-pin-sac-may-cam-tay-gia-re.jpg 750w, https:\/\/maybommini.com\/wp-content\/uploads\/2022\/09\/chuyen-cung-cap-phan-phoi-pin-sac-may-cam-tay-gia-re-300x300.jpg 300w, https:\/\/maybommini.com\/wp-content\/uploads\/2022\/09\/chuyen-cung-cap-phan-phoi-pin-sac-may-cam-tay-gia-re-150x150.jpg 150w, https:\/\/maybommini.com\/wp-content\/uploads\/2022\/09\/chuyen-cung-cap-phan-phoi-pin-sac-may-cam-tay-gia-re-600x600.jpg 600w\" data-lazy-sizes=\"(max-width: 750px) 100vw, 750px\" data-lazy-src=\"https:\/\/maybommini.com\/wp-content\/uploads\/2022\/09\/chuyen-cung-cap-phan-phoi-pin-sac-may-cam-tay-gia-re.jpg\" data-was-processed=\"true\" \/><\/a><\/strong><br \/>\n<strong>CTY TNHH TH\u01af\u01a0NG M\u1ea0I D\u1ecaCH V\u1ee4 \u0110I\u1ec6N M\u00c1Y TH\u00d4NG MINH<\/strong><br \/>\n<strong>Hotline:<\/strong>\u00a002873030399 \u2013 090 729 4310<br \/>\n<strong>Email:<\/strong>\u00a0maybommini.com@gmail.com<br \/>\n<strong>Website:<\/strong>\u00a0https:\/\/maybommini.com<br \/>\n<strong>Youtube demo:<\/strong>\u00a0https:\/\/www.youtube.com\/bahamasali<\/p>\n<p><a href=\"https:\/\/maybommini.com\/wp-content\/uploads\/2022\/07\/thong-tin-lien-he-may-bom-mini.jpg\" target=\"_blank\" rel=\"noopener\"><img decoding=\"async\" class=\"size-full wp-image-270584 aligncenter\" src=\"https:\/\/maybommini.com\/wp-content\/uploads\/2022\/07\/thong-tin-lien-he-may-bom-mini.jpg\" alt=\"Thong Tin Lien He May Bom Mini\" width=\"750\" height=\"506\" srcset=\"https:\/\/maybommini.vn\/wp-content\/uploads\/2022\/07\/thong-tin-lien-he-may-bom-mini.jpg 750w, https:\/\/maybommini.vn\/wp-content\/uploads\/2022\/07\/thong-tin-lien-he-may-bom-mini-150x101.jpg 150w, https:\/\/maybommini.vn\/wp-content\/uploads\/2022\/07\/thong-tin-lien-he-may-bom-mini-600x405.jpg 600w, https:\/\/maybommini.vn\/wp-content\/uploads\/2022\/07\/thong-tin-lien-he-may-bom-mini-300x202.jpg 300w\" sizes=\"(max-width: 750px) 100vw, 750px\" \/><\/a><\/p>\n","protected":false},"excerpt":{"rendered":"<p>Th\u01b0\u01a1ng hi\u1ec7u: MTM<br \/>\n\u0110i\u1ec7n th\u1ebf v\u00e0o: AC100-240V 50\/60Hz<br \/>\n\u0110i\u1ec7n th\u1ebf ra: 16.8V DC<br \/>\nC\u00f4ng su\u1ea5t s\u1ea1c: 2A<br \/>\n\u0110\u00e8n b\u00e1o s\u1ea1c: C\u00f3<br \/>\nLed \u0111\u1ecf \u0111ang s\u1ea1c v\u00e0 Led xanh ng\u01b0ng s\u1ea1c.<br \/>\nLo\u1ea1i s\u1ea1c t\u1ef1 \u0111\u1ed9ng ng\u1eaft khi pin \u0111\u1ea7y.<br \/>\nS\u1ea1c b\u1ea3o v\u1ec7 CC CV ch\u1ed1ng qu\u00e1 t\u1ea3i.<br \/>\nD\u00e2y ngu\u1ed3n AC: 1 m\u00e9t<br \/>\nCh\u1ea5t li\u1ec7uL Nh\u1ef1a ABS &#8211; Kim lo\u1ea1i<br \/>\nTr\u1ecdng l\u01b0\u1ee3ng: 250 gam<\/p>\n","protected":false},"featured_media":276941,"comment_status":"open","ping_status":"closed","template":"","meta":[],"product_brand":[],"product_cat":[257],"product_tag":[3667,1543,4681,4351,3676,3675,4348,4683,4682,4350,437,995,3678,3664,3677,4349,3666,3877],"class_list":{"0":"post-276937","1":"product","2":"type-product","3":"status-publish","4":"has-post-thumbnail","6":"product_cat-nguon-dien-adapter-sac-pin-binh","7":"product_tag-charge","8":"product_tag-charger","9":"product_tag-de-sac-pin-chan-ghim","10":"product_tag-li-ion-charger","11":"product_tag-sac-14v","12":"product_tag-sac-16v","13":"product_tag-sac-4s","14":"product_tag-sac-bat-vit","15":"product_tag-sac-chan-ghim","16":"product_tag-sac-li-ion","17":"product_tag-sac-pin","18":"product_tag-sac-pin-12v","19":"product_tag-sac-pin-18650-4s","20":"product_tag-sac-pin-2a","21":"product_tag-sac-pin-4s","22":"product_tag-sac-pin-lithium-ion","23":"product_tag-sac-pin-lithiun","24":"product_tag-sac-pin-may-khoan","26":"first","27":"instock","28":"shipping-taxable","29":"purchasable","30":"product-type-simple"},"_links":{"self":[{"href":"https:\/\/maybommini.vn\/index.php?rest_route=\/wp\/v2\/product\/276937","targetHints":{"allow":["GET"]}}],"collection":[{"href":"https:\/\/maybommini.vn\/index.php?rest_route=\/wp\/v2\/product"}],"about":[{"href":"https:\/\/maybommini.vn\/index.php?rest_route=\/wp\/v2\/types\/product"}],"replies":[{"embeddable":true,"href":"https:\/\/maybommini.vn\/index.php?rest_route=%2Fwp%2Fv2%2Fcomments&post=276937"}],"wp:featuredmedia":[{"embeddable":true,"href":"https:\/\/maybommini.vn\/index.php?rest_route=\/wp\/v2\/media\/276941"}],"wp:attachment":[{"href":"https:\/\/maybommini.vn\/index.php?rest_route=%2Fwp%2Fv2%2Fmedia&parent=276937"}],"wp:term":[{"taxonomy":"product_brand","embeddable":true,"href":"https:\/\/maybommini.vn\/index.php?rest_route=%2Fwp%2Fv2%2Fproduct_brand&post=276937"},{"taxonomy":"product_cat","embeddable":true,"href":"https:\/\/maybommini.vn\/index.php?rest_route=%2Fwp%2Fv2%2Fproduct_cat&post=276937"},{"taxonomy":"product_tag","embeddable":true,"href":"https:\/\/maybommini.vn\/index.php?rest_route=%2Fwp%2Fv2%2Fproduct_tag&post=276937"}],"curies":[{"name":"wp","href":"https:\/\/api.w.org\/{rel}","templated":true}]}}