{"id":277113,"date":"2025-01-15T07:43:03","date_gmt":"2025-01-15T00:43:03","guid":{"rendered":"https:\/\/maybommini.com\/?post_type=product&#038;p=277113"},"modified":"2025-07-18T14:02:59","modified_gmt":"2025-07-18T07:02:59","slug":"binh-phun-thuoc-tru-sau-deo-vai-18l-12ah-qm317-18l-chinh-hang","status":"publish","type":"product","link":"https:\/\/maybommini.vn\/?product=binh-phun-thuoc-tru-sau-deo-vai-18l-12ah-qm317-18l-chinh-hang","title":{"rendered":"B\u00ecnh phun thu\u1ed1c tr\u1eeb s\u00e2u \u0111eo vai 18L 12Ah QM317-18L ch\u00ednh h\u00e3ng"},"content":{"rendered":"<h3>B\u00ecnh phun thu\u1ed1c tr\u1eeb s\u00e2u \u0111eo vai 18L 12Ah QM317-18L ch\u00ednh h\u00e3ng \u0111\u01b0\u1ee3c c\u1ea3i ti\u1ebfn ho\u00e0n thi\u1ec7n t\u1ed1t h\u01a1n v\u00e0 m\u1ea1nh h\u01a1n. V\u1edbi b\u00ecnh ch\u1ee9a nhi\u1ec1u l\u1ef1a ch\u1ecdn, c\u00f4ng su\u1ea5t m\u00e1y b\u01a1m l\u1edbn v\u00e0 b\u00ecnh \u1eafc quy dung l\u01b0\u1ee3ng cao th\u00ec b\u1ea1n c\u00f3 th\u1ec3 phun x\u1ecbt li\u00ean t\u1ee5c r\u1ea5t ti\u1ec7n l\u1ee3i.<\/h3>\n<p><strong><a href=\"https:\/\/maybommini.com\/wp-content\/uploads\/2025\/01\/Binh-phun-thuoc-tru-sau-deo-vai-18L-12V-12Ah-Tan-Quan-My-QM317-18L.jpg\" target=\"_blank\" rel=\"noopener\"><img decoding=\"async\" class=\"size-full wp-image-277119 aligncenter\" src=\"https:\/\/maybommini.com\/wp-content\/uploads\/2025\/01\/Binh-phun-thuoc-tru-sau-deo-vai-18L-12V-12Ah-Tan-Quan-My-QM317-18L.jpg\" alt=\"Binh Phun Thuoc Tru Sau Deo Vai 18L 12V 12Ah Tan Quan My QM317 18L\" width=\"750\" height=\"750\" srcset=\"https:\/\/maybommini.vn\/wp-content\/uploads\/2025\/01\/Binh-phun-thuoc-tru-sau-deo-vai-18L-12V-12Ah-Tan-Quan-My-QM317-18L.jpg 750w, https:\/\/maybommini.vn\/wp-content\/uploads\/2025\/01\/Binh-phun-thuoc-tru-sau-deo-vai-18L-12V-12Ah-Tan-Quan-My-QM317-18L-300x300.jpg 300w, https:\/\/maybommini.vn\/wp-content\/uploads\/2025\/01\/Binh-phun-thuoc-tru-sau-deo-vai-18L-12V-12Ah-Tan-Quan-My-QM317-18L-150x150.jpg 150w, https:\/\/maybommini.vn\/wp-content\/uploads\/2025\/01\/Binh-phun-thuoc-tru-sau-deo-vai-18L-12V-12Ah-Tan-Quan-My-QM317-18L-600x600.jpg 600w\" sizes=\"(max-width: 750px) 100vw, 750px\" \/><\/a>TH\u00d4NG S\u1ed0 K\u1ef8 THU\u1eacT<\/strong><br \/>\nTh\u01b0\u01a1ng hi\u1ec7u: QM<br \/>\nModel: QM317-18L<br \/>\nDung t\u00edch b\u00ecnh ch\u1ee9a: 18 &#8211; 20 l\u00edt.<br \/>\nM\u00e1y b\u01a1m \u00e1p l\u1ef1c mini cao c\u1ea5p.<br \/>\nB\u00ecnh \u1eafc quy 12V 12Ah<br \/>\nC\u1ea7n phun d\u00e0i c\u00f3 th\u1ec3 thu g\u1ecdn.<br \/>\nB\u00e9c phun x\u1ecbt c\u00f3 th\u1ec3 \u0111i\u1ec1u ch\u00ecnh nhi\u1ec1u lo\u1ea1i.<br \/>\nN\u00fat \u0111i\u1ec1u ch\u00ecnh t\u1ed1c \u0111\u1ed9 m\u00e1y b\u01a1m.<br \/>\nMotor m\u00e1y b\u01a1m d\u00e2y 100% d\u00e2y \u0111\u1ed3ng<br \/>\n\u1eaec quy hi\u1ec7u su\u1ea5t cao.<br \/>\nS\u1ea1c b\u00ecnh \u1eafc quy t\u1ef1 \u0111\u1ed9ng th\u00f4ng minh.<br \/>\nL\u1ecdc n\u01b0\u1edbc b\u00ecnh ch\u1ee9a.<br \/>\nV\u1ecf b\u00ecnh nh\u1ef1a PP d\u00e0y.<br \/>\nM\u00e0u s\u1eafx: Xanh &#8211; V\u00e0ng<br \/>\nCh\u1ea5t li\u1ec7u: Nh\u1ef1a &#8211; \u0110\u1ed3ng &#8211; Inox<br \/>\nTr\u1ecdng l\u01b0\u1ee3ng: 9 Kg<\/p>\n<p><strong><a href=\"https:\/\/maybommini.com\/wp-content\/uploads\/2025\/01\/Binh-phun-thuoc-tru-sau-deo-vai-18L-12V-12Ah-Tan-Quan-My-QM317-18L-binh-chua.jpg\" target=\"_blank\" rel=\"noopener\"><img decoding=\"async\" class=\"size-full wp-image-277120 aligncenter\" src=\"https:\/\/maybommini.com\/wp-content\/uploads\/2025\/01\/Binh-phun-thuoc-tru-sau-deo-vai-18L-12V-12Ah-Tan-Quan-My-QM317-18L-binh-chua.jpg\" alt=\"Binh Phun Thuoc Tru Sau Deo Vai 18L 12V 12Ah Tan Quan My QM317 18L Binh Chua\" width=\"750\" height=\"750\" srcset=\"https:\/\/maybommini.vn\/wp-content\/uploads\/2025\/01\/Binh-phun-thuoc-tru-sau-deo-vai-18L-12V-12Ah-Tan-Quan-My-QM317-18L-binh-chua.jpg 750w, https:\/\/maybommini.vn\/wp-content\/uploads\/2025\/01\/Binh-phun-thuoc-tru-sau-deo-vai-18L-12V-12Ah-Tan-Quan-My-QM317-18L-binh-chua-300x300.jpg 300w, https:\/\/maybommini.vn\/wp-content\/uploads\/2025\/01\/Binh-phun-thuoc-tru-sau-deo-vai-18L-12V-12Ah-Tan-Quan-My-QM317-18L-binh-chua-150x150.jpg 150w, https:\/\/maybommini.vn\/wp-content\/uploads\/2025\/01\/Binh-phun-thuoc-tru-sau-deo-vai-18L-12V-12Ah-Tan-Quan-My-QM317-18L-binh-chua-600x600.jpg 600w\" sizes=\"(max-width: 750px) 100vw, 750px\" \/><\/a>PH\u1ee4 KI\u1ec6N B\u00ccNH \u0110I\u1ec6N \u0110EO VAI<\/strong><br \/>\n&#8211; S\u1ea1c b\u00ecnh 12V<br \/>\n&#8211; B\u00e9c phun ch\u1ec9nh tia<br \/>\n&#8211; Tay c\u1ea7m phun x\u1ecbt<br \/>\n&#8211; L\u1ecdc n\u01b0\u1edbc.<br \/>\n&#8211; D\u00e2y \u0111eo vai.<br \/>\n&#8211; \u1ed0ng n\u01b0\u1edbc ra.<br \/>\n<a href=\"https:\/\/maybommini.com\/wp-content\/uploads\/2025\/01\/Binh-phun-thuoc-tru-sau-deo-vai-18L-12V-12Ah-Tan-Quan-My-QM317-18L-phu-kien.jpg\" target=\"_blank\" rel=\"noopener\"><img decoding=\"async\" class=\"size-full wp-image-277117 aligncenter\" src=\"https:\/\/maybommini.com\/wp-content\/uploads\/2025\/01\/Binh-phun-thuoc-tru-sau-deo-vai-18L-12V-12Ah-Tan-Quan-My-QM317-18L-phu-kien.jpg\" alt=\"Binh Phun Thuoc Tru Sau Deo Vai 18L 12V 12Ah Tan Quan My QM317 18L Phu Kien\" width=\"750\" height=\"750\" srcset=\"https:\/\/maybommini.vn\/wp-content\/uploads\/2025\/01\/Binh-phun-thuoc-tru-sau-deo-vai-18L-12V-12Ah-Tan-Quan-My-QM317-18L-phu-kien.jpg 750w, https:\/\/maybommini.vn\/wp-content\/uploads\/2025\/01\/Binh-phun-thuoc-tru-sau-deo-vai-18L-12V-12Ah-Tan-Quan-My-QM317-18L-phu-kien-300x300.jpg 300w, https:\/\/maybommini.vn\/wp-content\/uploads\/2025\/01\/Binh-phun-thuoc-tru-sau-deo-vai-18L-12V-12Ah-Tan-Quan-My-QM317-18L-phu-kien-150x150.jpg 150w, https:\/\/maybommini.vn\/wp-content\/uploads\/2025\/01\/Binh-phun-thuoc-tru-sau-deo-vai-18L-12V-12Ah-Tan-Quan-My-QM317-18L-phu-kien-600x600.jpg 600w\" sizes=\"(max-width: 750px) 100vw, 750px\" \/><\/a><strong>C\u00c1C T\u00cdNH N\u0102NG V\u01af\u1ee2T TR\u1ed8I<br \/>\n<\/strong>1. T\u00ednh n\u0103ng th\u1ebf h\u1ec7 m\u1edbi<br \/>\n2. V\u1ecf b\u00ecnh nh\u1ef1a PP d\u00e0y v\u1edbi kh\u1ea3 n\u0103ng ch\u1ed1ng ch\u00e1y cao<br \/>\n3. \u0110\u1ec7m l\u01b0ng c\u00f4ng th\u00e1i h\u1ecdc ph\u00e2n b\u1ed5 tr\u1ecdng l\u01b0\u1ee3ng c\u00e2n b\u1eb1ng gi\u00fap b\u1ea3o v\u1ec7 l\u01b0ng v\u00e0 c\u1ed9t s\u1ed1ng<br \/>\n4. B\u1ed9 b\u01a1m v\u1edbi m\u00f4 t\u01a1 100% d\u00e2y \u0111\u1ed3ng c\u00f4ng su\u1ea5t l\u1edbn<br \/>\n5. \u1eaec quy hi\u1ec7u su\u1ea5t cao<br \/>\n6. Kh\u1edfi \u0111\u1ed9ng th\u00f4ng minh 500.000 l\u1ea7n<br \/>\n7. Thao l\u1eafp \u1eafc quy d\u1ec5 d\u00e0ng.<br \/>\n8. V\u1ea1ch b\u00e1o m\u1ef1c n\u01b0\u1edbc gi\u00fap \u0111o l\u01b0\u1eddng ch\u00ednh x\u00e1c.<br \/>\n9. \u0110\u1ec7m l\u01b0ng c\u00f4ng th\u00e1i h\u1ecdc gi\u00fap b\u1ea3o v\u1ec7 c\u1ed9t s\u1ed1ng.<\/p>\n<p><a href=\"https:\/\/maybommini.com\/wp-content\/uploads\/2025\/01\/Binh-phun-thuoc-tru-sau-deo-vai-18L-12V-12Ah-Tan-Quan-My-QM317-18L-binh-chua.jpg\" target=\"_blank\" rel=\"noopener\"><img decoding=\"async\" class=\"size-full wp-image-277120 aligncenter\" src=\"https:\/\/maybommini.com\/wp-content\/uploads\/2025\/01\/Binh-phun-thuoc-tru-sau-deo-vai-18L-12V-12Ah-Tan-Quan-My-QM317-18L-binh-chua.jpg\" alt=\"Binh Phun Thuoc Tru Sau Deo Vai 18L 12V 12Ah Tan Quan My QM317 18L Binh Chua\" width=\"750\" height=\"750\" srcset=\"https:\/\/maybommini.vn\/wp-content\/uploads\/2025\/01\/Binh-phun-thuoc-tru-sau-deo-vai-18L-12V-12Ah-Tan-Quan-My-QM317-18L-binh-chua.jpg 750w, https:\/\/maybommini.vn\/wp-content\/uploads\/2025\/01\/Binh-phun-thuoc-tru-sau-deo-vai-18L-12V-12Ah-Tan-Quan-My-QM317-18L-binh-chua-300x300.jpg 300w, https:\/\/maybommini.vn\/wp-content\/uploads\/2025\/01\/Binh-phun-thuoc-tru-sau-deo-vai-18L-12V-12Ah-Tan-Quan-My-QM317-18L-binh-chua-150x150.jpg 150w, https:\/\/maybommini.vn\/wp-content\/uploads\/2025\/01\/Binh-phun-thuoc-tru-sau-deo-vai-18L-12V-12Ah-Tan-Quan-My-QM317-18L-binh-chua-600x600.jpg 600w\" sizes=\"(max-width: 750px) 100vw, 750px\" \/><\/a><a href=\"https:\/\/maybommini.com\/wp-content\/uploads\/2025\/01\/Binh-phun-thuoc-tru-sau-deo-vai-18L-12V-12Ah-Tan-Quan-My-QM317-18L-lung-deo-vai.jpg\" target=\"_blank\" rel=\"noopener\"><img decoding=\"async\" class=\"size-full wp-image-277116 aligncenter\" src=\"https:\/\/maybommini.com\/wp-content\/uploads\/2025\/01\/Binh-phun-thuoc-tru-sau-deo-vai-18L-12V-12Ah-Tan-Quan-My-QM317-18L-lung-deo-vai.jpg\" alt=\"Binh Phun Thuoc Tru Sau Deo Vai 18L 12V 12Ah Tan Quan My QM317 18L Lung Deo Vai\" width=\"750\" height=\"750\" srcset=\"https:\/\/maybommini.vn\/wp-content\/uploads\/2025\/01\/Binh-phun-thuoc-tru-sau-deo-vai-18L-12V-12Ah-Tan-Quan-My-QM317-18L-lung-deo-vai.jpg 750w, https:\/\/maybommini.vn\/wp-content\/uploads\/2025\/01\/Binh-phun-thuoc-tru-sau-deo-vai-18L-12V-12Ah-Tan-Quan-My-QM317-18L-lung-deo-vai-300x300.jpg 300w, https:\/\/maybommini.vn\/wp-content\/uploads\/2025\/01\/Binh-phun-thuoc-tru-sau-deo-vai-18L-12V-12Ah-Tan-Quan-My-QM317-18L-lung-deo-vai-150x150.jpg 150w, https:\/\/maybommini.vn\/wp-content\/uploads\/2025\/01\/Binh-phun-thuoc-tru-sau-deo-vai-18L-12V-12Ah-Tan-Quan-My-QM317-18L-lung-deo-vai-600x600.jpg 600w\" sizes=\"(max-width: 750px) 100vw, 750px\" \/><\/a><a href=\"https:\/\/maybommini.com\/wp-content\/uploads\/2025\/01\/Binh-phun-thuoc-tru-sau-deo-vai-18L-12V-12Ah-Tan-Quan-My-QM317-18L-cong-sac-nut-nguon.jpg\" target=\"_blank\" rel=\"noopener\"><img decoding=\"async\" class=\"size-full wp-image-277122 aligncenter\" src=\"https:\/\/maybommini.com\/wp-content\/uploads\/2025\/01\/Binh-phun-thuoc-tru-sau-deo-vai-18L-12V-12Ah-Tan-Quan-My-QM317-18L-cong-sac-nut-nguon.jpg\" alt=\"Binh Phun Thuoc Tru Sau Deo Vai 18L 12V 12Ah Tan Quan My QM317 18L Cong Sac Nut Nguon\" width=\"750\" height=\"750\" srcset=\"https:\/\/maybommini.vn\/wp-content\/uploads\/2025\/01\/Binh-phun-thuoc-tru-sau-deo-vai-18L-12V-12Ah-Tan-Quan-My-QM317-18L-cong-sac-nut-nguon.jpg 750w, https:\/\/maybommini.vn\/wp-content\/uploads\/2025\/01\/Binh-phun-thuoc-tru-sau-deo-vai-18L-12V-12Ah-Tan-Quan-My-QM317-18L-cong-sac-nut-nguon-300x300.jpg 300w, https:\/\/maybommini.vn\/wp-content\/uploads\/2025\/01\/Binh-phun-thuoc-tru-sau-deo-vai-18L-12V-12Ah-Tan-Quan-My-QM317-18L-cong-sac-nut-nguon-150x150.jpg 150w, https:\/\/maybommini.vn\/wp-content\/uploads\/2025\/01\/Binh-phun-thuoc-tru-sau-deo-vai-18L-12V-12Ah-Tan-Quan-My-QM317-18L-cong-sac-nut-nguon-600x600.jpg 600w\" sizes=\"(max-width: 750px) 100vw, 750px\" \/><\/a><a href=\"https:\/\/maybommini.com\/wp-content\/uploads\/2025\/01\/Binh-phun-thuoc-tru-sau-deo-vai-18L-12V-12Ah-Tan-Quan-My-QM317-18L-dong-ho-bao.jpg\" target=\"_blank\" rel=\"noopener\"><img decoding=\"async\" class=\"size-full wp-image-277115 aligncenter\" src=\"https:\/\/maybommini.com\/wp-content\/uploads\/2025\/01\/Binh-phun-thuoc-tru-sau-deo-vai-18L-12V-12Ah-Tan-Quan-My-QM317-18L-dong-ho-bao.jpg\" alt=\"Binh Phun Thuoc Tru Sau Deo Vai 18L 12V 12Ah Tan Quan My QM317 18L Dong Ho Bao\" width=\"750\" height=\"750\" srcset=\"https:\/\/maybommini.vn\/wp-content\/uploads\/2025\/01\/Binh-phun-thuoc-tru-sau-deo-vai-18L-12V-12Ah-Tan-Quan-My-QM317-18L-dong-ho-bao.jpg 750w, https:\/\/maybommini.vn\/wp-content\/uploads\/2025\/01\/Binh-phun-thuoc-tru-sau-deo-vai-18L-12V-12Ah-Tan-Quan-My-QM317-18L-dong-ho-bao-300x300.jpg 300w, https:\/\/maybommini.vn\/wp-content\/uploads\/2025\/01\/Binh-phun-thuoc-tru-sau-deo-vai-18L-12V-12Ah-Tan-Quan-My-QM317-18L-dong-ho-bao-150x150.jpg 150w, https:\/\/maybommini.vn\/wp-content\/uploads\/2025\/01\/Binh-phun-thuoc-tru-sau-deo-vai-18L-12V-12Ah-Tan-Quan-My-QM317-18L-dong-ho-bao-600x600.jpg 600w\" sizes=\"(max-width: 750px) 100vw, 750px\" \/><\/a><a href=\"https:\/\/maybommini.com\/wp-content\/uploads\/2025\/01\/Binh-phun-thuoc-tru-sau-deo-vai-18L-12V-12Ah-Tan-Quan-My-QM317-18L-chinh-hang.jpg\" target=\"_blank\" rel=\"noopener\"><img decoding=\"async\" class=\"size-full wp-image-277121 aligncenter\" src=\"https:\/\/maybommini.com\/wp-content\/uploads\/2025\/01\/Binh-phun-thuoc-tru-sau-deo-vai-18L-12V-12Ah-Tan-Quan-My-QM317-18L-chinh-hang.jpg\" alt=\"Binh Phun Thuoc Tru Sau Deo Vai 18L 12V 12Ah Tan Quan My QM317 18L Chinh Hang\" width=\"750\" height=\"750\" srcset=\"https:\/\/maybommini.vn\/wp-content\/uploads\/2025\/01\/Binh-phun-thuoc-tru-sau-deo-vai-18L-12V-12Ah-Tan-Quan-My-QM317-18L-chinh-hang.jpg 750w, https:\/\/maybommini.vn\/wp-content\/uploads\/2025\/01\/Binh-phun-thuoc-tru-sau-deo-vai-18L-12V-12Ah-Tan-Quan-My-QM317-18L-chinh-hang-300x300.jpg 300w, https:\/\/maybommini.vn\/wp-content\/uploads\/2025\/01\/Binh-phun-thuoc-tru-sau-deo-vai-18L-12V-12Ah-Tan-Quan-My-QM317-18L-chinh-hang-150x150.jpg 150w, https:\/\/maybommini.vn\/wp-content\/uploads\/2025\/01\/Binh-phun-thuoc-tru-sau-deo-vai-18L-12V-12Ah-Tan-Quan-My-QM317-18L-chinh-hang-600x600.jpg 600w\" sizes=\"(max-width: 750px) 100vw, 750px\" \/><\/a><a href=\"https:\/\/maybommini.com\/wp-content\/uploads\/2025\/01\/Binh-phun-thuoc-tru-sau-deo-vai-18L-12V-12Ah-Tan-Quan-My-QM317-18L-dong-co.jpg\" target=\"_blank\" rel=\"noopener\"><img decoding=\"async\" class=\"size-full wp-image-277114 aligncenter\" src=\"https:\/\/maybommini.com\/wp-content\/uploads\/2025\/01\/Binh-phun-thuoc-tru-sau-deo-vai-18L-12V-12Ah-Tan-Quan-My-QM317-18L-dong-co.jpg\" alt=\"Binh Phun Thuoc Tru Sau Deo Vai 18L 12V 12Ah Tan Quan My QM317 18L Dong Co\" width=\"750\" height=\"750\" srcset=\"https:\/\/maybommini.vn\/wp-content\/uploads\/2025\/01\/Binh-phun-thuoc-tru-sau-deo-vai-18L-12V-12Ah-Tan-Quan-My-QM317-18L-dong-co.jpg 750w, https:\/\/maybommini.vn\/wp-content\/uploads\/2025\/01\/Binh-phun-thuoc-tru-sau-deo-vai-18L-12V-12Ah-Tan-Quan-My-QM317-18L-dong-co-300x300.jpg 300w, https:\/\/maybommini.vn\/wp-content\/uploads\/2025\/01\/Binh-phun-thuoc-tru-sau-deo-vai-18L-12V-12Ah-Tan-Quan-My-QM317-18L-dong-co-150x150.jpg 150w, https:\/\/maybommini.vn\/wp-content\/uploads\/2025\/01\/Binh-phun-thuoc-tru-sau-deo-vai-18L-12V-12Ah-Tan-Quan-My-QM317-18L-dong-co-600x600.jpg 600w\" sizes=\"(max-width: 750px) 100vw, 750px\" \/><\/a><br \/>\n<strong>H\u01af\u1edaNG D\u1eaaN S\u1eec D\u1ee4NG B\u00ccNH PHUN X\u1ecaT TR\u1eea S\u00c2U \u0110I\u1ec6N \u0110EO VAI<\/strong><br \/>\n&#8211; S\u1eed d\u1ee5ng b\u1ed9 s\u1ea1c k\u00e8m theo b\u00ecnh \u0111\u1ec3 s\u1ea1c \u0111i\u1ec7n cho \u1eafc quy th\u00f4ng qua c\u1ed5ng s\u1ea1c.<br \/>\n&#8211; \u1eaec quy \u0111\u1ea7y s\u1ebb t\u1ef1 ng\u1eaft \u0111i\u1ec7n th\u00f4ng minh.<br \/>\n&#8211; D\u00f9ng n\u01b0\u1edbc s\u1ea1ch kh\u00f4ng ch\u1ee9a t\u1ea1p ch\u1ea5t r\u00e1c v\u00e0 d\u00f9ng l\u1ecdc n\u01b0\u1edbc khi \u0111\u1ed5 \u0111\u1ea7y b\u00ecnh ch\u1ee9a.<br \/>\n&#8211; Pha lo\u00e3ng dung d\u1ecbch c\u1ea7n phun v\u00e0o n\u01b0\u1edbc khi cho v\u00e0o b\u00ecnh ch\u1ee9a.<br \/>\n&#8211; B\u1eadt n\u00fat ngu\u1ed3n tr\u00ean b\u00ecnh phun v\u00e0 n\u00fat \u0111i\u1ec1u ch\u1ec9nh t\u1ed1c \u0111\u1ed9 m\u00e1y b\u01a1m sao cho ph\u00f9 h\u1ee3p.<br \/>\n&#8211; Phun x\u1ecbt c\u1ea7n tu\u00e2n th\u1ee7 an to\u00e0n b\u1ea3o h\u1ed9 tr\u00e1nh \u1ea3nh h\u01b0\u1edfng s\u1ee9c kh\u1ecfe do h\u00f3a ch\u1ea5t.<br \/>\n&#8211; V\u1ec7 sinh b\u1eb1ng n\u01b0\u1edbc s\u1ea1ch sau khi phun x\u1ecbt h\u00f3a ch\u1ea5t, thu\u1ed1c tr\u1eeb s\u00e2u&#8230;<br \/>\n&#8211; S\u1ea1c \u0111\u1ea7y b\u00ecnh \u0111i\u1ec7n khi kh\u00f4ng phun x\u1ecbt \u0111\u1ec3 c\u1ea5t gi\u1eef tr\u00e1nh b\u1ecb h\u01b0 h\u1ecfng b\u00ecnh \u1eafc quy.<br \/>\n&#8211; \u0110\u1ec3 n\u01a1i kh\u00f4 r\u00e1o tho\u00e1ng m\u00e1t, tr\u00e1nh tr\u1ebb em.<\/p>\n<p><strong><a href=\"https:\/\/maybommini.com\/wp-content\/uploads\/2025\/01\/Binh-phun-thuoc-tru-sau-deo-vai-18L-12V-12Ah-Tan-Quan-My-QM317-18L-luu-y-khi-suu-dung.jpg\" target=\"_blank\" rel=\"noopener\"><img decoding=\"async\" class=\"size-full wp-image-277123 aligncenter\" src=\"https:\/\/maybommini.com\/wp-content\/uploads\/2025\/01\/Binh-phun-thuoc-tru-sau-deo-vai-18L-12V-12Ah-Tan-Quan-My-QM317-18L-luu-y-khi-suu-dung.jpg\" alt=\"Binh Phun Thuoc Tru Sau Deo Vai 18L 12V 12Ah Tan Quan My QM317 18L Luu Y Khi Suu Dung\" width=\"750\" height=\"750\" srcset=\"https:\/\/maybommini.vn\/wp-content\/uploads\/2025\/01\/Binh-phun-thuoc-tru-sau-deo-vai-18L-12V-12Ah-Tan-Quan-My-QM317-18L-luu-y-khi-suu-dung.jpg 750w, https:\/\/maybommini.vn\/wp-content\/uploads\/2025\/01\/Binh-phun-thuoc-tru-sau-deo-vai-18L-12V-12Ah-Tan-Quan-My-QM317-18L-luu-y-khi-suu-dung-300x300.jpg 300w, https:\/\/maybommini.vn\/wp-content\/uploads\/2025\/01\/Binh-phun-thuoc-tru-sau-deo-vai-18L-12V-12Ah-Tan-Quan-My-QM317-18L-luu-y-khi-suu-dung-150x150.jpg 150w, https:\/\/maybommini.vn\/wp-content\/uploads\/2025\/01\/Binh-phun-thuoc-tru-sau-deo-vai-18L-12V-12Ah-Tan-Quan-My-QM317-18L-luu-y-khi-suu-dung-600x600.jpg 600w\" sizes=\"(max-width: 750px) 100vw, 750px\" \/><\/a>S\u1eec D\u1ee4NG B\u00ccNH PHUN X\u1ecaT B\u1eb0NG \u0110I\u1ec6N<\/strong><br \/>\n&#8211; S\u1eed d\u1ee5ng phun x\u1ecbt thu\u1ed1c tr\u1eeb s\u00e2u cho ru\u1ed9ng v\u01b0\u1eddn c\u00e2y \u0103n tr\u00e1i hoa m\u00e0u r\u1ea5t t\u1ed1t.<br \/>\n&#8211; Phun x\u1ecbt di\u1ec7t ru\u1ed3i mu\u1ed7i c\u00f4n tr\u00f9ng trong nh\u00e0, b\u1ec7nh bi\u1ec7n, qu\u00e1n \u0103n, v\u0103n ph\u00f2ng &#8230;<br \/>\n&#8211; Phun x\u1ecbt kh\u1eed khu\u1ea9n s\u00e1t tr\u00f9ng ch\u1ed1ng d\u1ecbch b\u1ec7nh.<br \/>\n&#8211; Phun t\u01b0\u1edbi c\u00e2y, l\u00e0m m\u00e1t cho v\u01b0\u1eddn.<br \/>\n&#8211; Phun x\u1ecbt di\u1ec7t mu\u1ed7i s\u1ed1t s\u1ed1t huy\u1ebft.<br \/>\n&#8211; D\u1ee5ng c\u1ee5 ph\u00f2ng d\u1ecbch ch\u1ed1ng d\u1ecbch b\u1ec7nh.<br \/>\n&#8211; Nhi\u1ec1u \u1ee9ng d\u1ee5ng kh\u00e1c cho b\u00ecnh phun x\u1ecbt b\u1eb1ng \u0111i\u1ec7n ti\u1ec7n l\u1ee3i.<\/p>\n<p><a href=\"https:\/\/maybommini.com\/wp-content\/uploads\/2025\/01\/Binh-phun-thuoc-tru-sau-deo-vai-18L-12V-12Ah-Tan-Quan-My-QM317-18L-su-dung.jpg\" target=\"_blank\" rel=\"noopener\"><img decoding=\"async\" class=\"size-full wp-image-277118 aligncenter\" src=\"https:\/\/maybommini.com\/wp-content\/uploads\/2025\/01\/Binh-phun-thuoc-tru-sau-deo-vai-18L-12V-12Ah-Tan-Quan-My-QM317-18L-su-dung.jpg\" alt=\"Binh Phun Thuoc Tru Sau Deo Vai 18L 12V 12Ah Tan Quan My QM317 18L Su Dung\" width=\"750\" height=\"750\" srcset=\"https:\/\/maybommini.vn\/wp-content\/uploads\/2025\/01\/Binh-phun-thuoc-tru-sau-deo-vai-18L-12V-12Ah-Tan-Quan-My-QM317-18L-su-dung.jpg 750w, https:\/\/maybommini.vn\/wp-content\/uploads\/2025\/01\/Binh-phun-thuoc-tru-sau-deo-vai-18L-12V-12Ah-Tan-Quan-My-QM317-18L-su-dung-300x300.jpg 300w, https:\/\/maybommini.vn\/wp-content\/uploads\/2025\/01\/Binh-phun-thuoc-tru-sau-deo-vai-18L-12V-12Ah-Tan-Quan-My-QM317-18L-su-dung-150x150.jpg 150w, https:\/\/maybommini.vn\/wp-content\/uploads\/2025\/01\/Binh-phun-thuoc-tru-sau-deo-vai-18L-12V-12Ah-Tan-Quan-My-QM317-18L-su-dung-600x600.jpg 600w\" sizes=\"(max-width: 750px) 100vw, 750px\" \/><\/a><\/p>\n<p><strong>MUA B\u00ccNH PHUN X\u1ecaT TR\u1eea S\u00c2U DI\u1ec6T KHU\u1ea8N \u1ede \u0110\u00c2U ?<\/strong><br \/>\n<a href=\"https:\/\/maybommini.com\/\" target=\"_blank\" rel=\"noopener noreferrer\">MBM \u2013 MAYBOMMINI.COM<\/a> l\u00e0 nh\u00e0 cung c\u1ea5p c\u00e1c lo\u1ea1i b\u00ecnh phun \u0111i\u1ec7n, m\u00e1y phun x\u1ecbt \u00e1p l\u1ef1c, thi\u1ebft b\u1ecb kh\u1eed khu\u1ea9n ch\u00ednh h\u00e3ng gi\u00e1 t\u1ed1t b\u1ea3o h\u00e0nh l\u00e2u d\u00e0i v\u00e0 kh\u00e1ch h\u00e0ng \u0111\u01b0\u1ee3c h\u1ed5 tr\u1ee3 k\u1ef9 thu\u1eadt tr\u1ecdn \u0111\u1eddi.<br \/>\nM\u1ecdi chi ti\u1ebft vui l\u00f2ng li\u00ean h\u1ec7 tr\u1ef1c ti\u1ebfp cho ch\u00fang t\u00f4i \u0111\u1ec3 \u0111\u01b0\u1ee3c t\u01b0 v\u1ea5n theo nhu c\u1ea7u \u0111\u1ec3 c\u00f3 \u0111\u01b0\u1ee3c b\u1ed9 s\u1ea3n ph\u1ea9m t\u1ed1t nh\u1ea5t v\u00e0 ti\u1ebft ki\u1ec7m. B\u1ea1n \u1edf xa v\u1eabn c\u00f3 th\u1ec3 mua h\u00e0ng v\u00e0 giao h\u00e0ng thanh to\u00e1n ti\u1ec1n t\u1ea1i nh\u00e0.<br \/>\n<strong>Tel\/Zalo:\u00a0<\/strong><a href=\"tel:02873030399\">02873030399<\/a>\u00a0\u2013\u00a0<a href=\"tel:09072944310\">09072944310<\/a><strong><br \/>\nWebsite:<\/strong>\u00a0<a href=\"https:\/\/maybommini.com\/\" target=\"_blank\" rel=\"noopener\">https:\/\/maybommini.com<\/a><br \/>\n<strong>Email:<\/strong>\u00a0maybommini.com@gmail.com<\/p>\n<h4 style=\"text-align: center;\">B\u00ecnh phun tr\u1eeb s\u00e2u \u0111eo vai 18L 9Ah QM317-18L ch\u00ednh h\u00e3ng<\/h4>\n<h4 style=\"text-align: center;\"><strong><a href=\"https:\/\/maybommini.com\/wp-content\/uploads\/2025\/01\/Binh-phun-thuoc-tru-sau-deo-vai-18L-12V-9Ah-Tan-Quan-My-QM317-18L.jpg\" target=\"_blank\" rel=\"noopener\"><img decoding=\"async\" class=\"alignnone size-full wp-image-277109\" src=\"https:\/\/maybommini.com\/wp-content\/uploads\/2025\/01\/Binh-phun-thuoc-tru-sau-deo-vai-18L-12V-9Ah-Tan-Quan-My-QM317-18L.jpg\" alt=\"Binh Phun Thuoc Tru Sau Deo Vai 18L 12V 9Ah Tan Quan My QM317 18L\" width=\"750\" height=\"750\" srcset=\"https:\/\/maybommini.vn\/wp-content\/uploads\/2025\/01\/Binh-phun-thuoc-tru-sau-deo-vai-18L-12V-9Ah-Tan-Quan-My-QM317-18L.jpg 750w, https:\/\/maybommini.vn\/wp-content\/uploads\/2025\/01\/Binh-phun-thuoc-tru-sau-deo-vai-18L-12V-9Ah-Tan-Quan-My-QM317-18L-300x300.jpg 300w, https:\/\/maybommini.vn\/wp-content\/uploads\/2025\/01\/Binh-phun-thuoc-tru-sau-deo-vai-18L-12V-9Ah-Tan-Quan-My-QM317-18L-150x150.jpg 150w, https:\/\/maybommini.vn\/wp-content\/uploads\/2025\/01\/Binh-phun-thuoc-tru-sau-deo-vai-18L-12V-9Ah-Tan-Quan-My-QM317-18L-600x600.jpg 600w\" sizes=\"(max-width: 750px) 100vw, 750px\" \/><\/a><\/strong><\/h4>\n<h4 style=\"text-align: center;\">B\u00ecnh phun tr\u1eeb s\u00e2u \u0111eo vai 18L 12Ah QM317-18L ch\u00ednh h\u00e3ng<\/h4>\n<h4 style=\"text-align: center;\"><a href=\"https:\/\/maybommini.com\/wp-content\/uploads\/2025\/01\/Binh-phun-thuoc-tru-sau-deo-vai-18L-12V-12Ah-Tan-Quan-My-QM317-18L.jpg\" target=\"_blank\" rel=\"noopener\"><img decoding=\"async\" class=\"alignnone size-full wp-image-277119\" src=\"https:\/\/maybommini.com\/wp-content\/uploads\/2025\/01\/Binh-phun-thuoc-tru-sau-deo-vai-18L-12V-12Ah-Tan-Quan-My-QM317-18L.jpg\" alt=\"Binh Phun Thuoc Tru Sau Deo Vai 18L 12V 12Ah Tan Quan My QM317 18L\" width=\"750\" height=\"750\" srcset=\"https:\/\/maybommini.vn\/wp-content\/uploads\/2025\/01\/Binh-phun-thuoc-tru-sau-deo-vai-18L-12V-12Ah-Tan-Quan-My-QM317-18L.jpg 750w, https:\/\/maybommini.vn\/wp-content\/uploads\/2025\/01\/Binh-phun-thuoc-tru-sau-deo-vai-18L-12V-12Ah-Tan-Quan-My-QM317-18L-300x300.jpg 300w, https:\/\/maybommini.vn\/wp-content\/uploads\/2025\/01\/Binh-phun-thuoc-tru-sau-deo-vai-18L-12V-12Ah-Tan-Quan-My-QM317-18L-150x150.jpg 150w, https:\/\/maybommini.vn\/wp-content\/uploads\/2025\/01\/Binh-phun-thuoc-tru-sau-deo-vai-18L-12V-12Ah-Tan-Quan-My-QM317-18L-600x600.jpg 600w\" sizes=\"(max-width: 750px) 100vw, 750px\" \/><\/a><br \/>\nB\u00ecnh phun tr\u1eeb s\u00e2u \u0111eo vai 18L 12Ah b\u01a1m \u0111\u00f4i QM317-18L ch\u00ednh h\u00e3ng<\/h4>\n<h4 style=\"text-align: center;\">B\u00ecnh phun \u0111i\u1ec7n \u0111eo vai &#8211; ch\u00ednh h\u00e3ng<br \/>\nB\u00ecnh phun x\u1ecbt tr\u1eeb s\u00e2u kh\u1eed khu\u1ea9n t\u01b0\u1edbi c\u00e2y b\u1eb1ng \u0111i\u1ec7n<br \/>\nCHUY\u00caN PH\u00c2N PH\u1ed0I B\u00ccNH PHUN X\u1ecaT \u0110I\u1ec6N T\u01af\u1edaI C\u00c2Y TR\u1eea S\u00c2U<\/h4>\n","protected":false},"excerpt":{"rendered":"<p>Th\u01b0\u01a1ng hi\u1ec7u: QM<br \/>\nModel: QM317-18L<br \/>\nDung t\u00edch b\u00ecnh ch\u1ee9a: 18 &#8211; 20 l\u00edt.<br \/>\nM\u00e1y b\u01a1m \u00e1p l\u1ef1c mini cao c\u1ea5p.<br \/>\nB\u00ecnh \u1eafc quy 12V 12Ah<br \/>\nC\u1ea7n phun d\u00e0i c\u00f3 th\u1ec3 thu g\u1ecdn.<br \/>\nB\u00e9c phun x\u1ecbt c\u00f3 th\u1ec3 \u0111i\u1ec1u ch\u00ecnh nhi\u1ec1u lo\u1ea1i.<br \/>\nN\u00fat \u0111i\u1ec1u ch\u00ecnh t\u1ed1c \u0111\u1ed9 m\u00e1y b\u01a1m.<br \/>\nMotor m\u00e1y b\u01a1m d\u00e2y 100% d\u00e2y \u0111\u1ed3ng<br \/>\n\u1eaec quy hi\u1ec7u su\u1ea5t cao.<br \/>\nS\u1ea1c b\u00ecnh \u1eafc quy t\u1ef1 \u0111\u1ed9ng th\u00f4ng minh.<br \/>\nL\u1ecdc n\u01b0\u1edbc b\u00ecnh ch\u1ee9a.<br \/>\nV\u1ecf b\u00ecnh nh\u1ef1a PP d\u00e0y.<br \/>\nM\u00e0u s\u1eafx: Xanh &#8211; V\u00e0ng<br \/>\nCh\u1ea5t li\u1ec7u: Nh\u1ef1a &#8211; \u0110\u1ed3ng &#8211; Inox<br \/>\nTr\u1ecdng l\u01b0\u1ee3ng: 9 Kg<br \/>\nB\u1ea3o h\u00e0nh: 6 th\u00e1ng<\/p>\n","protected":false},"featured_media":277119,"comment_status":"open","ping_status":"closed","template":"","meta":[],"product_brand":[],"product_cat":[3303],"product_tag":[3191,4608,4607,3633,4657,4656,4658,3188,4651,3305,3192,4652,4653,4654,3630,3631,3632,2349],"class_list":{"0":"post-277113","1":"product","2":"type-product","3":"status-publish","4":"has-post-thumbnail","6":"product_cat-binh-phun-xit-tru-sau-khu-trung","7":"product_tag-binh-dien","8":"product_tag-binh-dien-20l","9":"product_tag-binh-dien-deo-vai","10":"product_tag-binh-dien-phun-tru-sau","11":"product_tag-binh-phun-12l","12":"product_tag-binh-phun-16l","13":"product_tag-binh-phun-20l","14":"product_tag-binh-phun-bang-dien","15":"product_tag-binh-phun-dao-thuoc","16":"product_tag-binh-phun-khu-khuan","17":"product_tag-binh-phun-tru-sau","18":"product_tag-binh-xit-dien","19":"product_tag-binh-xit-dien-the-he-moi","20":"product_tag-binh-xit-motokawa","21":"product_tag-binh-xit-muoi","22":"product_tag-binh-xit-tru-sau","23":"product_tag-phun-xit-tru-sau","24":"product_tag-qm","26":"first","27":"instock","28":"featured","29":"shipping-taxable","30":"purchasable","31":"product-type-simple"},"_links":{"self":[{"href":"https:\/\/maybommini.vn\/index.php?rest_route=\/wp\/v2\/product\/277113","targetHints":{"allow":["GET"]}}],"collection":[{"href":"https:\/\/maybommini.vn\/index.php?rest_route=\/wp\/v2\/product"}],"about":[{"href":"https:\/\/maybommini.vn\/index.php?rest_route=\/wp\/v2\/types\/product"}],"replies":[{"embeddable":true,"href":"https:\/\/maybommini.vn\/index.php?rest_route=%2Fwp%2Fv2%2Fcomments&post=277113"}],"wp:featuredmedia":[{"embeddable":true,"href":"https:\/\/maybommini.vn\/index.php?rest_route=\/wp\/v2\/media\/277119"}],"wp:attachment":[{"href":"https:\/\/maybommini.vn\/index.php?rest_route=%2Fwp%2Fv2%2Fmedia&parent=277113"}],"wp:term":[{"taxonomy":"product_brand","embeddable":true,"href":"https:\/\/maybommini.vn\/index.php?rest_route=%2Fwp%2Fv2%2Fproduct_brand&post=277113"},{"taxonomy":"product_cat","embeddable":true,"href":"https:\/\/maybommini.vn\/index.php?rest_route=%2Fwp%2Fv2%2Fproduct_cat&post=277113"},{"taxonomy":"product_tag","embeddable":true,"href":"https:\/\/maybommini.vn\/index.php?rest_route=%2Fwp%2Fv2%2Fproduct_tag&post=277113"}],"curies":[{"name":"wp","href":"https:\/\/api.w.org\/{rel}","templated":true}]}}