{"id":277352,"date":"2025-03-17T21:04:57","date_gmt":"2025-03-17T14:04:57","guid":{"rendered":"https:\/\/maybommini.com\/?post_type=product&#038;p=277352"},"modified":"2025-03-17T21:32:28","modified_gmt":"2025-03-17T14:32:28","slug":"bien-ap-220v-ra-100v-120v-550va-sanshun-chinh-hang","status":"publish","type":"product","link":"https:\/\/maybommini.vn\/?product=bien-ap-220v-ra-100v-120v-550va-sanshun-chinh-hang","title":{"rendered":"Bi\u1ebfn \u00e1p 220V ra 100V 120V 550VA SANSHUN ch\u00ednh h\u00e3ng"},"content":{"rendered":"<p><strong>Bi\u1ebfn \u00e1p \u0111\u1ed5i ngu\u1ed3n \u0111i\u1ec7n 220V ra 100V 120V 550VA SANSHUN ch\u00ednh h\u00e3ng cho c\u00e1c d\u00e0n \u00e2m thanh n\u1ed9i \u0111\u1ecba Nh\u1eadt M\u1ef9, c\u00e1c lo\u1ea1i \u0111\u1ed3 \u0111i\u1ec7n t\u1eed n\u1ed9i \u0111\u1ecba, s\u1ea1c \u0111i\u1ec7n tho\u1ea1i, m\u00e1y may, t\u1ee7 l\u1ea1nh, thi\u1ebft b\u1ecb \u0111i\u1ec7n gia d\u1ee5ng, thi\u1ebft b\u1ecb \u0111i\u1ec7n t\u1eed.<\/strong><\/p>\n<p><a href=\"https:\/\/maybommini.com\/wp-content\/uploads\/2025\/03\/Bien-ap-220v-ra-110V-550VA-Sanshun-chinh-hang.jpg\" target=\"_blank\" rel=\"noopener\"><img decoding=\"async\" class=\"size-full wp-image-277356 aligncenter\" src=\"https:\/\/maybommini.com\/wp-content\/uploads\/2025\/03\/Bien-ap-220v-ra-110V-550VA-Sanshun-chinh-hang.jpg\" alt=\"Bien Ap 220v Ra 110V 550VA Sanshun Chinh Hang\" width=\"750\" height=\"750\" srcset=\"https:\/\/maybommini.vn\/wp-content\/uploads\/2025\/03\/Bien-ap-220v-ra-110V-550VA-Sanshun-chinh-hang.jpg 750w, https:\/\/maybommini.vn\/wp-content\/uploads\/2025\/03\/Bien-ap-220v-ra-110V-550VA-Sanshun-chinh-hang-300x300.jpg 300w, https:\/\/maybommini.vn\/wp-content\/uploads\/2025\/03\/Bien-ap-220v-ra-110V-550VA-Sanshun-chinh-hang-150x150.jpg 150w, https:\/\/maybommini.vn\/wp-content\/uploads\/2025\/03\/Bien-ap-220v-ra-110V-550VA-Sanshun-chinh-hang-600x600.jpg 600w\" sizes=\"(max-width: 750px) 100vw, 750px\" \/><\/a><br \/>\n<strong>TH\u00d4NG S\u1ed0 K\u1ef8 THU\u1eacT<br \/>\n<\/strong>Th\u01b0\u01a1ng hi\u1ec7u: SANSHUN<br \/>\n\u0110i\u1ec7n \u00e1p v\u00e0o: 220V AC<br \/>\n\u0110i\u1ec7n \u00e1p ra: 120V &#8211; 100V AC<br \/>\nT\u1ea7n s\u1ed1: 49Hz ~ 50Hz<br \/>\nC\u00f4ng su\u1ea5t: 550 VA<br \/>\nD\u00f2ng t\u1ea3i: 5A<br \/>\n\u0110i\u1ec7n tr\u1edf c\u00e1ch \u0111i\u1ec7n l\u1edbn h\u01a1n 5M\u2126 \u1edf \u0111i\u1ec7n \u00e1p 1000VDC<br \/>\nHi\u1ec7u su\u1ea5t: \u2265 90%<br \/>\n\u0110\u1ed9 \u1ed3n: \u2264 40dB<br \/>\nNhi\u1ec7t \u0111\u1ed9 m\u00f4i tr\u01b0\u1eddng: 5 -40\u02daC<br \/>\nNguy\u00ean l\u00fd ho\u1ea1t \u0111\u1ed9ng: Bi\u1ebfn \u00e1p t\u1ef1 ng\u1eabu<br \/>\nK\u00edch th\u01b0\u1edbc: 130x140x100 mm<br \/>\nTr\u1ecdng l\u01b0\u1ee3ng: 1.8 kg<br \/>\nTh\u1eddi gian b\u1ea3o h\u00e0nh: 06 th\u00e1ng<\/p>\n<p><strong><a href=\"https:\/\/maybommini.com\/wp-content\/uploads\/2025\/03\/Bien-ap-220v-ra-110V-550VA-Sanshun-chinh-hang-gia-re.jpg\" target=\"_blank\" rel=\"noopener\"><img decoding=\"async\" class=\"size-full wp-image-277358 aligncenter\" src=\"https:\/\/maybommini.com\/wp-content\/uploads\/2025\/03\/Bien-ap-220v-ra-110V-550VA-Sanshun-chinh-hang-gia-re.jpg\" alt=\"Bien Ap 220v Ra 110V 550VA Sanshun Chinh Hang Gia Re\" width=\"750\" height=\"750\" srcset=\"https:\/\/maybommini.vn\/wp-content\/uploads\/2025\/03\/Bien-ap-220v-ra-110V-550VA-Sanshun-chinh-hang-gia-re.jpg 750w, https:\/\/maybommini.vn\/wp-content\/uploads\/2025\/03\/Bien-ap-220v-ra-110V-550VA-Sanshun-chinh-hang-gia-re-300x300.jpg 300w, https:\/\/maybommini.vn\/wp-content\/uploads\/2025\/03\/Bien-ap-220v-ra-110V-550VA-Sanshun-chinh-hang-gia-re-150x150.jpg 150w, https:\/\/maybommini.vn\/wp-content\/uploads\/2025\/03\/Bien-ap-220v-ra-110V-550VA-Sanshun-chinh-hang-gia-re-600x600.jpg 600w\" sizes=\"(max-width: 750px) 100vw, 750px\" \/><\/a><a href=\"https:\/\/maybommini.com\/wp-content\/uploads\/2025\/03\/Bien-ap-220v-ra-110V-550VA-Sanshun-chinh-hang-gia-re-cao-cap.jpg\" target=\"_blank\" rel=\"noopener\"><img decoding=\"async\" class=\"size-full wp-image-277353 aligncenter\" src=\"https:\/\/maybommini.com\/wp-content\/uploads\/2025\/03\/Bien-ap-220v-ra-110V-550VA-Sanshun-chinh-hang-gia-re-cao-cap.jpg\" alt=\"Bien Ap 220v Ra 110V 550VA Sanshun Chinh Hang Gia Re Cao Cap\" width=\"750\" height=\"750\" srcset=\"https:\/\/maybommini.vn\/wp-content\/uploads\/2025\/03\/Bien-ap-220v-ra-110V-550VA-Sanshun-chinh-hang-gia-re-cao-cap.jpg 750w, https:\/\/maybommini.vn\/wp-content\/uploads\/2025\/03\/Bien-ap-220v-ra-110V-550VA-Sanshun-chinh-hang-gia-re-cao-cap-300x300.jpg 300w, https:\/\/maybommini.vn\/wp-content\/uploads\/2025\/03\/Bien-ap-220v-ra-110V-550VA-Sanshun-chinh-hang-gia-re-cao-cap-150x150.jpg 150w, https:\/\/maybommini.vn\/wp-content\/uploads\/2025\/03\/Bien-ap-220v-ra-110V-550VA-Sanshun-chinh-hang-gia-re-cao-cap-600x600.jpg 600w\" sizes=\"(max-width: 750px) 100vw, 750px\" \/><\/a><a href=\"https:\/\/maybommini.com\/wp-content\/uploads\/2025\/03\/Bien-ap-220v-ra-110V-550VA-Sanshun-chinh-hang-trong-luong.jpg\" target=\"_blank\" rel=\"noopener\"><img decoding=\"async\" class=\"size-full wp-image-277354 aligncenter\" src=\"https:\/\/maybommini.com\/wp-content\/uploads\/2025\/03\/Bien-ap-220v-ra-110V-550VA-Sanshun-chinh-hang-trong-luong.jpg\" alt=\"Bien Ap 220v Ra 110V 550VA Sanshun Chinh Hang Trong Luong\" width=\"750\" height=\"750\" srcset=\"https:\/\/maybommini.vn\/wp-content\/uploads\/2025\/03\/Bien-ap-220v-ra-110V-550VA-Sanshun-chinh-hang-trong-luong.jpg 750w, https:\/\/maybommini.vn\/wp-content\/uploads\/2025\/03\/Bien-ap-220v-ra-110V-550VA-Sanshun-chinh-hang-trong-luong-300x300.jpg 300w, https:\/\/maybommini.vn\/wp-content\/uploads\/2025\/03\/Bien-ap-220v-ra-110V-550VA-Sanshun-chinh-hang-trong-luong-150x150.jpg 150w, https:\/\/maybommini.vn\/wp-content\/uploads\/2025\/03\/Bien-ap-220v-ra-110V-550VA-Sanshun-chinh-hang-trong-luong-600x600.jpg 600w\" sizes=\"(max-width: 750px) 100vw, 750px\" \/><\/a><a href=\"https:\/\/maybommini.com\/wp-content\/uploads\/2025\/03\/ban-bien-ap-220v-ra-110V-550VA-Sanshun-chinh-hang.jpg\" target=\"_blank\" rel=\"noopener\"><img decoding=\"async\" class=\"size-full wp-image-277355 aligncenter\" src=\"https:\/\/maybommini.com\/wp-content\/uploads\/2025\/03\/ban-bien-ap-220v-ra-110V-550VA-Sanshun-chinh-hang.jpg\" alt=\"Ban Bien Ap 220v Ra 110V 550VA Sanshun Chinh Hang\" width=\"750\" height=\"750\" srcset=\"https:\/\/maybommini.vn\/wp-content\/uploads\/2025\/03\/ban-bien-ap-220v-ra-110V-550VA-Sanshun-chinh-hang.jpg 750w, https:\/\/maybommini.vn\/wp-content\/uploads\/2025\/03\/ban-bien-ap-220v-ra-110V-550VA-Sanshun-chinh-hang-300x300.jpg 300w, https:\/\/maybommini.vn\/wp-content\/uploads\/2025\/03\/ban-bien-ap-220v-ra-110V-550VA-Sanshun-chinh-hang-150x150.jpg 150w, https:\/\/maybommini.vn\/wp-content\/uploads\/2025\/03\/ban-bien-ap-220v-ra-110V-550VA-Sanshun-chinh-hang-600x600.jpg 600w\" sizes=\"(max-width: 750px) 100vw, 750px\" \/><\/a><a href=\"https:\/\/maybommini.com\/wp-content\/uploads\/2025\/03\/Bien-ap-220v-ra-110V-550VA-Sanshun-chinh-hang-cao-cap.jpg\" target=\"_blank\" rel=\"noopener\"><img decoding=\"async\" class=\"size-full wp-image-277357 aligncenter\" src=\"https:\/\/maybommini.com\/wp-content\/uploads\/2025\/03\/Bien-ap-220v-ra-110V-550VA-Sanshun-chinh-hang-cao-cap.jpg\" alt=\"Bien Ap 220v Ra 110V 550VA Sanshun Chinh Hang Cao Cap\" width=\"750\" height=\"750\" srcset=\"https:\/\/maybommini.vn\/wp-content\/uploads\/2025\/03\/Bien-ap-220v-ra-110V-550VA-Sanshun-chinh-hang-cao-cap.jpg 750w, https:\/\/maybommini.vn\/wp-content\/uploads\/2025\/03\/Bien-ap-220v-ra-110V-550VA-Sanshun-chinh-hang-cao-cap-300x300.jpg 300w, https:\/\/maybommini.vn\/wp-content\/uploads\/2025\/03\/Bien-ap-220v-ra-110V-550VA-Sanshun-chinh-hang-cao-cap-150x150.jpg 150w, https:\/\/maybommini.vn\/wp-content\/uploads\/2025\/03\/Bien-ap-220v-ra-110V-550VA-Sanshun-chinh-hang-cao-cap-600x600.jpg 600w\" sizes=\"(max-width: 750px) 100vw, 750px\" \/><\/a>H\u01af\u1edaNG D\u1eaaN S\u1eec D\u1ee4NG BI\u1ebeN \u00c1P \u0110\u1ed4I NGU\u1ed2N<\/strong><br \/>\n&#8211; K\u1ebf n\u1ed1i bi\u1ebfn \u00e1p v\u00e0o \u0111i\u1ec7n l\u01b0\u1edbi 220V.<br \/>\n&#8211; K\u1ebft n\u1ed1i thi\u1ebft b\u1ecb c\u1ea7n s\u1eed d\u1ee5ng v\u00e0o \u1ed5 \u0111i\u1ec7n tr\u00ean bi\u1ebfn \u00e1p 100V 120V.<br \/>\n&#8211; C\u00f4ng su\u1ea5t thi\u1ebft b\u1ecb nh\u1ecf h\u01a1n c\u00f4ng su\u1ea5t bi\u1ebfn \u00e1p.<br \/>\n&#8211; S\u1eed d\u1ee5nh n\u01a1i kh\u00f4 r\u00e1o, tho\u00e1t m\u00e1t.<\/p>\n<p><strong><a href=\"https:\/\/maybommini.com\/wp-content\/uploads\/2025\/03\/phann-phoi-bien-ap-220v-ra-110V-550VA-Sanshun-chinh-hang.jpg\" target=\"_blank\" rel=\"noopener\"><img decoding=\"async\" class=\"size-full wp-image-277361 aligncenter\" src=\"https:\/\/maybommini.com\/wp-content\/uploads\/2025\/03\/phann-phoi-bien-ap-220v-ra-110V-550VA-Sanshun-chinh-hang.jpg\" alt=\"Phann Phoi Bien Ap 220v Ra 110V 550VA Sanshun Chinh Hang\" width=\"750\" height=\"750\" srcset=\"https:\/\/maybommini.vn\/wp-content\/uploads\/2025\/03\/phann-phoi-bien-ap-220v-ra-110V-550VA-Sanshun-chinh-hang.jpg 750w, https:\/\/maybommini.vn\/wp-content\/uploads\/2025\/03\/phann-phoi-bien-ap-220v-ra-110V-550VA-Sanshun-chinh-hang-300x300.jpg 300w, https:\/\/maybommini.vn\/wp-content\/uploads\/2025\/03\/phann-phoi-bien-ap-220v-ra-110V-550VA-Sanshun-chinh-hang-150x150.jpg 150w, https:\/\/maybommini.vn\/wp-content\/uploads\/2025\/03\/phann-phoi-bien-ap-220v-ra-110V-550VA-Sanshun-chinh-hang-600x600.jpg 600w\" sizes=\"(max-width: 750px) 100vw, 750px\" \/><\/a>\u00a0S\u1eec D\u1ee4NG BI\u1ebeN \u00c1P \u0110\u1ed4I NGU\u1ed2N<\/strong><br \/>\n&#8211; S\u1eed d\u1ee5ng cho thi\u1ebft b\u1ecb n\u1ed9i \u0111\u1ecba Nh\u1eadt, M\u1ef9 c\u00f3 \u0111i\u1ec7n th\u1ebf 110V.<br \/>\n&#8211; S\u1eed d\u1ee5ng thi\u1ebft b\u1ecb \u0111i\u1ec7n t\u1eed n\u1ed9i \u0111\u1ecba.<br \/>\n&#8211; S\u1eed d\u1ee5ng cho m\u00e1y may.<br \/>\n&#8211; S\u1eed d\u1ee5ng cho b\u1ed9 s\u1ea1c pin m\u00e1y khoan n\u1ed9i \u0111\u1ecba, m\u00e1y khoan Nh\u1eadt b\u00e3i&#8230;<br \/>\n&#8211; S\u1eed d\u1ee5ng cho thi\u1ebft b\u1ecb \u00e2m thanh n\u1ed9i \u0111\u1ecba.<br \/>\n&#8211; V\u00e0 nhi\u1ec1u \u1ee9ng d\u1ee5ng kh\u00e1c d\u00f9ng \u0111i\u1ec7n 100V 110V 120V.<\/p>\n<h5><strong><a href=\"https:\/\/maybommini.com\/wp-content\/uploads\/2025\/03\/do-bien-ap-220v-ra-110V-550VA-Sanshun-chinh-hang.jpg\" target=\"_blank\" rel=\"noopener\"><img decoding=\"async\" class=\"size-full wp-image-277360 aligncenter\" src=\"https:\/\/maybommini.com\/wp-content\/uploads\/2025\/03\/do-bien-ap-220v-ra-110V-550VA-Sanshun-chinh-hang.jpg\" alt=\"Do Bien Ap 220v Ra 110V 550VA Sanshun Chinh Hang\" width=\"750\" height=\"750\" srcset=\"https:\/\/maybommini.vn\/wp-content\/uploads\/2025\/03\/do-bien-ap-220v-ra-110V-550VA-Sanshun-chinh-hang.jpg 750w, https:\/\/maybommini.vn\/wp-content\/uploads\/2025\/03\/do-bien-ap-220v-ra-110V-550VA-Sanshun-chinh-hang-300x300.jpg 300w, https:\/\/maybommini.vn\/wp-content\/uploads\/2025\/03\/do-bien-ap-220v-ra-110V-550VA-Sanshun-chinh-hang-150x150.jpg 150w, https:\/\/maybommini.vn\/wp-content\/uploads\/2025\/03\/do-bien-ap-220v-ra-110V-550VA-Sanshun-chinh-hang-600x600.jpg 600w\" sizes=\"(max-width: 750px) 100vw, 750px\" \/><\/a><\/strong><\/h5>\n<h5 style=\"text-align: center;\"><em>Bi\u1ebfn \u00e1p 220V ra 100V 120V 550VA SANSHUN ch\u00ednh h\u00e3ng<\/em><\/h5>\n<p><strong><a href=\"https:\/\/maybommini.com\/wp-content\/uploads\/2025\/03\/Bien-ap-220v-ra-110V-tiu-lanh-550VA-Sanshun-chinh-hang.jpg\" target=\"_blank\" rel=\"noopener\"><img decoding=\"async\" class=\"size-full wp-image-277359 aligncenter\" src=\"https:\/\/maybommini.com\/wp-content\/uploads\/2025\/03\/Bien-ap-220v-ra-110V-tiu-lanh-550VA-Sanshun-chinh-hang.jpg\" alt=\"Bien Ap 220v Ra 110V Tiu Lanh 550VA Sanshun Chinh Hang\" width=\"750\" height=\"750\" srcset=\"https:\/\/maybommini.vn\/wp-content\/uploads\/2025\/03\/Bien-ap-220v-ra-110V-tiu-lanh-550VA-Sanshun-chinh-hang.jpg 750w, https:\/\/maybommini.vn\/wp-content\/uploads\/2025\/03\/Bien-ap-220v-ra-110V-tiu-lanh-550VA-Sanshun-chinh-hang-300x300.jpg 300w, https:\/\/maybommini.vn\/wp-content\/uploads\/2025\/03\/Bien-ap-220v-ra-110V-tiu-lanh-550VA-Sanshun-chinh-hang-150x150.jpg 150w, https:\/\/maybommini.vn\/wp-content\/uploads\/2025\/03\/Bien-ap-220v-ra-110V-tiu-lanh-550VA-Sanshun-chinh-hang-600x600.jpg 600w\" sizes=\"(max-width: 750px) 100vw, 750px\" \/><\/a><\/strong><\/p>\n<p><strong>CTY TNHH TH\u01af\u01a0NG M\u1ea0I D\u1ecaCH V\u1ee4 \u0110I\u1ec6N M\u00c1Y TH\u00d4NG MINH<\/strong><br \/>\n<strong>Hotline:<\/strong>\u00a0<a href=\"tel:02873030399\">02873030399<\/a>\u00a0\u2013\u00a0<a href=\"tel:0907294310\">0907294310<\/a>\u00a0\u2013\u00a0<a href=\"tel:0908997823\">0908997823<\/a>\u00a0\u2013\u00a0<a href=\"tel:0908997872\">0908997872<\/a><br \/>\n<strong>Email:<\/strong>\u00a0maybommini.com@gmail.com<br \/>\n<strong>Website:<\/strong>\u00a0https:\/\/maybommini.com<br \/>\n<strong>Youtube demo:<\/strong>\u00a0https:\/\/www.youtube.com\/bahamasali<\/p>\n<p><a class=\"swipebox\" title=\"\" href=\"https:\/\/maybommini.com\/wp-content\/uploads\/2022\/07\/thong-tin-lien-he-may-bom-mini.jpg\" data-rel=\"lightbox-image-bGlnaHRib3gtaW1hZ2UtMjE=\" data-rl_title=\"\" data-rl_caption=\"\" data-rl_ target=\"_blank\" rel=\"noopener\"><img decoding=\"async\" class=\"size-full wp-image-270584 aligncenter lazyloaded\" src=\"https:\/\/maybommini.com\/wp-content\/uploads\/2022\/07\/thong-tin-lien-he-may-bom-mini.jpg\" sizes=\"(max-width: 750px) 100vw, 750px\" srcset=\"https:\/\/maybommini.com\/wp-content\/uploads\/2022\/07\/thong-tin-lien-he-may-bom-mini.jpg 750w, https:\/\/maybommini.com\/wp-content\/uploads\/2022\/07\/thong-tin-lien-he-may-bom-mini-300x202.jpg 300w, https:\/\/maybommini.com\/wp-content\/uploads\/2022\/07\/thong-tin-lien-he-may-bom-mini-600x405.jpg 600w\" alt=\"Thong Tin Lien He May Bom Mini\" width=\"750\" height=\"506\" data-lazy-srcset=\"https:\/\/maybommini.com\/wp-content\/uploads\/2022\/07\/thong-tin-lien-he-may-bom-mini.jpg 750w, https:\/\/maybommini.com\/wp-content\/uploads\/2022\/07\/thong-tin-lien-he-may-bom-mini-300x202.jpg 300w, https:\/\/maybommini.com\/wp-content\/uploads\/2022\/07\/thong-tin-lien-he-may-bom-mini-600x405.jpg 600w\" data-lazy-sizes=\"(max-width: 750px) 100vw, 750px\" data-lazy-src=\"https:\/\/maybommini.com\/wp-content\/uploads\/2022\/07\/thong-tin-lien-he-may-bom-mini.jpg\" data-was-processed=\"true\" data-lazy-=\"\" \/><\/a><\/p>\n<p>&nbsp;<\/p>\n","protected":false},"excerpt":{"rendered":"<p>Th\u01b0\u01a1ng hi\u1ec7u: SANSHUN<br \/>\n\u0110i\u1ec7n \u00e1p v\u00e0o: 220V AC<br \/>\n\u0110i\u1ec7n \u00e1p ra: 120V &#8211; 100V AC<br \/>\nT\u1ea7n s\u1ed1: 49Hz ~ 50Hz<br \/>\nC\u00f4ng su\u1ea5t: 550 VA<br \/>\nD\u00f2ng t\u1ea3i: 5A<br \/>\n\u0110i\u1ec7n tr\u1edf c\u00e1ch \u0111i\u1ec7n l\u1edbn h\u01a1n 5M\u2126 \u1edf \u0111i\u1ec7n \u00e1p 1000VDC<br \/>\nHi\u1ec7u su\u1ea5t: \u2265 90%<br \/>\n\u0110\u1ed9 \u1ed3n: \u2264 40dB<br \/>\nNhi\u1ec7t \u0111\u1ed9 m\u00f4i tr\u01b0\u1eddng: 5 -40\u02daC<br \/>\nNguy\u00ean l\u00fd ho\u1ea1t \u0111\u1ed9ng: Bi\u1ebfn \u00e1p t\u1ef1 ng\u1eabu<br \/>\nK\u00edch th\u01b0\u1edbc: 130x140x100 mm<br \/>\nTr\u1ecdng l\u01b0\u1ee3ng: 1.8 kg<br \/>\nTh\u1eddi gian b\u1ea3o h\u00e0nh: 06 th\u00e1ng<\/p>\n","protected":false},"featured_media":277356,"comment_status":"open","ping_status":"closed","template":"","meta":[],"product_brand":[4714],"product_cat":[3934],"product_tag":[961,4720,4719,4718,4717,416,4716],"class_list":{"0":"post-277352","1":"product","2":"type-product","3":"status-publish","4":"has-post-thumbnail","6":"product_brand-sanshun","7":"product_cat-bien-the-tang-pho","8":"product_tag-bien-ap","9":"product_tag-bien-ap-100v","10":"product_tag-bien-ap-110v","11":"product_tag-bien-ap-220v-110v","12":"product_tag-bien-ap-220v-ra-110v","13":"product_tag-bien-the","14":"product_tag-sanhun","16":"first","17":"instock","18":"sale","19":"shipping-taxable","20":"purchasable","21":"product-type-simple"},"_links":{"self":[{"href":"https:\/\/maybommini.vn\/index.php?rest_route=\/wp\/v2\/product\/277352","targetHints":{"allow":["GET"]}}],"collection":[{"href":"https:\/\/maybommini.vn\/index.php?rest_route=\/wp\/v2\/product"}],"about":[{"href":"https:\/\/maybommini.vn\/index.php?rest_route=\/wp\/v2\/types\/product"}],"replies":[{"embeddable":true,"href":"https:\/\/maybommini.vn\/index.php?rest_route=%2Fwp%2Fv2%2Fcomments&post=277352"}],"wp:featuredmedia":[{"embeddable":true,"href":"https:\/\/maybommini.vn\/index.php?rest_route=\/wp\/v2\/media\/277356"}],"wp:attachment":[{"href":"https:\/\/maybommini.vn\/index.php?rest_route=%2Fwp%2Fv2%2Fmedia&parent=277352"}],"wp:term":[{"taxonomy":"product_brand","embeddable":true,"href":"https:\/\/maybommini.vn\/index.php?rest_route=%2Fwp%2Fv2%2Fproduct_brand&post=277352"},{"taxonomy":"product_cat","embeddable":true,"href":"https:\/\/maybommini.vn\/index.php?rest_route=%2Fwp%2Fv2%2Fproduct_cat&post=277352"},{"taxonomy":"product_tag","embeddable":true,"href":"https:\/\/maybommini.vn\/index.php?rest_route=%2Fwp%2Fv2%2Fproduct_tag&post=277352"}],"curies":[{"name":"wp","href":"https:\/\/api.w.org\/{rel}","templated":true}]}}