{"id":277506,"date":"2025-04-03T14:42:55","date_gmt":"2025-04-03T07:42:55","guid":{"rendered":"https:\/\/maybommini.com\/?post_type=product&#038;p=277506"},"modified":"2025-09-09T16:28:23","modified_gmt":"2025-09-09T09:28:23","slug":"keo-nen-silicon-nho-6-7x260mm-loai-tot-1kg","status":"publish","type":"product","link":"https:\/\/maybommini.vn\/?product=keo-nen-silicon-nho-6-7x260mm-loai-tot-1kg","title":{"rendered":"Keo n\u1ebfn Silicon nh\u1ecf 6.7x260mm lo\u1ea1i t\u1ed1t &#8211; 1kg"},"content":{"rendered":"<p><strong>Keo n\u1ebfn Silicon nh\u1ecf 6.7x260mm lo\u1ea1i t\u1ed1t &#8211; 1kg l\u00e0 m\u1ed9t trong nh\u1eefng lo\u1ea1i keo d\u00e1n \u0111\u01b0\u1ee3c s\u1eed d\u1ee5ng r\u1ed9ng r\u00e3i trong l\u0129nh v\u1ef1c c\u00f4ng nghi\u1ec7p v\u00e0 th\u1ee7 c\u00f4ng. V\u1edbi kh\u1ea3 n\u0103ng ch\u1ecbu \u0111\u01b0\u1ee3c nhi\u1ec7t \u0111\u1ed9 cao v\u00e0 \u0111\u1ed9 b\u1ec1n cao, s\u1ea3n ph\u1ea9m n\u00e0y s\u1ebd gi\u00fap b\u1ea1n ho\u00e0n th\u00e0nh c\u00e1c c\u00f4ng vi\u1ec7c k\u1ebft d\u00ednh m\u1ed9t c\u00e1ch ch\u00ednh x\u00e1c v\u00e0 hi\u1ec7u qu\u1ea3.<\/strong><\/p>\n<p><a href=\"https:\/\/maybommini.com\/wp-content\/uploads\/2023\/11\/Keo-nen-Silicon-7mm-260mm-chinh-hang.jpg\" target=\"_blank\" rel=\"noopener\"><img decoding=\"async\" class=\"size-full wp-image-277494 aligncenter\" src=\"https:\/\/maybommini.com\/wp-content\/uploads\/2023\/11\/Keo-nen-Silicon-7mm-260mm-chinh-hang.jpg\" alt=\"Keo Nen Silicon 7mm 260mm Chinh Hang\" width=\"750\" height=\"750\" srcset=\"https:\/\/maybommini.vn\/wp-content\/uploads\/2023\/11\/Keo-nen-Silicon-7mm-260mm-chinh-hang.jpg 750w, https:\/\/maybommini.vn\/wp-content\/uploads\/2023\/11\/Keo-nen-Silicon-7mm-260mm-chinh-hang-300x300.jpg 300w, https:\/\/maybommini.vn\/wp-content\/uploads\/2023\/11\/Keo-nen-Silicon-7mm-260mm-chinh-hang-150x150.jpg 150w, https:\/\/maybommini.vn\/wp-content\/uploads\/2023\/11\/Keo-nen-Silicon-7mm-260mm-chinh-hang-600x600.jpg 600w\" sizes=\"(max-width: 750px) 100vw, 750px\" \/><\/a><\/p>\n<ul>\n<li><strong>K\u00edch th\u01b0\u1edbc:<\/strong> S\u1ea3n ph\u1ea9m c\u00f3 k\u00edch th\u01b0\u1edbc 6.7x260mm, ph\u00f9 h\u1ee3p v\u1edbi c\u00e1c y\u00eau c\u1ea7u k\u1ebft d\u00ednh kh\u00e1c nhau.<\/li>\n<li><strong>Lo\u1ea1i keo:<\/strong> Keo silicon l\u00e0 lo\u1ea1i keo c\u00f3 kh\u1ea3 n\u0103ng ch\u1ecbu \u0111\u01b0\u1ee3c va \u0111\u1eadp, b\u1ec1n v\u1eefng tr\u01b0\u1edbc \u00e1nh s\u00e1ng m\u1eb7t tr\u1eddi, kh\u00f4ng b\u1ecb ph\u00e2n h\u1ee7y hay bi\u1ebfn m\u00e0u theo th\u1eddi gian.<\/li>\n<li><strong>Nhi\u1ec7t \u0111\u1ed9 c\u1ea7n d\u00f9ng:<\/strong> t\u1eeb 140 \u0111\u1ebfn 180 \u0111\u1ed9<\/li>\n<li><strong>Th\u1eddi ch\u1edd kh\u00f4:<\/strong> 21 gi\u00e2y<\/li>\n<li><strong>Th\u1eddi gian \u0111\u1ecbnh h\u00ecnh:<\/strong> 04 gi\u00e2y<\/li>\n<li><strong>M\u00e0u s\u1eafc:<\/strong> Tr\u1eafng trong su\u1ed1t<\/li>\n<\/ul>\n<p><a href=\"https:\/\/maybommini.com\/wp-content\/uploads\/2023\/11\/Keo-nen-Silicon-7mm-260mm.jpg\" target=\"_blank\" rel=\"noopener\"><img decoding=\"async\" class=\"size-full wp-image-277493 aligncenter\" src=\"https:\/\/maybommini.com\/wp-content\/uploads\/2023\/11\/Keo-nen-Silicon-7mm-260mm.jpg\" alt=\"Keo Nen Silicon 7mm 260mm\" width=\"750\" height=\"750\" srcset=\"https:\/\/maybommini.vn\/wp-content\/uploads\/2023\/11\/Keo-nen-Silicon-7mm-260mm.jpg 750w, https:\/\/maybommini.vn\/wp-content\/uploads\/2023\/11\/Keo-nen-Silicon-7mm-260mm-300x300.jpg 300w, https:\/\/maybommini.vn\/wp-content\/uploads\/2023\/11\/Keo-nen-Silicon-7mm-260mm-150x150.jpg 150w, https:\/\/maybommini.vn\/wp-content\/uploads\/2023\/11\/Keo-nen-Silicon-7mm-260mm-600x600.jpg 600w\" sizes=\"(max-width: 750px) 100vw, 750px\" \/><\/a>S\u1ea3n ph\u1ea9m n\u00e0y c\u00f3 th\u1ec3 \u0111\u01b0\u1ee3c s\u1eed d\u1ee5ng \u0111\u1ec3 k\u1ebft d\u00e1n c\u00e1c v\u1eadt li\u1ec7u nh\u01b0 kim lo\u1ea1i, g\u1ed7, nh\u1ef1a v\u00e0 caoutchouc&#8230;v.v. D\u00f9 b\u1ea1n l\u00e0 ng\u01b0\u1eddi m\u1edbi b\u1eaft \u0111\u1ea7u hay \u0111\u00e3 c\u00f3 kinh nghi\u1ec7m l\u00e2u n\u0103m trong vi\u1ec7c thi c\u00f4ng ho\u1eb7c DIY (l\u00e0m t\u1ef1 tay), Ch\u00fang t\u00f4i cam k\u1ebft cung c\u1ea5p cho b\u1ea1n s\u1ea3n ph\u1ea9m ch\u1ea5t l\u01b0\u1ee3ng gi\u00e1 th\u00e0nh h\u1ee3\u0323p l\u00ed \u0111\u1ec3 gi\u00fap cho qu\u00e1 tr\u00ecnh thi c\u00f4ng c\u1ee7a b\u1ea1n th\u00e0nh t\u1ef1 ho\u00e0n h\u1ea3o nh\u1ea5t !<br \/>\nKeo silicon l\u00e0m handmade, d\u00e1n \u0111\u1ed3, decor, trang tr\u00ed &#8230;.<\/p>\n<p><a href=\"https:\/\/maybommini.com\/wp-content\/uploads\/2023\/11\/Keo-nen-Silicon-7mm-10mm-gia-re.jpg\" target=\"_blank\" rel=\"noopener\"><img decoding=\"async\" class=\"size-full wp-image-277492 aligncenter\" src=\"https:\/\/maybommini.com\/wp-content\/uploads\/2023\/11\/Keo-nen-Silicon-7mm-10mm-gia-re.jpg\" alt=\"Keo Nen Silicon 7mm 10mm Gia Re\" width=\"750\" height=\"750\" srcset=\"https:\/\/maybommini.vn\/wp-content\/uploads\/2023\/11\/Keo-nen-Silicon-7mm-10mm-gia-re.jpg 750w, https:\/\/maybommini.vn\/wp-content\/uploads\/2023\/11\/Keo-nen-Silicon-7mm-10mm-gia-re-300x300.jpg 300w, https:\/\/maybommini.vn\/wp-content\/uploads\/2023\/11\/Keo-nen-Silicon-7mm-10mm-gia-re-150x150.jpg 150w, https:\/\/maybommini.vn\/wp-content\/uploads\/2023\/11\/Keo-nen-Silicon-7mm-10mm-gia-re-600x600.jpg 600w\" sizes=\"(max-width: 750px) 100vw, 750px\" \/><\/a><\/p>\n<p>Chuy\u00ean Keo n\u1ebfn silicon lo\u1ea1i Nh\u1ecf 6.7mm d\u00e0i 26cm, lo\u1ea1i L\u1edbn 10mm d\u00e0i 24cm h\u00e0ng t\u1ed1t si\u00eau d\u00ednh ch\u1ea5t l\u01b0\u1ee3ng. Ph\u00f9 h\u1ee3p s\u1eed d\u1ee5ng m\u00e1y k\u00e9o th\u1ecb tr\u01b0\u1eddng VN.<br \/>\n&#8211; C\u00e2n n\u1eb7ng: 1kg\/g\u00f3i<br \/>\n&#8211; M\u00e0u s\u1eafc: Trong su\u1ed1t<br \/>\n&#8211; C\u00f3 2 lo\u1ea1i :<br \/>\n+ Keo N\u1ebfn nh\u1ecf 6.7mm x 26cm: 1kg kho\u1ea3ng 105-115 c\u00e2y<br \/>\n+ Keo N\u1ebfn l\u1edbn 10mm x 24cm: 1kg kho\u1ea3ng 51-55 c\u00e2y<\/p>\n<p>V\u00ec h\u00e0ng s\u1ea3n xu\u1ea5t s\u1ed1 l\u01b0\u1ee3ng l\u1edbn n\u00ean \u0111\u00f4i khi s\u1ed1 l\u01b0\u1ee3ng c\u00e2y n\u1ebfn kh\u00f4ng \u0111\u00fang, m\u00e0 s\u1ebd c\u00f3 ch\u00eanh l\u1ec7ch ch\u00fat mong b\u1ea1n th\u00f4ng c\u1ea3m.<br \/>\nNh\u01b0ng shop cam k\u1ebft b\u00e1n theo k\u00fd, \u0111\u00fang v\u00e0 \u0111\u1ee7 k\u00fd cho b\u1ea1n.<\/p>\n<p><a href=\"https:\/\/maybommini.com\/wp-content\/uploads\/2023\/11\/Keo-nen-Silicon-7mm-10mm.jpg\" target=\"_blank\" rel=\"noopener\"><img decoding=\"async\" class=\"size-full wp-image-277505 aligncenter\" src=\"https:\/\/maybommini.com\/wp-content\/uploads\/2023\/11\/Keo-nen-Silicon-7mm-10mm.jpg\" alt=\"Keo Nen Silicon 7mm 10mm\" width=\"750\" height=\"750\" srcset=\"https:\/\/maybommini.vn\/wp-content\/uploads\/2023\/11\/Keo-nen-Silicon-7mm-10mm.jpg 750w, https:\/\/maybommini.vn\/wp-content\/uploads\/2023\/11\/Keo-nen-Silicon-7mm-10mm-300x300.jpg 300w, https:\/\/maybommini.vn\/wp-content\/uploads\/2023\/11\/Keo-nen-Silicon-7mm-10mm-150x150.jpg 150w, https:\/\/maybommini.vn\/wp-content\/uploads\/2023\/11\/Keo-nen-Silicon-7mm-10mm-600x600.jpg 600w\" sizes=\"(max-width: 750px) 100vw, 750px\" \/><\/a><a href=\"https:\/\/maybommini.com\/wp-content\/uploads\/2023\/11\/chuyen-ban-keo-nen-Silicon.jpg\" target=\"_blank\" rel=\"noopener\"><img decoding=\"async\" class=\"size-full wp-image-277503 aligncenter\" src=\"https:\/\/maybommini.com\/wp-content\/uploads\/2023\/11\/chuyen-ban-keo-nen-Silicon.jpg\" alt=\"Chuyen Ban Keo Nen Silicon\" width=\"750\" height=\"750\" srcset=\"https:\/\/maybommini.vn\/wp-content\/uploads\/2023\/11\/chuyen-ban-keo-nen-Silicon.jpg 750w, https:\/\/maybommini.vn\/wp-content\/uploads\/2023\/11\/chuyen-ban-keo-nen-Silicon-300x300.jpg 300w, https:\/\/maybommini.vn\/wp-content\/uploads\/2023\/11\/chuyen-ban-keo-nen-Silicon-150x150.jpg 150w, https:\/\/maybommini.vn\/wp-content\/uploads\/2023\/11\/chuyen-ban-keo-nen-Silicon-600x600.jpg 600w\" sizes=\"(max-width: 750px) 100vw, 750px\" \/><\/a><a href=\"https:\/\/maybommini.com\/wp-content\/uploads\/2023\/11\/ban-keo-nen-Silicon.jpg\" target=\"_blank\" rel=\"noopener\"><img decoding=\"async\" class=\"size-full wp-image-277501 aligncenter\" src=\"https:\/\/maybommini.com\/wp-content\/uploads\/2023\/11\/ban-keo-nen-Silicon.jpg\" alt=\"Ban Keo Nen Silicon\" width=\"750\" height=\"750\" srcset=\"https:\/\/maybommini.vn\/wp-content\/uploads\/2023\/11\/ban-keo-nen-Silicon.jpg 750w, https:\/\/maybommini.vn\/wp-content\/uploads\/2023\/11\/ban-keo-nen-Silicon-300x300.jpg 300w, https:\/\/maybommini.vn\/wp-content\/uploads\/2023\/11\/ban-keo-nen-Silicon-150x150.jpg 150w, https:\/\/maybommini.vn\/wp-content\/uploads\/2023\/11\/ban-keo-nen-Silicon-600x600.jpg 600w\" sizes=\"(max-width: 750px) 100vw, 750px\" \/><\/a><a href=\"https:\/\/maybommini.com\/wp-content\/uploads\/2023\/11\/Keo-nen-Silicon-gia-re-chinh-hanng.jpg\" target=\"_blank\" rel=\"noopener\"><img decoding=\"async\" class=\"size-full wp-image-277498 aligncenter\" src=\"https:\/\/maybommini.com\/wp-content\/uploads\/2023\/11\/Keo-nen-Silicon-gia-re-chinh-hanng.jpg\" alt=\"Keo Nen Silicon Gia Re Chinh Hanng\" width=\"750\" height=\"750\" srcset=\"https:\/\/maybommini.vn\/wp-content\/uploads\/2023\/11\/Keo-nen-Silicon-gia-re-chinh-hanng.jpg 750w, https:\/\/maybommini.vn\/wp-content\/uploads\/2023\/11\/Keo-nen-Silicon-gia-re-chinh-hanng-300x300.jpg 300w, https:\/\/maybommini.vn\/wp-content\/uploads\/2023\/11\/Keo-nen-Silicon-gia-re-chinh-hanng-150x150.jpg 150w, https:\/\/maybommini.vn\/wp-content\/uploads\/2023\/11\/Keo-nen-Silicon-gia-re-chinh-hanng-600x600.jpg 600w\" sizes=\"(max-width: 750px) 100vw, 750px\" \/><\/a><a href=\"https:\/\/maybommini.com\/wp-content\/uploads\/2023\/11\/Keo-nen-Silicon-bann-le.jpg\" target=\"_blank\" rel=\"noopener\"><img decoding=\"async\" class=\"size-full wp-image-277497 aligncenter\" src=\"https:\/\/maybommini.com\/wp-content\/uploads\/2023\/11\/Keo-nen-Silicon-bann-le.jpg\" alt=\"Keo Nen Silicon Bann Le\" width=\"750\" height=\"750\" srcset=\"https:\/\/maybommini.vn\/wp-content\/uploads\/2023\/11\/Keo-nen-Silicon-bann-le.jpg 750w, https:\/\/maybommini.vn\/wp-content\/uploads\/2023\/11\/Keo-nen-Silicon-bann-le-300x300.jpg 300w, https:\/\/maybommini.vn\/wp-content\/uploads\/2023\/11\/Keo-nen-Silicon-bann-le-150x150.jpg 150w, https:\/\/maybommini.vn\/wp-content\/uploads\/2023\/11\/Keo-nen-Silicon-bann-le-600x600.jpg 600w\" sizes=\"(max-width: 750px) 100vw, 750px\" \/><\/a>Keo n\u1ebfn r\u1ea5t ph\u1ed5 bi\u1ebfn t\u1ea1i th\u1ecb tr\u01b0\u1eddng Vi\u1ec7t Nam. C\u00e1c l\u0129nh v\u1ef1c ch\u1ee7 y\u1ebfu s\u1eed d\u1ee5ng keo n\u1ebfn l\u00e0: d\u00e1n gi\u1ea5y, b\u00eca carton, h\u00e0ng m\u00e3, th\u00f9ng h\u00e0ng, n\u01b0\u1edbc ng\u1ecdt, tr\u00e1i c\u00e2y, h\u1ed9p b\u00e1nh k\u1eb9o, hoa v\u1ea3i,\u2026 H\u1ea7u h\u1ebft kh\u00e1ch h\u00e0ng h\u00e0i l\u00f2ng v\u1edbi ch\u1ea5t l\u01b0\u1ee3ng c\u1ee7a keo n\u1ebfn.<br \/>\n\u0110\u1eb7c \u0111i\u1ec3m b\u00ean ngo\u00e0i c\u1ee7a keo n\u1ebfn kh\u00f4ng c\u00f3 g\u00ec \u0111\u1eb7c bi\u1ec7t, v\u1eabn l\u00e0 d\u1ea1ng que truy\u1ec1n th\u1ed1ng (th\u01b0\u1eddng th\u1ea5y \u1edf c\u00e1c lo\u1ea1i keo n\u1ebfn silicon c\u1ee7a VN), chi\u1ec1u d\u00e0i 26cm, \u0111\u01b0\u1eddng k\u00ednh 6.7mm v\u00e0 chi\u1ec1u d\u00e0i 24cm \u0111\u01b0\u1eddng k\u00ednh 10mm, m\u00e0u tr\u1eafng trong, nhi\u1ec7t \u0111\u1ed9 l\u00e0m m\u1ec1m keo t\u1eeb 70-80 \u0111\u1ed9 C, th\u1eddi gian ch\u1edd kh\u00f4 kho\u1ea3ng 20-30 gi\u00e2y.<\/p>\n<p><a href=\"https:\/\/maybommini.com\/wp-content\/uploads\/2023\/11\/Keo-nen-Silicon-loai-tot.jpg\" target=\"_blank\" rel=\"noopener\"><img decoding=\"async\" class=\"size-full wp-image-277499 aligncenter\" src=\"https:\/\/maybommini.com\/wp-content\/uploads\/2023\/11\/Keo-nen-Silicon-loai-tot.jpg\" alt=\"Keo Nen Silicon Loai Tot\" width=\"750\" height=\"750\" srcset=\"https:\/\/maybommini.vn\/wp-content\/uploads\/2023\/11\/Keo-nen-Silicon-loai-tot.jpg 750w, https:\/\/maybommini.vn\/wp-content\/uploads\/2023\/11\/Keo-nen-Silicon-loai-tot-300x300.jpg 300w, https:\/\/maybommini.vn\/wp-content\/uploads\/2023\/11\/Keo-nen-Silicon-loai-tot-150x150.jpg 150w, https:\/\/maybommini.vn\/wp-content\/uploads\/2023\/11\/Keo-nen-Silicon-loai-tot-600x600.jpg 600w\" sizes=\"(max-width: 750px) 100vw, 750px\" \/><\/a><\/p>\n<p>\u0110i\u1ec3m kh\u00e1c bi\u1ec7t c\u1ee7a keo n\u1ebfn n\u1eb1m \u1edf ch\u1ea5t l\u01b0\u1ee3ng s\u1ea3n ph\u1ea9m, nh\u1ea5t l\u00e0 khi n\u00f3 cho kh\u1ea3 n\u0103ng b\u00e1m d\u00ednh t\u1ed1t, kh\u00f4ng b\u1ecb bi\u1ebfn d\u1ea1ng trong c\u00e1c \u0111i\u1ec1u ki\u1ec7n kh\u00e1c nhau, th\u1eddi gian s\u1eed d\u1ee5ng l\u00e2u d\u00e0i (ti\u1ebft ki\u1ec7m t\u1ed1i \u0111a nhi\u00ean li\u1ec7u). Keo n\u1ebfn th\u00edch h\u1ee3p v\u1edbi c\u00e1c b\u1ec1 m\u1eb7t kh\u00e1c nhau, kh\u00f4ng l\u00e0m gi\u1ea3m t\u00ednh th\u1ea9m m\u1ef9 c\u1ee7a s\u1ea3n ph\u1ea9m (sau khi d\u00f9ng keo n\u1ebfn silicon). Ch\u00ednh \u0111i\u1ec1u n\u00e0y \u0111\u00e3 khi\u1ebfn cho keo n\u1ebfn \u0111\u01b0\u1ee3c \u01b0a chu\u1ed9ng tr\u00ean to\u00e0n th\u1ebf gi\u1edbi.<\/p>\n<p><a href=\"https:\/\/maybommini.com\/wp-content\/uploads\/2023\/11\/gia-keo-nen-Silicon.jpg\" target=\"_blank\" rel=\"noopener\"><img decoding=\"async\" class=\"size-full wp-image-277504 aligncenter\" src=\"https:\/\/maybommini.com\/wp-content\/uploads\/2023\/11\/gia-keo-nen-Silicon.jpg\" alt=\"Gia Keo Nen Silicon\" width=\"750\" height=\"750\" srcset=\"https:\/\/maybommini.vn\/wp-content\/uploads\/2023\/11\/gia-keo-nen-Silicon.jpg 750w, https:\/\/maybommini.vn\/wp-content\/uploads\/2023\/11\/gia-keo-nen-Silicon-300x300.jpg 300w, https:\/\/maybommini.vn\/wp-content\/uploads\/2023\/11\/gia-keo-nen-Silicon-150x150.jpg 150w, https:\/\/maybommini.vn\/wp-content\/uploads\/2023\/11\/gia-keo-nen-Silicon-600x600.jpg 600w\" sizes=\"(max-width: 750px) 100vw, 750px\" \/><\/a><\/p>\n<p>Keo n\u1ebfn Silicon lo\u1ea1i t\u1ed1t l\u00e0 m\u1ed9t trong nh\u1eefng lo\u1ea1i keo d\u00e1n \u0111\u01b0\u1ee3c s\u1eed d\u1ee5ng r\u1ed9ng r\u00e3i trong l\u0129nh v\u1ef1c c\u00f4ng nghi\u1ec7p v\u00e0 th\u1ee7 c\u00f4ng. V\u1edbi kh\u1ea3 n\u0103ng ch\u1ecbu \u0111\u01b0\u1ee3c nhi\u1ec7t \u0111\u1ed9 cao v\u00e0 \u0111\u1ed9 b\u1ec1n cao, s\u1ea3n ph\u1ea9m n\u00e0y s\u1ebd gi\u00fap b\u1ea1n ho\u00e0n th\u00e0nh c\u00e1c c\u00f4ng vi\u1ec7c k\u1ebft d\u00ednh m\u1ed9t c\u00e1ch ch\u00ednh x\u00e1c v\u00e0 hi\u1ec7u qu\u1ea3.<\/p>\n<p><a href=\"https:\/\/maybommini.com\/wp-content\/uploads\/2023\/11\/su-dung-keo-nen-Silicon.jpg\" target=\"_blank\" rel=\"noopener\"><img decoding=\"async\" class=\"size-full wp-image-277500 aligncenter\" src=\"https:\/\/maybommini.com\/wp-content\/uploads\/2023\/11\/su-dung-keo-nen-Silicon.jpg\" alt=\"Su Dung Keo Nen Silicon\" width=\"750\" height=\"750\" srcset=\"https:\/\/maybommini.vn\/wp-content\/uploads\/2023\/11\/su-dung-keo-nen-Silicon.jpg 750w, https:\/\/maybommini.vn\/wp-content\/uploads\/2023\/11\/su-dung-keo-nen-Silicon-300x300.jpg 300w, https:\/\/maybommini.vn\/wp-content\/uploads\/2023\/11\/su-dung-keo-nen-Silicon-150x150.jpg 150w, https:\/\/maybommini.vn\/wp-content\/uploads\/2023\/11\/su-dung-keo-nen-Silicon-600x600.jpg 600w\" sizes=\"(max-width: 750px) 100vw, 750px\" \/><\/a><\/p>\n<p>S\u1ea3n ph\u1ea9m n\u00e0y c\u00f3 th\u1ec3 \u0111\u01b0\u1ee3c s\u1eed d\u1ee5ng \u0111\u1ec3 k\u1ebft d\u00e1n c\u00e1c v\u1eadt li\u1ec7u nh\u01b0 kim lo\u1ea1i, g\u1ed7, nh\u1ef1a v\u00e0 caoutchouc\u2026v.v.<br \/>\nD\u00f9 b\u1ea1n l\u00e0 ng\u01b0\u1eddi m\u1edbi b\u1eaft \u0111\u1ea7u hay \u0111\u00e3 c\u00f3 kinh nghi\u1ec7m l\u00e2u n\u0103m trong vi\u1ec7c thi c\u00f4ng ho\u1eb7c DIY (l\u00e0m t\u1ef1 tay), Ch\u00fang t\u00f4i cam k\u1ebft cung c\u1ea5p cho b\u1ea1n s\u1ea3n ph\u1ea9m ch\u1ea5t l\u01b0\u1ee3ng gi\u00e1 th\u00e0nh h\u1ee3\u0323p l\u00ed \u0111\u1ec3 gi\u00fap cho qu\u00e1 tr\u00ecnh thi c\u00f4ng c\u1ee7a b\u1ea1n th\u00e0nh t\u1ef1 ho\u00e0n h\u1ea3o nh\u1ea5t !<br \/>\nKeo silicon l\u00e0m handmade, d\u00e1n \u0111\u1ed3, decor, trang tr\u00ed \u2026.<\/p>\n<p><a href=\"https:\/\/maybommini.com\/wp-content\/uploads\/2023\/11\/cach-su-dung-Keo-nen-Silicon.jpg\" target=\"_blank\" rel=\"noopener\"><img decoding=\"async\" class=\"size-full wp-image-277502 aligncenter\" src=\"https:\/\/maybommini.com\/wp-content\/uploads\/2023\/11\/cach-su-dung-Keo-nen-Silicon.jpg\" alt=\"Cach Su Dung Keo Nen Silicon\" width=\"750\" height=\"750\" srcset=\"https:\/\/maybommini.vn\/wp-content\/uploads\/2023\/11\/cach-su-dung-Keo-nen-Silicon.jpg 750w, https:\/\/maybommini.vn\/wp-content\/uploads\/2023\/11\/cach-su-dung-Keo-nen-Silicon-300x300.jpg 300w, https:\/\/maybommini.vn\/wp-content\/uploads\/2023\/11\/cach-su-dung-Keo-nen-Silicon-150x150.jpg 150w, https:\/\/maybommini.vn\/wp-content\/uploads\/2023\/11\/cach-su-dung-Keo-nen-Silicon-600x600.jpg 600w\" sizes=\"(max-width: 750px) 100vw, 750px\" \/><\/a><\/p>\n<p>#keonen #keonensilicon #keonhiet<br \/>\n#m\u00e1y_b\u1eafn_keo_silicon_20w #ma\u0301y_ba\u0306\u0301n_keo_silicon #m\u00e1y_b\u1eafn_keo_n\u1ebfn_silicon #m\u00e1y_b\u1eafn_keo_n\u1ebfn_mini #m\u00e1y_b\u1eafn_keo_n\u1ebfn #m\u00e1y_b\u1eafn_keo #keo_sung_ban_keo #keo_silicon #keo_n\u1ebfn #\u0111\u1ed3_b\u1eafn_keo_silicon_20w #\u0111\u1ed3_b\u1eafn_keo_silicon #\u0111\u1ed3_b\u1eafn_keo #cay_sung_ban_keo #b\u1eafn_keo_silicon_20w #b\u1eafn_keo_silicon #ba\u0306\u0301n_keo_ne\u0302\u0301n #ba\u0306\u0301n_keo#keonenlon#keonento#keosilicon#keonendungsunglon#keonendungfsungto#keodanthung#keonendando#keonendot#sungbankeo#keo<\/p>\n<p><strong><a href=\"https:\/\/maybommini.com\/wp-content\/uploads\/2023\/11\/chuyen-cung-cap-keo-nen-cao-cap.jpg\" target=\"_blank\" rel=\"noopener\"><img decoding=\"async\" class=\"size-full wp-image-274943 aligncenter\" src=\"https:\/\/maybommini.com\/wp-content\/uploads\/2023\/11\/chuyen-cung-cap-keo-nen-cao-cap.jpg\" alt=\"Chuyen Cung Cap Keo Nen Cao Cap\" width=\"750\" height=\"750\" srcset=\"https:\/\/maybommini.vn\/wp-content\/uploads\/2023\/11\/chuyen-cung-cap-keo-nen-cao-cap.jpg 750w, https:\/\/maybommini.vn\/wp-content\/uploads\/2023\/11\/chuyen-cung-cap-keo-nen-cao-cap-300x300.jpg 300w, https:\/\/maybommini.vn\/wp-content\/uploads\/2023\/11\/chuyen-cung-cap-keo-nen-cao-cap-150x150.jpg 150w, https:\/\/maybommini.vn\/wp-content\/uploads\/2023\/11\/chuyen-cung-cap-keo-nen-cao-cap-600x600.jpg 600w\" sizes=\"(max-width: 750px) 100vw, 750px\" \/><\/a><a href=\"https:\/\/maybommini.com\/wp-content\/uploads\/2023\/11\/cach-su-dung-keo-nen-loai-tot-200x10mm.jpg\" target=\"_blank\" rel=\"noopener\"><img decoding=\"async\" class=\"size-full wp-image-274942 aligncenter\" src=\"https:\/\/maybommini.com\/wp-content\/uploads\/2023\/11\/cach-su-dung-keo-nen-loai-tot-200x10mm.jpg\" alt=\"Cach Su Dung Keo Nen Loai Tot 200x10mm\" width=\"750\" height=\"750\" srcset=\"https:\/\/maybommini.vn\/wp-content\/uploads\/2023\/11\/cach-su-dung-keo-nen-loai-tot-200x10mm.jpg 750w, https:\/\/maybommini.vn\/wp-content\/uploads\/2023\/11\/cach-su-dung-keo-nen-loai-tot-200x10mm-300x300.jpg 300w, https:\/\/maybommini.vn\/wp-content\/uploads\/2023\/11\/cach-su-dung-keo-nen-loai-tot-200x10mm-150x150.jpg 150w, https:\/\/maybommini.vn\/wp-content\/uploads\/2023\/11\/cach-su-dung-keo-nen-loai-tot-200x10mm-600x600.jpg 600w\" sizes=\"(max-width: 750px) 100vw, 750px\" \/><\/a><a href=\"https:\/\/maybommini.com\/wp-content\/uploads\/2023\/11\/keo-nen-silicon-10x200mm.jpg\" target=\"_blank\" rel=\"noopener\"><img decoding=\"async\" class=\"size-full wp-image-274938 aligncenter\" src=\"https:\/\/maybommini.com\/wp-content\/uploads\/2023\/11\/keo-nen-silicon-10x200mm.jpg\" alt=\"Keo Nen Silicon 10x200mm\" width=\"750\" height=\"750\" srcset=\"https:\/\/maybommini.vn\/wp-content\/uploads\/2023\/11\/keo-nen-silicon-10x200mm.jpg 750w, https:\/\/maybommini.vn\/wp-content\/uploads\/2023\/11\/keo-nen-silicon-10x200mm-300x300.jpg 300w, https:\/\/maybommini.vn\/wp-content\/uploads\/2023\/11\/keo-nen-silicon-10x200mm-150x150.jpg 150w, https:\/\/maybommini.vn\/wp-content\/uploads\/2023\/11\/keo-nen-silicon-10x200mm-600x600.jpg 600w\" sizes=\"(max-width: 750px) 100vw, 750px\" \/><\/a><\/strong><\/p>\n<blockquote>\n<h5 style=\"text-align: center;\">Keo n\u1ebfn Silicon lo\u1ea1i nh\u1ecf 6.7x260mm lo\u1ea1i t\u1ed1t &#8211; 1kg<br \/>\nKeo n\u1ebfn Silicon lo\u00e1i l\u1edbn 10x240mm lo\u1ea1i t\u1ed1t &#8211; 1kg<\/h5>\n<\/blockquote>\n<p><strong><a href=\"https:\/\/maybommini.com\/wp-content\/uploads\/2023\/11\/Keo-nen-Silicon-7mm-260mm.jpg\" target=\"_blank\" rel=\"noopener\"><img decoding=\"async\" class=\"size-full wp-image-277493 aligncenter\" src=\"https:\/\/maybommini.com\/wp-content\/uploads\/2023\/11\/Keo-nen-Silicon-7mm-260mm.jpg\" alt=\"Keo Nen Silicon 7mm 260mm\" width=\"750\" height=\"750\" srcset=\"https:\/\/maybommini.vn\/wp-content\/uploads\/2023\/11\/Keo-nen-Silicon-7mm-260mm.jpg 750w, https:\/\/maybommini.vn\/wp-content\/uploads\/2023\/11\/Keo-nen-Silicon-7mm-260mm-300x300.jpg 300w, https:\/\/maybommini.vn\/wp-content\/uploads\/2023\/11\/Keo-nen-Silicon-7mm-260mm-150x150.jpg 150w, https:\/\/maybommini.vn\/wp-content\/uploads\/2023\/11\/Keo-nen-Silicon-7mm-260mm-600x600.jpg 600w\" sizes=\"(max-width: 750px) 100vw, 750px\" \/><\/a><a href=\"https:\/\/maybommini.com\/wp-content\/uploads\/2023\/11\/Keo-nen-Silicon-10mm-240mm.jpg\" target=\"_blank\" rel=\"noopener\"><img decoding=\"async\" class=\"size-full wp-image-277495 aligncenter\" src=\"https:\/\/maybommini.com\/wp-content\/uploads\/2023\/11\/Keo-nen-Silicon-10mm-240mm.jpg\" alt=\"Keo Nen Silicon 10mm 240mm\" width=\"750\" height=\"750\" srcset=\"https:\/\/maybommini.vn\/wp-content\/uploads\/2023\/11\/Keo-nen-Silicon-10mm-240mm.jpg 750w, https:\/\/maybommini.vn\/wp-content\/uploads\/2023\/11\/Keo-nen-Silicon-10mm-240mm-300x300.jpg 300w, https:\/\/maybommini.vn\/wp-content\/uploads\/2023\/11\/Keo-nen-Silicon-10mm-240mm-150x150.jpg 150w, https:\/\/maybommini.vn\/wp-content\/uploads\/2023\/11\/Keo-nen-Silicon-10mm-240mm-600x600.jpg 600w\" sizes=\"(max-width: 750px) 100vw, 750px\" \/><\/a>CTY TNHH TH\u01af\u01a0NG M\u1ea0I D\u1ecaCH V\u1ee4 \u0110I\u1ec6N M\u00c1Y TH\u00d4NG MINH<\/strong><br \/>\n<strong>Hotline:<\/strong>\u00a0<a href=\"tel:02873030399\">02873030399<\/a>\u00a0\u2013\u00a0<a href=\"tel:0907294310\">0907294310<\/a>\u00a0\u2013\u00a0<a href=\"tel:0908997823\">0908997823<\/a>\u00a0\u2013\u00a0<a href=\"tel:0908997872\">0908997872<\/a><br \/>\n<strong>Email:<\/strong>\u00a0maybommini.com@gmail.com<br \/>\n<strong>Website:<\/strong>\u00a0<a href=\"https:\/\/maybommini.com\/\" target=\"_blank\" rel=\"noopener\">https:\/\/maybommini.com<\/a><br \/>\n<strong>Youtube:<\/strong>\u00a0<a title=\"MayBomMini\" href=\"https:\/\/www.youtube.com\/@MayBomMini\" target=\"_blank\" rel=\"noopener\">https:\/\/www.youtube.com\/@MayBomMini<\/a><\/p>\n<h5><strong><a class=\"swipebox\" title=\"\" href=\"https:\/\/maybommini.com\/wp-content\/uploads\/2022\/07\/thong-tin-lien-he-may-bom-mini.jpg\" data-rel=\"lightbox-image-bGlnaHRib3gtaW1hZ2UtYkdsbmFIUmliM2d0YVcxaFoyVXRZa2RzYm1GSVVtbGlNMmQwWVZjeGFGb3lWWFJaYTJSelltMUdTVlZ0YkdsTk1tUXdXVlpqZUdGR2IzbFdXRkpPVmtWck9RPT0=\" data-rl_title=\"\" data-rl_caption=\"\" data-rl_ target=\"_blank\" rel=\"noopener\"><img decoding=\"async\" class=\"size-full wp-image-270584 lazyloaded aligncenter\" src=\"https:\/\/maybommini.com\/wp-content\/uploads\/2022\/07\/thong-tin-lien-he-may-bom-mini.jpg\" sizes=\"(max-width: 750px) 100vw, 750px\" srcset=\"https:\/\/maybommini.com\/wp-content\/uploads\/2022\/07\/thong-tin-lien-he-may-bom-mini.jpg 750w, https:\/\/maybommini.com\/wp-content\/uploads\/2022\/07\/thong-tin-lien-he-may-bom-mini-300x202.jpg 300w, https:\/\/maybommini.com\/wp-content\/uploads\/2022\/07\/thong-tin-lien-he-may-bom-mini-600x405.jpg 600w\" alt=\"Thong Tin Lien He May Bom Mini\" width=\"750\" height=\"506\" data-lazy-srcset=\"https:\/\/maybommini.com\/wp-content\/uploads\/2022\/07\/thong-tin-lien-he-may-bom-mini.jpg 750w, https:\/\/maybommini.com\/wp-content\/uploads\/2022\/07\/thong-tin-lien-he-may-bom-mini-300x202.jpg 300w, https:\/\/maybommini.com\/wp-content\/uploads\/2022\/07\/thong-tin-lien-he-may-bom-mini-600x405.jpg 600w\" data-lazy-sizes=\"(max-width: 750px) 100vw, 750px\" data-lazy-src=\"https:\/\/maybommini.com\/wp-content\/uploads\/2022\/07\/thong-tin-lien-he-may-bom-mini.jpg\" data-was-processed=\"true\" data-lazy-=\"\" \/><\/a><\/strong><\/h5>\n","protected":false},"excerpt":{"rendered":"<p>K\u00edch th\u01b0\u1edbc: 6.7x260mm<br \/>\nLo\u1ea1i keo: Keo silicon<br \/>\nNhi\u1ec7t \u0111\u1ed9 c\u1ea7n d\u00f9ng: t\u1eeb 140 \u0111\u1ebfn 180 \u0111\u1ed9<br \/>\nTh\u1eddi ch\u1edd kh\u00f4: 21 gi\u00e2y<br \/>\nTh\u1eddi gian \u0111\u1ecbnh h\u00ecnh: 04 gi\u00e2y<br \/>\nM\u00e0u s\u1eafc: Tr\u1eafng trong su\u1ed1t<br \/>\n1kg kho\u1ea3ng 105-115 c\u00e2y<\/p>\n","protected":false},"featured_media":277494,"comment_status":"open","ping_status":"closed","template":"","meta":[],"product_brand":[],"product_cat":[4366],"product_tag":[3857,4371,4372,4373,4374,4734,4735],"class_list":{"0":"post-277506","1":"product","2":"type-product","3":"status-publish","4":"has-post-thumbnail","6":"product_cat-keo-dan","7":"product_tag-ban-keo-silicon","8":"product_tag-keo","9":"product_tag-keo-nen","10":"product_tag-keo-nen-silicon","11":"product_tag-keo-silicon","12":"product_tag-keo-silicon-lon","13":"product_tag-keo-silion-nho","15":"first","16":"instock","17":"shipping-taxable","18":"purchasable","19":"product-type-simple"},"_links":{"self":[{"href":"https:\/\/maybommini.vn\/index.php?rest_route=\/wp\/v2\/product\/277506","targetHints":{"allow":["GET"]}}],"collection":[{"href":"https:\/\/maybommini.vn\/index.php?rest_route=\/wp\/v2\/product"}],"about":[{"href":"https:\/\/maybommini.vn\/index.php?rest_route=\/wp\/v2\/types\/product"}],"replies":[{"embeddable":true,"href":"https:\/\/maybommini.vn\/index.php?rest_route=%2Fwp%2Fv2%2Fcomments&post=277506"}],"wp:featuredmedia":[{"embeddable":true,"href":"https:\/\/maybommini.vn\/index.php?rest_route=\/wp\/v2\/media\/277494"}],"wp:attachment":[{"href":"https:\/\/maybommini.vn\/index.php?rest_route=%2Fwp%2Fv2%2Fmedia&parent=277506"}],"wp:term":[{"taxonomy":"product_brand","embeddable":true,"href":"https:\/\/maybommini.vn\/index.php?rest_route=%2Fwp%2Fv2%2Fproduct_brand&post=277506"},{"taxonomy":"product_cat","embeddable":true,"href":"https:\/\/maybommini.vn\/index.php?rest_route=%2Fwp%2Fv2%2Fproduct_cat&post=277506"},{"taxonomy":"product_tag","embeddable":true,"href":"https:\/\/maybommini.vn\/index.php?rest_route=%2Fwp%2Fv2%2Fproduct_tag&post=277506"}],"curies":[{"name":"wp","href":"https:\/\/api.w.org\/{rel}","templated":true}]}}