{"id":277812,"date":"2025-06-29T22:32:57","date_gmt":"2025-06-29T15:32:57","guid":{"rendered":"https:\/\/maybommini.com\/?post_type=product&#038;p=277812"},"modified":"2025-06-29T23:15:37","modified_gmt":"2025-06-29T16:15:37","slug":"bien-ap-may-han-cell-pin-dong-thanh-220v-800e","status":"publish","type":"product","link":"https:\/\/maybommini.vn\/?product=bien-ap-may-han-cell-pin-dong-thanh-220v-800e","title":{"rendered":"Bi\u1ebfn \u00e1p m\u00e1y h\u00e0n cell pin \u0111\u1ed3ng thanh 220V 800E"},"content":{"rendered":"<p><strong>Bi\u1ebfn \u00e1p m\u00e1y h\u00e0n cell pin \u0111\u1ed3ng thanh 220V 800E \u0111\u01b0\u1ee3c l\u00e0m b\u1eb1ng 100% \u0111\u1ed3ng. D\u00f9ng l\u00e0m m\u00e1y h\u00e0n cell pin chuy\u00ean nghi\u1ec7p cho ra d\u00f2ng cao t\u1ea1o m\u1ed1i h\u00e0n \u0111i\u1ec3m \u0111\u1eb9p ng\u1ea5u t\u1ed1t.\u00a0<\/strong><\/p>\n<p><strong><a href=\"https:\/\/maybommini.com\/wp-content\/uploads\/2025\/06\/ban-bien-ap-han-cell-pin-800E-dong-thanh.jpg\" target=\"_blank\" rel=\"noopener\"><img decoding=\"async\" class=\"size-full wp-image-277817 aligncenter\" src=\"https:\/\/maybommini.com\/wp-content\/uploads\/2025\/06\/ban-bien-ap-han-cell-pin-800E-dong-thanh.jpg\" alt=\"Ban Bien Ap Han Cell Pin 800E Dong Thanh\" width=\"750\" height=\"750\" srcset=\"https:\/\/maybommini.vn\/wp-content\/uploads\/2025\/06\/ban-bien-ap-han-cell-pin-800E-dong-thanh.jpg 750w, https:\/\/maybommini.vn\/wp-content\/uploads\/2025\/06\/ban-bien-ap-han-cell-pin-800E-dong-thanh-300x300.jpg 300w, https:\/\/maybommini.vn\/wp-content\/uploads\/2025\/06\/ban-bien-ap-han-cell-pin-800E-dong-thanh-150x150.jpg 150w, https:\/\/maybommini.vn\/wp-content\/uploads\/2025\/06\/ban-bien-ap-han-cell-pin-800E-dong-thanh-600x600.jpg 600w\" sizes=\"(max-width: 750px) 100vw, 750px\" \/><\/a>TH\u00d4NG S\u1ed0 K\u1ef8 THU\u1eacT<br \/>\n<\/strong>Th\u01b0\u01a1ng hi\u1ec7u: MTM<strong><br \/>\n<\/strong>Model: TFM-800E-DONG-THANH<br \/>\n\u0110i\u1ec7n th\u1ebf v\u00e0o: 220V 50Hz AC<br \/>\n\u0110i\u1ec7n th\u1ebf ra: 3V ~ 4V AC<br \/>\n\u0110\u01b0\u1ee3c l\u00e0m t\u1eeb bi\u1ebfn \u00e1p l\u00f2 vi s\u00f3ng 800E<br \/>\nCu\u1ed9n d\u00e2y s\u01a1 c\u1ea5p \u0111\u01b0\u1ee3c qu\u1ea5n m\u1edbi b\u1eb1ng d\u00e2y \u0111\u1ed3ng.<br \/>\nCu\u1ed9n d\u00e2y th\u1ee9 c\u1ea5p l\u00e0m b\u1eb1ng \u0111\u1ed3ng thanh.<br \/>\nCu\u1ed9n d\u00e2y v\u00e0 thanh \u0111\u1ed3ng \u0111\u01b0\u1ee3c s\u01a1n c\u00e1ch \u0111i\u1ec7n Vecni.<br \/>\nCh\u1ea5t li\u1ec7u: Th\u00e9p &#8211; \u0110\u1ed3ng<br \/>\nK\u00edch th\u01b0\u1edbc: 100 x 120 x 120 mm<br \/>\nTr\u1ecdng l\u01b0\u1ee3ng: 4500 gam<\/p>\n<p><strong><a href=\"https:\/\/maybommini.com\/wp-content\/uploads\/2025\/06\/Bien-ap-han-cell-pin-800E-dong-thanh-Diy.jpg\" target=\"_blank\" rel=\"noopener\"><img decoding=\"async\" class=\"size-full wp-image-277820 aligncenter\" src=\"https:\/\/maybommini.com\/wp-content\/uploads\/2025\/06\/Bien-ap-han-cell-pin-800E-dong-thanh-Diy.jpg\" alt=\"Bien Ap Han Cell Pin 800E Dong Thanh Diy\" width=\"750\" height=\"750\" srcset=\"https:\/\/maybommini.vn\/wp-content\/uploads\/2025\/06\/Bien-ap-han-cell-pin-800E-dong-thanh-Diy.jpg 750w, https:\/\/maybommini.vn\/wp-content\/uploads\/2025\/06\/Bien-ap-han-cell-pin-800E-dong-thanh-Diy-300x300.jpg 300w, https:\/\/maybommini.vn\/wp-content\/uploads\/2025\/06\/Bien-ap-han-cell-pin-800E-dong-thanh-Diy-150x150.jpg 150w, https:\/\/maybommini.vn\/wp-content\/uploads\/2025\/06\/Bien-ap-han-cell-pin-800E-dong-thanh-Diy-600x600.jpg 600w\" sizes=\"(max-width: 750px) 100vw, 750px\" \/><\/a><a href=\"https:\/\/maybommini.com\/wp-content\/uploads\/2025\/06\/Bien-ap-han-cell-pin-800E-dong-thanh-cao-cap.jpg\" target=\"_blank\" rel=\"noopener\"><img decoding=\"async\" class=\"size-full wp-image-277819 aligncenter\" src=\"https:\/\/maybommini.com\/wp-content\/uploads\/2025\/06\/Bien-ap-han-cell-pin-800E-dong-thanh-cao-cap.jpg\" alt=\"Bien Ap Han Cell Pin 800E Dong Thanh Cao Cap\" width=\"750\" height=\"750\" srcset=\"https:\/\/maybommini.vn\/wp-content\/uploads\/2025\/06\/Bien-ap-han-cell-pin-800E-dong-thanh-cao-cap.jpg 750w, https:\/\/maybommini.vn\/wp-content\/uploads\/2025\/06\/Bien-ap-han-cell-pin-800E-dong-thanh-cao-cap-300x300.jpg 300w, https:\/\/maybommini.vn\/wp-content\/uploads\/2025\/06\/Bien-ap-han-cell-pin-800E-dong-thanh-cao-cap-150x150.jpg 150w, https:\/\/maybommini.vn\/wp-content\/uploads\/2025\/06\/Bien-ap-han-cell-pin-800E-dong-thanh-cao-cap-600x600.jpg 600w\" sizes=\"(max-width: 750px) 100vw, 750px\" \/><\/a>H\u01af\u1edaNG D\u1ea8N S\u1eec D\u1ee4NG BI\u1ebeN TH\u1ebe<br \/>\n<em>&#8211; Kh\u00f4ng c\u1eafm \u0111i\u1ec7n tr\u1ef1c ti\u1ebfp 220V m\u00e0 ph\u1ea3i qua <a href=\"https:\/\/maybommini.com\/san-pham\/mach-timer-han-cell-pin-chuyen-nghiep-ny-d01-100a\" target=\"_blank\" rel=\"noopener\">M\u1ea1ch timer h\u00e0n cell pin<\/a><\/em><br \/>\n<em>&#8211; D\u00e2y n\u1ed1i t\u1eeb bi\u1ebfn \u00e1p ra tay h\u00e0n ph\u1ea3i d\u00f9ng d\u00e2y \u0111\u1ed3ng size 35 tr\u1edf l\u00ean, c\u00e0ng l\u1edbn c\u00e0ng t\u1ed1t.<\/em><br \/>\n<em>&#8211; Chi\u1ec1u d\u00e0i d\u00e2y n\u1ed1i tay h\u00e0n nh\u1ecf h\u01a1n 50 cm, c\u00e0ng ng\u1eafn c\u00e0ng t\u1ed1t.<\/em><\/strong><br \/>\n&#8211; K\u1ebft n\u1ed1i \u0111\u00fang \u0111i\u1ec7n th\u1ebf \u0111\u1ea7u v\u00e0o cho bi\u1ebfn \u00e1p.<br \/>\n&#8211; \u0110i\u1ec7n th\u1ebf ra k\u1ebft n\u1ed1i v\u00e0o 2 \u0111\u1ea7u thanh \u0111\u1ed3ng.<br \/>\n&#8211; S\u1ea3n ph\u1ea9m \u0111\u01b0\u1ee3c gia c\u00f4ng b\u1eb1ng bi\u1ebfn \u00e1p l\u00f2 vi s\u1ed1ng 800E \u0111\u1ed3ng thanh b\u1ea3n.<br \/>\n&#8211; C\u00f4ng su\u1ea5t m\u1ea1nh h\u00e0n k\u1ebdm 0.2 t\u1ed1t.<br \/>\n&#8211; S\u1ea3n ph\u1ea9m ch\u1ec9 \u0111\u1ec3 ch\u1ebf t\u1ea1o m\u00e1y h\u00e0n cell, kh\u00f4ng l\u00e0m v\u00e0o m\u1ee5c \u0111\u00edch kh\u00e1c.<br \/>\n&#8211; Bi\u1ebfn th\u1ebf bi\u1ebfn \u00e1p \u0111\u1ec1u c\u00f3 test k\u1ef9 c\u00e0ng s\u1ea3n ph\u1ea9m ok m\u1edbi giao cho kh\u00e1ch.<\/p>\n<p><a href=\"https:\/\/maybommini.com\/wp-content\/uploads\/2025\/06\/Bien-ap-han-cell-pin-800E-dong-thanh.jpg\" target=\"_blank\" rel=\"noopener\"><img decoding=\"async\" class=\"size-full wp-image-277818 aligncenter\" src=\"https:\/\/maybommini.com\/wp-content\/uploads\/2025\/06\/Bien-ap-han-cell-pin-800E-dong-thanh.jpg\" alt=\"Bien Ap Han Cell Pin 800E Dong Thanh\" width=\"750\" height=\"750\" srcset=\"https:\/\/maybommini.vn\/wp-content\/uploads\/2025\/06\/Bien-ap-han-cell-pin-800E-dong-thanh.jpg 750w, https:\/\/maybommini.vn\/wp-content\/uploads\/2025\/06\/Bien-ap-han-cell-pin-800E-dong-thanh-300x300.jpg 300w, https:\/\/maybommini.vn\/wp-content\/uploads\/2025\/06\/Bien-ap-han-cell-pin-800E-dong-thanh-150x150.jpg 150w, https:\/\/maybommini.vn\/wp-content\/uploads\/2025\/06\/Bien-ap-han-cell-pin-800E-dong-thanh-600x600.jpg 600w\" sizes=\"(max-width: 750px) 100vw, 750px\" \/><\/a><a href=\"https:\/\/maybommini.com\/wp-content\/uploads\/2025\/06\/gia-bien-ap-han-cell-pin-800E-dong-thanh.jpg\" target=\"_blank\" rel=\"noopener\"><img decoding=\"async\" class=\"size-full wp-image-277816 aligncenter\" src=\"https:\/\/maybommini.com\/wp-content\/uploads\/2025\/06\/gia-bien-ap-han-cell-pin-800E-dong-thanh.jpg\" alt=\"Gia Bien Ap Han Cell Pin 800E Dong Thanh\" width=\"750\" height=\"750\" srcset=\"https:\/\/maybommini.vn\/wp-content\/uploads\/2025\/06\/gia-bien-ap-han-cell-pin-800E-dong-thanh.jpg 750w, https:\/\/maybommini.vn\/wp-content\/uploads\/2025\/06\/gia-bien-ap-han-cell-pin-800E-dong-thanh-300x300.jpg 300w, https:\/\/maybommini.vn\/wp-content\/uploads\/2025\/06\/gia-bien-ap-han-cell-pin-800E-dong-thanh-150x150.jpg 150w, https:\/\/maybommini.vn\/wp-content\/uploads\/2025\/06\/gia-bien-ap-han-cell-pin-800E-dong-thanh-600x600.jpg 600w\" sizes=\"(max-width: 750px) 100vw, 750px\" \/><\/a><a href=\"https:\/\/maybommini.com\/wp-content\/uploads\/2025\/06\/chuyen-bien-ap-han-cell-pin-800E-dong-thanh.jpg\" target=\"_blank\" rel=\"noopener\"><img decoding=\"async\" class=\"size-full wp-image-277814 aligncenter\" src=\"https:\/\/maybommini.com\/wp-content\/uploads\/2025\/06\/chuyen-bien-ap-han-cell-pin-800E-dong-thanh.jpg\" alt=\"Chuyen Bien Ap Han Cell Pin 800E Dong Thanh\" width=\"750\" height=\"750\" srcset=\"https:\/\/maybommini.vn\/wp-content\/uploads\/2025\/06\/chuyen-bien-ap-han-cell-pin-800E-dong-thanh.jpg 750w, https:\/\/maybommini.vn\/wp-content\/uploads\/2025\/06\/chuyen-bien-ap-han-cell-pin-800E-dong-thanh-300x300.jpg 300w, https:\/\/maybommini.vn\/wp-content\/uploads\/2025\/06\/chuyen-bien-ap-han-cell-pin-800E-dong-thanh-150x150.jpg 150w, https:\/\/maybommini.vn\/wp-content\/uploads\/2025\/06\/chuyen-bien-ap-han-cell-pin-800E-dong-thanh-600x600.jpg 600w\" sizes=\"(max-width: 750px) 100vw, 750px\" \/><\/a><br \/>\n<strong>\u1ee8NG D\u1ee4NG V\u00c0 S\u1eec D\u1ee4NG BI\u1ebeN \u00c1P 220V H\u00c0N CELL PIN<\/strong><br \/>\n&#8211; Bi\u1ebfn th\u1ebf l\u00e0m m\u00e1y h\u00e0n cell pin.<br \/>\n&#8211; Bi\u1ebfn \u00e1p l\u00f2 vi s\u00f3ng DIY m\u00e1y h\u00e0n cell.<br \/>\n&#8211; Bi\u1ebfn th\u1ebf bi\u1ebfn \u00e1p m\u00e1y h\u00e0n cell chuy\u00ean nghi\u1ec7p.<br \/>\n&#8211; Ngu\u1ed3n bi\u1ebfn th\u1ebf m\u00e1y h\u00e0n cell.<br \/>\n&#8211; Ngu\u1ed3n bi\u00ean \u00e1p h\u00e0n cell.<\/p>\n<p><a href=\"https:\/\/maybommini.com\/wp-content\/uploads\/2025\/06\/chuyen-ban-bien-ap-han-cell-pin-800E-dong-thanh.jpg\" target=\"_blank\" rel=\"noopener\"><img decoding=\"async\" class=\"size-full wp-image-277813 aligncenter\" src=\"https:\/\/maybommini.com\/wp-content\/uploads\/2025\/06\/chuyen-ban-bien-ap-han-cell-pin-800E-dong-thanh.jpg\" alt=\"Chuyen Ban Bien Ap Han Cell Pin 800E Dong Thanh\" width=\"750\" height=\"750\" srcset=\"https:\/\/maybommini.vn\/wp-content\/uploads\/2025\/06\/chuyen-ban-bien-ap-han-cell-pin-800E-dong-thanh.jpg 750w, https:\/\/maybommini.vn\/wp-content\/uploads\/2025\/06\/chuyen-ban-bien-ap-han-cell-pin-800E-dong-thanh-300x300.jpg 300w, https:\/\/maybommini.vn\/wp-content\/uploads\/2025\/06\/chuyen-ban-bien-ap-han-cell-pin-800E-dong-thanh-150x150.jpg 150w, https:\/\/maybommini.vn\/wp-content\/uploads\/2025\/06\/chuyen-ban-bien-ap-han-cell-pin-800E-dong-thanh-600x600.jpg 600w\" sizes=\"(max-width: 750px) 100vw, 750px\" \/><\/a><\/p>\n<p><strong>MUA BI\u1ebeP \u00c1P H\u00c0N CELL PIN \u1ede \u0110\u00c2U ?<\/strong><br \/>\nCh\u00fang t\u00f4i chuy\u00ean cung c\u1ea5p thi\u1ebft b\u1ecb \u0111i\u1ec7n, bi\u1ebfn \u00e1p h\u00e0n cell pin, ngu\u1ed3n \u0111i\u1ec7n, bi\u1ebfn th\u1ebf, bi\u1ebfn \u00e1p, t\u0103ng ph\u00f4 \u0111i\u1ec7n, adapter, \u0111\u1ed5i \u0111i\u1ec7n h\u1ea1 \u00e1p, ngu\u1ed3n t\u1ed5 ong, s\u1ea1c pin s\u1ea1c b\u00ecnh v\u1edbi gi\u00e1 t\u1ed1t ch\u00ednh h\u00e3ng c\u00f3 b\u1ea3o h\u00e0nh tr\u00ean to\u00e0n qu\u1ed1c.<\/p>\n<p><a href=\"https:\/\/maybommini.com\/wp-content\/uploads\/2025\/06\/gia-ban-bien-ap-han-cell-pin-800E-dong-thanh.jpg\" target=\"_blank\" rel=\"noopener\"><img decoding=\"async\" class=\"size-full wp-image-277815 aligncenter\" src=\"https:\/\/maybommini.com\/wp-content\/uploads\/2025\/06\/gia-ban-bien-ap-han-cell-pin-800E-dong-thanh.jpg\" alt=\"Gia Ban Bien Ap Han Cell Pin 800E Dong Thanh\" width=\"750\" height=\"750\" srcset=\"https:\/\/maybommini.vn\/wp-content\/uploads\/2025\/06\/gia-ban-bien-ap-han-cell-pin-800E-dong-thanh.jpg 750w, https:\/\/maybommini.vn\/wp-content\/uploads\/2025\/06\/gia-ban-bien-ap-han-cell-pin-800E-dong-thanh-300x300.jpg 300w, https:\/\/maybommini.vn\/wp-content\/uploads\/2025\/06\/gia-ban-bien-ap-han-cell-pin-800E-dong-thanh-150x150.jpg 150w, https:\/\/maybommini.vn\/wp-content\/uploads\/2025\/06\/gia-ban-bien-ap-han-cell-pin-800E-dong-thanh-600x600.jpg 600w\" sizes=\"(max-width: 750px) 100vw, 750px\" \/><\/a><\/p>\n<h2 style=\"text-align: center;\"><strong>Bi\u1ebfn \u00e1p h\u00e0n cell pin thanh \u0111\u1ed3ng 220V<br \/>\nBi\u1ebfn \u00e1p l\u00f2 vi s\u00f3ng h\u00e0n cell pin 800E<br \/>\nTransformer 220VAC &#8211; Power Transformer<br \/>\n<\/strong><\/h2>\n<p><strong>TH\u00d4NG S\u1ed0 C\u00d4NG SU\u1ea4T BI\u1ebeN TH\u1ebe &#8211; NGU\u1ed2N \u0110I\u1ec6N &#8211; MOTOR<\/strong><br \/>\n&#8211; Tr\u01b0\u01a1\u0301c h\u00ea\u0301t chu\u0301ng ta pha\u0309i hi\u00ea\u0309u t\u01b0\u0300ng \u0111\u01a1n vi\u0323 nh\u01b0. Ampe, \u0102mpe k\u00fd hi\u1ec7u A, l\u00e0 \u0111\u01a1n v\u1ecb \u0111o c\u01b0\u1eddng \u0111\u1ed9 d\u00f2ng \u0111i\u1ec7n I trong h\u1ec7 SI. L\u1ea5y t\u00ean theo nh\u00e0 V\u1eadt l\u00fd v\u00e0 To\u00e1n h\u1ecdc ng\u01b0\u1eddi Ph\u00e1p Andr\u00e9 Marie Amp\u00e8re.<br \/>\n1 Ampe t\u01b0\u01a1ng \u1ee9ng v\u1edbi d\u00f2ng chuy\u1ec3n \u0111\u1ed9ng c\u1ee7a. 6,24150948 \u00b7 1018 \u0111i\u1ec7n t\u1eed e (1 cul\u00f4ng) tr\u00ean gi\u00e2y qua 1 di\u1ec7n t\u00edch d\u00e2y d\u1eabn. 1 Ampe = 1 cul\u00f4ng \/ gi\u00e2y. 1 A = 1 C\/s.<br \/>\n&#8211; Watt (vi\u1ebft t\u1eaft l\u00e0 W) l\u00e0 \u0111\u01a1n v\u1ecb \u0111o c\u00f4ng su\u1ea5t P. Trong h\u1ec7 \u0111o l\u01b0\u1eddng qu\u1ed1c t\u1ebf, l\u1ea5y theo t\u00ean c\u1ee7a James Watt. C\u00e1c l\u0169y th\u1eeba c\u01a1 s\u1ed1 10 th\u01b0\u1eddng d\u00f9ng c\u1ee7a Watt:<br \/>\n<strong>1 miliwatt (mW)<\/strong> = 0,001 W<br \/>\n<strong>1 kilowatt (kW)<\/strong> = 1 000 W<br \/>\n<strong>1 megawatt (MW)<\/strong> = 1 000 000 W<br \/>\n<strong>1 gigawatt (GW)<\/strong> = 1 000 000 000 W<br \/>\n\u0110\u00ea\u0309 co\u0301 \u0111\u01b0\u01a1\u0323c ampe thi\u0300 tr\u01b0\u01a1\u0301c h\u00ea\u0301t chu\u0301ng ta pha\u0309i. Co\u0301 c\u00f4ng su\u00e2\u0301t va\u0300 hi\u00ea\u0323u \u0111i\u00ea\u0323n th\u00ea\u0301 cu\u0309a ma\u0301y \u0111o\u0301 r\u00f4\u0300i se\u0303. <strong>C\u00f4ng th\u01b0\u0301c: P (c\u00f4ng su\u1ea5t) = U (hi\u1ec7u \u0111i\u1ec7n th\u1ebf) x I (c\u01b0\u1eddng \u0111\u1ed9 d\u00f2ng \u0111i\u1ec7n)<\/strong><\/p>\n<p>=&gt; <strong>I=P\/U<\/strong> thi\u0300 se\u0303 ra k\u00ea\u0301t qua\u0309 la\u0300 <strong>Ampe<\/strong><\/p>\n<p>Vi\u0301 du\u0323 ta co\u0301 m\u00f4\u0323t ma\u0301y co\u0301 c\u00f4ng su\u00e2\u0301t la\u0300 1000W. Va\u0300 hi\u00ea\u0323u \u0111i\u00ea\u0323n th\u00ea\u0301 la\u0300 220V thi\u0300 I se\u0303. I= P\/U = 1000 \/ 220 = 4.5 Ampe. \u0110\u00ea\u0309 ti\u0301nh ra miliampe. Thi\u0300 chu\u0301ng ta nh\u00e2n v\u01a1\u0301i 1000 thi\u0300 4.5 A * 1000 = 4500 miliampe.<\/p>\n<p><strong>1VA B\u1eb0NG BAO NHI\u00caU W (WAT)<br \/>\n<\/strong>T\u01b0\u01a1ng \u0111\u01b0\u01a1ng 1VA = W \/ 0,8. \u0110\u00f3 l\u00e0 c\u00e1ch l\u00ednh hi\u1ec7u su\u1ea5t m\u00e0 th\u00f4i. R\u1ea5t \u0111\u01a1n gi\u1ea3n nh\u00e9 VA l\u00e0 c\u00f4ng su\u1ea5t bi\u1ec3u ki\u1ebfn. C\u00f2n W l\u1ea1i l\u00e0 c\u00f4ng su\u1ea5t th\u1ef1c t\u1ebf. C\u00f4ng su\u1ea5t th\u1ef1c t\u1ebf W kh\u00e1c v\u1edbi VA l\u00e0 c\u00f2n ph\u1ea3i nh\u00e2n v\u1edbi h\u1ec7 s\u1ed1 t\u1ed5n hao.<br \/>\nM\u00e0 m\u1ed7i lo\u1ea1i ch\u1ea5t li\u1ec7u bi\u1ebfn \u00e1p, bi\u1ebfn th\u1ebf. L\u1ea1i c\u00f3 d\u00f2ng t\u1ed5n hao kh\u00e1ch nhau. Nh\u01b0ng ch\u00fang ta l\u1ea5y h\u1ec7 s\u1ed1 0.8 l\u00e0 ph\u1ed5 bi\u1ebfn nh\u1ea5t.<\/p>\n<p style=\"text-align: left;\"><strong>\u0110I\u1ec6N M\u00c1Y TH\u00d4NG MINH<\/strong><br \/>\n<strong>Hotline:<\/strong> <a href=\"tel:02873030399\">02873030399<\/a> \u2013 <a href=\"tel:0907294310\">0907294310<\/a> &#8211; <a href=\"tel:0908997823\">0908997823<\/a> &#8211; <a href=\"tel:0908997872\">0908997872<\/a><br \/>\n<strong>Email:<\/strong>\u00a0maybommini.com@gmail.com<br \/>\n<strong>Website:<\/strong>\u00a0<a href=\"https:\/\/maybommini.com\" target=\"_blank\" rel=\"noopener\">https:\/\/maybommini.com<\/a><br \/>\n<strong>Youtube demo:<\/strong> <a title=\"Youtube M\u00e1y B\u01a1m Mini\" href=\"https:\/\/www.youtube.com\/bahamasali\" target=\"_blank\" rel=\"noopener\">M\u00e1y B\u01a1m Mini<\/a><\/p>\n<p><a class=\"swipebox\" title=\"\" href=\"https:\/\/maybommini.com\/wp-content\/uploads\/2022\/07\/thong-tin-lien-he-may-bom-mini.jpg\" data-rel=\"lightbox-image-15\" data-rl_title=\"\" data-rl_caption=\"\" data-rl_ target=\"_blank\" rel=\"noopener\"><img decoding=\"async\" class=\"size-full wp-image-270584 aligncenter lazyloaded\" src=\"https:\/\/maybommini.com\/wp-content\/uploads\/2022\/07\/thong-tin-lien-he-may-bom-mini.jpg\" sizes=\"(max-width: 750px) 100vw, 750px\" srcset=\"https:\/\/maybommini.com\/wp-content\/uploads\/2022\/07\/thong-tin-lien-he-may-bom-mini.jpg 750w, https:\/\/maybommini.com\/wp-content\/uploads\/2022\/07\/thong-tin-lien-he-may-bom-mini-300x202.jpg 300w, https:\/\/maybommini.com\/wp-content\/uploads\/2022\/07\/thong-tin-lien-he-may-bom-mini-600x405.jpg 600w\" alt=\"Thong Tin Lien He May Bom Mini\" width=\"750\" height=\"506\" data-lazy-srcset=\"https:\/\/maybommini.com\/wp-content\/uploads\/2022\/07\/thong-tin-lien-he-may-bom-mini.jpg 750w, https:\/\/maybommini.com\/wp-content\/uploads\/2022\/07\/thong-tin-lien-he-may-bom-mini-300x202.jpg 300w, https:\/\/maybommini.com\/wp-content\/uploads\/2022\/07\/thong-tin-lien-he-may-bom-mini-600x405.jpg 600w\" data-lazy-sizes=\"(max-width: 750px) 100vw, 750px\" data-lazy-src=\"https:\/\/maybommini.com\/wp-content\/uploads\/2022\/07\/thong-tin-lien-he-may-bom-mini.jpg\" data-was-processed=\"true\" \/><\/a><\/p>\n","protected":false},"excerpt":{"rendered":"<p>Th\u01b0\u01a1ng hi\u1ec7u: MTM<strong><br \/>\n<\/strong>Model: TFM-800E-DONG-THANH<br \/>\n\u0110i\u1ec7n th\u1ebf v\u00e0o: 220V 50Hz AC<br \/>\n\u0110i\u1ec7n th\u1ebf ra: 3V ~ 4V AC<br \/>\n\u0110\u01b0\u1ee3c l\u00e0m t\u1eeb bi\u1ebfn \u00e1p l\u00f2 vi s\u00f3ng 800E<br \/>\nCu\u1ed9n d\u00e2y s\u01a1 c\u1ea5p \u0111\u01b0\u1ee3c qu\u1ea5n b\u1eb1ng d\u00e2y \u0111\u1ed3ng.<br \/>\nCu\u1ed9n d\u00e2y th\u1ee9 c\u1ea5p l\u00e0m b\u1eb1ng \u0111\u1ed3ng thanh.<br \/>\nCu\u1ed9n d\u00e2y v\u00e0 thanh \u0111\u1ed3ng \u0111\u01b0\u1ee3c s\u01a1n c\u00e1ch \u0111i\u1ec7n Vecni.<br \/>\nCh\u1ea5t li\u1ec7u: Th\u00e9p &#8211; \u0110\u1ed3ng<br \/>\nK\u00edch th\u01b0\u1edbc: 100 x 120 x 120 mm<br \/>\nTr\u1ecdng l\u01b0\u1ee3ng: 4500 gam<br \/>\nB\u1ea3o h\u00e0nh: 3 th\u00e1ng.<br \/>\n<strong>Gi\u00e1 t\u1ed1t mua s\u1ed1 l\u01b0\u1ee3ng.<\/strong><\/p>\n","protected":false},"featured_media":277817,"comment_status":"open","ping_status":"closed","template":"","meta":[],"product_brand":[2227],"product_cat":[4767],"product_tag":[3948,961,4769,3750,4768,3944,4770,3946,3947,416,3749,3945,3337,2093,3936,1285,4771,1292,2342,3748,3941,3751],"class_list":{"0":"post-277812","1":"product","2":"type-product","3":"status-publish","4":"has-post-thumbnail","6":"product_brand-mtm","7":"product_cat-bien-ap-han-cell-pin","8":"product_tag-800e","9":"product_tag-bien-ap","10":"product_tag-bien-ap-800e","11":"product_tag-bien-ap-ac","12":"product_tag-bien-ap-dong-thanh","13":"product_tag-bien-ap-han-cell","14":"product_tag-bien-ap-han-cell-pin","15":"product_tag-bien-ap-han-cell-pun","16":"product_tag-bien-ap-lo-vi-song","17":"product_tag-bien-the","18":"product_tag-bien-the-ac","19":"product_tag-bien-the-han-cell","20":"product_tag-cuc-doi-nguon","21":"product_tag-doi-nguon","22":"product_tag-ha-ap","23":"product_tag-han-cell-pin","24":"product_tag-may-han-cell","25":"product_tag-may-han-cell-pin","26":"product_tag-mtm","27":"product_tag-nguon-dien-ac","28":"product_tag-power-transformer","29":"product_tag-tang-pho","31":"first","32":"instock","33":"sale","34":"shipping-taxable","35":"purchasable","36":"product-type-simple"},"_links":{"self":[{"href":"https:\/\/maybommini.vn\/index.php?rest_route=\/wp\/v2\/product\/277812","targetHints":{"allow":["GET"]}}],"collection":[{"href":"https:\/\/maybommini.vn\/index.php?rest_route=\/wp\/v2\/product"}],"about":[{"href":"https:\/\/maybommini.vn\/index.php?rest_route=\/wp\/v2\/types\/product"}],"replies":[{"embeddable":true,"href":"https:\/\/maybommini.vn\/index.php?rest_route=%2Fwp%2Fv2%2Fcomments&post=277812"}],"wp:featuredmedia":[{"embeddable":true,"href":"https:\/\/maybommini.vn\/index.php?rest_route=\/wp\/v2\/media\/277817"}],"wp:attachment":[{"href":"https:\/\/maybommini.vn\/index.php?rest_route=%2Fwp%2Fv2%2Fmedia&parent=277812"}],"wp:term":[{"taxonomy":"product_brand","embeddable":true,"href":"https:\/\/maybommini.vn\/index.php?rest_route=%2Fwp%2Fv2%2Fproduct_brand&post=277812"},{"taxonomy":"product_cat","embeddable":true,"href":"https:\/\/maybommini.vn\/index.php?rest_route=%2Fwp%2Fv2%2Fproduct_cat&post=277812"},{"taxonomy":"product_tag","embeddable":true,"href":"https:\/\/maybommini.vn\/index.php?rest_route=%2Fwp%2Fv2%2Fproduct_tag&post=277812"}],"curies":[{"name":"wp","href":"https:\/\/api.w.org\/{rel}","templated":true}]}}