{"id":277914,"date":"2025-07-30T20:08:34","date_gmt":"2025-07-30T13:08:34","guid":{"rendered":"https:\/\/maybommini.com\/?post_type=product&#038;p=277914"},"modified":"2025-08-01T15:08:05","modified_gmt":"2025-08-01T08:08:05","slug":"tay-han-cell-pin-can-luc-dong-do-go-cnc","status":"publish","type":"product","link":"https:\/\/maybommini.vn\/?product=tay-han-cell-pin-can-luc-dong-do-go-cnc","title":{"rendered":"Tay h\u00e0n cell pin c\u00e2n l\u1ef1c \u0111\u1ed3ng \u0111\u1ecf &#8211; g\u1ed7 CNC"},"content":{"rendered":"<h3>Tay h\u00e0n cell pin c\u00e2n l\u1ef1c \u0111\u1ed3ng \u0111\u1ecf g\u1ed7 CNC. S\u1eed d\u1ee5ng t\u1ed1t cho c\u00e1c lo\u1ea1i m\u00e1y h\u00e0n cell pin cho d\u00f2ng t\u1ea3i c\u00f4ng su\u1ea5t cao m\u1ed1i h\u00e0n \u0111\u1eb9p.<\/h3>\n<p><strong><a href=\"https:\/\/maybommini.com\/wp-content\/uploads\/2025\/07\/Tay-han-cell-pin-can-luc-3mm-than-go.jpg\" target=\"_blank\" rel=\"noopener\"><img decoding=\"async\" class=\"size-full wp-image-277922 aligncenter\" src=\"https:\/\/maybommini.com\/wp-content\/uploads\/2025\/07\/Tay-han-cell-pin-can-luc-3mm-than-go.jpg\" alt=\"Tay Han Cell Pin Can Luc 3mm Than Go\" width=\"750\" height=\"750\" srcset=\"https:\/\/maybommini.vn\/wp-content\/uploads\/2025\/07\/Tay-han-cell-pin-can-luc-3mm-than-go.jpg 750w, https:\/\/maybommini.vn\/wp-content\/uploads\/2025\/07\/Tay-han-cell-pin-can-luc-3mm-than-go-300x300.jpg 300w, https:\/\/maybommini.vn\/wp-content\/uploads\/2025\/07\/Tay-han-cell-pin-can-luc-3mm-than-go-150x150.jpg 150w, https:\/\/maybommini.vn\/wp-content\/uploads\/2025\/07\/Tay-han-cell-pin-can-luc-3mm-than-go-600x600.jpg 600w\" sizes=\"(max-width: 750px) 100vw, 750px\" \/><\/a>TH\u00d4NG S\u1ed0 K\u1ef8 THU\u1eacT<br \/>\n<\/strong>Th\u01b0\u01a1ng hi\u1ec7u: MTM<br \/>\nModel: SWP-3MM-BWO<br \/>\nCh\u1ea5t li\u1ec7u \u0111\u1ed3ng \u0111\u1ecf 4x15mm<br \/>\nTay c\u1ea7m g\u1ed7 CNC<br \/>\nTay s\u1eed d\u1ee5ng kim 3mm.<br \/>\nC\u00e2n l\u1ef1c \u1ed5n \u0111\u1ecbnh.<br \/>\nD\u00e2y Switch &#8211; k\u00edch h\u00e0n 5.5&#215;2.1mm<br \/>\nTay ch\u01b0a k\u00e8m kim h\u00e0n.<\/p>\n<p><strong><a href=\"https:\/\/maybommini.com\/wp-content\/uploads\/2025\/07\/Tay-han-cell-pin-can-luc-3mm-than-go-cao-cap.jpg\" target=\"_blank\" rel=\"noopener\"><img decoding=\"async\" class=\"size-full wp-image-277923 aligncenter\" src=\"https:\/\/maybommini.com\/wp-content\/uploads\/2025\/07\/Tay-han-cell-pin-can-luc-3mm-than-go-cao-cap.jpg\" alt=\"Tay Han Cell Pin Can Luc 3mm Than Go Cao Cap\" width=\"750\" height=\"750\" srcset=\"https:\/\/maybommini.vn\/wp-content\/uploads\/2025\/07\/Tay-han-cell-pin-can-luc-3mm-than-go-cao-cap.jpg 750w, https:\/\/maybommini.vn\/wp-content\/uploads\/2025\/07\/Tay-han-cell-pin-can-luc-3mm-than-go-cao-cap-300x300.jpg 300w, https:\/\/maybommini.vn\/wp-content\/uploads\/2025\/07\/Tay-han-cell-pin-can-luc-3mm-than-go-cao-cap-150x150.jpg 150w, https:\/\/maybommini.vn\/wp-content\/uploads\/2025\/07\/Tay-han-cell-pin-can-luc-3mm-than-go-cao-cap-600x600.jpg 600w\" sizes=\"(max-width: 750px) 100vw, 750px\" \/><\/a><a href=\"https:\/\/maybommini.com\/wp-content\/uploads\/2025\/07\/gia-tay-han-cell-pin-can-luc-3mm-than-go.jpg\" target=\"_blank\" rel=\"noopener\"><img decoding=\"async\" class=\"size-full wp-image-277919 aligncenter\" src=\"https:\/\/maybommini.com\/wp-content\/uploads\/2025\/07\/gia-tay-han-cell-pin-can-luc-3mm-than-go.jpg\" alt=\"Gia Tay Han Cell Pin Can Luc 3mm Than Go\" width=\"750\" height=\"750\" srcset=\"https:\/\/maybommini.vn\/wp-content\/uploads\/2025\/07\/gia-tay-han-cell-pin-can-luc-3mm-than-go.jpg 750w, https:\/\/maybommini.vn\/wp-content\/uploads\/2025\/07\/gia-tay-han-cell-pin-can-luc-3mm-than-go-300x300.jpg 300w, https:\/\/maybommini.vn\/wp-content\/uploads\/2025\/07\/gia-tay-han-cell-pin-can-luc-3mm-than-go-150x150.jpg 150w, https:\/\/maybommini.vn\/wp-content\/uploads\/2025\/07\/gia-tay-han-cell-pin-can-luc-3mm-than-go-600x600.jpg 600w\" sizes=\"(max-width: 750px) 100vw, 750px\" \/><\/a><a href=\"https:\/\/maybommini.com\/wp-content\/uploads\/2025\/07\/ban-tay-han-cell-pin-can-luc-3mm-than-go.jpg\" target=\"_blank\" rel=\"noopener\"><img decoding=\"async\" class=\"size-full wp-image-277917 aligncenter\" src=\"https:\/\/maybommini.com\/wp-content\/uploads\/2025\/07\/ban-tay-han-cell-pin-can-luc-3mm-than-go.jpg\" alt=\"Ban Tay Han Cell Pin Can Luc 3mm Than Go\" width=\"750\" height=\"750\" srcset=\"https:\/\/maybommini.vn\/wp-content\/uploads\/2025\/07\/ban-tay-han-cell-pin-can-luc-3mm-than-go.jpg 750w, https:\/\/maybommini.vn\/wp-content\/uploads\/2025\/07\/ban-tay-han-cell-pin-can-luc-3mm-than-go-300x300.jpg 300w, https:\/\/maybommini.vn\/wp-content\/uploads\/2025\/07\/ban-tay-han-cell-pin-can-luc-3mm-than-go-150x150.jpg 150w, https:\/\/maybommini.vn\/wp-content\/uploads\/2025\/07\/ban-tay-han-cell-pin-can-luc-3mm-than-go-600x600.jpg 600w\" sizes=\"(max-width: 750px) 100vw, 750px\" \/><\/a><a href=\"https:\/\/maybommini.com\/wp-content\/uploads\/2025\/07\/chuyen-ban-tay-han-cell-pin-can-luc-3mm-than-go.jpg\" target=\"_blank\" rel=\"noopener\"><img decoding=\"async\" class=\"size-full wp-image-277918 aligncenter\" src=\"https:\/\/maybommini.com\/wp-content\/uploads\/2025\/07\/chuyen-ban-tay-han-cell-pin-can-luc-3mm-than-go.jpg\" alt=\"Chuyen Ban Tay Han Cell Pin Can Luc 3mm Than Go\" width=\"750\" height=\"750\" srcset=\"https:\/\/maybommini.vn\/wp-content\/uploads\/2025\/07\/chuyen-ban-tay-han-cell-pin-can-luc-3mm-than-go.jpg 750w, https:\/\/maybommini.vn\/wp-content\/uploads\/2025\/07\/chuyen-ban-tay-han-cell-pin-can-luc-3mm-than-go-300x300.jpg 300w, https:\/\/maybommini.vn\/wp-content\/uploads\/2025\/07\/chuyen-ban-tay-han-cell-pin-can-luc-3mm-than-go-150x150.jpg 150w, https:\/\/maybommini.vn\/wp-content\/uploads\/2025\/07\/chuyen-ban-tay-han-cell-pin-can-luc-3mm-than-go-600x600.jpg 600w\" sizes=\"(max-width: 750px) 100vw, 750px\" \/><\/a><a href=\"https:\/\/maybommini.com\/wp-content\/uploads\/2025\/07\/kim-tay-han-cell-pin-can-luc-3mm-than-go.jpg\" target=\"_blank\" rel=\"noopener\"><img decoding=\"async\" class=\"size-full wp-image-277920 aligncenter\" src=\"https:\/\/maybommini.com\/wp-content\/uploads\/2025\/07\/kim-tay-han-cell-pin-can-luc-3mm-than-go.jpg\" alt=\"Kim Tay Han Cell Pin Can Luc 3mm Than Go\" width=\"750\" height=\"750\" srcset=\"https:\/\/maybommini.vn\/wp-content\/uploads\/2025\/07\/kim-tay-han-cell-pin-can-luc-3mm-than-go.jpg 750w, https:\/\/maybommini.vn\/wp-content\/uploads\/2025\/07\/kim-tay-han-cell-pin-can-luc-3mm-than-go-300x300.jpg 300w, https:\/\/maybommini.vn\/wp-content\/uploads\/2025\/07\/kim-tay-han-cell-pin-can-luc-3mm-than-go-150x150.jpg 150w, https:\/\/maybommini.vn\/wp-content\/uploads\/2025\/07\/kim-tay-han-cell-pin-can-luc-3mm-than-go-600x600.jpg 600w\" sizes=\"(max-width: 750px) 100vw, 750px\" \/><\/a>S\u1eec D\u1ee4NG C\u00c1P M\u00c1Y H\u00c0N CELL PIN<br \/>\n<\/strong>&#8211; S\u1eed d\u1ee5ng cho m\u00e1y h\u00e0n cell pin bi\u1ebfn \u00e1p.<br \/>\n&#8211; D\u00f9ng cho m\u00e1y h\u00e0n cell pin si\u00eau t\u1ee5.<br \/>\n\u26a0\ufe0fL\u01b0u \u00fd: s\u1ea3n ph\u1ea9m ch\u1ec9 d\u00e0nh cho nh\u1eefng ai c\u00f3 t\u00ecm hi\u1ec3u v\u1ec1 m\u00e1y h\u00e0n cell pin, \u0111\u00e3 hi\u1ec3u r\u00f5 nguy\u00ean l\u00ed ho\u1ea1t \u0111\u1ed9ng.<\/p>\n<p><strong><a href=\"https:\/\/maybommini.com\/wp-content\/uploads\/2025\/07\/su-dung-tay-han-cell-pin-can-luc-3mm-than-go.jpg\" target=\"_blank\" rel=\"noopener\"><img decoding=\"async\" class=\"size-full wp-image-277921 aligncenter\" src=\"https:\/\/maybommini.com\/wp-content\/uploads\/2025\/07\/su-dung-tay-han-cell-pin-can-luc-3mm-than-go.jpg\" alt=\"Su Dung Tay Han Cell Pin Can Luc 3mm Than Go\" width=\"750\" height=\"750\" srcset=\"https:\/\/maybommini.vn\/wp-content\/uploads\/2025\/07\/su-dung-tay-han-cell-pin-can-luc-3mm-than-go.jpg 750w, https:\/\/maybommini.vn\/wp-content\/uploads\/2025\/07\/su-dung-tay-han-cell-pin-can-luc-3mm-than-go-300x300.jpg 300w, https:\/\/maybommini.vn\/wp-content\/uploads\/2025\/07\/su-dung-tay-han-cell-pin-can-luc-3mm-than-go-150x150.jpg 150w, https:\/\/maybommini.vn\/wp-content\/uploads\/2025\/07\/su-dung-tay-han-cell-pin-can-luc-3mm-than-go-600x600.jpg 600w\" sizes=\"(max-width: 750px) 100vw, 750px\" \/><\/a><\/strong><\/p>\n<p><strong><a href=\"https:\/\/maybommini.com\/wp-content\/uploads\/2025\/07\/Tay-han-cell-pin-can-luc-3mm-than-go-kim-han.jpg\" target=\"_blank\" rel=\"noopener\"><img decoding=\"async\" class=\"size-full wp-image-277915 aligncenter\" src=\"https:\/\/maybommini.com\/wp-content\/uploads\/2025\/07\/Tay-han-cell-pin-can-luc-3mm-than-go-kim-han.jpg\" alt=\"Tay Han Cell Pin Can Luc 3mm Than Go Kim Han\" width=\"750\" height=\"750\" srcset=\"https:\/\/maybommini.vn\/wp-content\/uploads\/2025\/07\/Tay-han-cell-pin-can-luc-3mm-than-go-kim-han.jpg 750w, https:\/\/maybommini.vn\/wp-content\/uploads\/2025\/07\/Tay-han-cell-pin-can-luc-3mm-than-go-kim-han-300x300.jpg 300w, https:\/\/maybommini.vn\/wp-content\/uploads\/2025\/07\/Tay-han-cell-pin-can-luc-3mm-than-go-kim-han-150x150.jpg 150w, https:\/\/maybommini.vn\/wp-content\/uploads\/2025\/07\/Tay-han-cell-pin-can-luc-3mm-than-go-kim-han-600x600.jpg 600w\" sizes=\"(max-width: 750px) 100vw, 750px\" \/><\/a><\/strong><\/p>\n<p>Khuy\u1ebfn ngh\u1ecb n\u00ean mua tay h\u00e0n \u0111\u1ed3ng \u0111\u1ecf \u0111\u1ec3 c\u00f3 m\u1ed1i h\u00e0n \u0111\u1eb9p<br \/>\nT\u1eeb d\u00e2y qu\u1ea5n \u0111\u1ebfn \u0111\u1ea7u cos \u0111\u1ec1u d\u00f9ng \u0111\u1ed3ng \u0111\u1ecf th\u00ec kh\u00f4ng l\u00fd n\u00e0o tay h\u00e0n s\u1eed d\u1ee5ng \u0111\u1ed3ng v\u00e0ng<br \/>\nDi\u1ec7n t\u00edch b\u1ea3n \u0111\u1ed3ng l\u1edbn v\u00e0 \u0111\u1ed3ng \u0111\u1ecf t\u1ed1t h\u01a1n, ko b\u1ecb ti\u00eau hao d\u00f2ng nh\u01b0 \u0111\u1ed3ng v\u00e0ng<br \/>\nS\u1eed d\u1ee5ng bi\u1ebfn \u00e1p 800E 900W\u00a0 qu\u1ea5n 3 v\u00f2ng M50 \u0111\u1ec3 m\u1ed1i h\u00e0n \u0111\u1ea1t ch\u1ea5t l\u01b0\u1ee3ng.<\/p>\n<p><strong><a href=\"https:\/\/maybommini.com\/wp-content\/uploads\/2025\/07\/Tay-han-cell-pin-can-luc-3mm-than-go-kem-kim.jpg\" target=\"_blank\" rel=\"noopener\"><img decoding=\"async\" class=\"size-full wp-image-277924 aligncenter\" src=\"https:\/\/maybommini.com\/wp-content\/uploads\/2025\/07\/Tay-han-cell-pin-can-luc-3mm-than-go-kem-kim.jpg\" alt=\"Tay Han Cell Pin Can Luc 3mm Than Go Kem Kim\" width=\"750\" height=\"750\" srcset=\"https:\/\/maybommini.vn\/wp-content\/uploads\/2025\/07\/Tay-han-cell-pin-can-luc-3mm-than-go-kem-kim.jpg 750w, https:\/\/maybommini.vn\/wp-content\/uploads\/2025\/07\/Tay-han-cell-pin-can-luc-3mm-than-go-kem-kim-300x300.jpg 300w, https:\/\/maybommini.vn\/wp-content\/uploads\/2025\/07\/Tay-han-cell-pin-can-luc-3mm-than-go-kem-kim-150x150.jpg 150w, https:\/\/maybommini.vn\/wp-content\/uploads\/2025\/07\/Tay-han-cell-pin-can-luc-3mm-than-go-kem-kim-600x600.jpg 600w\" sizes=\"(max-width: 750px) 100vw, 750px\" \/><\/a><\/strong><\/p>\n<p><strong><a href=\"https:\/\/maybommini.com\/wp-content\/uploads\/2025\/07\/Tay-han-cell-pin-can-luc-3mm-than-go-kem-kim-gia-re.jpg\" target=\"_blank\" rel=\"noopener\"><img decoding=\"async\" class=\"size-full wp-image-277925 aligncenter\" src=\"https:\/\/maybommini.com\/wp-content\/uploads\/2025\/07\/Tay-han-cell-pin-can-luc-3mm-than-go-kem-kim-gia-re.jpg\" alt=\"Tay Han Cell Pin Can Luc 3mm Than Go Kem Kim Gia Re\" width=\"750\" height=\"750\" srcset=\"https:\/\/maybommini.vn\/wp-content\/uploads\/2025\/07\/Tay-han-cell-pin-can-luc-3mm-than-go-kem-kim-gia-re.jpg 750w, https:\/\/maybommini.vn\/wp-content\/uploads\/2025\/07\/Tay-han-cell-pin-can-luc-3mm-than-go-kem-kim-gia-re-300x300.jpg 300w, https:\/\/maybommini.vn\/wp-content\/uploads\/2025\/07\/Tay-han-cell-pin-can-luc-3mm-than-go-kem-kim-gia-re-150x150.jpg 150w, https:\/\/maybommini.vn\/wp-content\/uploads\/2025\/07\/Tay-han-cell-pin-can-luc-3mm-than-go-kem-kim-gia-re-600x600.jpg 600w\" sizes=\"(max-width: 750px) 100vw, 750px\" \/><\/a><\/strong><\/p>\n<h4>CHUY\u00caN CUNG C\u1ea4P M\u00c1Y H\u00c0N CELL PIN &#8211; PH\u1ee4 KI\u1ec6N<\/h4>\n<h3 style=\"text-align: center;\"><a href=\"https:\/\/maybommini.com\/wp-content\/uploads\/2025\/07\/Cap-han-cell-pin-M35-day-dong-1met.jpg\" target=\"_blank\" rel=\"noopener\"><img decoding=\"async\" class=\"alignnone size-full wp-image-277886\" src=\"https:\/\/maybommini.com\/wp-content\/uploads\/2025\/07\/Cap-han-cell-pin-M35-day-dong-1met.jpg\" alt=\"Cap Han Cell Pin M35 Day Dong 1met\" width=\"750\" height=\"750\" srcset=\"https:\/\/maybommini.vn\/wp-content\/uploads\/2025\/07\/Cap-han-cell-pin-M35-day-dong-1met.jpg 750w, https:\/\/maybommini.vn\/wp-content\/uploads\/2025\/07\/Cap-han-cell-pin-M35-day-dong-1met-300x300.jpg 300w, https:\/\/maybommini.vn\/wp-content\/uploads\/2025\/07\/Cap-han-cell-pin-M35-day-dong-1met-150x150.jpg 150w, https:\/\/maybommini.vn\/wp-content\/uploads\/2025\/07\/Cap-han-cell-pin-M35-day-dong-1met-600x600.jpg 600w\" sizes=\"(max-width: 750px) 100vw, 750px\" \/><\/a><a href=\"https:\/\/maybommini.com\/wp-content\/uploads\/2025\/07\/Cap-han-cell-pin-M35-day-dong-1m2.jpg\" target=\"_blank\" rel=\"noopener\"><img decoding=\"async\" class=\"alignnone size-full wp-image-277898\" src=\"https:\/\/maybommini.com\/wp-content\/uploads\/2025\/07\/Cap-han-cell-pin-M35-day-dong-1m2.jpg\" alt=\"Cap Han Cell Pin M35 Day Dong 1m2\" width=\"750\" height=\"750\" srcset=\"https:\/\/maybommini.vn\/wp-content\/uploads\/2025\/07\/Cap-han-cell-pin-M35-day-dong-1m2.jpg 750w, https:\/\/maybommini.vn\/wp-content\/uploads\/2025\/07\/Cap-han-cell-pin-M35-day-dong-1m2-300x300.jpg 300w, https:\/\/maybommini.vn\/wp-content\/uploads\/2025\/07\/Cap-han-cell-pin-M35-day-dong-1m2-150x150.jpg 150w, https:\/\/maybommini.vn\/wp-content\/uploads\/2025\/07\/Cap-han-cell-pin-M35-day-dong-1m2-600x600.jpg 600w\" sizes=\"(max-width: 750px) 100vw, 750px\" \/><\/a><a href=\"https:\/\/maybommini.com\/wp-content\/uploads\/2025\/07\/Cap-han-cell-pin-M35-day-dong-1m3.jpg\" target=\"_blank\" rel=\"noopener\"><img decoding=\"async\" class=\"alignnone size-full wp-image-277884\" src=\"https:\/\/maybommini.com\/wp-content\/uploads\/2025\/07\/Cap-han-cell-pin-M35-day-dong-1m3.jpg\" alt=\"Cap Han Cell Pin M35 Day Dong 1m3\" width=\"750\" height=\"750\" srcset=\"https:\/\/maybommini.vn\/wp-content\/uploads\/2025\/07\/Cap-han-cell-pin-M35-day-dong-1m3.jpg 750w, https:\/\/maybommini.vn\/wp-content\/uploads\/2025\/07\/Cap-han-cell-pin-M35-day-dong-1m3-300x300.jpg 300w, https:\/\/maybommini.vn\/wp-content\/uploads\/2025\/07\/Cap-han-cell-pin-M35-day-dong-1m3-150x150.jpg 150w, https:\/\/maybommini.vn\/wp-content\/uploads\/2025\/07\/Cap-han-cell-pin-M35-day-dong-1m3-600x600.jpg 600w\" sizes=\"(max-width: 750px) 100vw, 750px\" \/><\/a><a href=\"https:\/\/maybommini.com\/wp-content\/uploads\/2025\/07\/Cap-han-cell-pin-M35-day-dong-1met-gia-tot-1.jpg\" target=\"_blank\" rel=\"noopener\"><img decoding=\"async\" class=\"alignnone size-full wp-image-277887\" src=\"https:\/\/maybommini.com\/wp-content\/uploads\/2025\/07\/Cap-han-cell-pin-M35-day-dong-1met-gia-tot-1.jpg\" alt=\"Cap Han Cell Pin M35 Day Dong 1met Gia Tot\" width=\"750\" height=\"750\" srcset=\"https:\/\/maybommini.vn\/wp-content\/uploads\/2025\/07\/Cap-han-cell-pin-M35-day-dong-1met-gia-tot-1.jpg 750w, https:\/\/maybommini.vn\/wp-content\/uploads\/2025\/07\/Cap-han-cell-pin-M35-day-dong-1met-gia-tot-1-300x300.jpg 300w, https:\/\/maybommini.vn\/wp-content\/uploads\/2025\/07\/Cap-han-cell-pin-M35-day-dong-1met-gia-tot-1-150x150.jpg 150w, https:\/\/maybommini.vn\/wp-content\/uploads\/2025\/07\/Cap-han-cell-pin-M35-day-dong-1met-gia-tot-1-600x600.jpg 600w\" sizes=\"(max-width: 750px) 100vw, 750px\" \/><\/a><a href=\"https:\/\/maybommini.com\/wp-content\/uploads\/2025\/07\/Cap-han-cell-pin-M50-day-dong-1m2.jpg\" target=\"_blank\" rel=\"noopener\"><img decoding=\"async\" class=\"alignnone size-full wp-image-277888\" src=\"https:\/\/maybommini.com\/wp-content\/uploads\/2025\/07\/Cap-han-cell-pin-M50-day-dong-1m2.jpg\" alt=\"Cap Han Cell Pin M50 Day Dong 1m2\" width=\"750\" height=\"750\" srcset=\"https:\/\/maybommini.vn\/wp-content\/uploads\/2025\/07\/Cap-han-cell-pin-M50-day-dong-1m2.jpg 750w, https:\/\/maybommini.vn\/wp-content\/uploads\/2025\/07\/Cap-han-cell-pin-M50-day-dong-1m2-300x300.jpg 300w, https:\/\/maybommini.vn\/wp-content\/uploads\/2025\/07\/Cap-han-cell-pin-M50-day-dong-1m2-150x150.jpg 150w, https:\/\/maybommini.vn\/wp-content\/uploads\/2025\/07\/Cap-han-cell-pin-M50-day-dong-1m2-600x600.jpg 600w\" sizes=\"(max-width: 750px) 100vw, 750px\" \/><\/a><a href=\"https:\/\/maybommini.com\/wp-content\/uploads\/2025\/07\/Cap-han-cell-pin-M50-day-dong-1m3.jpg\" target=\"_blank\" rel=\"noopener\"><img decoding=\"async\" class=\"alignnone size-full wp-image-277889\" src=\"https:\/\/maybommini.com\/wp-content\/uploads\/2025\/07\/Cap-han-cell-pin-M50-day-dong-1m3.jpg\" alt=\"Cap Han Cell Pin M50 Day Dong 1m3\" width=\"750\" height=\"750\" srcset=\"https:\/\/maybommini.vn\/wp-content\/uploads\/2025\/07\/Cap-han-cell-pin-M50-day-dong-1m3.jpg 750w, https:\/\/maybommini.vn\/wp-content\/uploads\/2025\/07\/Cap-han-cell-pin-M50-day-dong-1m3-300x300.jpg 300w, https:\/\/maybommini.vn\/wp-content\/uploads\/2025\/07\/Cap-han-cell-pin-M50-day-dong-1m3-150x150.jpg 150w, https:\/\/maybommini.vn\/wp-content\/uploads\/2025\/07\/Cap-han-cell-pin-M50-day-dong-1m3-600x600.jpg 600w\" sizes=\"(max-width: 750px) 100vw, 750px\" \/><\/a><a href=\"https:\/\/maybommini.com\/wp-content\/uploads\/2025\/06\/ban-bien-ap-han-cell-pin-800E-dong-thanh.jpg\" target=\"_blank\" rel=\"noopener\"><img decoding=\"async\" class=\"alignnone size-full wp-image-277817\" src=\"https:\/\/maybommini.com\/wp-content\/uploads\/2025\/06\/ban-bien-ap-han-cell-pin-800E-dong-thanh.jpg\" alt=\"Ban Bien Ap Han Cell Pin 800E Dong Thanh\" width=\"750\" height=\"750\" srcset=\"https:\/\/maybommini.vn\/wp-content\/uploads\/2025\/06\/ban-bien-ap-han-cell-pin-800E-dong-thanh.jpg 750w, https:\/\/maybommini.vn\/wp-content\/uploads\/2025\/06\/ban-bien-ap-han-cell-pin-800E-dong-thanh-300x300.jpg 300w, https:\/\/maybommini.vn\/wp-content\/uploads\/2025\/06\/ban-bien-ap-han-cell-pin-800E-dong-thanh-150x150.jpg 150w, https:\/\/maybommini.vn\/wp-content\/uploads\/2025\/06\/ban-bien-ap-han-cell-pin-800E-dong-thanh-600x600.jpg 600w\" sizes=\"(max-width: 750px) 100vw, 750px\" \/><\/a><a href=\"https:\/\/maybommini.com\/wp-content\/uploads\/2025\/07\/May-han-cell-pin-bien-ap-800E-dong-thanh-xung-kep.jpg\" target=\"_blank\" rel=\"noopener\"><img decoding=\"async\" class=\"size-full wp-image-277848 aligncenter\" src=\"https:\/\/maybommini.com\/wp-content\/uploads\/2025\/07\/May-han-cell-pin-bien-ap-800E-dong-thanh-xung-kep.jpg\" alt=\"May Han Cell Pin Bien Ap 800E Dong Thanh Xung Kep\" width=\"750\" height=\"750\" srcset=\"https:\/\/maybommini.vn\/wp-content\/uploads\/2025\/07\/May-han-cell-pin-bien-ap-800E-dong-thanh-xung-kep.jpg 750w, https:\/\/maybommini.vn\/wp-content\/uploads\/2025\/07\/May-han-cell-pin-bien-ap-800E-dong-thanh-xung-kep-300x300.jpg 300w, https:\/\/maybommini.vn\/wp-content\/uploads\/2025\/07\/May-han-cell-pin-bien-ap-800E-dong-thanh-xung-kep-150x150.jpg 150w, https:\/\/maybommini.vn\/wp-content\/uploads\/2025\/07\/May-han-cell-pin-bien-ap-800E-dong-thanh-xung-kep-600x600.jpg 600w\" sizes=\"(max-width: 750px) 100vw, 750px\" \/><\/a>C\u00e1p m\u00e1y h\u00e0n cell pin M35 1 m\u00e9t &#8211; Cos \u0111\u1ed3ng m\u1ea1<br \/>\nC\u00e1p m\u00e1y h\u00e0n cell pin M35 1.2 m\u00e9t &#8211; Cos \u0111\u1ed3ng m\u1ea1<br \/>\nC\u00e1p m\u00e1y h\u00e0n cell pin M35 1.3 m\u00e9t &#8211; Cos \u0111\u1ed3ng m\u1ea1<br \/>\nC\u00e1p m\u00e1y h\u00e0n cell pin M50 1 m\u00e9t &#8211; Cos \u0111\u1ed3ng m\u1ea1<br \/>\nC\u00e1p m\u00e1y h\u00e0n cell pin M50 1.2 m\u00e9t &#8211; Cos \u0111\u1ed3ng m\u1ea1<br \/>\nC\u00e1p m\u00e1y h\u00e0n cell pin M50 1.3 m\u00e9t &#8211; Cos \u0111\u1ed3ng m\u1ea1<br \/>\nM\u00e1y h\u00e0n cell pin chuy\u00ean nghi\u1ec7p<br \/>\nPulse Spot Welding Machine<\/h3>\n<p>#tayhan #Tayhancellpincanluc #tayhan #Tayhancellpincanluc #Diymayhancell #mayhan #cellpin #18650 #tayhancell #tayhanpin #tayhancell<\/p>\n<p><strong>\u0110I\u1ec6N M\u00c1Y TH\u00d4NG MINH<br \/>\nHotline: 02873030399 \u2013 0907294310<br \/>\nEmail: maybommini.com@gmail.com<br \/>\nWebsite: https:\/\/maybommini.com<br \/>\nYoutube demo : <a href=\"https:\/\/www.youtube.com\/bahamasali\" target=\"_blank\" rel=\"noopener noreferrer\">https:\/\/www.youtube.com\/bahamasali<\/a><\/strong><\/p>\n","protected":false},"excerpt":{"rendered":"<p>Th\u01b0\u01a1ng hi\u1ec7u: MTM<br \/>\nModel: SWP-3MM-BWO<br \/>\nCh\u1ea5t li\u1ec7u \u0111\u1ed3ng \u0111\u1ecf 4x15mm<br \/>\nTay c\u1ea7m g\u1ed7 CNC<br \/>\nTay s\u1eed d\u1ee5ng kim 3mm.<br \/>\nC\u00e2n l\u1ef1c \u1ed5n \u0111\u1ecbnh.<br \/>\nD\u00e2y Switch &#8211; k\u00edch h\u00e0n 5.5&#215;2.1mm<br \/>\nTay ch\u01b0a k\u00e8m kim h\u00e0n.<br \/>\nB\u1ea3o h\u00e0nh: 3 th\u00e1ng<\/p>\n","protected":false},"featured_media":277922,"comment_status":"open","ping_status":"closed","template":"","meta":[],"product_brand":[2227],"product_cat":[4775],"product_tag":[4777,4779,4780,4776,4778,1283,1284,1285,1286,1287,4773,4781,1289,1290,1291,1292,1293,4774,3382,4785,4784,3383],"class_list":{"0":"post-277914","1":"product","2":"type-product","3":"status-publish","4":"has-post-thumbnail","6":"product_brand-mtm","7":"product_cat-phu-kien-may-han-cell-pin","8":"product_tag-cap-han-cell","9":"product_tag-cap-m35","10":"product_tag-cap-m50","11":"product_tag-cap-may-han-cell-pin","12":"product_tag-cap-may-han-pin","13":"product_tag-ghep-cell-pin","14":"product_tag-ghep-pin","15":"product_tag-han-cell-pin","16":"product_tag-han-pin","17":"product_tag-han-pin-may-khoan","18":"product_tag-lap-may-han-cell-pin","19":"product_tag-m50","20":"product_tag-may-ghep-pin","21":"product_tag-may-ghep-pin-sac","22":"product_tag-may-han","23":"product_tag-may-han-cell-pin","24":"product_tag-may-han-pin","25":"product_tag-nhan-lam-may-han-cell-pin","26":"product_tag-pulse-spot-welding-machine","27":"product_tag-tay-han-can-luc","28":"product_tag-tay-han-cell-pin","29":"product_tag-welding-machine","31":"first","32":"instock","33":"shipping-taxable","34":"purchasable","35":"product-type-simple"},"_links":{"self":[{"href":"https:\/\/maybommini.vn\/index.php?rest_route=\/wp\/v2\/product\/277914","targetHints":{"allow":["GET"]}}],"collection":[{"href":"https:\/\/maybommini.vn\/index.php?rest_route=\/wp\/v2\/product"}],"about":[{"href":"https:\/\/maybommini.vn\/index.php?rest_route=\/wp\/v2\/types\/product"}],"replies":[{"embeddable":true,"href":"https:\/\/maybommini.vn\/index.php?rest_route=%2Fwp%2Fv2%2Fcomments&post=277914"}],"wp:featuredmedia":[{"embeddable":true,"href":"https:\/\/maybommini.vn\/index.php?rest_route=\/wp\/v2\/media\/277922"}],"wp:attachment":[{"href":"https:\/\/maybommini.vn\/index.php?rest_route=%2Fwp%2Fv2%2Fmedia&parent=277914"}],"wp:term":[{"taxonomy":"product_brand","embeddable":true,"href":"https:\/\/maybommini.vn\/index.php?rest_route=%2Fwp%2Fv2%2Fproduct_brand&post=277914"},{"taxonomy":"product_cat","embeddable":true,"href":"https:\/\/maybommini.vn\/index.php?rest_route=%2Fwp%2Fv2%2Fproduct_cat&post=277914"},{"taxonomy":"product_tag","embeddable":true,"href":"https:\/\/maybommini.vn\/index.php?rest_route=%2Fwp%2Fv2%2Fproduct_tag&post=277914"}],"curies":[{"name":"wp","href":"https:\/\/api.w.org\/{rel}","templated":true}]}}