{"id":277926,"date":"2025-07-30T20:33:58","date_gmt":"2025-07-30T13:33:58","guid":{"rendered":"https:\/\/maybommini.com\/?post_type=product&#038;p=277926"},"modified":"2025-08-01T15:00:34","modified_gmt":"2025-08-01T08:00:34","slug":"mach-han-cell-pin-xung-kep-bta-100-bae-sw206","status":"publish","type":"product","link":"https:\/\/maybommini.vn\/?product=mach-han-cell-pin-xung-kep-bta-100-bae-sw206","title":{"rendered":"M\u1ea1ch h\u00e0n cell pin xung k\u00e9p BTA-100 BAE-SW206"},"content":{"rendered":"<h3>Ph\u00e2n ph\u1ed1i m\u1ea1ch h\u00e0n cell pin xung k\u00e9p BTA-100 BAE-SW206 ch\u00ednh h\u00e3ng gi\u00e1 t\u1ed1t. M\u1ea1ch time h\u00e0n cell pin n\u00e0y \u0111ang \u0111\u01b0\u1ee3c \u0111\u00e1nh gi\u00e1 r\u1ea5t cao v\u1edbi t\u00ednh n\u0103ng \u1ed5n \u0111\u1ecbnh, l\u01b0u \u0111\u01b0\u1ee3c nhi\u1ec1u ch\u01b0\u01a1ng tr\u00ecnh h\u00e0n nhanh, thi\u1ebft k\u1ebf cao c\u1ea5p do Vi\u1ec7t Nam s\u1ea3n xu\u1ea5t.<\/h3>\n<p><strong><a href=\"https:\/\/maybommini.com\/wp-content\/uploads\/2025\/07\/Spot-Welding-Machine-Mach-han-cell-pin-xung-kep-BAE-206-BTA100.jpg\" target=\"_blank\" rel=\"noopener\"><img decoding=\"async\" class=\"size-full wp-image-277932 aligncenter\" src=\"https:\/\/maybommini.com\/wp-content\/uploads\/2025\/07\/Spot-Welding-Machine-Mach-han-cell-pin-xung-kep-BAE-206-BTA100.jpg\" alt=\"Spot Welding Machine Mach Han Cell Pin Xung Kep BAE 206 BTA100\" width=\"750\" height=\"750\" srcset=\"https:\/\/maybommini.vn\/wp-content\/uploads\/2025\/07\/Spot-Welding-Machine-Mach-han-cell-pin-xung-kep-BAE-206-BTA100.jpg 750w, https:\/\/maybommini.vn\/wp-content\/uploads\/2025\/07\/Spot-Welding-Machine-Mach-han-cell-pin-xung-kep-BAE-206-BTA100-300x300.jpg 300w, https:\/\/maybommini.vn\/wp-content\/uploads\/2025\/07\/Spot-Welding-Machine-Mach-han-cell-pin-xung-kep-BAE-206-BTA100-150x150.jpg 150w, https:\/\/maybommini.vn\/wp-content\/uploads\/2025\/07\/Spot-Welding-Machine-Mach-han-cell-pin-xung-kep-BAE-206-BTA100-600x600.jpg 600w\" sizes=\"(max-width: 750px) 100vw, 750px\" \/><\/a>TH\u00d4NG S\u1ed0 K\u1ef8 THU\u1eacT<br \/>\n<\/strong>Ph\u00e2n ph\u1ed1i: MTM<br \/>\nModel: BAE-SW206-BTA100<br \/>\nM\u1ea1ch Time xung k\u00e9p BTA-100<br \/>\nNgu\u1ed3n c\u1ea5p cho m\u1ea1ch: AC 12-24V\/1A\u00a0 (DC : 13-35V\/1A)<br \/>\nM\u1ea1ch Time xung k\u00e9p d\u00f9ng \u0111i\u1ec1u ch\u1ec9nh th\u1eddi gian k\u00edch H\u00e0n cho bi\u1ebfn \u00e1p th\u00f4ng qua BTA-100<br \/>\nNh\u1edb \u0111\u01b0\u1ee3c nhi\u1ec1u ch\u01b0\u01a1ng tr\u00ecnh h\u00e0n.<br \/>\nCh\u1ec9nh c\u00f4ng su\u1ea5t h\u00e0n xung.<br \/>\nCh\u1ec9nh time theo nhu c\u1ea7u.<br \/>\nC\u00f3 hi\u1ec3n th\u1ecb th\u00f4ng s\u1ed1 \u0111i\u1ec7n l\u01b0\u1edbi AC<br \/>\nXu\u1ea5t x\u1ee9: Vi\u1ec7t Nam<\/p>\n<p><strong><a href=\"https:\/\/maybommini.com\/wp-content\/uploads\/2025\/07\/ban-mach-han-cell-pin-xung-kep-BAE-206-BTA100.jpg\" target=\"_blank\" rel=\"noopener\"><img decoding=\"async\" class=\"size-full wp-image-277933 aligncenter\" src=\"https:\/\/maybommini.com\/wp-content\/uploads\/2025\/07\/ban-mach-han-cell-pin-xung-kep-BAE-206-BTA100.jpg\" alt=\"Ban Mach Han Cell Pin Xung Kep BAE 206 BTA100\" width=\"750\" height=\"750\" srcset=\"https:\/\/maybommini.vn\/wp-content\/uploads\/2025\/07\/ban-mach-han-cell-pin-xung-kep-BAE-206-BTA100.jpg 750w, https:\/\/maybommini.vn\/wp-content\/uploads\/2025\/07\/ban-mach-han-cell-pin-xung-kep-BAE-206-BTA100-300x300.jpg 300w, https:\/\/maybommini.vn\/wp-content\/uploads\/2025\/07\/ban-mach-han-cell-pin-xung-kep-BAE-206-BTA100-150x150.jpg 150w, https:\/\/maybommini.vn\/wp-content\/uploads\/2025\/07\/ban-mach-han-cell-pin-xung-kep-BAE-206-BTA100-600x600.jpg 600w\" sizes=\"(max-width: 750px) 100vw, 750px\" \/><\/a><a href=\"https:\/\/maybommini.com\/wp-content\/uploads\/2025\/07\/phan-phoi-mach-han-cell-pin-xung-kep-BAE-206-BTA100.jpg\" target=\"_blank\" rel=\"noopener\"><img decoding=\"async\" class=\"size-full wp-image-277931 aligncenter\" src=\"https:\/\/maybommini.com\/wp-content\/uploads\/2025\/07\/phan-phoi-mach-han-cell-pin-xung-kep-BAE-206-BTA100.jpg\" alt=\"Phan Phoi Mach Han Cell Pin Xung Kep BAE 206 BTA100\" width=\"750\" height=\"750\" srcset=\"https:\/\/maybommini.vn\/wp-content\/uploads\/2025\/07\/phan-phoi-mach-han-cell-pin-xung-kep-BAE-206-BTA100.jpg 750w, https:\/\/maybommini.vn\/wp-content\/uploads\/2025\/07\/phan-phoi-mach-han-cell-pin-xung-kep-BAE-206-BTA100-300x300.jpg 300w, https:\/\/maybommini.vn\/wp-content\/uploads\/2025\/07\/phan-phoi-mach-han-cell-pin-xung-kep-BAE-206-BTA100-150x150.jpg 150w, https:\/\/maybommini.vn\/wp-content\/uploads\/2025\/07\/phan-phoi-mach-han-cell-pin-xung-kep-BAE-206-BTA100-600x600.jpg 600w\" sizes=\"(max-width: 750px) 100vw, 750px\" \/><\/a><a href=\"https:\/\/maybommini.com\/wp-content\/uploads\/2025\/07\/Mach-han-cell-pin-xung-kep-BAE-206-BTA100-mat-sau.jpg\" target=\"_blank\" rel=\"noopener\"><img decoding=\"async\" class=\"size-full wp-image-277930 aligncenter\" src=\"https:\/\/maybommini.com\/wp-content\/uploads\/2025\/07\/Mach-han-cell-pin-xung-kep-BAE-206-BTA100-mat-sau.jpg\" alt=\"Mach Han Cell Pin Xung Kep BAE 206 BTA100 Mat Sau\" width=\"750\" height=\"750\" srcset=\"https:\/\/maybommini.vn\/wp-content\/uploads\/2025\/07\/Mach-han-cell-pin-xung-kep-BAE-206-BTA100-mat-sau.jpg 750w, https:\/\/maybommini.vn\/wp-content\/uploads\/2025\/07\/Mach-han-cell-pin-xung-kep-BAE-206-BTA100-mat-sau-300x300.jpg 300w, https:\/\/maybommini.vn\/wp-content\/uploads\/2025\/07\/Mach-han-cell-pin-xung-kep-BAE-206-BTA100-mat-sau-150x150.jpg 150w, https:\/\/maybommini.vn\/wp-content\/uploads\/2025\/07\/Mach-han-cell-pin-xung-kep-BAE-206-BTA100-mat-sau-600x600.jpg 600w\" sizes=\"(max-width: 750px) 100vw, 750px\" \/><\/a><a href=\"https:\/\/maybommini.com\/wp-content\/uploads\/2025\/07\/Mach-han-cell-pin-xung-kep-BAE-206-BTA100-chinh-hang.jpg\" target=\"_blank\" rel=\"noopener\"><img decoding=\"async\" class=\"size-full wp-image-277928 aligncenter\" src=\"https:\/\/maybommini.com\/wp-content\/uploads\/2025\/07\/Mach-han-cell-pin-xung-kep-BAE-206-BTA100-chinh-hang.jpg\" alt=\"Mach Han Cell Pin Xung Kep BAE 206 BTA100 Chinh Hang\" width=\"750\" height=\"750\" srcset=\"https:\/\/maybommini.vn\/wp-content\/uploads\/2025\/07\/Mach-han-cell-pin-xung-kep-BAE-206-BTA100-chinh-hang.jpg 750w, https:\/\/maybommini.vn\/wp-content\/uploads\/2025\/07\/Mach-han-cell-pin-xung-kep-BAE-206-BTA100-chinh-hang-300x300.jpg 300w, https:\/\/maybommini.vn\/wp-content\/uploads\/2025\/07\/Mach-han-cell-pin-xung-kep-BAE-206-BTA100-chinh-hang-150x150.jpg 150w, https:\/\/maybommini.vn\/wp-content\/uploads\/2025\/07\/Mach-han-cell-pin-xung-kep-BAE-206-BTA100-chinh-hang-600x600.jpg 600w\" sizes=\"(max-width: 750px) 100vw, 750px\" \/><\/a><a href=\"https:\/\/maybommini.com\/wp-content\/uploads\/2025\/07\/Mach-han-cell-pin-xung-kep-BAE-206-BTA100.jpg\" target=\"_blank\" rel=\"noopener\"><img decoding=\"async\" class=\"size-full wp-image-277934 aligncenter\" src=\"https:\/\/maybommini.com\/wp-content\/uploads\/2025\/07\/Mach-han-cell-pin-xung-kep-BAE-206-BTA100.jpg\" alt=\"Mach Han Cell Pin Xung Kep BAE 206 BTA100\" width=\"750\" height=\"750\" srcset=\"https:\/\/maybommini.vn\/wp-content\/uploads\/2025\/07\/Mach-han-cell-pin-xung-kep-BAE-206-BTA100.jpg 750w, https:\/\/maybommini.vn\/wp-content\/uploads\/2025\/07\/Mach-han-cell-pin-xung-kep-BAE-206-BTA100-300x300.jpg 300w, https:\/\/maybommini.vn\/wp-content\/uploads\/2025\/07\/Mach-han-cell-pin-xung-kep-BAE-206-BTA100-150x150.jpg 150w, https:\/\/maybommini.vn\/wp-content\/uploads\/2025\/07\/Mach-han-cell-pin-xung-kep-BAE-206-BTA100-600x600.jpg 600w\" sizes=\"(max-width: 750px) 100vw, 750px\" \/><\/a><a href=\"https:\/\/maybommini.com\/wp-content\/uploads\/2025\/07\/Mach-han-cell-pin-xung-kep-BAE-206-BTA100-Bao-Anh.jpg\" target=\"_blank\" rel=\"noopener\"><img decoding=\"async\" class=\"size-full wp-image-277935 aligncenter\" src=\"https:\/\/maybommini.com\/wp-content\/uploads\/2025\/07\/Mach-han-cell-pin-xung-kep-BAE-206-BTA100-Bao-Anh.jpg\" alt=\"Mach Han Cell Pin Xung Kep BAE 206 BTA100 Bao Anh\" width=\"750\" height=\"750\" srcset=\"https:\/\/maybommini.vn\/wp-content\/uploads\/2025\/07\/Mach-han-cell-pin-xung-kep-BAE-206-BTA100-Bao-Anh.jpg 750w, https:\/\/maybommini.vn\/wp-content\/uploads\/2025\/07\/Mach-han-cell-pin-xung-kep-BAE-206-BTA100-Bao-Anh-300x300.jpg 300w, https:\/\/maybommini.vn\/wp-content\/uploads\/2025\/07\/Mach-han-cell-pin-xung-kep-BAE-206-BTA100-Bao-Anh-150x150.jpg 150w, https:\/\/maybommini.vn\/wp-content\/uploads\/2025\/07\/Mach-han-cell-pin-xung-kep-BAE-206-BTA100-Bao-Anh-600x600.jpg 600w\" sizes=\"(max-width: 750px) 100vw, 750px\" \/><\/a><a href=\"https:\/\/maybommini.com\/wp-content\/uploads\/2025\/07\/Mach-han-cell-pin-xung-kep-BAE-206-BTA100-Bao-Anh-gia-ban.jpg\" target=\"_blank\" rel=\"noopener\"><img decoding=\"async\" class=\"size-full wp-image-277927 aligncenter\" src=\"https:\/\/maybommini.com\/wp-content\/uploads\/2025\/07\/Mach-han-cell-pin-xung-kep-BAE-206-BTA100-Bao-Anh-gia-ban.jpg\" alt=\"Mach Han Cell Pin Xung Kep BAE 206 BTA100 Bao Anh Gia Ban\" width=\"750\" height=\"750\" srcset=\"https:\/\/maybommini.vn\/wp-content\/uploads\/2025\/07\/Mach-han-cell-pin-xung-kep-BAE-206-BTA100-Bao-Anh-gia-ban.jpg 750w, https:\/\/maybommini.vn\/wp-content\/uploads\/2025\/07\/Mach-han-cell-pin-xung-kep-BAE-206-BTA100-Bao-Anh-gia-ban-300x300.jpg 300w, https:\/\/maybommini.vn\/wp-content\/uploads\/2025\/07\/Mach-han-cell-pin-xung-kep-BAE-206-BTA100-Bao-Anh-gia-ban-150x150.jpg 150w, https:\/\/maybommini.vn\/wp-content\/uploads\/2025\/07\/Mach-han-cell-pin-xung-kep-BAE-206-BTA100-Bao-Anh-gia-ban-600x600.jpg 600w\" sizes=\"(max-width: 750px) 100vw, 750px\" \/><\/a>L\u01afU \u00dd :<br \/>\n<\/strong>S\u1ea3n ph\u1ea9m l\u00e0 h\u00e0ng m\u1edbi ch\u01b0a s\u1eed d\u1ee5ng c\u00f3 b\u1ea3o h\u00e0nh, bao Test 2 ng\u00e0y, Khuy\u1ebfn ngh\u1ecb kh\u00e1ch c\u00f3 hi\u1ec3u bi\u1ebft v\u1ec1 \u0111i\u1ec7n m\u1edbi s\u1eed d\u1ee5ng.<br \/>\nKh\u00f4ng b\u1ea3o h\u00e0nh \u0111\u1ed5i tr\u1ea3 trong tr\u01b0\u1eddng h\u1ee3p d\u00f9ng sai, \u0111\u1ea5u sai \u0111i\u1ec7n \u00e1p ho\u1eb7c ng\u01b0\u1ee3c chi\u1ec1u \u0111i\u1ec7n \u00e1p g\u00e2y h\u1ecfng m\u1ea1ch&#8230;<br \/>\n\u0110\u1ecdc k\u0129 h\u01b0\u1edbng d\u1eabn khi \u0111\u1ea5u n\u1ed1i v\u00e0 li\u00ean h\u1ec7 Shop ngay khi nh\u1eadn h\u00e0ng \u0111\u1ec3 \u0111\u01b0\u1ee3c h\u1ed7 tr\u1ee3.<br \/>\nM\u1ea1ch Time Xung K\u00e9p chuy\u00ean d\u00f9ng cho khi\u1ec3n Bi\u1ebfn \u00e1p h\u00e0n cell pin \u0111\u01b0\u1ee3c \u0111\u00e1nh gi\u00e1 r\u1ea5t cao v\u00ec \u0111\u1ed9 \u1ed5n \u0111\u1ecbnh v\u00e0 nhi\u1ec1u ch\u1ee9c n\u0103ng.<\/p>\n<p><strong><a href=\"https:\/\/maybommini.com\/wp-content\/uploads\/2025\/07\/Mach-han-cell-pin-xung-kep-BAE-206-BTA100-bao-anh-cao-cap.jpg\" target=\"_blank\" rel=\"noopener\"><img decoding=\"async\" class=\"size-full wp-image-277936 aligncenter\" src=\"https:\/\/maybommini.com\/wp-content\/uploads\/2025\/07\/Mach-han-cell-pin-xung-kep-BAE-206-BTA100-bao-anh-cao-cap.jpg\" alt=\"Mach Han Cell Pin Xung Kep BAE 206 BTA100 Bao Anh Cao Cap\" width=\"750\" height=\"750\" srcset=\"https:\/\/maybommini.vn\/wp-content\/uploads\/2025\/07\/Mach-han-cell-pin-xung-kep-BAE-206-BTA100-bao-anh-cao-cap.jpg 750w, https:\/\/maybommini.vn\/wp-content\/uploads\/2025\/07\/Mach-han-cell-pin-xung-kep-BAE-206-BTA100-bao-anh-cao-cap-300x300.jpg 300w, https:\/\/maybommini.vn\/wp-content\/uploads\/2025\/07\/Mach-han-cell-pin-xung-kep-BAE-206-BTA100-bao-anh-cao-cap-150x150.jpg 150w, https:\/\/maybommini.vn\/wp-content\/uploads\/2025\/07\/Mach-han-cell-pin-xung-kep-BAE-206-BTA100-bao-anh-cao-cap-600x600.jpg 600w\" sizes=\"(max-width: 750px) 100vw, 750px\" \/><\/a><\/strong><\/p>\n<p><strong>H\u01af\u1edaNG D\u1eaaN S\u1eec D\u1ee4NG<br \/>\n<\/strong>&#8211; C\u1ea5p ngu\u1ed3n \u0111i\u1ec7n l\u01b0\u1edbi AC220 v\u00e0o 2 ch\u00e2n ACIN \u0111\u1ec3 m\u1ea1ch nh\u1eadn di\u1ec7n \u0111i\u1ec3m zero v\u00e0 \u0111o \u0111i\u1ec7n \u00e1p.<br \/>\n&#8211; SW n\u1ed1i ra b\u00e0n \u0111\u1ea1p ho\u1eb7c sang ch\u00e2n TIME t\u1eeb m\u1ea1ch khi\u1ec3n z<br \/>\n&#8211; Power : l\u00e0 ch\u00e2n c\u1ea5p ngu\u1ed3n cho m\u1ea1ch ho\u1ea1t \u0111\u1ed9ng.<br \/>\n&#8211; Time 206 hi\u1ec7n t\u1ea1i h\u1ed7 tr\u1ee3 \u1ed5n \u0111\u1ecbnh nh\u1ea5t khi d\u00f9ng chung v\u1edbi SCR v\u00e0 BTA-100<\/p>\n<h4><strong><a href=\"https:\/\/maybommini.com\/wp-content\/uploads\/2025\/07\/Mach-han-cell-pin-xung-kep-BAE-206-BTA100-chi-tiet-lap-dat.jpg\" target=\"_blank\" rel=\"noopener\"><img decoding=\"async\" class=\"size-full wp-image-277929 aligncenter\" src=\"https:\/\/maybommini.com\/wp-content\/uploads\/2025\/07\/Mach-han-cell-pin-xung-kep-BAE-206-BTA100-chi-tiet-lap-dat.jpg\" alt=\"Mach Han Cell Pin Xung Kep BAE 206 BTA100 Chi Tiet Lap Dat\" width=\"750\" height=\"750\" srcset=\"https:\/\/maybommini.vn\/wp-content\/uploads\/2025\/07\/Mach-han-cell-pin-xung-kep-BAE-206-BTA100-chi-tiet-lap-dat.jpg 750w, https:\/\/maybommini.vn\/wp-content\/uploads\/2025\/07\/Mach-han-cell-pin-xung-kep-BAE-206-BTA100-chi-tiet-lap-dat-300x300.jpg 300w, https:\/\/maybommini.vn\/wp-content\/uploads\/2025\/07\/Mach-han-cell-pin-xung-kep-BAE-206-BTA100-chi-tiet-lap-dat-150x150.jpg 150w, https:\/\/maybommini.vn\/wp-content\/uploads\/2025\/07\/Mach-han-cell-pin-xung-kep-BAE-206-BTA100-chi-tiet-lap-dat-600x600.jpg 600w\" sizes=\"(max-width: 750px) 100vw, 750px\" \/><\/a><\/strong><\/h4>\n<h4>CHUY\u00caN CUNG C\u1ea4P M\u00c1Y H\u00c0N CELL PIN &#8211; PH\u1ee4 KI\u1ec6N<\/h4>\n<h3 style=\"text-align: center;\"><a href=\"https:\/\/maybommini.com\/wp-content\/uploads\/2025\/07\/Cap-han-cell-pin-M35-day-dong-1met.jpg\" target=\"_blank\" rel=\"noopener\"><img decoding=\"async\" class=\"alignnone size-full wp-image-277886\" src=\"https:\/\/maybommini.com\/wp-content\/uploads\/2025\/07\/Cap-han-cell-pin-M35-day-dong-1met.jpg\" alt=\"Cap Han Cell Pin M35 Day Dong 1met\" width=\"750\" height=\"750\" srcset=\"https:\/\/maybommini.vn\/wp-content\/uploads\/2025\/07\/Cap-han-cell-pin-M35-day-dong-1met.jpg 750w, https:\/\/maybommini.vn\/wp-content\/uploads\/2025\/07\/Cap-han-cell-pin-M35-day-dong-1met-300x300.jpg 300w, https:\/\/maybommini.vn\/wp-content\/uploads\/2025\/07\/Cap-han-cell-pin-M35-day-dong-1met-150x150.jpg 150w, https:\/\/maybommini.vn\/wp-content\/uploads\/2025\/07\/Cap-han-cell-pin-M35-day-dong-1met-600x600.jpg 600w\" sizes=\"(max-width: 750px) 100vw, 750px\" \/><\/a><a href=\"https:\/\/maybommini.com\/wp-content\/uploads\/2025\/07\/Cap-han-cell-pin-M35-day-dong-1m2.jpg\" target=\"_blank\" rel=\"noopener\"><img decoding=\"async\" class=\"alignnone size-full wp-image-277898\" src=\"https:\/\/maybommini.com\/wp-content\/uploads\/2025\/07\/Cap-han-cell-pin-M35-day-dong-1m2.jpg\" alt=\"Cap Han Cell Pin M35 Day Dong 1m2\" width=\"750\" height=\"750\" srcset=\"https:\/\/maybommini.vn\/wp-content\/uploads\/2025\/07\/Cap-han-cell-pin-M35-day-dong-1m2.jpg 750w, https:\/\/maybommini.vn\/wp-content\/uploads\/2025\/07\/Cap-han-cell-pin-M35-day-dong-1m2-300x300.jpg 300w, https:\/\/maybommini.vn\/wp-content\/uploads\/2025\/07\/Cap-han-cell-pin-M35-day-dong-1m2-150x150.jpg 150w, https:\/\/maybommini.vn\/wp-content\/uploads\/2025\/07\/Cap-han-cell-pin-M35-day-dong-1m2-600x600.jpg 600w\" sizes=\"(max-width: 750px) 100vw, 750px\" \/><\/a><a href=\"https:\/\/maybommini.com\/wp-content\/uploads\/2025\/07\/Cap-han-cell-pin-M35-day-dong-1m3.jpg\" target=\"_blank\" rel=\"noopener\"><img decoding=\"async\" class=\"alignnone size-full wp-image-277884\" src=\"https:\/\/maybommini.com\/wp-content\/uploads\/2025\/07\/Cap-han-cell-pin-M35-day-dong-1m3.jpg\" alt=\"Cap Han Cell Pin M35 Day Dong 1m3\" width=\"750\" height=\"750\" srcset=\"https:\/\/maybommini.vn\/wp-content\/uploads\/2025\/07\/Cap-han-cell-pin-M35-day-dong-1m3.jpg 750w, https:\/\/maybommini.vn\/wp-content\/uploads\/2025\/07\/Cap-han-cell-pin-M35-day-dong-1m3-300x300.jpg 300w, https:\/\/maybommini.vn\/wp-content\/uploads\/2025\/07\/Cap-han-cell-pin-M35-day-dong-1m3-150x150.jpg 150w, https:\/\/maybommini.vn\/wp-content\/uploads\/2025\/07\/Cap-han-cell-pin-M35-day-dong-1m3-600x600.jpg 600w\" sizes=\"(max-width: 750px) 100vw, 750px\" \/><\/a><a href=\"https:\/\/maybommini.com\/wp-content\/uploads\/2025\/07\/Cap-han-cell-pin-M35-day-dong-1met-gia-tot-1.jpg\" target=\"_blank\" rel=\"noopener\"><img decoding=\"async\" class=\"alignnone size-full wp-image-277887\" src=\"https:\/\/maybommini.com\/wp-content\/uploads\/2025\/07\/Cap-han-cell-pin-M35-day-dong-1met-gia-tot-1.jpg\" alt=\"Cap Han Cell Pin M35 Day Dong 1met Gia Tot\" width=\"750\" height=\"750\" srcset=\"https:\/\/maybommini.vn\/wp-content\/uploads\/2025\/07\/Cap-han-cell-pin-M35-day-dong-1met-gia-tot-1.jpg 750w, https:\/\/maybommini.vn\/wp-content\/uploads\/2025\/07\/Cap-han-cell-pin-M35-day-dong-1met-gia-tot-1-300x300.jpg 300w, https:\/\/maybommini.vn\/wp-content\/uploads\/2025\/07\/Cap-han-cell-pin-M35-day-dong-1met-gia-tot-1-150x150.jpg 150w, https:\/\/maybommini.vn\/wp-content\/uploads\/2025\/07\/Cap-han-cell-pin-M35-day-dong-1met-gia-tot-1-600x600.jpg 600w\" sizes=\"(max-width: 750px) 100vw, 750px\" \/><\/a><a href=\"https:\/\/maybommini.com\/wp-content\/uploads\/2025\/07\/Cap-han-cell-pin-M50-day-dong-1m2.jpg\" target=\"_blank\" rel=\"noopener\"><img decoding=\"async\" class=\"alignnone size-full wp-image-277888\" src=\"https:\/\/maybommini.com\/wp-content\/uploads\/2025\/07\/Cap-han-cell-pin-M50-day-dong-1m2.jpg\" alt=\"Cap Han Cell Pin M50 Day Dong 1m2\" width=\"750\" height=\"750\" srcset=\"https:\/\/maybommini.vn\/wp-content\/uploads\/2025\/07\/Cap-han-cell-pin-M50-day-dong-1m2.jpg 750w, https:\/\/maybommini.vn\/wp-content\/uploads\/2025\/07\/Cap-han-cell-pin-M50-day-dong-1m2-300x300.jpg 300w, https:\/\/maybommini.vn\/wp-content\/uploads\/2025\/07\/Cap-han-cell-pin-M50-day-dong-1m2-150x150.jpg 150w, https:\/\/maybommini.vn\/wp-content\/uploads\/2025\/07\/Cap-han-cell-pin-M50-day-dong-1m2-600x600.jpg 600w\" sizes=\"(max-width: 750px) 100vw, 750px\" \/><\/a><a href=\"https:\/\/maybommini.com\/wp-content\/uploads\/2025\/07\/Cap-han-cell-pin-M50-day-dong-1m3.jpg\" target=\"_blank\" rel=\"noopener\"><img decoding=\"async\" class=\"alignnone size-full wp-image-277889\" src=\"https:\/\/maybommini.com\/wp-content\/uploads\/2025\/07\/Cap-han-cell-pin-M50-day-dong-1m3.jpg\" alt=\"Cap Han Cell Pin M50 Day Dong 1m3\" width=\"750\" height=\"750\" srcset=\"https:\/\/maybommini.vn\/wp-content\/uploads\/2025\/07\/Cap-han-cell-pin-M50-day-dong-1m3.jpg 750w, https:\/\/maybommini.vn\/wp-content\/uploads\/2025\/07\/Cap-han-cell-pin-M50-day-dong-1m3-300x300.jpg 300w, https:\/\/maybommini.vn\/wp-content\/uploads\/2025\/07\/Cap-han-cell-pin-M50-day-dong-1m3-150x150.jpg 150w, https:\/\/maybommini.vn\/wp-content\/uploads\/2025\/07\/Cap-han-cell-pin-M50-day-dong-1m3-600x600.jpg 600w\" sizes=\"(max-width: 750px) 100vw, 750px\" \/><\/a><a href=\"https:\/\/maybommini.com\/wp-content\/uploads\/2025\/06\/ban-bien-ap-han-cell-pin-800E-dong-thanh.jpg\" target=\"_blank\" rel=\"noopener\"><img decoding=\"async\" class=\"alignnone size-full wp-image-277817\" src=\"https:\/\/maybommini.com\/wp-content\/uploads\/2025\/06\/ban-bien-ap-han-cell-pin-800E-dong-thanh.jpg\" alt=\"Ban Bien Ap Han Cell Pin 800E Dong Thanh\" width=\"750\" height=\"750\" srcset=\"https:\/\/maybommini.vn\/wp-content\/uploads\/2025\/06\/ban-bien-ap-han-cell-pin-800E-dong-thanh.jpg 750w, https:\/\/maybommini.vn\/wp-content\/uploads\/2025\/06\/ban-bien-ap-han-cell-pin-800E-dong-thanh-300x300.jpg 300w, https:\/\/maybommini.vn\/wp-content\/uploads\/2025\/06\/ban-bien-ap-han-cell-pin-800E-dong-thanh-150x150.jpg 150w, https:\/\/maybommini.vn\/wp-content\/uploads\/2025\/06\/ban-bien-ap-han-cell-pin-800E-dong-thanh-600x600.jpg 600w\" sizes=\"(max-width: 750px) 100vw, 750px\" \/><\/a><a href=\"https:\/\/maybommini.com\/wp-content\/uploads\/2025\/07\/May-han-cell-pin-bien-ap-800E-dong-thanh-xung-kep.jpg\" target=\"_blank\" rel=\"noopener\"><img decoding=\"async\" class=\"size-full wp-image-277848 aligncenter\" src=\"https:\/\/maybommini.com\/wp-content\/uploads\/2025\/07\/May-han-cell-pin-bien-ap-800E-dong-thanh-xung-kep.jpg\" alt=\"May Han Cell Pin Bien Ap 800E Dong Thanh Xung Kep\" width=\"750\" height=\"750\" srcset=\"https:\/\/maybommini.vn\/wp-content\/uploads\/2025\/07\/May-han-cell-pin-bien-ap-800E-dong-thanh-xung-kep.jpg 750w, https:\/\/maybommini.vn\/wp-content\/uploads\/2025\/07\/May-han-cell-pin-bien-ap-800E-dong-thanh-xung-kep-300x300.jpg 300w, https:\/\/maybommini.vn\/wp-content\/uploads\/2025\/07\/May-han-cell-pin-bien-ap-800E-dong-thanh-xung-kep-150x150.jpg 150w, https:\/\/maybommini.vn\/wp-content\/uploads\/2025\/07\/May-han-cell-pin-bien-ap-800E-dong-thanh-xung-kep-600x600.jpg 600w\" sizes=\"(max-width: 750px) 100vw, 750px\" \/><\/a>C\u00e1p m\u00e1y h\u00e0n cell pin M35 1 m\u00e9t &#8211; Cos \u0111\u1ed3ng m\u1ea1<br \/>\nC\u00e1p m\u00e1y h\u00e0n cell pin M35 1.2 m\u00e9t &#8211; Cos \u0111\u1ed3ng m\u1ea1<br \/>\nC\u00e1p m\u00e1y h\u00e0n cell pin M35 1.3 m\u00e9t &#8211; Cos \u0111\u1ed3ng m\u1ea1<br \/>\nC\u00e1p m\u00e1y h\u00e0n cell pin M50 1 m\u00e9t &#8211; Cos \u0111\u1ed3ng m\u1ea1<br \/>\nC\u00e1p m\u00e1y h\u00e0n cell pin M50 1.2 m\u00e9t &#8211; Cos \u0111\u1ed3ng m\u1ea1<br \/>\nC\u00e1p m\u00e1y h\u00e0n cell pin M50 1.3 m\u00e9t &#8211; Cos \u0111\u1ed3ng m\u1ea1<br \/>\nM\u00e1y h\u00e0n cell pin chuy\u00ean nghi\u1ec7p<br \/>\nPulse Spot Welding Machine<\/h3>\n<p>#hancellpin #machkhienhancell #baoanh #machhancellbaoanh #machtimebaoanh #bae-sw6x #bae-sw205 #time #khienz #spot #machtime #xungkep #dientubaoanh #scr #bta #timebaoanh #bae-sw206 #machtime206 #mayhancellpin #timehancellpin<\/p>\n<p><strong>\u0110I\u1ec6N M\u00c1Y TH\u00d4NG MINH<br \/>\nHotline: 02873030399 \u2013 0907294310<br \/>\nEmail: maybommini.com@gmail.com<br \/>\nWebsite: https:\/\/maybommini.com<br \/>\nYoutube demo : <a href=\"https:\/\/www.youtube.com\/bahamasali\" target=\"_blank\" rel=\"noopener noreferrer\">https:\/\/www.youtube.com\/bahamasali<\/a><\/strong><\/p>\n","protected":false},"excerpt":{"rendered":"<p>Ph\u00e2n ph\u1ed1i: MTM<br \/>\nModel: BAE-SW206-BTA100<br \/>\nM\u1ea1ch Time xung k\u00e9p BTA-100<br \/>\nNgu\u1ed3n c\u1ea5p cho m\u1ea1ch: AC 12-24V\/1A\u00a0 (DC : 13-35V\/1A)<br \/>\nM\u1ea1ch Time xung k\u00e9p d\u00f9ng \u0111i\u1ec1u ch\u1ec9nh th\u1eddi gian k\u00edch H\u00e0n cho bi\u1ebfn \u00e1p th\u00f4ng qua BTA-100<br \/>\nNh\u1edb \u0111\u01b0\u1ee3c nhi\u1ec1u ch\u01b0\u01a1ng tr\u00ecnh h\u00e0n.<br \/>\nCh\u1ec9nh c\u00f4ng su\u1ea5t h\u00e0n xung.<br \/>\nCh\u1ec9nh time theo nhu c\u1ea7u.<br \/>\nC\u00f3 hi\u1ec3n th\u1ecb th\u00f4ng s\u1ed1 \u0111i\u1ec7n l\u01b0\u1edbi AC<br \/>\nXu\u1ea5t x\u1ee9: Vi\u1ec7t Nam<br \/>\n<em><strong>S\u1ea3n ph\u1ea9m kh\u00f4ng b\u1ea3o h\u00e0nh<\/strong><\/em><br \/>\n<em><strong>C\u1ea7n video test m\u1ea1ch vui l\u00f2ng li\u00ean h\u1ec7.<\/strong><\/em><br \/>\n<em><strong>Ph\u00f9 h\u1ee3p k\u1ef9 thu\u1eadt \u0111\u00e3 hi\u1ec3u bi\u1ebft v\u1ec1 m\u00e1y h\u00e0n cell pin.<\/strong><\/em><\/p>\n","protected":false},"featured_media":277932,"comment_status":"open","ping_status":"closed","template":"","meta":[],"product_brand":[2227],"product_cat":[4775],"product_tag":[4788,4777,4779,4780,4776,4778,1283,1284,1285,1286,1287,4773,1289,1290,1292,4774,3382,4786,4787,3383],"class_list":{"0":"post-277926","1":"product","2":"type-product","3":"status-publish","4":"has-post-thumbnail","6":"product_brand-mtm","7":"product_cat-phu-kien-may-han-cell-pin","8":"product_tag-bae-sw206","9":"product_tag-cap-han-cell","10":"product_tag-cap-m35","11":"product_tag-cap-m50","12":"product_tag-cap-may-han-cell-pin","13":"product_tag-cap-may-han-pin","14":"product_tag-ghep-cell-pin","15":"product_tag-ghep-pin","16":"product_tag-han-cell-pin","17":"product_tag-han-pin","18":"product_tag-han-pin-may-khoan","19":"product_tag-lap-may-han-cell-pin","20":"product_tag-may-ghep-pin","21":"product_tag-may-ghep-pin-sac","22":"product_tag-may-han-cell-pin","23":"product_tag-nhan-lam-may-han-cell-pin","24":"product_tag-pulse-spot-welding-machine","25":"product_tag-time","26":"product_tag-time-han-cell-pin","27":"product_tag-welding-machine","29":"first","30":"instock","31":"shipping-taxable","32":"purchasable","33":"product-type-simple"},"_links":{"self":[{"href":"https:\/\/maybommini.vn\/index.php?rest_route=\/wp\/v2\/product\/277926","targetHints":{"allow":["GET"]}}],"collection":[{"href":"https:\/\/maybommini.vn\/index.php?rest_route=\/wp\/v2\/product"}],"about":[{"href":"https:\/\/maybommini.vn\/index.php?rest_route=\/wp\/v2\/types\/product"}],"replies":[{"embeddable":true,"href":"https:\/\/maybommini.vn\/index.php?rest_route=%2Fwp%2Fv2%2Fcomments&post=277926"}],"wp:featuredmedia":[{"embeddable":true,"href":"https:\/\/maybommini.vn\/index.php?rest_route=\/wp\/v2\/media\/277932"}],"wp:attachment":[{"href":"https:\/\/maybommini.vn\/index.php?rest_route=%2Fwp%2Fv2%2Fmedia&parent=277926"}],"wp:term":[{"taxonomy":"product_brand","embeddable":true,"href":"https:\/\/maybommini.vn\/index.php?rest_route=%2Fwp%2Fv2%2Fproduct_brand&post=277926"},{"taxonomy":"product_cat","embeddable":true,"href":"https:\/\/maybommini.vn\/index.php?rest_route=%2Fwp%2Fv2%2Fproduct_cat&post=277926"},{"taxonomy":"product_tag","embeddable":true,"href":"https:\/\/maybommini.vn\/index.php?rest_route=%2Fwp%2Fv2%2Fproduct_tag&post=277926"}],"curies":[{"name":"wp","href":"https:\/\/api.w.org\/{rel}","templated":true}]}}