{"id":278337,"date":"2025-11-05T21:07:03","date_gmt":"2025-11-05T14:07:03","guid":{"rendered":"https:\/\/maybommini.com\/?post_type=product&#038;p=278337"},"modified":"2025-12-03T14:36:14","modified_gmt":"2025-12-03T07:36:14","slug":"box-pin-xe-dien-48v-15ah-30a-16s-cell-lifepo4","status":"publish","type":"product","link":"https:\/\/maybommini.vn\/?product=box-pin-xe-dien-48v-15ah-30a-16s-cell-lifepo4","title":{"rendered":"Box pin xe \u0111i\u1ec7n 48V 15Ah 30A 16S cell LiFePo4"},"content":{"rendered":"<h4>Box pin xe \u0111i\u1ec7n 48V 15Ah 30A 16S cell LiFePo4 cao c\u1ea5p ch\u00ednh h\u00e3ng thay cho 4 b\u00ecnh \u0111i\u1ec7n \u1eafc quy. Ph\u00f9 h\u1ee3p cho xe \u0111\u1ea1p \u0111i\u1ec7n, xe m\u00e1y \u0111i\u1ec7n v\u00e0 nhi\u1ec1u \u1ee9ng d\u1ee5ng thi\u1ebft b\u1ecb c\u00f3 c\u00f4ng su\u1ea5t t\u1ea3i l\u1edbn nh\u01b0 loa k\u00e9o, \u0111\u00e8n LED, Motor, thi\u1ebft b\u1ecb \u0111i\u1ec7n t\u1eed, n\u0103ng l\u01b0\u1ee3ng m\u1eb7t tr\u1eddi, m\u00e1y b\u01a1m n\u01b0\u1edbc.<\/h4>\n<p><strong><a href=\"https:\/\/maybommini.com\/wp-content\/uploads\/2025\/11\/Pin-xe-dien-LiFePo4-V-16S-15Ah-30A-MTM-chinh-hang.jpg\" target=\"_blank\" rel=\"noopener\"><img decoding=\"async\" class=\"size-full wp-image-278342 aligncenter\" src=\"https:\/\/maybommini.com\/wp-content\/uploads\/2025\/11\/Pin-xe-dien-LiFePo4-V-16S-15Ah-30A-MTM-chinh-hang.jpg\" alt=\"Pin Xe Dien LiFePo4 V 16S 15Ah 30A MTM Chinh Hang\" width=\"750\" height=\"750\" srcset=\"https:\/\/maybommini.vn\/wp-content\/uploads\/2025\/11\/Pin-xe-dien-LiFePo4-V-16S-15Ah-30A-MTM-chinh-hang.jpg 750w, https:\/\/maybommini.vn\/wp-content\/uploads\/2025\/11\/Pin-xe-dien-LiFePo4-V-16S-15Ah-30A-MTM-chinh-hang-300x300.jpg 300w, https:\/\/maybommini.vn\/wp-content\/uploads\/2025\/11\/Pin-xe-dien-LiFePo4-V-16S-15Ah-30A-MTM-chinh-hang-150x150.jpg 150w, https:\/\/maybommini.vn\/wp-content\/uploads\/2025\/11\/Pin-xe-dien-LiFePo4-V-16S-15Ah-30A-MTM-chinh-hang-600x600.jpg 600w\" sizes=\"(max-width: 750px) 100vw, 750px\" \/><\/a>TH\u00d4NG S\u1ed0 K\u1ef8 THU\u1eacT<\/strong><br \/>\nTh\u01b0\u01a1ng hi\u1ec7u: MTM<br \/>\nModel: LFP32140-48V30A-15000<br \/>\n\u0110i\u1ec7n th\u1ebf \u0111\u1ecbnh danh: 48V DC<br \/>\n\u0110i\u1ec7n th\u1ebf ra: 40V &#8211; 58V DC<br \/>\n\u0110i\u1ec7n th\u1ebf s\u1ea1c v\u00e0o: 58.4V DC 2A &#8211; 5A<br \/>\nDung l\u01b0\u1ee3ng: 15Ah &#8211; 15.000mAh<br \/>\nM\u1ea1ch b\u1ea3o v\u1ec7 16S 30A.<br \/>\nT\u1ef1 \u0111\u1ed9ng ng\u1eaft s\u1ea1c khi pin \u0111\u1ea7y.<br \/>\nC\u00e2n b\u1eb1ng cell th\u00f4ng minh.<br \/>\nT\u1ef1 \u0111\u1ed9ng ng\u1eaft x\u1ea3 khi \u0111i\u1ec7n \u00e1p y\u1ebfu d\u01b0\u1edbi m\u1ee9c 40V<br \/>\nCell pin LiFePo4 32140 cao c\u1ea5p.<br \/>\nKh\u1ed1i pin gh\u00e9p 16S1P<br \/>\nD\u00e2y \u0111\u1ecf c\u1ef1c d\u01b0\u01a1ng (+).<br \/>\nD\u00e2y \u0111en c\u1ef1c \u00e2m (-).<br \/>\n<strong>C\u00f3 ch\u1ed1ng n\u01b0\u1edbc.<\/strong><br \/>\n<strong>Ch\u01b0a k\u00e8m s\u1ea1c<\/strong><br \/>\nK\u00edch th\u01b0\u1edbc:320x170x100 mm<br \/>\nKh\u1ed1i l\u01b0\u1ee3ng: gam<strong><a href=\"https:\/\/maybommini.com\/wp-content\/uploads\/2025\/11\/Pin-xe-dien-LiFePo4-V-16S-15Ah-30A-MTM-gia-re.jpg\" target=\"_blank\" rel=\"noopener\"><img decoding=\"async\" class=\"size-full wp-image-278343 aligncenter\" src=\"https:\/\/maybommini.com\/wp-content\/uploads\/2025\/11\/Pin-xe-dien-LiFePo4-V-16S-15Ah-30A-MTM-gia-re.jpg\" alt=\"Pin Xe Dien LiFePo4 V 16S 15Ah 30A MTM Gia Re\" width=\"750\" height=\"750\" srcset=\"https:\/\/maybommini.vn\/wp-content\/uploads\/2025\/11\/Pin-xe-dien-LiFePo4-V-16S-15Ah-30A-MTM-gia-re.jpg 750w, https:\/\/maybommini.vn\/wp-content\/uploads\/2025\/11\/Pin-xe-dien-LiFePo4-V-16S-15Ah-30A-MTM-gia-re-300x300.jpg 300w, https:\/\/maybommini.vn\/wp-content\/uploads\/2025\/11\/Pin-xe-dien-LiFePo4-V-16S-15Ah-30A-MTM-gia-re-150x150.jpg 150w, https:\/\/maybommini.vn\/wp-content\/uploads\/2025\/11\/Pin-xe-dien-LiFePo4-V-16S-15Ah-30A-MTM-gia-re-600x600.jpg 600w\" sizes=\"(max-width: 750px) 100vw, 750px\" \/><\/a><a href=\"https:\/\/maybommini.com\/wp-content\/uploads\/2025\/11\/Pin-xe-dien-LiFePo4-V-16S-15Ah-30A-MTM-cao-cap-gia-re.jpg\" target=\"_blank\" rel=\"noopener\"><img decoding=\"async\" class=\"size-full wp-image-278341 aligncenter\" src=\"https:\/\/maybommini.com\/wp-content\/uploads\/2025\/11\/Pin-xe-dien-LiFePo4-V-16S-15Ah-30A-MTM-cao-cap-gia-re.jpg\" alt=\"Pin Xe Dien LiFePo4 V 16S 15Ah 30A MTM Cao Cap Gia Re\" width=\"750\" height=\"750\" srcset=\"https:\/\/maybommini.vn\/wp-content\/uploads\/2025\/11\/Pin-xe-dien-LiFePo4-V-16S-15Ah-30A-MTM-cao-cap-gia-re.jpg 750w, https:\/\/maybommini.vn\/wp-content\/uploads\/2025\/11\/Pin-xe-dien-LiFePo4-V-16S-15Ah-30A-MTM-cao-cap-gia-re-300x300.jpg 300w, https:\/\/maybommini.vn\/wp-content\/uploads\/2025\/11\/Pin-xe-dien-LiFePo4-V-16S-15Ah-30A-MTM-cao-cap-gia-re-150x150.jpg 150w, https:\/\/maybommini.vn\/wp-content\/uploads\/2025\/11\/Pin-xe-dien-LiFePo4-V-16S-15Ah-30A-MTM-cao-cap-gia-re-600x600.jpg 600w\" sizes=\"(max-width: 750px) 100vw, 750px\" \/><\/a><a href=\"https:\/\/maybommini.com\/wp-content\/uploads\/2025\/11\/Pin-xe-dien-LiFePo4-V-16S-15Ah-30A-MTM-kich-thuoc.jpg\" target=\"_blank\" rel=\"noopener\"><img decoding=\"async\" class=\"size-full wp-image-278338 aligncenter\" src=\"https:\/\/maybommini.com\/wp-content\/uploads\/2025\/11\/Pin-xe-dien-LiFePo4-V-16S-15Ah-30A-MTM-kich-thuoc.jpg\" alt=\"Pin Xe Dien LiFePo4 V 16S 15Ah 30A MTM Kich Thuoc\" width=\"750\" height=\"750\" srcset=\"https:\/\/maybommini.vn\/wp-content\/uploads\/2025\/11\/Pin-xe-dien-LiFePo4-V-16S-15Ah-30A-MTM-kich-thuoc.jpg 750w, https:\/\/maybommini.vn\/wp-content\/uploads\/2025\/11\/Pin-xe-dien-LiFePo4-V-16S-15Ah-30A-MTM-kich-thuoc-300x300.jpg 300w, https:\/\/maybommini.vn\/wp-content\/uploads\/2025\/11\/Pin-xe-dien-LiFePo4-V-16S-15Ah-30A-MTM-kich-thuoc-150x150.jpg 150w, https:\/\/maybommini.vn\/wp-content\/uploads\/2025\/11\/Pin-xe-dien-LiFePo4-V-16S-15Ah-30A-MTM-kich-thuoc-600x600.jpg 600w\" sizes=\"(max-width: 750px) 100vw, 750px\" \/><\/a><a href=\"https:\/\/maybommini.com\/wp-content\/uploads\/2025\/10\/Cell-LiFePo4-32140-15Ah.jpg\" target=\"_blank\" rel=\"noopener\"><img decoding=\"async\" class=\"size-full wp-image-278304 aligncenter\" src=\"https:\/\/maybommini.com\/wp-content\/uploads\/2025\/10\/Cell-LiFePo4-32140-15Ah.jpg\" alt=\"Cell LiFePo4 32140 15Ah\" width=\"750\" height=\"750\" srcset=\"https:\/\/maybommini.vn\/wp-content\/uploads\/2025\/10\/Cell-LiFePo4-32140-15Ah.jpg 750w, https:\/\/maybommini.vn\/wp-content\/uploads\/2025\/10\/Cell-LiFePo4-32140-15Ah-300x300.jpg 300w, https:\/\/maybommini.vn\/wp-content\/uploads\/2025\/10\/Cell-LiFePo4-32140-15Ah-150x150.jpg 150w, https:\/\/maybommini.vn\/wp-content\/uploads\/2025\/10\/Cell-LiFePo4-32140-15Ah-600x600.jpg 600w\" sizes=\"(max-width: 750px) 100vw, 750px\" \/><\/a><\/strong><\/p>\n<p><strong>TH\u00d4NG S\u1ed0 C\u01a0 B\u1ea2N M\u1ea0CH B\u1ea2O V\u1ec6 PIN S\u1eaeT 16S 30A &#8211; BMS LifePO4 16S 30A<br \/>\n<\/strong>BMS LifePO4 16S 30A &#8211; M\u1ea1ch s\u1ea1c b\u1ea3o v\u1ec7 pin s\u1eaft 16S 30A c\u00f3 c\u00e2n b\u1eb1ng<br \/>\nM\u1ea1ch s\u1ea1c b\u1ea3o v\u1ec7 pin s\u1eaft LifePO4 48 (16S) d\u00f2ng x\u1ea3 li\u00ean t\u1ee5c 30A<br \/>\n&#8211; T\u1ef1 \u0111\u1ed9ng ng\u1eaft s\u1ea1c b\u1ea3o v\u1ec7 pin, tr\u00e1nh cho pin b\u1ecb s\u1ea1c qu\u00e1 \u00e1p g\u00e2y chai ph\u1ed3ng pin<br \/>\n&#8211; T\u1ef1 \u0111\u1ed9ng ng\u1eaft x\u1ea3 khi pin y\u1ebfu, tr\u00e1nh pin b\u1ecb x\u1ea3 c\u1ea1n ki\u1ec7t g\u00e2y h\u01b0 h\u1ecfng pin<br \/>\n&#8211; T\u00edch h\u1ee3p c\u00e2n b\u1eb1ng \u0111i\u1ec7n \u00e1p cho t\u1eebng cell pin<br \/>\n&#8211; T\u1ef1 ng\u1eaft khi x\u1ea3 qu\u00e1 t\u1ea3i trong th\u1eddi gian d\u00e0i<br \/>\n&#8211; T\u1ef1 ng\u1eaft khi b\u1ecb ng\u1eafn m\u1ea1ch<br \/>\n* M\u1ea1ch c\u00f3 c\u01a1 ch\u1ebf s\u1ea1c v\u00e0 x\u1ea3 chung c\u1ed5ng (v\u1eeba s\u1ea1c v\u1eeba x\u1ea3).<\/p>\n<p><strong><a href=\"https:\/\/maybommini.com\/wp-content\/uploads\/2025\/10\/BMS-Pin-sat-LiFePo4-12V-4S-24V-8S-30A-MTM.jpg\" target=\"_blank\" rel=\"noopener\"><img decoding=\"async\" class=\"size-full wp-image-278302 aligncenter\" src=\"https:\/\/maybommini.com\/wp-content\/uploads\/2025\/10\/BMS-Pin-sat-LiFePo4-12V-4S-24V-8S-30A-MTM.jpg\" alt=\"BMS Pin Sat LiFePo4 12V 4S 24V 8S 30A MTM\" width=\"750\" height=\"750\" srcset=\"https:\/\/maybommini.vn\/wp-content\/uploads\/2025\/10\/BMS-Pin-sat-LiFePo4-12V-4S-24V-8S-30A-MTM.jpg 750w, https:\/\/maybommini.vn\/wp-content\/uploads\/2025\/10\/BMS-Pin-sat-LiFePo4-12V-4S-24V-8S-30A-MTM-300x300.jpg 300w, https:\/\/maybommini.vn\/wp-content\/uploads\/2025\/10\/BMS-Pin-sat-LiFePo4-12V-4S-24V-8S-30A-MTM-150x150.jpg 150w, https:\/\/maybommini.vn\/wp-content\/uploads\/2025\/10\/BMS-Pin-sat-LiFePo4-12V-4S-24V-8S-30A-MTM-600x600.jpg 600w\" sizes=\"(max-width: 750px) 100vw, 750px\" \/><\/a><\/strong><\/p>\n<p><strong>L\u01b0u \u00fd:<\/strong><br \/>\nM\u1ecdi s\u1ea3n ph\u1ea9m \u0111\u00e3 \u0111\u01b0\u1ee3c shop ki\u1ec3m tra test k\u1ef9 tr\u01b0\u1edbc khi b\u00e1n ra. Pin ch\u1ec9 d\u00e0nh cho ng\u01b0\u1eddi bi\u1ebft ho\u1eb7c am hi\u1ec3u v\u1ec1 k\u1ef9 thu\u1eadt \u0111\u1ea5u n\u1ed1i pin (battery). Vui l\u00f2ng \u0111\u1ecdc k\u1ef9 h\u01b0\u1edbng d\u1eabn s\u1eed d\u1ee5ng v\u00e0 xem k\u1ef9 s\u01a1 \u0111\u1ed3 \u0111\u1ea5u n\u1ed1i tr\u01b0\u1edbc khi th\u1ef1c hi\u1ec7n \u0111\u1ea5u n\u1ed1i kh\u1ed1i pin \u0111\u1ec3 tr\u00e1nh \u0111\u1ea5u n\u1ed1i nh\u1ea7m g\u00e2y h\u01b0 h\u1ecfng m\u1ea1ch v\u00e0 g\u00e2y m\u1ea5t an to\u00e0n lao \u0111\u1ed9ng.<\/p>\n<p><strong><a href=\"https:\/\/maybommini.com\/wp-content\/uploads\/2025\/10\/su-dung-pin-sat-LiFePo4-24V-12V.jpg\" target=\"_blank\" rel=\"noopener\"><img decoding=\"async\" class=\"size-full wp-image-278299 aligncenter\" src=\"https:\/\/maybommini.com\/wp-content\/uploads\/2025\/10\/su-dung-pin-sat-LiFePo4-24V-12V.jpg\" alt=\"Su Dung Pin Sat LiFePo4 24V 12V\" width=\"750\" height=\"750\" srcset=\"https:\/\/maybommini.vn\/wp-content\/uploads\/2025\/10\/su-dung-pin-sat-LiFePo4-24V-12V.jpg 750w, https:\/\/maybommini.vn\/wp-content\/uploads\/2025\/10\/su-dung-pin-sat-LiFePo4-24V-12V-300x300.jpg 300w, https:\/\/maybommini.vn\/wp-content\/uploads\/2025\/10\/su-dung-pin-sat-LiFePo4-24V-12V-150x150.jpg 150w, https:\/\/maybommini.vn\/wp-content\/uploads\/2025\/10\/su-dung-pin-sat-LiFePo4-24V-12V-600x600.jpg 600w\" sizes=\"(max-width: 750px) 100vw, 750px\" \/><\/a><\/strong><\/p>\n<p><strong>H\u01af\u1edaNG D\u1eaaN S\u1eec D\u1ee4NG PIN S\u1ea0C \u0110\u00daNG C\u00c1CH<\/strong><br \/>\n&#8211; S\u1eed d\u1ee5ng tr\u00e1nh kh\u00f4ng \u0111\u01b0\u1ee3c ch\u1ea1m c\u1ef1c \u00c2m v\u00e0 D\u01b0\u01a1ng g\u00e2y ch\u00e1y n\u1ed5.<br \/>\n&#8211; S\u1eed d\u1ee5ng kh\u00f4ng \u0111\u01b0\u1ee3c qu\u00e1 c\u00f4ng su\u1ea5t t\u1ea3i t\u1ed1i \u0111a cho ph\u00e9p.<br \/>\n&#8211; N\u00ean s\u1eed d\u1ee5ng t\u1ed1t nh\u1ea5t c\u00f4ng su\u1ea5t t\u1ea3i 50% 60% so v\u1edbi c\u00f4ng su\u1ea5t t\u1ed1i \u0111a pin ch\u1ecbu t\u1ea3i.<br \/>\n&#8211; S\u1ea1c l\u1ea1i pin khi \u0111i\u1ec7n \u00e1p qu\u00e1 th\u1ea5p cho ph\u00e9p.<br \/>\n&#8211; C\u1ea7n s\u1ea1c pin l\u1ea1i c\u00e1ch nhau 20 &#8211; 30 ng\u00e0y n\u1ebfu l\u01b0u tr\u1eef l\u00e2u d\u00e0i.<br \/>\n&#8211; Kh\u00f4ng \u0111\u1ec3 pin dung l\u01b0\u1ee3ng c\u1ea1n ki\u1ec7t s\u1ebb l\u00e0m h\u01b0 pin v\u00e0 gi\u00e3m tu\u1ed5i th\u1ecd.<br \/>\n&#8211; \u0110ang s\u1ea1c th\u00ec kh\u00f4ng s\u1eed d\u1ee5ng tr\u00e1nh ch\u00e1y n\u1ed5.<br \/>\n&#8211; L\u01b0u tr\u1eef v\u00e0 s\u1eed d\u1ee5ng n\u01a1i tho\u00e1ng m\u00e1t v\u00e0 tr\u00e1nh \u1ea9m \u01b0\u1edbt.<br \/>\n&#8211; S\u1eed d\u1ee5ng lo\u1ea1i s\u1ea1c c\u00f3 \u0111i\u1ec7n \u00e1p v\u00e0 d\u00f2ng ph\u00f9 h\u1ee3p theo nh\u00e0 s\u1ea3n xu\u1ea5t \u0111\u1ec3 tr\u00e1nh l\u00e0m h\u01b0 v\u00e0 gi\u00e3m tu\u1ed5i th\u1ecd pin.<br \/>\n&#8211; Tr\u00e1nh pin b\u1ecb va ch\u1ea1m m\u1ea1nh l\u00e0m h\u01b0 pin v\u00e0 ch\u00e1y n\u1ed5.<br \/>\n&#8211; \u0110\u1ec3 xa t\u1ea7m tay tr\u1ebb em.<\/p>\n<p><strong><a href=\"https:\/\/maybommini.com\/wp-content\/uploads\/2025\/11\/Pin-xe-dien-LiFePo4-V-16S-15Ah-30A-MTM.jpg\" target=\"_blank\" rel=\"noopener\"><img decoding=\"async\" class=\"size-full wp-image-278340 aligncenter\" src=\"https:\/\/maybommini.com\/wp-content\/uploads\/2025\/11\/Pin-xe-dien-LiFePo4-V-16S-15Ah-30A-MTM.jpg\" alt=\"Pin Xe Dien LiFePo4 V 16S 15Ah 30A MTM\" width=\"750\" height=\"750\" srcset=\"https:\/\/maybommini.vn\/wp-content\/uploads\/2025\/11\/Pin-xe-dien-LiFePo4-V-16S-15Ah-30A-MTM.jpg 750w, https:\/\/maybommini.vn\/wp-content\/uploads\/2025\/11\/Pin-xe-dien-LiFePo4-V-16S-15Ah-30A-MTM-300x300.jpg 300w, https:\/\/maybommini.vn\/wp-content\/uploads\/2025\/11\/Pin-xe-dien-LiFePo4-V-16S-15Ah-30A-MTM-150x150.jpg 150w, https:\/\/maybommini.vn\/wp-content\/uploads\/2025\/11\/Pin-xe-dien-LiFePo4-V-16S-15Ah-30A-MTM-600x600.jpg 600w\" sizes=\"(max-width: 750px) 100vw, 750px\" \/><\/a><\/strong><\/p>\n<p><strong>S\u1eec D\u1ee4NG PIN S\u1eaeT LiFePo4<\/strong><br \/>\n&#8211; Pin xe \u0111\u1ea1p \u0111i\u1ec7n 48V<br \/>\n&#8211; Pin xe m\u00e1y \u0111i\u1ec7n 48V.<br \/>\n&#8211; Pin xe \u0111i\u1ec7n 4 b\u00ecnh \u1eafc quy.<br \/>\n&#8211; S\u1eed d\u1ee5ng pin cho h\u1ec7 th\u1ed1ng n\u0103ng l\u01b0\u1ee3ng m\u1eb7t tr\u1eddi \u0111\u1ed9c l\u1eadp c\u00f3 c\u00f4ng su\u1ea5t nh\u1ecf.<br \/>\n&#8211; Pin cho \u0111\u00e8n s\u1ea1c, \u0111\u00e8n kh\u1ea9n c\u1ea5p, \u0111\u00e8n d\u00f9ng pin<br \/>\n&#8211; Pin cho thi\u1ebft b\u1ecb DC.<br \/>\n&#8211; Pin cho loa k\u00e9o, loa th\u00f9ng, loa Karaok thay p\u00ecn \u1eafc quy.<br \/>\n&#8211; Pin thay cho loa keo.<br \/>\n&#8211; Pin cho h\u1ec7 th\u1ed1ng UPS, Camera, Kh\u00f3a c\u1eeda t\u1eeb, ch\u1ea5m c\u00f4ng v\u00e2n tay.<br \/>\n&#8211; Pin s\u1ea1c cho h\u1ec7 th\u1ed1ng \u0111i\u1ec7n t\u1eed.<br \/>\n&#8211; Pin d\u1ef1 ph\u00f2ng.<br \/>\n&#8211; Pin s\u1ea1c cho thi\u1ebft b\u1ecb n\u0103ng l\u01b0\u1ee3ng.<br \/>\n&#8211; Pin s\u1ea1c thay cho b\u00ecnh \u1eafc quy xe \u0111i\u1ec1u khi\u1ec3n tr\u1ebb em, xe \u00f4 t\u00f4 \u0111\u1ed3 ch\u01a1i, xe \u0111i\u1ec7n tr\u1ebb em.<br \/>\n&#8211; Pin ph\u00f9 h\u1ee3p cho nhi\u1ec1u \u1ee9ng d\u1ee5ng kh\u00e1c.<\/p>\n<p><strong><a href=\"https:\/\/maybommini.com\/wp-content\/uploads\/2025\/11\/gia-pin-xe-dien-LiFePo4-V-16S-15Ah-30A-MTM.jpg\" target=\"_blank\" rel=\"noopener\"><img decoding=\"async\" class=\"size-full wp-image-278339 aligncenter\" src=\"https:\/\/maybommini.com\/wp-content\/uploads\/2025\/11\/gia-pin-xe-dien-LiFePo4-V-16S-15Ah-30A-MTM.jpg\" alt=\"Gia Pin Xe Dien LiFePo4 V 16S 15Ah 30A MTM\" width=\"750\" height=\"750\" srcset=\"https:\/\/maybommini.vn\/wp-content\/uploads\/2025\/11\/gia-pin-xe-dien-LiFePo4-V-16S-15Ah-30A-MTM.jpg 750w, https:\/\/maybommini.vn\/wp-content\/uploads\/2025\/11\/gia-pin-xe-dien-LiFePo4-V-16S-15Ah-30A-MTM-300x300.jpg 300w, https:\/\/maybommini.vn\/wp-content\/uploads\/2025\/11\/gia-pin-xe-dien-LiFePo4-V-16S-15Ah-30A-MTM-150x150.jpg 150w, https:\/\/maybommini.vn\/wp-content\/uploads\/2025\/11\/gia-pin-xe-dien-LiFePo4-V-16S-15Ah-30A-MTM-600x600.jpg 600w\" sizes=\"(max-width: 750px) 100vw, 750px\" \/><\/a><\/strong><\/p>\n<h4 style=\"text-align: center;\"><strong><a href=\"https:\/\/maybommini.com\/wp-content\/uploads\/2025\/10\/chuyen-dong-pin-sat-LiFePo4-12V-4S-15Ah-30A-co-bao-pin-MTM.jpg\" target=\"_blank\" rel=\"noopener\"><img decoding=\"async\" class=\"alignnone size-full wp-image-278294\" src=\"https:\/\/maybommini.com\/wp-content\/uploads\/2025\/10\/chuyen-dong-pin-sat-LiFePo4-12V-4S-15Ah-30A-co-bao-pin-MTM.jpg\" alt=\"Chuyen Dong Pin Sat LiFePo4 12V 4S 15Ah 30A Co Bao Pin MTM\" width=\"750\" height=\"750\" srcset=\"https:\/\/maybommini.vn\/wp-content\/uploads\/2025\/10\/chuyen-dong-pin-sat-LiFePo4-12V-4S-15Ah-30A-co-bao-pin-MTM.jpg 750w, https:\/\/maybommini.vn\/wp-content\/uploads\/2025\/10\/chuyen-dong-pin-sat-LiFePo4-12V-4S-15Ah-30A-co-bao-pin-MTM-300x300.jpg 300w, https:\/\/maybommini.vn\/wp-content\/uploads\/2025\/10\/chuyen-dong-pin-sat-LiFePo4-12V-4S-15Ah-30A-co-bao-pin-MTM-150x150.jpg 150w, https:\/\/maybommini.vn\/wp-content\/uploads\/2025\/10\/chuyen-dong-pin-sat-LiFePo4-12V-4S-15Ah-30A-co-bao-pin-MTM-600x600.jpg 600w\" sizes=\"(max-width: 750px) 100vw, 750px\" \/><\/a><\/strong><\/h4>\n<p><strong>MUA PIN S\u1eaeT LiFePo4<\/strong><br \/>\nM\u1ecdi chi ti\u1ebft vui l\u00f2ng li\u00ean h\u1ec7 tr\u1ef1c ti\u1ebfp cho ch\u00fang t\u00f4i \u0111\u1ec3 \u0111\u01b0\u1ee3c t\u01b0 v\u1ea5n theo nhu c\u1ea7u \u0111\u1ec3 c\u00f3 \u0111\u01b0\u1ee3c b\u1ed9 s\u1ea3n ph\u1ea9m t\u1ed1t nh\u1ea5t v\u00e0 ti\u1ebft ki\u1ec7m.\u00a0B\u1ea1n \u1edf xa v\u1eabn c\u00f3 th\u1ec3 mua h\u00e0ng v\u00e0 giao h\u00e0ng thanh to\u00e1n ti\u1ec1n t\u1ea1i nh\u00e0.<br \/>\nCh\u00fang t\u00f4i l\u00e0 nh\u00e0 cung c\u1ea5p ph\u00e2n ph\u1ed1i s\u1ec9 v\u00e0 l\u1ebb c\u00e1c lo\u1ea1i pin, pin s\u1ea1c, pin d\u1ef1 ph\u00f2ng, pin s\u1eaft, pin LiFePo4, b\u00ecnh \u1eafc quy, UPS 12V 14V 16V 21V 24V, thi\u1ebft b\u1ecb \u0111o \u0111i\u1ec7n, m\u1ea1ch b\u1ea3o v\u1ec7 BMS, co PVC, m\u00e1y h\u00e0n cell pin v\u00e0 nhi\u1ec1u thi\u1ebft b\u1ecb kh\u00e1c ch\u00ednh h\u00e3ng gi\u00e1 t\u1ed1t.<\/p>\n<p><strong>\u0110I\u1ec6N M\u00c1Y TH\u00d4NG MINH<br \/>\nWebsite:\u00a0<a href=\"https:\/\/maybommini.com\/\" target=\"_blank\" rel=\"noopener\">https:\/\/maybommini.com<\/a><br \/>\nEmail: Maybommini.com@gmail.com<br \/>\nT\u01af V\u1ea4N K\u1ef8 THU\u1eacT \u2013 MUA H\u00c0NG<br \/>\nTel\/ Zalo: 0908997823 \u2013 0908997872<br \/>\nT\u01b0 v\u1ea5n mua h\u00e0ng: 0907294310 \u2013 02873030399<br \/>\n<\/strong><\/p>\n<h3><a class=\"swipebox\" title=\"\" href=\"https:\/\/maybommini.com\/wp-content\/uploads\/2022\/07\/thong-tin-lien-he-may-bom-mini.jpg\" data-rel=\"lightbox-image-bGlnaHRib3gtaW1hZ2UtYkdsbmFIUmliM2d0YVcxaFoyVXRZa2RzYm1GSVVtbGlNMmQwWVZjeGFGb3lWWFJaYTJSelltMUdTVlZ0YkdsTk1tUXdXVlpqZUdGR2IzbFdXRkphWVRKU2VsbHRNVWRUVmxaMFlrZHNUazF0VVhkWFZscHFaVWRHUjJJemJGZFhSa3BQVm10V1ZrOVJQVDA9\" data-rl_title=\"\" data-rl_caption=\"\" data-rl_ target=\"_blank\" rel=\"noopener\"><img decoding=\"async\" class=\"size-full wp-image-270584 lazyloaded aligncenter\" src=\"https:\/\/maybommini.com\/wp-content\/uploads\/2022\/07\/thong-tin-lien-he-may-bom-mini.jpg\" sizes=\"(max-width: 750px) 100vw, 750px\" srcset=\"https:\/\/maybommini.com\/wp-content\/uploads\/2022\/07\/thong-tin-lien-he-may-bom-mini.jpg 750w, https:\/\/maybommini.com\/wp-content\/uploads\/2022\/07\/thong-tin-lien-he-may-bom-mini-300x202.jpg 300w, https:\/\/maybommini.com\/wp-content\/uploads\/2022\/07\/thong-tin-lien-he-may-bom-mini-600x405.jpg 600w\" alt=\"Thong Tin Lien He May Bom Mini\" width=\"750\" height=\"506\" data-lazy-srcset=\"https:\/\/maybommini.com\/wp-content\/uploads\/2022\/07\/thong-tin-lien-he-may-bom-mini.jpg 750w, https:\/\/maybommini.com\/wp-content\/uploads\/2022\/07\/thong-tin-lien-he-may-bom-mini-300x202.jpg 300w, https:\/\/maybommini.com\/wp-content\/uploads\/2022\/07\/thong-tin-lien-he-may-bom-mini-600x405.jpg 600w\" data-lazy-sizes=\"(max-width: 750px) 100vw, 750px\" data-lazy-src=\"https:\/\/maybommini.com\/wp-content\/uploads\/2022\/07\/thong-tin-lien-he-may-bom-mini.jpg\" data-was-processed=\"true\" \/><\/a><\/h3>\n<h3 style=\"text-align: center;\"><em><strong>CHUY\u00caN B\u00c1N PH\u00c2N PH\u1ed0I C\u00c1C LO\u1ea0I PIN S\u1ea0C<br \/>\nLITHIUM LI-ION LiFePo4 12V 24V 36V 48V GI\u00c1 T\u1ed0T CH\u1ea4T L\u01af\u1ee2NG.<br \/>\nNH\u1eacN \u0110\u00d3NG PIN B\u00ccNH \u1eaeC QUY THEO Y\u00caU C\u1ea6U GI\u00c1 T\u1ed0T<br \/>\nNH\u1eacN THAY PIN C\u00c1C LO\u1ea0I THI\u1ebeT B\u1eca D\u00d9NG PIN<br \/>\n<\/strong><\/em>Solar Street Lamp Floodlight Battery With BMS Protection<\/h3>\n","protected":false},"excerpt":{"rendered":"<p>Th\u01b0\u01a1ng hi\u1ec7u: MTM<br \/>\nModel: LFP32140-48V30A-15000<br \/>\n\u0110i\u1ec7n th\u1ebf \u0111\u1ecbnh danh: 48V DC<br \/>\n\u0110i\u1ec7n th\u1ebf ra: 40V &#8211; 58V DC<br \/>\n\u0110i\u1ec7n th\u1ebf s\u1ea1c v\u00e0o: 58.4V DC 2A &#8211; 5A<br \/>\nDung l\u01b0\u1ee3ng: 15Ah &#8211; 15.000mAh<br \/>\nM\u1ea1ch b\u1ea3o v\u1ec7 16S 30A.<br \/>\nT\u1ef1 \u0111\u1ed9ng ng\u1eaft s\u1ea1c khi pin \u0111\u1ea7y.<br \/>\nC\u00e2n b\u1eb1ng cell th\u00f4ng minh.<br \/>\nT\u1ef1 \u0111\u1ed9ng ng\u1eaft x\u1ea3 khi \u0111i\u1ec7n \u00e1p y\u1ebfu d\u01b0\u1edbi m\u1ee9c 40V<br \/>\nCell pin LiFePo4 32140 cao c\u1ea5p.<br \/>\nKh\u1ed1i pin gh\u00e9p 16S1P<br \/>\nD\u00e2y \u0111\u1ecf c\u1ef1c d\u01b0\u01a1ng (+).<br \/>\nD\u00e2y \u0111en c\u1ef1c \u00e2m (-).<br \/>\n<strong>C\u00f3 ch\u1ed1ng n\u01b0\u1edbc.<\/strong><br \/>\n<strong>Ch\u01b0a k\u00e8m s\u1ea1c<\/strong><br \/>\nK\u00edch th\u01b0\u1edbc:320x170x100 mm<br \/>\nKh\u1ed1i l\u01b0\u1ee3ng: gam<br \/>\nB\u1ea3o h\u00e0nh: 3 th\u00e1ng<\/p>\n","protected":false},"featured_media":278342,"comment_status":"open","ping_status":"closed","template":"","meta":[],"product_brand":[2227],"product_cat":[4832,3540,3528],"product_tag":[4833,2926,3506,3504,3503,4831,4642,426,3529,427,2342,430,4802,3955,3954,3459,431,3461,999,4803,437,3953,3415],"class_list":{"0":"post-278337","1":"product","2":"type-product","3":"status-publish","4":"has-post-thumbnail","6":"product_brand-mtm","7":"product_cat-box-pin-sat-48v-16s-lifepo4","8":"product_cat-binh-ac-quy-pin","9":"product_cat-pin-sat-lifepo4","10":"product_tag-48v","11":"product_tag-battery","12":"product_tag-battery-bank","13":"product_tag-battery-charger","14":"product_tag-battery-pack","15":"product_tag-cell-32700","16":"product_tag-cell-pin-sat-32140","17":"product_tag-ion","18":"product_tag-lifepo4","19":"product_tag-lithium","20":"product_tag-mtm","21":"product_tag-pin","22":"product_tag-pin-48v","23":"product_tag-pin-den","24":"product_tag-pin-den-nang-luong","25":"product_tag-pin-lithium","26":"product_tag-pin-sac","27":"product_tag-pin-sac-gia-re","28":"product_tag-pin-xe-dien","29":"product_tag-pin-xe-dien-48v","30":"product_tag-sac-pin","31":"product_tag-solar-lamp-battery","32":"product_tag-ups-power","34":"first","35":"instock","36":"sale","37":"shipping-taxable","38":"purchasable","39":"product-type-simple"},"_links":{"self":[{"href":"https:\/\/maybommini.vn\/index.php?rest_route=\/wp\/v2\/product\/278337","targetHints":{"allow":["GET"]}}],"collection":[{"href":"https:\/\/maybommini.vn\/index.php?rest_route=\/wp\/v2\/product"}],"about":[{"href":"https:\/\/maybommini.vn\/index.php?rest_route=\/wp\/v2\/types\/product"}],"replies":[{"embeddable":true,"href":"https:\/\/maybommini.vn\/index.php?rest_route=%2Fwp%2Fv2%2Fcomments&post=278337"}],"wp:featuredmedia":[{"embeddable":true,"href":"https:\/\/maybommini.vn\/index.php?rest_route=\/wp\/v2\/media\/278342"}],"wp:attachment":[{"href":"https:\/\/maybommini.vn\/index.php?rest_route=%2Fwp%2Fv2%2Fmedia&parent=278337"}],"wp:term":[{"taxonomy":"product_brand","embeddable":true,"href":"https:\/\/maybommini.vn\/index.php?rest_route=%2Fwp%2Fv2%2Fproduct_brand&post=278337"},{"taxonomy":"product_cat","embeddable":true,"href":"https:\/\/maybommini.vn\/index.php?rest_route=%2Fwp%2Fv2%2Fproduct_cat&post=278337"},{"taxonomy":"product_tag","embeddable":true,"href":"https:\/\/maybommini.vn\/index.php?rest_route=%2Fwp%2Fv2%2Fproduct_tag&post=278337"}],"curies":[{"name":"wp","href":"https:\/\/api.w.org\/{rel}","templated":true}]}}