{"id":278490,"date":"2025-12-25T17:21:10","date_gmt":"2025-12-25T10:21:10","guid":{"rendered":"https:\/\/maybommini.com\/?post_type=product&#038;p=278490"},"modified":"2026-03-25T06:09:56","modified_gmt":"2026-03-24T23:09:56","slug":"bo-luu-dien-wifi-modem-camera-khoa-cua-tu-den-quat-dc-12v-24000mah-2a-mtm-mini-ups-dc","status":"publish","type":"product","link":"https:\/\/maybommini.vn\/?product=bo-luu-dien-wifi-modem-camera-khoa-cua-tu-den-quat-dc-12v-24000mah-2a-mtm-mini-ups-dc","title":{"rendered":"B\u1ed9 l\u01b0u \u0111i\u1ec7n wifi modem camera kh\u00f3a c\u1eeda t\u1eeb \u0111\u00e8n qu\u1ea1t DC 12V 24000mAh 2A MTM &#8211; Mini UPS DC"},"content":{"rendered":"<p><strong>B\u1ed9 l\u01b0u \u0111i\u1ec7n wifi modem camera kh\u00f3a c\u1eeda t\u1eeb \u0111\u00e8n qu\u1ea1t DC 12V 24000mAh 2A MTM &#8211; Mini UPS DC. B\u1ed9 ngu\u1ed3n \u0111i\u1ec7n d\u1ef1 ph\u00f2ng cung c\u1ea5p ngu\u1ed3n \u0111i\u1ec7n li\u00ean t\u1ee5c t\u1ef1 \u0111\u1ed9ng kh\u00f4ng gi\u00e1n \u0111o\u1ea1n ngay khi m\u1ea5t \u0111i\u1ec7n l\u01b0\u1edbi ho\u1eb7c c\u00f3 s\u1ef1 c\u1ed1 v\u1ec1 h\u1ec7 th\u1ed1ng \u0111i\u1ec7n, khi c\u00f3 \u0111i\u1ec7n b\u1ed9 s\u1ea1c s\u1ebd t\u1ef1 s\u1ea1c l\u1ea1i cho UPS. \u0110\u1ea3m b\u1ea3o thi\u1ebft b\u1ecb nh\u01b0 Wifi Modem Camera lu\u00f4n ho\u1ea1t \u0111\u1ed9ng li\u00ean t\u1ef1c tr\u00e1nh b\u1ecb l\u1ed5i m\u1ea5t d\u1eef li\u1ec7u, r\u1edbt m\u1ea1ng internet khi b\u1ecb c\u00fap \u0111i\u1ec7n.<\/strong><\/p>\n<p><strong><a href=\"https:\/\/maybommini.com\/wp-content\/uploads\/2025\/12\/Bo-nguon-dien-du-phong-wifi-modem-camera-12V-2A-24000mah.jpg\" target=\"_blank\" rel=\"noopener\"><img decoding=\"async\" class=\"size-full wp-image-278477 aligncenter\" src=\"https:\/\/maybommini.com\/wp-content\/uploads\/2025\/12\/Bo-nguon-dien-du-phong-wifi-modem-camera-12V-2A-24000mah.jpg\" alt=\"Bo Nguon Dien Du Phong Wifi Modem Camera 12V 2A 24000mah\" width=\"750\" height=\"750\" srcset=\"https:\/\/maybommini.vn\/wp-content\/uploads\/2025\/12\/Bo-nguon-dien-du-phong-wifi-modem-camera-12V-2A-24000mah.jpg 750w, https:\/\/maybommini.vn\/wp-content\/uploads\/2025\/12\/Bo-nguon-dien-du-phong-wifi-modem-camera-12V-2A-24000mah-300x300.jpg 300w, https:\/\/maybommini.vn\/wp-content\/uploads\/2025\/12\/Bo-nguon-dien-du-phong-wifi-modem-camera-12V-2A-24000mah-150x150.jpg 150w, https:\/\/maybommini.vn\/wp-content\/uploads\/2025\/12\/Bo-nguon-dien-du-phong-wifi-modem-camera-12V-2A-24000mah-600x600.jpg 600w\" sizes=\"(max-width: 750px) 100vw, 750px\" \/><\/a>TH\u00d4NG S\u1ed0 K\u1ef8 THU\u1eacT<br \/>\n<\/strong>Th\u01b0\u01a1ng hi\u1ec7u: MTM<br \/>\nModel: UPS-12V-2A-24000<br \/>\nLo\u1ea1i l\u01b0u \u0111i\u1ec7n UPS DC.<br \/>\nNgu\u1ed3n s\u1ea1c v\u00e0o: 12.6V 2A DC<br \/>\nNgu\u1ed3n \u0111i\u1ec7n ra: 12V DC<br \/>\nD\u00f2ng l\u00e0m vi\u1ec7c: 2A &#8211; 24W Max<br \/>\n<strong>Dung l\u01b0\u1ee3ng: 24.000mAh<\/strong><br \/>\n<strong>C\u1ed5ng s\u1ea1c : 1<br \/>\n<\/strong><strong>C\u1ed5ng ra 12V : 2<br \/>\nLo\u1ea1i c\u1ed5ng Jack DC 5.5&#215;2.1mm<br \/>\nLED b\u00e1o ngu\u1ed3n<br \/>\n<\/strong>Lo\u1ea1i pin Lithium-ion ch\u00ednh h\u00e3ng m\u1edbi 100%<br \/>\nTh\u1eddi gian s\u1ea1c \u0111\u1ea7y: 2 &#8211; 4H<br \/>\nTh\u1eddi gian l\u01b0u \u0111i\u1ec7n: 1- 7H s\u1eed d\u1ee5ng cho 1 Modem ho\u1eb7c 1 Camera<br \/>\nB\u1ed9 UPS c\u00f3 m\u1ea1ch s\u1ea1c b\u1ea3o v\u1ec7 v\u00e0 c\u00e2n b\u1eb1ng pin th\u00f4ng minh.<br \/>\nB\u1ea3o v\u1ec7 qu\u00e1 t\u1ea3i, qu\u00e1 \u00e1p, qu\u00e1 d\u00f2ng, ng\u1eafn m\u1ea1ch, ch\u1ed1ng x\u1ea3 c\u1ea1n, t\u1ef1 ph\u1ee5c h\u1ed3i.<br \/>\nB\u1ea3o v\u1ec7 pin c\u00f3 tu\u1ed5i th\u1ecd l\u00e2u d\u00e0i khi s\u1eed d\u1ee5ng.<br \/>\n<strong>Made in Viet Nam<\/strong><br \/>\n<strong>K\u00edch th\u01b0\u1edbc: 115x90x55mm<br \/>\nTr\u1ecdng l\u01b0\u1ee3ng: 500 gam<br \/>\nB\u1ea3o h\u00e0nh: 6 th\u00e1ng.<\/strong><\/p>\n<p><strong><a href=\"https:\/\/maybommini.com\/wp-content\/uploads\/2025\/12\/phan-phoi-cung-cap-bo-nguon-du-phong-wifi-modem-camera.jpg\" target=\"_blank\" rel=\"noopener\"><img decoding=\"async\" class=\"size-full wp-image-278481 aligncenter\" src=\"https:\/\/maybommini.com\/wp-content\/uploads\/2025\/12\/phan-phoi-cung-cap-bo-nguon-du-phong-wifi-modem-camera.jpg\" alt=\"Phan Phoi Cung Cap Bo Nguon Du Phong Wifi Modem Camera\" width=\"750\" height=\"750\" srcset=\"https:\/\/maybommini.vn\/wp-content\/uploads\/2025\/12\/phan-phoi-cung-cap-bo-nguon-du-phong-wifi-modem-camera.jpg 750w, https:\/\/maybommini.vn\/wp-content\/uploads\/2025\/12\/phan-phoi-cung-cap-bo-nguon-du-phong-wifi-modem-camera-300x300.jpg 300w, https:\/\/maybommini.vn\/wp-content\/uploads\/2025\/12\/phan-phoi-cung-cap-bo-nguon-du-phong-wifi-modem-camera-150x150.jpg 150w, https:\/\/maybommini.vn\/wp-content\/uploads\/2025\/12\/phan-phoi-cung-cap-bo-nguon-du-phong-wifi-modem-camera-600x600.jpg 600w\" sizes=\"(max-width: 750px) 100vw, 750px\" \/><\/a><br \/>\nB\u1ed8 PH\u1ee4 KI\u1ec6N \u0110I K\u00c8M UPS L\u01afU \u0110I\u1ec6N GIA \u0110\u00ccNH<\/strong><br \/>\n&#8211; B\u1ed9 s\u1ea1c th\u00f4ng minh t\u1ef1 \u0111\u1ed9ng: 12.6V 2A\u00a0 c\u00f3 \u0111\u00e8n LED th\u00f4ng b\u00e1o khi s\u1ea1c.<br \/>\n&#8211; D\u00e2y ngu\u1ed3n DC 1 s\u1ee3i\u00a0 jack 5.5&#215;2.1 mm<\/p>\n<p><strong><a href=\"https:\/\/maybommini.com\/wp-content\/uploads\/2025\/12\/Phu-kien-nguon-dien-du-phong-wifi-modem-camera.jpg\" target=\"_blank\" rel=\"noopener\"><img decoding=\"async\" class=\"size-full wp-image-278482 aligncenter\" src=\"https:\/\/maybommini.com\/wp-content\/uploads\/2025\/12\/Phu-kien-nguon-dien-du-phong-wifi-modem-camera.jpg\" alt=\"Phu Kien Nguon Dien Du Phong Wifi Modem Camera\" width=\"750\" height=\"750\" srcset=\"https:\/\/maybommini.vn\/wp-content\/uploads\/2025\/12\/Phu-kien-nguon-dien-du-phong-wifi-modem-camera.jpg 750w, https:\/\/maybommini.vn\/wp-content\/uploads\/2025\/12\/Phu-kien-nguon-dien-du-phong-wifi-modem-camera-300x300.jpg 300w, https:\/\/maybommini.vn\/wp-content\/uploads\/2025\/12\/Phu-kien-nguon-dien-du-phong-wifi-modem-camera-150x150.jpg 150w, https:\/\/maybommini.vn\/wp-content\/uploads\/2025\/12\/Phu-kien-nguon-dien-du-phong-wifi-modem-camera-600x600.jpg 600w\" sizes=\"(max-width: 750px) 100vw, 750px\" \/><\/a><\/strong><\/p>\n<p><strong>H\u01af\u1edaNG D\u1eaaN S\u1eec D\u1ee4NG B\u1ed8 L\u01afU \u0110I\u1ec6N UPS DC\u00a0<\/strong><br \/>\n1. C\u1eafm b\u1ed9 s\u1ea1c v\u00e0o c\u1ed5ng IN c\u1ee7a b\u1ed9 l\u01b0u \u0111i\u1ec7n.<br \/>\n2. C\u1eafm b\u1ed9 s\u1ea1c v\u00e0o \u0111i\u1ec7n l\u01b0\u1edbi 220V.<br \/>\n3. C\u1eafm t\u1ea3i s\u1eed d\u1ee5ng v\u00e0o c\u1ed5ng OUT c\u1ee7a b\u1ed9 l\u01b0u \u0111i\u1ec7n.<br \/>\n4. B\u1eadt c\u00f4ng t\u1eafc c\u1ee7a UPS v\u1ec1 v\u1ecb tr\u00ed ON, \u0111\u00e8n t\u00edn hi\u1ec7u s\u00e1ng \u0111\u1ecf.<br \/>\n5. UPS \u0111\u00e3 c\u00f3 ngu\u1ed3n \u0111i\u1ec7n DC cho thi\u1ebft b\u1ecb s\u1eed d\u1ee5ng.<br \/>\n6. Ki\u1ec3m tra thi\u1ebft b\u1ecb khi c\u00f3 ngu\u1ed3n s\u1ea1c 220V.<br \/>\n7. Ki\u1ec3m tra thi\u1ebft b\u1ecb khi kh\u00f4ng c\u00f3 ngu\u1ed3n s\u1ea1c 220V gi\u1ea3 l\u1eadp c\u00fap \u0111i\u1ec7n l\u01b0\u1edbi.<\/p>\n<p><strong><a href=\"https:\/\/maybommini.com\/wp-content\/uploads\/2025\/12\/So-do-lap-dat-bo-nguon-dien-du-phong-wifi-modem-camera.jpg\" target=\"_blank\" rel=\"noopener\"><img decoding=\"async\" class=\"size-full wp-image-278483 aligncenter\" src=\"https:\/\/maybommini.com\/wp-content\/uploads\/2025\/12\/So-do-lap-dat-bo-nguon-dien-du-phong-wifi-modem-camera.jpg\" alt=\"So Do Lap Dat Bo Nguon Dien Du Phong Wifi Modem Camera\" width=\"750\" height=\"750\" srcset=\"https:\/\/maybommini.vn\/wp-content\/uploads\/2025\/12\/So-do-lap-dat-bo-nguon-dien-du-phong-wifi-modem-camera.jpg 750w, https:\/\/maybommini.vn\/wp-content\/uploads\/2025\/12\/So-do-lap-dat-bo-nguon-dien-du-phong-wifi-modem-camera-300x300.jpg 300w, https:\/\/maybommini.vn\/wp-content\/uploads\/2025\/12\/So-do-lap-dat-bo-nguon-dien-du-phong-wifi-modem-camera-150x150.jpg 150w, https:\/\/maybommini.vn\/wp-content\/uploads\/2025\/12\/So-do-lap-dat-bo-nguon-dien-du-phong-wifi-modem-camera-600x600.jpg 600w\" sizes=\"(max-width: 750px) 100vw, 750px\" \/><\/a><\/strong><\/p>\n<p><strong>L\u01afU \u00dd KHI S\u1eec D\u1ee4NG L\u1eaeP \u0110\u1eb6T UPS<\/strong><br \/>\n1. \u0110\u1ea3m b\u1ea3o ngu\u1ed3n \u0111i\u1ec7n l\u01b0\u1edbi cung c\u1ea5p cho UPS l\u00e0 220V AC.<br \/>\n2. UPS ph\u00f9 h\u1ee3p s\u1eed d\u1ee5ng cho thi\u1ebft b\u1ecb DC t\u1ea3i nh\u1ecf h\u01a1n t\u1ed5ng c\u00f4ng su\u1ea5t 2A &#8211; 24W.<br \/>\n3. L\u1eafp UPS t\u1ea1i n\u01a1i kh\u00f4 tho\u00e1ng m\u00e1t.<br \/>\n4. Kh\u00f4ng l\u1eafp UPS n\u01a1i \u1ea9m \u01b0\u1edbt, ngo\u00e0i tr\u1eddi, anh n\u1eafng tr\u1ef1c ti\u1ebfp, nhi\u1ec7t \u0111\u1ed9 cao.<br \/>\n5. S\u1ea1c \u0111\u1ea7y UPS tr\u01b0\u1edbc khi s\u1eed d\u1ee5ng ho\u1eb7c l\u01b0u kho h\u01a1n 1 th\u00e1ng.<br \/>\n6. B\u1ed9 s\u1ea1c t\u1ef1 \u0111\u1ed9ng ng\u1eaft khi s\u1ea1c \u0111\u1ea7y \u0111\u00e8n LED m\u00e0u xanh.<\/p>\n<p><strong><a href=\"https:\/\/maybommini.com\/wp-content\/uploads\/2025\/12\/Bo-nguon-dien-du-phong-wifi-modem-camera-gia-re.jpg\" target=\"_blank\" rel=\"noopener\"><img decoding=\"async\" class=\"size-full wp-image-278478 aligncenter\" src=\"https:\/\/maybommini.com\/wp-content\/uploads\/2025\/12\/Bo-nguon-dien-du-phong-wifi-modem-camera-gia-re.jpg\" alt=\"Bo Nguon Dien Du Phong Wifi Modem Camera Gia Re\" width=\"750\" height=\"750\" srcset=\"https:\/\/maybommini.vn\/wp-content\/uploads\/2025\/12\/Bo-nguon-dien-du-phong-wifi-modem-camera-gia-re.jpg 750w, https:\/\/maybommini.vn\/wp-content\/uploads\/2025\/12\/Bo-nguon-dien-du-phong-wifi-modem-camera-gia-re-300x300.jpg 300w, https:\/\/maybommini.vn\/wp-content\/uploads\/2025\/12\/Bo-nguon-dien-du-phong-wifi-modem-camera-gia-re-150x150.jpg 150w, https:\/\/maybommini.vn\/wp-content\/uploads\/2025\/12\/Bo-nguon-dien-du-phong-wifi-modem-camera-gia-re-600x600.jpg 600w\" sizes=\"(max-width: 750px) 100vw, 750px\" \/><\/a><\/strong><\/p>\n<p><strong>CH\u1ebe \u0110\u1ed8 B\u1ea2O H\u00c0NH B\u1ed8 MINI UPS DC<\/strong><br \/>\n&#8211; B\u00e0o h\u00e0nh 6 th\u00e1ng l\u1ed7i k\u1ef9 thu\u1eadt c\u1ee7a do Nh\u00e0 s\u1ea3n xu\u1ea5t.<br \/>\n&#8211; S\u1ea3n ph\u1ea9m s\u1ebd kh\u00f4ng \u0111\u01b0\u1ee3c b\u1ea3o h\u00e0nh trong nh\u1eefng tr\u01b0\u1eddng h\u1ee3p sau:<br \/>\n+ H\u01b0 h\u1ecfng, b\u1ec3 v\u1ee1 bi\u1ebfn d\u1ea1ng do kh\u00e1ch h\u00e0ng&#8230;.<br \/>\n+ Do thi\u00ean tai, h\u1ecfa ho\u1ea1n, m\u00f4i tr\u01b0\u1eddng \u2026.<br \/>\n+ C\u00f4n tr\u00f9ng x\u00e2m nh\u1eadp v\u00e0o b\u00ean trong, ch\u1ea5t l\u1ecfng r\u01a1i v\u00e0o UPS.<br \/>\n+ M\u00f4i tr\u01b0\u1eddng l\u1eafp UPS \u1ea9m \u01b0\u1edbt, nhi\u1ec7t \u0111\u1ed9 cao&#8230;.<br \/>\n+ T\u1ef1 thay \u0111\u1ed5i c\u1ea5u tr\u00fac, linh ki\u1ec7n, ch\u1ee9c n\u0103ng c\u1ee7a UPS.<br \/>\n+ Tem b\u1ea3o h\u00e0nh kh\u00f4ng c\u00f2n nguy\u00ean v\u1eb9n.<br \/>\n+ T\u1ef1 \u00fd th\u00e1o s\u1ea3n ph\u1ea9m, can thi\u1ec7p v\u00e0o b\u00ean trong UPS.<br \/>\n+ Cell pin Lithium UPS b\u1ecb chai do th\u1eddi gian s\u1eed d\u1ee5ng kh\u00f4ng b\u1ea3o h\u00e0nh.<br \/>\n+ S\u1ea3n ph\u1ea9m h\u1ebft th\u1eddi gian b\u1ea3o h\u00e0nh.<\/p>\n<p><strong><a href=\"https:\/\/maybommini.com\/wp-content\/uploads\/2025\/12\/su-dung-UPS-du-phong-wifi-modem-camera.jpg\" target=\"_blank\" rel=\"noopener\"><img decoding=\"async\" class=\"size-full wp-image-278484 aligncenter\" src=\"https:\/\/maybommini.com\/wp-content\/uploads\/2025\/12\/su-dung-UPS-du-phong-wifi-modem-camera.jpg\" alt=\"Su Dung UPS Du Phong Wifi Modem Camera\" width=\"750\" height=\"750\" srcset=\"https:\/\/maybommini.vn\/wp-content\/uploads\/2025\/12\/su-dung-UPS-du-phong-wifi-modem-camera.jpg 750w, https:\/\/maybommini.vn\/wp-content\/uploads\/2025\/12\/su-dung-UPS-du-phong-wifi-modem-camera-300x300.jpg 300w, https:\/\/maybommini.vn\/wp-content\/uploads\/2025\/12\/su-dung-UPS-du-phong-wifi-modem-camera-150x150.jpg 150w, https:\/\/maybommini.vn\/wp-content\/uploads\/2025\/12\/su-dung-UPS-du-phong-wifi-modem-camera-600x600.jpg 600w\" sizes=\"(max-width: 750px) 100vw, 750px\" \/><\/a><\/strong><\/p>\n<p><strong>T\u1ea0I SAO N\u00caN S\u1eec D\u1ee4NG B\u1ed8 L\u01afU \u0110I\u1ec6N UPS MIN DC MTM<\/strong><br \/>\n&#8211; Khi \u0111i\u1ec7n l\u01b0\u1edbi qu\u1ed1c gia c\u00fap th\u00ec ch\u00fang ta v\u1eabn:<br \/>\n&#8211; S\u1eed d\u1ee5ng m\u1ea1ng wifi li\u00ean t\u1ee5c b\u00ecnh th\u01b0\u1eddng, kh\u00f4ng gi\u00e1n \u0111o\u1ea1n c\u00f4ng vi\u1ec7c v\u00e0 gi\u1ea3i tr\u00ed, kh\u00f4ng m\u1ea5t d\u1eef li\u1ec7u khi \u0111ang l\u00e0m vi\u1ec7c.<br \/>\n&#8211; Camera an ninh ho\u1ea1t \u0111\u1ed9ng li\u00ean t\u1ee5c b\u00ecnh th\u01b0\u1eddng kh\u00f4ng gi\u00e1n \u0111o\u1ea1n v\u00ec v\u1eady ho\u1ea1t \u0111\u1ed9ng gi\u00e1m s\u00e1t \u0111\u01b0\u1ee3c \u0111\u1ea3m b\u1ea3o.<br \/>\n&#8211; Kh\u00f4ng lo m\u1ea5t \u0111i\u1ec7n m\u00e1t m\u1ea1ng internet v\u00e0o nh\u1eefng m\u00f9a cao \u0111i\u1ec3m c\u00fap \u0111i\u1ec7n.<br \/>\n&#8211; \u0110\u00e8n DC khi s\u1eed d\u1ee5ng kh\u00f4ng lo c\u00fap \u0111i\u1ec7n.<br \/>\n&#8211; S\u1eed d\u1ee5ng l\u00e0m s\u1ea1c d\u1ef1 ph\u00f2ng cho \u0111i\u1ec7n tho\u1ea1i v\u00e0 thi\u1ebft b\u1ecb kh\u00e1c th\u00f4ng qua c\u1ed5ng USB.<br \/>\n&#8211; Th\u1eddi gian ho\u1ea1t \u0111\u1ed9ng l\u01b0u \u0111i\u1ec7n d\u00e0i v\u00e0 li\u00ean t\u1ee5c khi c\u00f3 \u0111i\u1ec7n tr\u1edf l\u1ea1i.<br \/>\n&#8211; B\u1ed9 Mini DC UPS s\u1eed d\u1ee5ng pin Lithium-ion ch\u00ednh h\u00e3ng tu\u1ed5i th\u1ecd cao<br \/>\n&#8211; Thi\u1ebft k\u1ebf nh\u1ecf g\u1ecdn ph\u00f9 h\u1ee3p cho gia \u0111\u00ecnh, c\u1eeda h\u00e0ng, cty v\u0103n ph\u00f2ng.<\/p>\n<p><strong><a href=\"https:\/\/maybommini.com\/wp-content\/uploads\/2025\/12\/mach-bao-ve-nguon-dien-du-phong-wifi-modem-camera-12V-3A-24000mah.jpg\" target=\"_blank\" rel=\"noopener\"><img decoding=\"async\" class=\"size-full wp-image-278479 aligncenter\" src=\"https:\/\/maybommini.com\/wp-content\/uploads\/2025\/12\/mach-bao-ve-nguon-dien-du-phong-wifi-modem-camera-12V-3A-24000mah.jpg\" alt=\"Mach Bao Ve Nguon Dien Du Phong Wifi Modem Camera 12V 3A 24000mah\" width=\"750\" height=\"750\" srcset=\"https:\/\/maybommini.vn\/wp-content\/uploads\/2025\/12\/mach-bao-ve-nguon-dien-du-phong-wifi-modem-camera-12V-3A-24000mah.jpg 750w, https:\/\/maybommini.vn\/wp-content\/uploads\/2025\/12\/mach-bao-ve-nguon-dien-du-phong-wifi-modem-camera-12V-3A-24000mah-300x300.jpg 300w, https:\/\/maybommini.vn\/wp-content\/uploads\/2025\/12\/mach-bao-ve-nguon-dien-du-phong-wifi-modem-camera-12V-3A-24000mah-150x150.jpg 150w, https:\/\/maybommini.vn\/wp-content\/uploads\/2025\/12\/mach-bao-ve-nguon-dien-du-phong-wifi-modem-camera-12V-3A-24000mah-600x600.jpg 600w\" sizes=\"(max-width: 750px) 100vw, 750px\" \/><\/a><\/strong><\/p>\n<p><strong>S\u1eec D\u1ee4NG \u1ee8NG D\u1ee4NG B\u1ed8 L\u01afU \u0110I\u1ec6N MINI UPS DC<br \/>\n<\/strong>&#8211; S\u1eed d\u1ee5ng l\u01b0u \u0111i\u1ec7n cho modem internet.<br \/>\n&#8211; B\u1ed9 l\u01b0u \u0111i\u1ec7n ngu\u1ed3n cho Wifi khi c\u00fap \u0111i\u1ec7n l\u01b0\u1edbi.<br \/>\n&#8211; B\u1ed9 ngu\u1ed3n l\u01b0u \u0111i\u1ec7n d\u1ef1 ph\u00f2ng cho Camera gi\u00e1m s\u00e1t an ninh.<br \/>\n&#8211; S\u1ea1c d\u1ef1 ph\u00f2ng cho \u0111i\u1ec7n tho\u1ea1i, thi\u1ebft \u0111i\u1ec7n \u0111i\u1ec7n t\u1eed kh\u00e1c th\u00f4ng qua c\u1ed5ng USB.<br \/>\n&#8211; UPS l\u01b0u \u0111i\u1ec7n cho m\u00e1y ch\u1ea5m c\u00f4ng v\u00e2n tay, m\u00e1y ch\u1ea5m c\u00f4ng th\u1ebb t\u1eeb&#8230;<br \/>\n&#8211; UPS mini DC l\u01b0u \u0111i\u1ec7n cho thi\u1ebft b\u1ecb gia \u0111\u00ecnh.<br \/>\n&#8211; B\u1ed9 l\u01b0u \u0111i\u1ec7n cho thi\u1ebft b\u1ecb m\u1ea1ng Hub Switch m\u1ea1ng, thi\u1ebft b\u1ecb c\u00e1p quang, b\u1ed9 chia c\u00e1p.<br \/>\n&#8211; B\u1ed9 l\u01b0u \u0111i\u1ec7n cho box tivi, \u0111\u1ea7u thu, \u0111\u1ea7u ghi&#8230;.<br \/>\n&#8211; B\u1ed9 l\u01b0u \u0111i\u1ec7n mini DC thi\u1ebft b\u1ecb \u0111i\u1ec7n 12V.<br \/>\n&#8211; B\u1ed9 l\u01b0u \u0111i\u1ec7n cho thi\u1ebft b\u1ecb nh\u00e0 th\u00f4ng minh.<br \/>\n&#8211; Pin qu\u1ea1t t\u00edch \u0111i\u1ec7n 12V, qu\u1ea1t DC kh\u00f4ng ch\u1ed5i than 12V.<br \/>\n&#8211; L\u01b0u \u0111i\u1ec7n 12V DC.<br \/>\n&#8211; Ngu\u1ed3n \u0111i\u1ec7n 12V DC.<br \/>\n&#8211; Pin \u0111i\u1ec7n d\u1ef1 ph\u00f2ng DC.<br \/>\n&#8211; Pin s\u1ea1c cho thi\u1ebft b\u1ecb c\u1eafm tr\u1ea1i Camping&#8230;.<br \/>\n&#8211; \u1ee8ng d\u1ee5ng l\u00e0m ngu\u1ed3n \u0111i\u1ec7n cho nhi\u1ec1u thi\u1ebft b\u1ecb kh\u00e1c.<\/p>\n<p><strong><a href=\"https:\/\/maybommini.com\/wp-content\/uploads\/2025\/12\/nguon-dien-du-phong-wifi-modem-camera-chinh-hang.jpg\" target=\"_blank\" rel=\"noopener\"><img decoding=\"async\" class=\"size-full wp-image-278480 aligncenter\" src=\"https:\/\/maybommini.com\/wp-content\/uploads\/2025\/12\/nguon-dien-du-phong-wifi-modem-camera-chinh-hang.jpg\" alt=\"Nguon Dien Du Phong Wifi Modem Camera Chinh Hang\" width=\"750\" height=\"750\" srcset=\"https:\/\/maybommini.vn\/wp-content\/uploads\/2025\/12\/nguon-dien-du-phong-wifi-modem-camera-chinh-hang.jpg 750w, https:\/\/maybommini.vn\/wp-content\/uploads\/2025\/12\/nguon-dien-du-phong-wifi-modem-camera-chinh-hang-300x300.jpg 300w, https:\/\/maybommini.vn\/wp-content\/uploads\/2025\/12\/nguon-dien-du-phong-wifi-modem-camera-chinh-hang-150x150.jpg 150w, https:\/\/maybommini.vn\/wp-content\/uploads\/2025\/12\/nguon-dien-du-phong-wifi-modem-camera-chinh-hang-600x600.jpg 600w\" sizes=\"(max-width: 750px) 100vw, 750px\" \/><\/a><\/strong><\/p>\n<h3 style=\"text-align: center;\"><em><strong>CHUY\u00caN B\u00c1N PH\u00c2N PH\u1ed0I C\u00c1C LO\u1ea0I PIN S\u1ea0C, UPS DC, PIN L\u01afU TR\u1eee N\u0102NG L\u01af\u1ee2NG M\u1eb6T TR\u1edcI<br \/>\nLITHIUM LI-ION LiFePo4 12V 24V 36V 48V GI\u00c1 T\u1ed0T CH\u1ea4T L\u01af\u1ee2NG.<br \/>\nNH\u1eacN \u0110\u00d3NG PIN THEO Y\u00caU C\u1ea6U GI\u00c1 T\u1ed0T<br \/>\nD\u1ecaCH V\u1ee4 THAY PIN THAY CELL S\u1eecA PIN THI\u1ebeT B\u1eca C\u1ea6M TAY.<\/strong><\/em><\/h3>\n<p style=\"text-align: center;\">#boluudienups #upsmini #boluudiencamera #boluudienwifi #ups #boluudien12V #pinlithium #ups_12v #b\u1ed9_l\u01b0u_\u0111i\u1ec7n_12v #luudien12v #ups_cho_camera #ups_cho_wifi<\/p>\n<p><strong>\u0110I\u1ec6N M\u00c1Y TH\u00d4NG MINH<\/strong><br \/>\n<strong>Hotline:<\/strong> 02873030399 \u2013 0907294310<br \/>\n<strong>Email:<\/strong>\u00a0maybommini.com@gmail.com<br \/>\n<strong>Website:<\/strong>\u00a0https:\/\/maybommini.com<br \/>\n<strong>Facebook:<\/strong>\u00a0https:\/\/www.facebook.com\/maybommini<br \/>\n<strong>Google:<\/strong>\u00a0https:\/\/plus.google.com\/ Maybomnuocminiruaxe<br \/>\n<strong>Youtube demo:<\/strong>\u00a0https:\/\/www.youtube.com\/bahamasali<\/p>\n<h3><em><strong><br \/>\n<\/strong><\/em><a class=\"swipebox\" title=\"\" href=\"https:\/\/maybommini.com\/wp-content\/uploads\/2022\/07\/thong-tin-lien-he-may-bom-mini.jpg\" data-rel=\"lightbox-image-21\" data-rl_title=\"\" data-rl_caption=\"\" data-rl_ target=\"_blank\" rel=\"noopener\"><img decoding=\"async\" class=\"size-full wp-image-270584 aligncenter lazyloaded\" src=\"https:\/\/maybommini.com\/wp-content\/uploads\/2022\/07\/thong-tin-lien-he-may-bom-mini.jpg\" sizes=\"(max-width: 750px) 100vw, 750px\" srcset=\"https:\/\/maybommini.com\/wp-content\/uploads\/2022\/07\/thong-tin-lien-he-may-bom-mini.jpg 750w, https:\/\/maybommini.com\/wp-content\/uploads\/2022\/07\/thong-tin-lien-he-may-bom-mini-300x202.jpg 300w, https:\/\/maybommini.com\/wp-content\/uploads\/2022\/07\/thong-tin-lien-he-may-bom-mini-600x405.jpg 600w\" alt=\"Thong Tin Lien He May Bom Mini\" width=\"750\" height=\"506\" data-lazy-srcset=\"https:\/\/maybommini.com\/wp-content\/uploads\/2022\/07\/thong-tin-lien-he-may-bom-mini.jpg 750w, https:\/\/maybommini.com\/wp-content\/uploads\/2022\/07\/thong-tin-lien-he-may-bom-mini-300x202.jpg 300w, https:\/\/maybommini.com\/wp-content\/uploads\/2022\/07\/thong-tin-lien-he-may-bom-mini-600x405.jpg 600w\" data-lazy-sizes=\"(max-width: 750px) 100vw, 750px\" data-lazy-src=\"https:\/\/maybommini.com\/wp-content\/uploads\/2022\/07\/thong-tin-lien-he-may-bom-mini.jpg\" data-was-processed=\"true\" \/><\/a><\/h3>\n","protected":false},"excerpt":{"rendered":"<p>Th\u01b0\u01a1ng hi\u1ec7u: MTM<br \/>\nModel: UPS-12V-2A-24000<br \/>\nLo\u1ea1i l\u01b0u \u0111i\u1ec7n UPS DC.<br \/>\nNgu\u1ed3n s\u1ea1c v\u00e0o: 12.6V 2A DC<br \/>\nNgu\u1ed3n \u0111i\u1ec7n ra: 12V DC<br \/>\nD\u00f2ng l\u00e0m vi\u1ec7c: 2A &#8211; 24W Max<br \/>\n<strong>Dung l\u01b0\u1ee3ng: 24.000mAh<\/strong><br \/>\n<strong>C\u1ed5ng s\u1ea1c : 1<br \/>\n<\/strong><strong>C\u1ed5ng ra 12V : 2<br \/>\nLo\u1ea1i c\u1ed5ng Jack DC 5.5&#215;2.1mm<br \/>\nLED b\u00e1o ngu\u1ed3n<br \/>\n<\/strong>Lo\u1ea1i pin Lithium-ion ch\u00ednh h\u00e3ng m\u1edbi 100%<br \/>\nTh\u1eddi gian s\u1ea1c \u0111\u1ea7y: 2 &#8211; 4H<br \/>\nTh\u1eddi gian l\u01b0u \u0111i\u1ec7n: 1- 7H s\u1eed d\u1ee5ng cho 1 Modem ho\u1eb7c 1 Camera<br \/>\nB\u1ed9 UPS c\u00f3 m\u1ea1ch s\u1ea1c b\u1ea3o v\u1ec7 v\u00e0 c\u00e2n b\u1eb1ng pin th\u00f4ng minh.<br \/>\nB\u1ea3o v\u1ec7 qu\u00e1 t\u1ea3i, qu\u00e1 \u00e1p, qu\u00e1 d\u00f2ng, ng\u1eafn m\u1ea1ch, ch\u1ed1ng x\u1ea3 c\u1ea1n, t\u1ef1 ph\u1ee5c h\u1ed3i.<br \/>\nB\u1ea3o v\u1ec7 pin c\u00f3 tu\u1ed5i th\u1ecd l\u00e2u d\u00e0i khi s\u1eed d\u1ee5ng.<br \/>\n<strong>Made in Viet Nam<\/strong><br \/>\n<strong>K\u00edch th\u01b0\u1edbc: 115x90x55mm<br \/>\nTr\u1ecdng l\u01b0\u1ee3ng: 500 gam<br \/>\nB\u1ea3o h\u00e0nh: 6 th\u00e1ng.<\/strong><\/p>\n","protected":false},"featured_media":278477,"comment_status":"open","ping_status":"closed","template":"","meta":[],"product_brand":[2227],"product_cat":[4181],"product_tag":[267,1078,4842,2957,4399,4395,4394,4393,1307,2369,2372,4619,2374,2373,2954,2953,4398,4397,4396,3415,3414,2370,2951,4618,2323],"class_list":{"0":"post-278490","1":"product","2":"type-product","3":"status-publish","4":"has-post-thumbnail","6":"product_brand-mtm","7":"product_cat-bo-luu-dien-ups-dc","8":"product_tag-12v","9":"product_tag-5v","10":"product_tag-9v","11":"product_tag-bo-luu-dien-modem-wifi","12":"product_tag-box-ups","13":"product_tag-luu-dien-camera","14":"product_tag-mini-dc-ups","15":"product_tag-mini-ups","16":"product_tag-sac-du-phong","17":"product_tag-ups","18":"product_tag-ups-12v","19":"product_tag-ups-5a","20":"product_tag-ups-5v","21":"product_tag-ups-9v","22":"product_tag-ups-box-tivi","23":"product_tag-ups-camera","24":"product_tag-ups-dc","25":"product_tag-ups-du-phong","26":"product_tag-ups-luu-dien-camera","27":"product_tag-ups-power","28":"product_tag-ups-power-supply-box-backup","29":"product_tag-ups-wifi","30":"product_tag-ups-wifi-modem","31":"product_tag-ups12v","32":"product_tag-usb","34":"first","35":"instock","36":"shipping-taxable","37":"purchasable","38":"product-type-simple"},"_links":{"self":[{"href":"https:\/\/maybommini.vn\/index.php?rest_route=\/wp\/v2\/product\/278490","targetHints":{"allow":["GET"]}}],"collection":[{"href":"https:\/\/maybommini.vn\/index.php?rest_route=\/wp\/v2\/product"}],"about":[{"href":"https:\/\/maybommini.vn\/index.php?rest_route=\/wp\/v2\/types\/product"}],"replies":[{"embeddable":true,"href":"https:\/\/maybommini.vn\/index.php?rest_route=%2Fwp%2Fv2%2Fcomments&post=278490"}],"wp:featuredmedia":[{"embeddable":true,"href":"https:\/\/maybommini.vn\/index.php?rest_route=\/wp\/v2\/media\/278477"}],"wp:attachment":[{"href":"https:\/\/maybommini.vn\/index.php?rest_route=%2Fwp%2Fv2%2Fmedia&parent=278490"}],"wp:term":[{"taxonomy":"product_brand","embeddable":true,"href":"https:\/\/maybommini.vn\/index.php?rest_route=%2Fwp%2Fv2%2Fproduct_brand&post=278490"},{"taxonomy":"product_cat","embeddable":true,"href":"https:\/\/maybommini.vn\/index.php?rest_route=%2Fwp%2Fv2%2Fproduct_cat&post=278490"},{"taxonomy":"product_tag","embeddable":true,"href":"https:\/\/maybommini.vn\/index.php?rest_route=%2Fwp%2Fv2%2Fproduct_tag&post=278490"}],"curies":[{"name":"wp","href":"https:\/\/api.w.org\/{rel}","templated":true}]}}